{"id":4370,"date":"2024-06-25T18:57:27","date_gmt":"2024-06-25T15:57:27","guid":{"rendered":"https:\/\/puntobianco.md\/?page_id=4370"},"modified":"2026-02-09T15:06:43","modified_gmt":"2026-02-09T12:06:43","slug":"4370-2","status":"publish","type":"page","link":"https:\/\/puntobianco.md\/it\/4370-2\/","title":{"rendered":""},"content":{"rendered":"<h3><strong>Informazioni generali<\/strong><\/h3>\n<p>Poich\u00e9 garantire la riservatezza e il corretto trattamento dei dati dei clienti rappresenta una delle principali priorit\u00e0 di Punto Bianco, con il presente documento desideriamo informarti in merito al trattamento dei dati personali raccolti.<\/p>\n<p>La societ\u00e0 <strong>\u201ePunto Bianco\u201d SRL<\/strong> (di seguito denominata \u201ePunto Bianco\u201d), in qualit\u00e0 di titolare del trattamento dei dati, raccoglie dati personali degli interessati (di seguito denominati \u201ecliente\u201d) che visitano il proprio sito web (<a href=\"http:\/\/www.puntobianco.md\/\">www.PuntoBianco.md<\/a>), tramite cookie o altri mezzi di comunicazione disponibili sulla pagina web.<\/p>\n<h3><strong>Identit\u00e0 del titolare del trattamento<\/strong><\/h3>\n<p>Denominazione del titolare: \u201ePunto Bianco\u201d SRL<br \/>\nIndirizzo: Strada 31 August 37\/1, Chi\u0219in\u0103u, Repubblica di Moldova<br \/>\nIDNO: 1016600019703<br \/>\nEmail: <a href=\"mailto:info@PuntoBianco.md\">info@PuntoBianco.md<\/a><\/p>\n<h3><strong>Dati di contatto del Responsabile della Protezione dei Dati<\/strong><\/h3>\n<p>Nome: Mihail Ceropita<br \/>\nEmail: <a href=\"mailto:privacy@PuntoBianco.md\">privacy@PuntoBianco.md<\/a><\/p>\n<h3><strong>Categorie di dati personali raccolti<\/strong><\/h3>\n<p>Attraverso il sito web <a href=\"http:\/\/www.puntobianco.md\/\">www.PuntoBianco.md<\/a> vengono raccolte le seguenti categorie di dati personali dei clienti: nome, cognome, indirizzo email, numero di telefono, nonch\u00e9 altre categorie di dati fornite dal cliente durante la compilazione del campo messaggio indirizzato a Punto Bianco o contenute nel file allegato al messaggio.<\/p>\n<p>Inoltre, durante l\u2019accesso al sito web, diverse tecnologie (cookie, servizi di analisi web) possono raccogliere dati che identificano il dispositivo utilizzato per accedere al sito, come ad esempio l\u2019indirizzo IP del dispositivo.<\/p>\n<h3><strong>Modalit\u00e0, finalit\u00e0 e basi giuridiche del trattamento<\/strong><\/h3>\n<p>Raccogliamo i dati personali del cliente tramite il modulo presente sul sito web, nel quale il cliente \u00e8 tenuto a inserire nome, cognome e un dato di contatto (indirizzo email\/numero di telefono). A seconda dell\u2019interesse, pu\u00f2 essere incluso anche un messaggio o un file che il cliente desidera inviare a Punto Bianco.<\/p>\n<p>Per la comunicazione, il cliente pu\u00f2 utilizzare la casella di messaggistica presente sul sito web, nella quale deve inserire il proprio nome e indirizzo email oppure effettuare l\u2019accesso tramite Facebook o Google per stabilire la propria identit\u00e0.<\/p>\n<p>Con l\u2019utilizzo della casella di messaggistica o dell\u2019invio di file, i dati personali vengono ricevuti all\u2019indirizzo email gestito da Punto Bianco.<\/p>\n<p>Il sito web mette inoltre a disposizione altri dati di contatto dei rappresentanti di Punto Bianco, che il cliente pu\u00f2 utilizzare per inviare messaggi e ottenere le informazioni necessarie.<\/p>\n<p>Se il cliente intende inviare a Punto Bianco informazioni contenenti dati relativi alla salute personale, si raccomanda di archiviare tali informazioni in un file protetto da password con almeno 8 caratteri, senza simboli identici consecutivi e non composto esclusivamente da gruppi di cifre o lettere, inviato tramite un altro mezzo di comunicazione indicato sul sito web.<\/p>\n<p>Inoltre, a seguito dell\u2019accesso al sito web, possono verificarsi trattamenti tecnici tramite servizi di analisi web e cookie (<a href=\"http:\/\/www.puntobianco.md\/en\/cookies\/\">www.PuntoBianco.md\/en\/cookies\/<\/a> \u2013 link alla cookie policy).<\/p>\n<p>Possiamo utilizzare servizi di analisi web di terze parti e piattaforme di social media per analizzare il modo in cui i clienti utilizzano il sito. Le informazioni raccolte, incluso l\u2019indirizzo IP, vengono comunicate a tali fornitori di servizi, che le utilizzano per valutare l\u2019utilizzo del sito. Questi servizi possono essere disattivati dal cliente tramite le impostazioni del browser.<\/p>\n<p>Inoltre, durante l\u2019utilizzo del modulo sul sito, viene utilizzato il sistema \u201ereCAPTCHA\u201d per garantire che il modulo sia compilato e inviato da una persona fisica. L\u2019informativa sulla privacy di questo sistema pu\u00f2 essere consultata qui: <a href=\"https:\/\/policies.google.com\/privacy?hl=en\">https:\/\/policies.google.com\/privacy?hl=en<\/a>.<\/p>\n<p>Pertanto, i dati personali raccolti a seguito dei processi descritti sopra vengono trattati da Punto Bianco sulla base del proprio legittimo interesse, al fine di raggiungere le seguenti finalit\u00e0:<\/p>\n<ul>\n<li>Esaminare domande, richieste di informazioni o altre comunicazioni per formulare e inviare una risposta al cliente.<\/li>\n<li>Facilitare le modalit\u00e0 di comunicazione.<\/li>\n<li>Migliorare la qualit\u00e0 dei servizi.<\/li>\n<li>Conservare i registri dei messaggi ricevuti e delle risposte inviate.<\/li>\n<li>Garantire il corretto funzionamento del sito web.<\/li>\n<li>Tenere statistiche sull\u2019utilizzo del sito web da parte dei clienti.<\/li>\n<li>Ottimizzare i contenuti e la pubblicit\u00e0 del sito web.<\/li>\n<\/ul>\n<h3><strong>Trasferimento transfrontaliero dei dati personali<\/strong><\/h3>\n<p>I server sui quali sono archiviati i dati raccolti tramite il sito web si trovano nello Spazio Economico Europeo e nella Repubblica di Moldova. Ci\u00f2 garantisce un livello adeguato di protezione dei dati personali, in conformit\u00e0 al Regolamento (UE) 2016\/679 del Parlamento Europeo del 27 aprile 2016 relativo alla protezione delle persone fisiche con riguardo al trattamento dei dati personali e alla libera circolazione di tali dati, nonch\u00e9 alla legislazione nazionale della Repubblica di Moldova.<\/p>\n<h3><strong>Destinatari<\/strong><\/h3>\n<p>I dati raccolti possono essere comunicati a:<\/p>\n<ul>\n<li>Il cliente o il suo rappresentante legale<\/li>\n<li>Persone autorizzate da Punto Bianco in base a contratti o istruzioni emesse da Punto Bianco<\/li>\n<li>Autorit\u00e0 di controllo, su richiesta motivata<\/li>\n<li>Societ\u00e0 fornitrici di servizi (ad es. Google, Facebook), nella misura necessaria per le finalit\u00e0 indicate sopra<\/li>\n<\/ul>\n<h3><strong>Periodo di conservazione dei dati<\/strong><\/h3>\n<p>Punto Bianco tratter\u00e0 i dati personali per il tempo necessario al raggiungimento delle finalit\u00e0 sopra indicate, dopodich\u00e9 i dati saranno anonimizzati o trasformati in dati statistici, in modo che il cliente non possa pi\u00f9 essere identificato.<\/p>\n<h3><strong>Diritti dell\u2019interessato<\/strong><\/h3>\n<p>Il cliente, in qualit\u00e0 di interessato, ha i seguenti diritti:<\/p>\n<ul>\n<li><strong>Diritto all\u2019informazione<\/strong> \u2014 il diritto di essere informato sull\u2019identit\u00e0 del titolare del trattamento, sulle finalit\u00e0 del trattamento, sui destinatari dei dati, sull\u2019esistenza dei diritti previsti dalla normativa sulla protezione dei dati personali e sulle condizioni per l\u2019esercizio di tali diritti.<\/li>\n<li><strong>Diritto di accesso<\/strong> \u2014 il diritto di ottenere la conferma dell\u2019esistenza o meno di un trattamento di dati personali che lo riguardano e le relative informazioni.<\/li>\n<li><strong>Diritto di rettifica<\/strong> \u2014 il diritto di ottenere la rettifica, l\u2019aggiornamento, il blocco, la cancellazione o l\u2019anonimizzazione dei dati trattati in modo illecito, in particolare dei dati incompleti o inesatti.<\/li>\n<li><strong>Diritto di opposizione<\/strong> \u2014 il diritto di opporsi in qualsiasi momento, per motivi legittimi legati alla propria situazione particolare, al trattamento dei dati personali che lo riguardano.<\/li>\n<li><strong>Diritto a non essere sottoposto a decisioni automatizzate<\/strong> \u2014 il diritto di richiedere la revisione delle decisioni automatizzate che producono effetti giuridici basati esclusivamente sul trattamento dei dati.<\/li>\n<li><strong>Diritto al ricorso giurisdizionale<\/strong> \u2014 il diritto di rivolgersi al Centro Nazionale per la Protezione dei Dati Personali o al tribunale per la tutela dei propri diritti.<\/li>\n<li><strong>Diritto alla limitazione del trattamento<\/strong> \u2014 il diritto di richiedere la conservazione di determinati dati inalterati per un periodo giustificato.<\/li>\n<li><strong>Diritto a non essere sottoposto a profilazione automatizzata<\/strong> \u2014 il diritto di richiedere la cessazione della profilazione automatizzata o del processo decisionale automatizzato.<\/li>\n<\/ul>\n<h3><strong>Comunicazioni commerciali<\/strong><\/h3>\n<p>Punto Bianco SRL ha il diritto di inviare ai propri clienti messaggi e notifiche proattive tramite canali di comunicazione elettronica, inclusi, a titolo esemplificativo e non esaustivo, WhatsApp, chiamate telefoniche, SMS ed e-mail, allo scopo di informare in merito alle prenotazioni mediche, ai servizi offerti, alle informazioni amministrative, alle offerte speciali, alle campagne informative e ad altre comunicazioni rilevanti per il rapporto con il cliente.<br data-start=\"496\" data-end=\"499\" \/>L\u2019invio di tali comunicazioni avviene sulla base dei dati di contatto forniti volontariamente dal cliente e nel rispetto della normativa applicabile in materia di protezione dei dati personali.<\/p>\n<h3><strong data-start=\"694\" data-end=\"732\">Diritto di disiscrizione (opt-out)<\/strong><\/h3>\n<p>Il cliente ha il diritto di opporsi in qualsiasi momento alla ricezione di comunicazioni proattive e di richiederne l\u2019interruzione, senza che ci\u00f2 influisca sul rapporto contrattuale o sull\u2019accesso ai servizi medici.<br \/>\nLa disiscrizione pu\u00f2 essere effettuata con una delle seguenti modalit\u00e0:<br \/>\n\u2013 inviando un messaggio con la dicitura \u201cSTOP\u201d o \u201cDISISCRIZIONE\u201d tramite il canale attraverso il quale \u00e8 stato ricevuto il messaggio;<br \/>\n\u2013 inviando una richiesta scritta all\u2019indirizzo e-mail: <a href=\"mailto:privacy@puntobianco.md\">privacy@puntobianco.md<\/a>.<\/p>\n<h3><strong>Modifiche all\u2019Informativa sulla privacy<\/strong><\/h3>\n<p>A causa di eventuali modifiche ai trattamenti descritti sopra o alla normativa applicabile, la presente informativa pu\u00f2 essere aggiornata. In tali casi, verrai informato o verr\u00e0 richiesto nuovamente il tuo consenso, se necessario.<\/p>\n","protected":false},"excerpt":{"rendered":"<p>Informazioni generali Poich\u00e9 garantire la riservatezza e il corretto trattamento dei dati dei clienti rappresenta una delle principali priorit\u00e0 di Punto Bianco, con il presente documento desideriamo informarti in merito al trattamento dei dati personali raccolti. La societ\u00e0 \u201ePunto Bianco\u201d SRL (di seguito denominata \u201ePunto Bianco\u201d), in qualit\u00e0 di titolare del trattamento dei dati, raccoglie [&hellip;]<\/p>\n","protected":false},"author":5,"featured_media":0,"parent":0,"menu_order":0,"comment_status":"closed","ping_status":"closed","template":"","meta":{"_acf_changed":false,"inline_featured_image":false,"footnotes":""},"class_list":["post-4370","page","type-page","status-publish","hentry"],"acf":[],"yoast_head":"<!-- This site is optimized with the Yoast SEO plugin v26.6 - https:\/\/yoast.com\/wordpress\/plugins\/seo\/ -->\n<title>- Punto Bianco<\/title>\n<meta name=\"robots\" content=\"index, follow, max-snippet:-1, max-image-preview:large, max-video-preview:-1\" \/>\n<link rel=\"canonical\" href=\"https:\/\/puntobianco.md\/it\/4370-2\/\" \/>\n<meta property=\"og:locale\" content=\"it_IT\" \/>\n<meta property=\"og:type\" content=\"article\" \/>\n<meta property=\"og:title\" content=\"- Punto Bianco\" \/>\n<meta property=\"og:description\" content=\"Informazioni generali Poich\u00e9 garantire la riservatezza e il corretto trattamento dei dati dei clienti rappresenta una delle principali priorit\u00e0 di Punto Bianco, con il presente documento desideriamo informarti in merito al trattamento dei dati personali raccolti. La societ\u00e0 \u201ePunto Bianco\u201d SRL (di seguito denominata \u201ePunto Bianco\u201d), in qualit\u00e0 di titolare del trattamento dei dati, raccoglie [&hellip;]\" \/>\n<meta property=\"og:url\" content=\"https:\/\/puntobianco.md\/it\/4370-2\/\" \/>\n<meta property=\"og:site_name\" content=\"Punto Bianco\" \/>\n<meta property=\"article:publisher\" content=\"https:\/\/www.facebook.com\/PuntoBianco.md\" \/>\n<meta property=\"article:modified_time\" content=\"2026-02-09T12:06:43+00:00\" \/>\n<meta name=\"twitter:card\" content=\"summary_large_image\" \/>\n<meta name=\"twitter:label1\" content=\"Tempo di lettura stimato\" \/>\n\t<meta name=\"twitter:data1\" content=\"7 minuti\" \/>\n<script type=\"application\/ld+json\" class=\"yoast-schema-graph\">{\"@context\":\"https:\/\/schema.org\",\"@graph\":[{\"@type\":\"WebPage\",\"@id\":\"https:\/\/puntobianco.md\/it\/4370-2\/\",\"url\":\"https:\/\/puntobianco.md\/it\/4370-2\/\",\"name\":\"- Punto Bianco\",\"isPartOf\":{\"@id\":\"https:\/\/puntobianco.md\/it\/#website\"},\"datePublished\":\"2024-06-25T15:57:27+00:00\",\"dateModified\":\"2026-02-09T12:06:43+00:00\",\"inLanguage\":\"it-IT\",\"potentialAction\":[{\"@type\":\"ReadAction\",\"target\":[\"https:\/\/puntobianco.md\/it\/4370-2\/\"]}]},{\"@type\":\"WebSite\",\"@id\":\"https:\/\/puntobianco.md\/it\/#website\",\"url\":\"https:\/\/puntobianco.md\/it\/\",\"name\":\"PuntoBianco.md\",\"description\":\"Clinic\u0103 stomatologic\u0103 \u00een Chi\u0219in\u0103u\",\"publisher\":{\"@id\":\"https:\/\/puntobianco.md\/it\/#organization\"},\"potentialAction\":[{\"@type\":\"SearchAction\",\"target\":{\"@type\":\"EntryPoint\",\"urlTemplate\":\"https:\/\/puntobianco.md\/it\/?s={search_term_string}\"},\"query-input\":{\"@type\":\"PropertyValueSpecification\",\"valueRequired\":true,\"valueName\":\"search_term_string\"}}],\"inLanguage\":\"it-IT\"},{\"@type\":\"Organization\",\"@id\":\"https:\/\/puntobianco.md\/it\/#organization\",\"name\":\"Punto Bianco\",\"url\":\"https:\/\/puntobianco.md\/it\/\",\"logo\":{\"@type\":\"ImageObject\",\"inLanguage\":\"it-IT\",\"@id\":\"https:\/\/puntobianco.md\/it\/#\/schema\/logo\/image\/\",\"url\":\"https:\/\/puntobianco.md\/wp-content\/uploads\/2024\/10\/logo-clinica-punto-bianco.png\",\"contentUrl\":\"https:\/\/puntobianco.md\/wp-content\/uploads\/2024\/10\/logo-clinica-punto-bianco.png\",\"width\":500,\"height\":500,\"caption\":\"Punto Bianco\"},\"image\":{\"@id\":\"https:\/\/puntobianco.md\/it\/#\/schema\/logo\/image\/\"},\"sameAs\":[\"https:\/\/www.facebook.com\/PuntoBianco.md\",\"https:\/\/www.instagram.com\/clinicapuntobianco\/\",\"https:\/\/www.youtube.com\/@puntobianco-clinicadentale\",\"https:\/\/www.tiktok.com\/@clinicapuntobianco\"]}]}<\/script>\n<!-- \/ Yoast SEO plugin. -->","yoast_head_json":{"title":"- Punto Bianco","robots":{"index":"index","follow":"follow","max-snippet":"max-snippet:-1","max-image-preview":"max-image-preview:large","max-video-preview":"max-video-preview:-1"},"canonical":"https:\/\/puntobianco.md\/it\/4370-2\/","og_locale":"it_IT","og_type":"article","og_title":"- Punto Bianco","og_description":"Informazioni generali Poich\u00e9 garantire la riservatezza e il corretto trattamento dei dati dei clienti rappresenta una delle principali priorit\u00e0 di Punto Bianco, con il presente documento desideriamo informarti in merito al trattamento dei dati personali raccolti. La societ\u00e0 \u201ePunto Bianco\u201d SRL (di seguito denominata \u201ePunto Bianco\u201d), in qualit\u00e0 di titolare del trattamento dei dati, raccoglie [&hellip;]","og_url":"https:\/\/puntobianco.md\/it\/4370-2\/","og_site_name":"Punto Bianco","article_publisher":"https:\/\/www.facebook.com\/PuntoBianco.md","article_modified_time":"2026-02-09T12:06:43+00:00","twitter_card":"summary_large_image","twitter_misc":{"Tempo di lettura stimato":"7 minuti"},"schema":{"@context":"https:\/\/schema.org","@graph":[{"@type":"WebPage","@id":"https:\/\/puntobianco.md\/it\/4370-2\/","url":"https:\/\/puntobianco.md\/it\/4370-2\/","name":"- Punto Bianco","isPartOf":{"@id":"https:\/\/puntobianco.md\/it\/#website"},"datePublished":"2024-06-25T15:57:27+00:00","dateModified":"2026-02-09T12:06:43+00:00","inLanguage":"it-IT","potentialAction":[{"@type":"ReadAction","target":["https:\/\/puntobianco.md\/it\/4370-2\/"]}]},{"@type":"WebSite","@id":"https:\/\/puntobianco.md\/it\/#website","url":"https:\/\/puntobianco.md\/it\/","name":"PuntoBianco.md","description":"Clinic\u0103 stomatologic\u0103 \u00een Chi\u0219in\u0103u","publisher":{"@id":"https:\/\/puntobianco.md\/it\/#organization"},"potentialAction":[{"@type":"SearchAction","target":{"@type":"EntryPoint","urlTemplate":"https:\/\/puntobianco.md\/it\/?s={search_term_string}"},"query-input":{"@type":"PropertyValueSpecification","valueRequired":true,"valueName":"search_term_string"}}],"inLanguage":"it-IT"},{"@type":"Organization","@id":"https:\/\/puntobianco.md\/it\/#organization","name":"Punto Bianco","url":"https:\/\/puntobianco.md\/it\/","logo":{"@type":"ImageObject","inLanguage":"it-IT","@id":"https:\/\/puntobianco.md\/it\/#\/schema\/logo\/image\/","url":"https:\/\/puntobianco.md\/wp-content\/uploads\/2024\/10\/logo-clinica-punto-bianco.png","contentUrl":"https:\/\/puntobianco.md\/wp-content\/uploads\/2024\/10\/logo-clinica-punto-bianco.png","width":500,"height":500,"caption":"Punto Bianco"},"image":{"@id":"https:\/\/puntobianco.md\/it\/#\/schema\/logo\/image\/"},"sameAs":["https:\/\/www.facebook.com\/PuntoBianco.md","https:\/\/www.instagram.com\/clinicapuntobianco\/","https:\/\/www.youtube.com\/@puntobianco-clinicadentale","https:\/\/www.tiktok.com\/@clinicapuntobianco"]}]}},"_links":{"self":[{"href":"https:\/\/puntobianco.md\/it\/wp-json\/wp\/v2\/pages\/4370","targetHints":{"allow":["GET"]}}],"collection":[{"href":"https:\/\/puntobianco.md\/it\/wp-json\/wp\/v2\/pages"}],"about":[{"href":"https:\/\/puntobianco.md\/it\/wp-json\/wp\/v2\/types\/page"}],"author":[{"embeddable":true,"href":"https:\/\/puntobianco.md\/it\/wp-json\/wp\/v2\/users\/5"}],"replies":[{"embeddable":true,"href":"https:\/\/puntobianco.md\/it\/wp-json\/wp\/v2\/comments?post=4370"}],"version-history":[{"count":5,"href":"https:\/\/puntobianco.md\/it\/wp-json\/wp\/v2\/pages\/4370\/revisions"}],"predecessor-version":[{"id":4985,"href":"https:\/\/puntobianco.md\/it\/wp-json\/wp\/v2\/pages\/4370\/revisions\/4985"}],"wp:attachment":[{"href":"https:\/\/puntobianco.md\/it\/wp-json\/wp\/v2\/media?parent=4370"}],"curies":[{"name":"wp","href":"https:\/\/api.w.org\/{rel}","templated":true}]}}