{"id":4066,"date":"2024-09-03T12:24:57","date_gmt":"2024-09-03T09:24:57","guid":{"rendered":"https:\/\/puntobianco.md\/termini-e-condizioni\/"},"modified":"2026-01-21T11:40:48","modified_gmt":"2026-01-21T08:40:48","slug":"termini-e-condizioni","status":"publish","type":"page","link":"https:\/\/puntobianco.md\/it\/termini-e-condizioni\/","title":{"rendered":"Termini e condizioni"},"content":{"rendered":"<p>Vi invitiamo a leggere attentamente i presenti Termini di utilizzo prima di accedere al sito <a href=\"https:\/\/puntobianco.md\/\">https:\/\/PuntoBianco.md<\/a>, gestito da Punto Bianco SRL.<\/p>\n<p>L\u2019accesso e l\u2019utilizzo del servizio sono subordinati all\u2019accettazione e al rispetto dei presenti termini e condizioni. I presenti Termini si applicano a tutti i visitatori, utenti e a chiunque acceda o utilizzi il Servizio.<\/p>\n<p>Accedendo o utilizzando il Servizio, accettate di essere vincolati dai presenti Termini. Se non siete d\u2019accordo con una qualsiasi parte dei termini, vi \u00e8 vietato accedere al Servizio<\/p>\n<h2 class=\"wp-block-heading\">Account<\/h2>\n<p>Quando create un account presso di noi, dovete fornirci in ogni momento informazioni corrette, complete e aggiornate. La mancata osservanza di tale obbligo costituisce una violazione dei Termini e pu\u00f2 comportare l\u2019immediata chiusura del vostro account all\u2019interno del nostro Servizio.<\/p>\n<p>Siete responsabili della protezione della password utilizzata per accedere al Servizio e di tutte le attivit\u00e0 o azioni svolte con la vostra password, indipendentemente dal fatto che la password sia utilizzata con il nostro Servizio o con un servizio di terzi.<\/p>\n<p>Vi impegnate a non divulgare la vostra password a terzi. Dovete informarci immediatamente nel caso veniate a conoscenza di qualsiasi violazione della sicurezza o utilizzo non autorizzato del vostro account.<\/p>\n<h2 class=\"wp-block-heading\">Propriet\u00e0 intellettuale<\/h2>\n<p>Il Servizio e i suoi contenuti originali, caratteristiche e funzionalit\u00e0 sono e resteranno di propriet\u00e0 esclusiva di Punto Bianco \/ TravelToDentist.com e dei suoi licenziatari.<\/p>\n<h2 class=\"wp-block-heading\">Link ad altri siti web<\/h2>\n<p>Il nostro Servizio pu\u00f2 contenere collegamenti a siti web o servizi di terze parti che non sono di propriet\u00e0 n\u00e9 sotto il controllo di Punto Bianco.<\/p>\n<p>Punto Bianco non esercita alcun controllo e non si assume alcuna responsabilit\u00e0 per i contenuti, le politiche sulla privacy o le pratiche di siti web o servizi di terze parti. Inoltre, riconoscete e accettate che Punto Bianco non sar\u00e0 responsabile, direttamente o indirettamente, per eventuali danni o perdite causati o presumibilmente causati dall\u2019utilizzo o dall\u2019affidamento su tali contenuti, beni o servizi disponibili su o tramite tali siti o servizi web.<\/p>\n<p>Vi consigliamo vivamente di leggere i termini e condizioni e le politiche sulla privacy di qualsiasi sito web o servizio di terze parti che visitate.<\/p>\n<h2 class=\"wp-block-heading\">Risoluzione<\/h2>\n<p>Possiamo interrompere o sospendere l\u2019accesso al nostro Servizio immediatamente, senza preavviso n\u00e9 responsabilit\u00e0, per qualsiasi motivo, inclusa, a titolo esemplificativo, la violazione dei presenti Termini.<\/p>\n<p>Tutte le disposizioni dei Termini che, per loro natura, dovrebbero sopravvivere alla cessazione, continueranno ad avere efficacia anche dopo la risoluzione, incluse, senza limitazioni, le disposizioni sulla propriet\u00e0, le esclusioni di garanzia, le indennit\u00e0 e le limitazioni di responsabilit\u00e0.<\/p>\n<p>Possiamo interrompere o sospendere il vostro account immediatamente, senza preavviso n\u00e9 responsabilit\u00e0, per qualsiasi motivo, inclusa, senza limitazioni, la violazione dei presenti Termini.<\/p>\n<p>A seguito della risoluzione, il vostro diritto di utilizzare il servizio cesser\u00e0 immediatamente. Se desiderate chiudere il vostro account, potete semplicemente interrompere l\u2019utilizzo del servizio.<\/p>\n<p>Tutte le disposizioni dei Termini che, per loro natura, dovrebbero sopravvivere alla cessazione, continueranno ad avere efficacia anche dopo la risoluzione, incluse, senza limitazioni, le disposizioni sulla propriet\u00e0, le esclusioni di garanzia, le indennit\u00e0 e le limitazioni di responsabilit\u00e0.<\/p>\n<h2 class=\"wp-block-heading\">Esclusione di responsabilit\u00e0<\/h2>\n<p>L\u2019utilizzo del Servizio avviene a vostro esclusivo rischio. Il Servizio \u00e8 fornito \u201cCOS\u00cc COM\u2019\u00c8\u201d e \u201cCOME DISPONIBILE\u201d. Il Servizio \u00e8 fornito senza alcun tipo di garanzia, sia essa espressa o implicita, inclusa, a titolo esemplificativo e non esaustivo, qualsiasi garanzia implicita di commerciabilit\u00e0, idoneit\u00e0 per uno scopo particolare, mancata esecuzione o risultato delle prestazioni.<\/p>\n<h2 class=\"wp-block-heading\">Legge Applicabile<\/h2>\n<p>I presenti Termini sono regolati e interpretati in conformit\u00e0 alle leggi della Repubblica di Moldova, senza tener conto delle disposizioni in materia di conflitto di leggi.<\/p>\n<p>La nostra mancata applicazione di qualsiasi diritto o disposizione dei presenti Termini non sar\u00e0 considerata una rinuncia a tali diritti. Qualora una qualsiasi disposizione dei presenti Termini sia ritenuta non valida o inapplicabile da un tribunale, le restanti disposizioni dei presenti Termini rimarranno in vigore. I presenti Termini costituiscono l\u2019intero accordo tra noi in relazione al nostro Servizio e sostituiscono qualsiasi accordo precedente eventualmente esistente tra noi in merito al Servizio.<\/p>\n<h2 class=\"wp-block-heading\">Modifiche<\/h2>\n<p>Ci riserviamo il diritto, a nostra esclusiva discrezione, di modificare o sostituire i presenti Termini in qualsiasi momento. In caso di revisione sostanziale, faremo il possibile per fornire un preavviso di almeno 30 giorni prima dell\u2019entrata in vigore dei nuovi termini. Ci\u00f2 che costituisce una modifica sostanziale sar\u00e0 determinato a nostra discrezione.<\/p>\n<p>Continuando ad accedere o utilizzare il nostro Servizio dopo l\u2019entrata in vigore di tali revisioni, accettate di essere vincolati dai termini aggiornati. Se non accettate i nuovi termini, vi preghiamo di non utilizzare pi\u00f9 il Servizio.<\/p>\n<h2 class=\"wp-block-heading\">Contattaci<\/h2>\n<p>Per qualsiasi domanda relativa ai presenti Termini, potete contattarci via e-mail presso la <strong>clinica dentale multilingue Punto Bianco \/ TravelToDentist<\/strong>, MD-2001, Moldavia, Chi\u0219in\u0103u, Str. 31 August 37\/1 oppure telefonicamente al numero +37368187171<\/p>\n<h4 class=\"wp-block-heading\">QUESTO DOCUMENTO \u00c8 STATO AGGIORNATO L\u2019ULTIMA VOLTA IL: 21 gennaio 2026<\/h4>\n","protected":false},"excerpt":{"rendered":"<p>Vi invitiamo a leggere attentamente i presenti Termini di utilizzo prima di accedere al sito https:\/\/PuntoBianco.md, gestito da Punto Bianco SRL. L\u2019accesso e l\u2019utilizzo del servizio sono subordinati all\u2019accettazione e al rispetto dei presenti termini e condizioni. I presenti Termini si applicano a tutti i visitatori, utenti e a chiunque acceda o utilizzi il Servizio. [&hellip;]<\/p>\n","protected":false},"author":1,"featured_media":0,"parent":0,"menu_order":0,"comment_status":"closed","ping_status":"closed","template":"","meta":{"_acf_changed":false,"inline_featured_image":false,"footnotes":""},"class_list":["post-4066","page","type-page","status-publish","hentry"],"acf":[],"yoast_head":"<!-- This site is optimized with the Yoast SEO plugin v26.6 - https:\/\/yoast.com\/wordpress\/plugins\/seo\/ -->\n<title>Termini e condizioni - Punto Bianco<\/title>\n<meta name=\"robots\" content=\"index, follow, max-snippet:-1, max-image-preview:large, max-video-preview:-1\" \/>\n<link rel=\"canonical\" href=\"https:\/\/puntobianco.md\/it\/termini-e-condizioni\/\" \/>\n<meta property=\"og:locale\" content=\"it_IT\" \/>\n<meta property=\"og:type\" content=\"article\" \/>\n<meta property=\"og:title\" content=\"Termini e condizioni - Punto Bianco\" \/>\n<meta property=\"og:description\" content=\"Vi invitiamo a leggere attentamente i presenti Termini di utilizzo prima di accedere al sito https:\/\/PuntoBianco.md, gestito da Punto Bianco SRL. L\u2019accesso e l\u2019utilizzo del servizio sono subordinati all\u2019accettazione e al rispetto dei presenti termini e condizioni. I presenti Termini si applicano a tutti i visitatori, utenti e a chiunque acceda o utilizzi il Servizio. [&hellip;]\" \/>\n<meta property=\"og:url\" content=\"https:\/\/puntobianco.md\/it\/termini-e-condizioni\/\" \/>\n<meta property=\"og:site_name\" content=\"Punto Bianco\" \/>\n<meta property=\"article:publisher\" content=\"https:\/\/www.facebook.com\/PuntoBianco.md\" \/>\n<meta property=\"article:modified_time\" content=\"2026-01-21T08:40:48+00:00\" \/>\n<meta name=\"twitter:card\" content=\"summary_large_image\" \/>\n<meta name=\"twitter:label1\" content=\"Tempo di lettura stimato\" \/>\n\t<meta name=\"twitter:data1\" content=\"5 minuti\" \/>\n<script type=\"application\/ld+json\" class=\"yoast-schema-graph\">{\"@context\":\"https:\/\/schema.org\",\"@graph\":[{\"@type\":\"WebPage\",\"@id\":\"https:\/\/puntobianco.md\/it\/termini-e-condizioni\/\",\"url\":\"https:\/\/puntobianco.md\/it\/termini-e-condizioni\/\",\"name\":\"Termini e condizioni - Punto Bianco\",\"isPartOf\":{\"@id\":\"https:\/\/puntobianco.md\/it\/#website\"},\"datePublished\":\"2024-09-03T09:24:57+00:00\",\"dateModified\":\"2026-01-21T08:40:48+00:00\",\"breadcrumb\":{\"@id\":\"https:\/\/puntobianco.md\/it\/termini-e-condizioni\/#breadcrumb\"},\"inLanguage\":\"it-IT\",\"potentialAction\":[{\"@type\":\"ReadAction\",\"target\":[\"https:\/\/puntobianco.md\/it\/termini-e-condizioni\/\"]}]},{\"@type\":\"BreadcrumbList\",\"@id\":\"https:\/\/puntobianco.md\/it\/termini-e-condizioni\/#breadcrumb\",\"itemListElement\":[{\"@type\":\"ListItem\",\"position\":1,\"name\":\"Prima pagin\u0103\",\"item\":\"https:\/\/puntobianco.md\/it\/\"},{\"@type\":\"ListItem\",\"position\":2,\"name\":\"Termini e condizioni\"}]},{\"@type\":\"WebSite\",\"@id\":\"https:\/\/puntobianco.md\/it\/#website\",\"url\":\"https:\/\/puntobianco.md\/it\/\",\"name\":\"PuntoBianco.md\",\"description\":\"Clinic\u0103 stomatologic\u0103 \u00een Chi\u0219in\u0103u\",\"publisher\":{\"@id\":\"https:\/\/puntobianco.md\/it\/#organization\"},\"potentialAction\":[{\"@type\":\"SearchAction\",\"target\":{\"@type\":\"EntryPoint\",\"urlTemplate\":\"https:\/\/puntobianco.md\/it\/?s={search_term_string}\"},\"query-input\":{\"@type\":\"PropertyValueSpecification\",\"valueRequired\":true,\"valueName\":\"search_term_string\"}}],\"inLanguage\":\"it-IT\"},{\"@type\":\"Organization\",\"@id\":\"https:\/\/puntobianco.md\/it\/#organization\",\"name\":\"Punto Bianco\",\"url\":\"https:\/\/puntobianco.md\/it\/\",\"logo\":{\"@type\":\"ImageObject\",\"inLanguage\":\"it-IT\",\"@id\":\"https:\/\/puntobianco.md\/it\/#\/schema\/logo\/image\/\",\"url\":\"https:\/\/puntobianco.md\/wp-content\/uploads\/2024\/10\/logo-clinica-punto-bianco.png\",\"contentUrl\":\"https:\/\/puntobianco.md\/wp-content\/uploads\/2024\/10\/logo-clinica-punto-bianco.png\",\"width\":500,\"height\":500,\"caption\":\"Punto Bianco\"},\"image\":{\"@id\":\"https:\/\/puntobianco.md\/it\/#\/schema\/logo\/image\/\"},\"sameAs\":[\"https:\/\/www.facebook.com\/PuntoBianco.md\",\"https:\/\/www.instagram.com\/clinicapuntobianco\/\",\"https:\/\/www.youtube.com\/@puntobianco-clinicadentale\",\"https:\/\/www.tiktok.com\/@clinicapuntobianco\"]}]}<\/script>\n<!-- \/ Yoast SEO plugin. -->","yoast_head_json":{"title":"Termini e condizioni - Punto Bianco","robots":{"index":"index","follow":"follow","max-snippet":"max-snippet:-1","max-image-preview":"max-image-preview:large","max-video-preview":"max-video-preview:-1"},"canonical":"https:\/\/puntobianco.md\/it\/termini-e-condizioni\/","og_locale":"it_IT","og_type":"article","og_title":"Termini e condizioni - Punto Bianco","og_description":"Vi invitiamo a leggere attentamente i presenti Termini di utilizzo prima di accedere al sito https:\/\/PuntoBianco.md, gestito da Punto Bianco SRL. L\u2019accesso e l\u2019utilizzo del servizio sono subordinati all\u2019accettazione e al rispetto dei presenti termini e condizioni. I presenti Termini si applicano a tutti i visitatori, utenti e a chiunque acceda o utilizzi il Servizio. [&hellip;]","og_url":"https:\/\/puntobianco.md\/it\/termini-e-condizioni\/","og_site_name":"Punto Bianco","article_publisher":"https:\/\/www.facebook.com\/PuntoBianco.md","article_modified_time":"2026-01-21T08:40:48+00:00","twitter_card":"summary_large_image","twitter_misc":{"Tempo di lettura stimato":"5 minuti"},"schema":{"@context":"https:\/\/schema.org","@graph":[{"@type":"WebPage","@id":"https:\/\/puntobianco.md\/it\/termini-e-condizioni\/","url":"https:\/\/puntobianco.md\/it\/termini-e-condizioni\/","name":"Termini e condizioni - Punto Bianco","isPartOf":{"@id":"https:\/\/puntobianco.md\/it\/#website"},"datePublished":"2024-09-03T09:24:57+00:00","dateModified":"2026-01-21T08:40:48+00:00","breadcrumb":{"@id":"https:\/\/puntobianco.md\/it\/termini-e-condizioni\/#breadcrumb"},"inLanguage":"it-IT","potentialAction":[{"@type":"ReadAction","target":["https:\/\/puntobianco.md\/it\/termini-e-condizioni\/"]}]},{"@type":"BreadcrumbList","@id":"https:\/\/puntobianco.md\/it\/termini-e-condizioni\/#breadcrumb","itemListElement":[{"@type":"ListItem","position":1,"name":"Prima pagin\u0103","item":"https:\/\/puntobianco.md\/it\/"},{"@type":"ListItem","position":2,"name":"Termini e condizioni"}]},{"@type":"WebSite","@id":"https:\/\/puntobianco.md\/it\/#website","url":"https:\/\/puntobianco.md\/it\/","name":"PuntoBianco.md","description":"Clinic\u0103 stomatologic\u0103 \u00een Chi\u0219in\u0103u","publisher":{"@id":"https:\/\/puntobianco.md\/it\/#organization"},"potentialAction":[{"@type":"SearchAction","target":{"@type":"EntryPoint","urlTemplate":"https:\/\/puntobianco.md\/it\/?s={search_term_string}"},"query-input":{"@type":"PropertyValueSpecification","valueRequired":true,"valueName":"search_term_string"}}],"inLanguage":"it-IT"},{"@type":"Organization","@id":"https:\/\/puntobianco.md\/it\/#organization","name":"Punto Bianco","url":"https:\/\/puntobianco.md\/it\/","logo":{"@type":"ImageObject","inLanguage":"it-IT","@id":"https:\/\/puntobianco.md\/it\/#\/schema\/logo\/image\/","url":"https:\/\/puntobianco.md\/wp-content\/uploads\/2024\/10\/logo-clinica-punto-bianco.png","contentUrl":"https:\/\/puntobianco.md\/wp-content\/uploads\/2024\/10\/logo-clinica-punto-bianco.png","width":500,"height":500,"caption":"Punto Bianco"},"image":{"@id":"https:\/\/puntobianco.md\/it\/#\/schema\/logo\/image\/"},"sameAs":["https:\/\/www.facebook.com\/PuntoBianco.md","https:\/\/www.instagram.com\/clinicapuntobianco\/","https:\/\/www.youtube.com\/@puntobianco-clinicadentale","https:\/\/www.tiktok.com\/@clinicapuntobianco"]}]}},"_links":{"self":[{"href":"https:\/\/puntobianco.md\/it\/wp-json\/wp\/v2\/pages\/4066","targetHints":{"allow":["GET"]}}],"collection":[{"href":"https:\/\/puntobianco.md\/it\/wp-json\/wp\/v2\/pages"}],"about":[{"href":"https:\/\/puntobianco.md\/it\/wp-json\/wp\/v2\/types\/page"}],"author":[{"embeddable":true,"href":"https:\/\/puntobianco.md\/it\/wp-json\/wp\/v2\/users\/1"}],"replies":[{"embeddable":true,"href":"https:\/\/puntobianco.md\/it\/wp-json\/wp\/v2\/comments?post=4066"}],"version-history":[{"count":3,"href":"https:\/\/puntobianco.md\/it\/wp-json\/wp\/v2\/pages\/4066\/revisions"}],"predecessor-version":[{"id":4426,"href":"https:\/\/puntobianco.md\/it\/wp-json\/wp\/v2\/pages\/4066\/revisions\/4426"}],"wp:attachment":[{"href":"https:\/\/puntobianco.md\/it\/wp-json\/wp\/v2\/media?parent=4066"}],"curies":[{"name":"wp","href":"https:\/\/api.w.org\/{rel}","templated":true}]}}