{"id":4063,"date":"2024-06-25T22:45:21","date_gmt":"2024-06-25T19:45:21","guid":{"rendered":"https:\/\/puntobianco.md\/prezzi\/"},"modified":"2026-01-20T11:47:44","modified_gmt":"2026-01-20T08:47:44","slug":"prezzi","status":"publish","type":"page","link":"https:\/\/puntobianco.md\/it\/prezzi\/","title":{"rendered":"Prezzi"},"content":{"rendered":"<p>Siamo trasparenti e non nascondiamo nulla, nemmeno i prezzi. Consulta qui sotto le offerte speciali e il listino prezzi dei servizi odontoiatrici della clinica Punto Bianco di Chi\u0219in\u0103u. Per comodit\u00e0, abbiamo raggruppato i trattamenti pi\u00f9 richiesti per categorie.  <\/p>\n<p>Se non trovi il trattamento desiderato nell\u2019elenco prezzi, puoi <a href=\"#contactWrap\">richiedere informazioni o una stima gratuita.<\/a> De obicei ve\u021bi primi un r\u0103spuns privind tratamentul dentar \u00een Moldova \u00een termen de o zi lucr\u0103toare. Pentru deservire prioritar\u0103 suna\u021bi la <a href=\"tel:+37368187171\">+37368187171<\/a><\/p>\n","protected":false},"excerpt":{"rendered":"<p>Siamo trasparenti e non nascondiamo nulla, nemmeno i prezzi. Consulta qui sotto le offerte speciali e il listino prezzi dei servizi odontoiatrici della clinica Punto Bianco di Chi\u0219in\u0103u. Per comodit\u00e0, abbiamo raggruppato i trattamenti pi\u00f9 richiesti per categorie. Se non trovi il trattamento desiderato nell\u2019elenco prezzi, puoi richiedere informazioni o una stima gratuita. De obicei [&hellip;]<\/p>\n","protected":false},"author":1,"featured_media":649,"parent":0,"menu_order":0,"comment_status":"closed","ping_status":"closed","template":"templates\/prices.php","meta":{"_acf_changed":false,"inline_featured_image":false,"footnotes":""},"class_list":["post-4063","page","type-page","status-publish","has-post-thumbnail","hentry"],"acf":[],"yoast_head":"<!-- This site is optimized with the Yoast SEO plugin v26.6 - https:\/\/yoast.com\/wordpress\/plugins\/seo\/ -->\n<title>Prezzi della clinica odontoiatrica Punto Bianco Chi\u0219in\u0103u. Tariffe Moldavia<\/title>\n<meta name=\"description\" content=\"Scopri quanto costano i trattamenti dentali. Listino prezzi dentista in Moldavia. Offerte e pacchetti di prezzo per i servizi odontoiatrici a Chi\u0219in\u0103u.\" \/>\n<meta name=\"robots\" content=\"index, follow, max-snippet:-1, max-image-preview:large, max-video-preview:-1\" \/>\n<link rel=\"canonical\" href=\"https:\/\/puntobianco.md\/it\/prezzi\/\" \/>\n<meta property=\"og:locale\" content=\"it_IT\" \/>\n<meta property=\"og:type\" content=\"article\" \/>\n<meta property=\"og:title\" content=\"Prezzi della clinica odontoiatrica Punto Bianco Chi\u0219in\u0103u. Tariffe Moldavia\" \/>\n<meta property=\"og:description\" content=\"Scopri quanto costano i trattamenti dentali. Listino prezzi dentista in Moldavia. Offerte e pacchetti di prezzo per i servizi odontoiatrici a Chi\u0219in\u0103u.\" \/>\n<meta property=\"og:url\" content=\"https:\/\/puntobianco.md\/it\/prezzi\/\" \/>\n<meta property=\"og:site_name\" content=\"Punto Bianco\" \/>\n<meta property=\"article:publisher\" content=\"https:\/\/www.facebook.com\/PuntoBianco.md\" \/>\n<meta property=\"article:modified_time\" content=\"2026-01-20T08:47:44+00:00\" \/>\n<meta property=\"og:image\" content=\"https:\/\/puntobianco.md\/wp-content\/uploads\/2024\/08\/prices-bg-min.jpg\" \/>\n\t<meta property=\"og:image:width\" content=\"1820\" \/>\n\t<meta property=\"og:image:height\" content=\"633\" \/>\n\t<meta property=\"og:image:type\" content=\"image\/jpeg\" \/>\n<meta name=\"twitter:card\" content=\"summary_large_image\" \/>\n<script type=\"application\/ld+json\" class=\"yoast-schema-graph\">{\"@context\":\"https:\/\/schema.org\",\"@graph\":[{\"@type\":\"WebPage\",\"@id\":\"https:\/\/puntobianco.md\/it\/prezzi\/\",\"url\":\"https:\/\/puntobianco.md\/it\/prezzi\/\",\"name\":\"Prezzi della clinica odontoiatrica Punto Bianco Chi\u0219in\u0103u. Tariffe Moldavia\",\"isPartOf\":{\"@id\":\"https:\/\/puntobianco.md\/it\/#website\"},\"primaryImageOfPage\":{\"@id\":\"https:\/\/puntobianco.md\/it\/prezzi\/#primaryimage\"},\"image\":{\"@id\":\"https:\/\/puntobianco.md\/it\/prezzi\/#primaryimage\"},\"thumbnailUrl\":\"https:\/\/puntobianco.md\/wp-content\/uploads\/2024\/08\/prices-bg-min.jpg\",\"datePublished\":\"2024-06-25T19:45:21+00:00\",\"dateModified\":\"2026-01-20T08:47:44+00:00\",\"description\":\"Scopri quanto costano i trattamenti dentali. Listino prezzi dentista in Moldavia. Offerte e pacchetti di prezzo per i servizi odontoiatrici a Chi\u0219in\u0103u.\",\"breadcrumb\":{\"@id\":\"https:\/\/puntobianco.md\/it\/prezzi\/#breadcrumb\"},\"inLanguage\":\"it-IT\",\"potentialAction\":[{\"@type\":\"ReadAction\",\"target\":[\"https:\/\/puntobianco.md\/it\/prezzi\/\"]}]},{\"@type\":\"ImageObject\",\"inLanguage\":\"it-IT\",\"@id\":\"https:\/\/puntobianco.md\/it\/prezzi\/#primaryimage\",\"url\":\"https:\/\/puntobianco.md\/wp-content\/uploads\/2024\/08\/prices-bg-min.jpg\",\"contentUrl\":\"https:\/\/puntobianco.md\/wp-content\/uploads\/2024\/08\/prices-bg-min.jpg\",\"width\":1820,\"height\":633},{\"@type\":\"BreadcrumbList\",\"@id\":\"https:\/\/puntobianco.md\/it\/prezzi\/#breadcrumb\",\"itemListElement\":[{\"@type\":\"ListItem\",\"position\":1,\"name\":\"Prima pagin\u0103\",\"item\":\"https:\/\/puntobianco.md\/it\/\"},{\"@type\":\"ListItem\",\"position\":2,\"name\":\"Prezzi\"}]},{\"@type\":\"WebSite\",\"@id\":\"https:\/\/puntobianco.md\/it\/#website\",\"url\":\"https:\/\/puntobianco.md\/it\/\",\"name\":\"PuntoBianco.md\",\"description\":\"Clinic\u0103 stomatologic\u0103 \u00een Chi\u0219in\u0103u\",\"publisher\":{\"@id\":\"https:\/\/puntobianco.md\/it\/#organization\"},\"potentialAction\":[{\"@type\":\"SearchAction\",\"target\":{\"@type\":\"EntryPoint\",\"urlTemplate\":\"https:\/\/puntobianco.md\/it\/?s={search_term_string}\"},\"query-input\":{\"@type\":\"PropertyValueSpecification\",\"valueRequired\":true,\"valueName\":\"search_term_string\"}}],\"inLanguage\":\"it-IT\"},{\"@type\":\"Organization\",\"@id\":\"https:\/\/puntobianco.md\/it\/#organization\",\"name\":\"Punto Bianco\",\"url\":\"https:\/\/puntobianco.md\/it\/\",\"logo\":{\"@type\":\"ImageObject\",\"inLanguage\":\"it-IT\",\"@id\":\"https:\/\/puntobianco.md\/it\/#\/schema\/logo\/image\/\",\"url\":\"https:\/\/puntobianco.md\/wp-content\/uploads\/2024\/10\/logo-clinica-punto-bianco.png\",\"contentUrl\":\"https:\/\/puntobianco.md\/wp-content\/uploads\/2024\/10\/logo-clinica-punto-bianco.png\",\"width\":500,\"height\":500,\"caption\":\"Punto Bianco\"},\"image\":{\"@id\":\"https:\/\/puntobianco.md\/it\/#\/schema\/logo\/image\/\"},\"sameAs\":[\"https:\/\/www.facebook.com\/PuntoBianco.md\",\"https:\/\/www.instagram.com\/clinicapuntobianco\/\",\"https:\/\/www.youtube.com\/@puntobianco-clinicadentale\",\"https:\/\/www.tiktok.com\/@clinicapuntobianco\"]}]}<\/script>\n<!-- \/ Yoast SEO plugin. -->","yoast_head_json":{"title":"Prezzi della clinica odontoiatrica Punto Bianco Chi\u0219in\u0103u. Tariffe Moldavia","description":"Scopri quanto costano i trattamenti dentali. Listino prezzi dentista in Moldavia. Offerte e pacchetti di prezzo per i servizi odontoiatrici a Chi\u0219in\u0103u.","robots":{"index":"index","follow":"follow","max-snippet":"max-snippet:-1","max-image-preview":"max-image-preview:large","max-video-preview":"max-video-preview:-1"},"canonical":"https:\/\/puntobianco.md\/it\/prezzi\/","og_locale":"it_IT","og_type":"article","og_title":"Prezzi della clinica odontoiatrica Punto Bianco Chi\u0219in\u0103u. Tariffe Moldavia","og_description":"Scopri quanto costano i trattamenti dentali. Listino prezzi dentista in Moldavia. Offerte e pacchetti di prezzo per i servizi odontoiatrici a Chi\u0219in\u0103u.","og_url":"https:\/\/puntobianco.md\/it\/prezzi\/","og_site_name":"Punto Bianco","article_publisher":"https:\/\/www.facebook.com\/PuntoBianco.md","article_modified_time":"2026-01-20T08:47:44+00:00","og_image":[{"width":1820,"height":633,"url":"https:\/\/puntobianco.md\/wp-content\/uploads\/2024\/08\/prices-bg-min.jpg","type":"image\/jpeg"}],"twitter_card":"summary_large_image","schema":{"@context":"https:\/\/schema.org","@graph":[{"@type":"WebPage","@id":"https:\/\/puntobianco.md\/it\/prezzi\/","url":"https:\/\/puntobianco.md\/it\/prezzi\/","name":"Prezzi della clinica odontoiatrica Punto Bianco Chi\u0219in\u0103u. Tariffe Moldavia","isPartOf":{"@id":"https:\/\/puntobianco.md\/it\/#website"},"primaryImageOfPage":{"@id":"https:\/\/puntobianco.md\/it\/prezzi\/#primaryimage"},"image":{"@id":"https:\/\/puntobianco.md\/it\/prezzi\/#primaryimage"},"thumbnailUrl":"https:\/\/puntobianco.md\/wp-content\/uploads\/2024\/08\/prices-bg-min.jpg","datePublished":"2024-06-25T19:45:21+00:00","dateModified":"2026-01-20T08:47:44+00:00","description":"Scopri quanto costano i trattamenti dentali. Listino prezzi dentista in Moldavia. Offerte e pacchetti di prezzo per i servizi odontoiatrici a Chi\u0219in\u0103u.","breadcrumb":{"@id":"https:\/\/puntobianco.md\/it\/prezzi\/#breadcrumb"},"inLanguage":"it-IT","potentialAction":[{"@type":"ReadAction","target":["https:\/\/puntobianco.md\/it\/prezzi\/"]}]},{"@type":"ImageObject","inLanguage":"it-IT","@id":"https:\/\/puntobianco.md\/it\/prezzi\/#primaryimage","url":"https:\/\/puntobianco.md\/wp-content\/uploads\/2024\/08\/prices-bg-min.jpg","contentUrl":"https:\/\/puntobianco.md\/wp-content\/uploads\/2024\/08\/prices-bg-min.jpg","width":1820,"height":633},{"@type":"BreadcrumbList","@id":"https:\/\/puntobianco.md\/it\/prezzi\/#breadcrumb","itemListElement":[{"@type":"ListItem","position":1,"name":"Prima pagin\u0103","item":"https:\/\/puntobianco.md\/it\/"},{"@type":"ListItem","position":2,"name":"Prezzi"}]},{"@type":"WebSite","@id":"https:\/\/puntobianco.md\/it\/#website","url":"https:\/\/puntobianco.md\/it\/","name":"PuntoBianco.md","description":"Clinic\u0103 stomatologic\u0103 \u00een Chi\u0219in\u0103u","publisher":{"@id":"https:\/\/puntobianco.md\/it\/#organization"},"potentialAction":[{"@type":"SearchAction","target":{"@type":"EntryPoint","urlTemplate":"https:\/\/puntobianco.md\/it\/?s={search_term_string}"},"query-input":{"@type":"PropertyValueSpecification","valueRequired":true,"valueName":"search_term_string"}}],"inLanguage":"it-IT"},{"@type":"Organization","@id":"https:\/\/puntobianco.md\/it\/#organization","name":"Punto Bianco","url":"https:\/\/puntobianco.md\/it\/","logo":{"@type":"ImageObject","inLanguage":"it-IT","@id":"https:\/\/puntobianco.md\/it\/#\/schema\/logo\/image\/","url":"https:\/\/puntobianco.md\/wp-content\/uploads\/2024\/10\/logo-clinica-punto-bianco.png","contentUrl":"https:\/\/puntobianco.md\/wp-content\/uploads\/2024\/10\/logo-clinica-punto-bianco.png","width":500,"height":500,"caption":"Punto Bianco"},"image":{"@id":"https:\/\/puntobianco.md\/it\/#\/schema\/logo\/image\/"},"sameAs":["https:\/\/www.facebook.com\/PuntoBianco.md","https:\/\/www.instagram.com\/clinicapuntobianco\/","https:\/\/www.youtube.com\/@puntobianco-clinicadentale","https:\/\/www.tiktok.com\/@clinicapuntobianco"]}]}},"_links":{"self":[{"href":"https:\/\/puntobianco.md\/it\/wp-json\/wp\/v2\/pages\/4063","targetHints":{"allow":["GET"]}}],"collection":[{"href":"https:\/\/puntobianco.md\/it\/wp-json\/wp\/v2\/pages"}],"about":[{"href":"https:\/\/puntobianco.md\/it\/wp-json\/wp\/v2\/types\/page"}],"author":[{"embeddable":true,"href":"https:\/\/puntobianco.md\/it\/wp-json\/wp\/v2\/users\/1"}],"replies":[{"embeddable":true,"href":"https:\/\/puntobianco.md\/it\/wp-json\/wp\/v2\/comments?post=4063"}],"version-history":[{"count":1,"href":"https:\/\/puntobianco.md\/it\/wp-json\/wp\/v2\/pages\/4063\/revisions"}],"predecessor-version":[{"id":4256,"href":"https:\/\/puntobianco.md\/it\/wp-json\/wp\/v2\/pages\/4063\/revisions\/4256"}],"wp:featuredmedia":[{"embeddable":true,"href":"https:\/\/puntobianco.md\/it\/wp-json\/wp\/v2\/media\/649"}],"wp:attachment":[{"href":"https:\/\/puntobianco.md\/it\/wp-json\/wp\/v2\/media?parent=4063"}],"curies":[{"name":"wp","href":"https:\/\/api.w.org\/{rel}","templated":true}]}}