{"id":4059,"date":"2024-06-25T22:45:36","date_gmt":"2024-06-25T19:45:36","guid":{"rendered":"https:\/\/puntobianco.md\/galleria-dei-sorrisi\/"},"modified":"2026-01-26T13:39:04","modified_gmt":"2026-01-26T10:39:04","slug":"galleria-dei-sorrisi","status":"publish","type":"page","link":"https:\/\/puntobianco.md\/it\/galleria-dei-sorrisi\/","title":{"rendered":"Galleria dei Sorrisi"},"content":{"rendered":"<h4>La vita prima e dopo il trattamento dentale presso la clinica odontoiatrica Punto Bianco<\/h4>\n<p>Il nuovo sorriso \u00e8 il cambiamento che notiamo subito nei nostri pazienti. Tuttavia, insieme al sorriso cambia anche la loro vita: aumenta l\u2019autostima e la voglia di sorridere sempre e ovunque, dopo il trattamento dentale. <\/p>\n<p>Leggete pi\u00f9 in basso le recensioni dei pazienti che hanno scelto la nostra clinica odontoiatrica di Chi\u0219in\u0103u oppure lasciatevi ispirare dalle fotografie prima e dopo i trattamenti dentali, organizzate per categorie. Cliccate sul nome del trattamento e sarete reindirizzati a una pagina con esempi di lavori e la descrizione dei trattamenti eseguiti. <\/p>\n","protected":false},"excerpt":{"rendered":"<p>La vita prima e dopo il trattamento dentale presso la clinica odontoiatrica Punto Bianco Il nuovo sorriso \u00e8 il cambiamento che notiamo subito nei nostri pazienti. Tuttavia, insieme al sorriso cambia anche la loro vita: aumenta l\u2019autostima e la voglia di sorridere sempre e ovunque, dopo il trattamento dentale. Leggete pi\u00f9 in basso le recensioni [&hellip;]<\/p>\n","protected":false},"author":1,"featured_media":1048,"parent":0,"menu_order":0,"comment_status":"closed","ping_status":"closed","template":"templates\/porfolio.php","meta":{"_acf_changed":false,"inline_featured_image":false,"footnotes":""},"class_list":["post-4059","page","type-page","status-publish","has-post-thumbnail","hentry"],"acf":[],"yoast_head":"<!-- This site is optimized with the Yoast SEO plugin v26.6 - https:\/\/yoast.com\/wordpress\/plugins\/seo\/ -->\n<title>Foto prima e dopo il trattamento dentale presso Punto Bianco Chi\u0219in\u0103u, MD<\/title>\n<meta name=\"description\" content=\"I pazienti sorridono pi\u00f9 spesso dopo i trattamenti odontoiatrici nella nostra clinica in Moldavia.Scopri esempi di lavori e fotografie prima e dopo\" \/>\n<meta name=\"robots\" content=\"index, follow, max-snippet:-1, max-image-preview:large, max-video-preview:-1\" \/>\n<link rel=\"canonical\" href=\"https:\/\/puntobianco.md\/it\/galleria-dei-sorrisi\/\" \/>\n<meta property=\"og:locale\" content=\"it_IT\" \/>\n<meta property=\"og:type\" content=\"article\" \/>\n<meta property=\"og:title\" content=\"Foto prima e dopo il trattamento dentale presso Punto Bianco Chi\u0219in\u0103u, MD\" \/>\n<meta property=\"og:description\" content=\"I pazienti sorridono pi\u00f9 spesso dopo i trattamenti odontoiatrici nella nostra clinica in Moldavia.Scopri esempi di lavori e fotografie prima e dopo\" \/>\n<meta property=\"og:url\" content=\"https:\/\/puntobianco.md\/it\/galleria-dei-sorrisi\/\" \/>\n<meta property=\"og:site_name\" content=\"Punto Bianco\" \/>\n<meta property=\"article:publisher\" content=\"https:\/\/www.facebook.com\/PuntoBianco.md\" \/>\n<meta property=\"article:modified_time\" content=\"2026-01-26T10:39:04+00:00\" \/>\n<meta property=\"og:image\" content=\"https:\/\/puntobianco.md\/wp-content\/uploads\/2024\/08\/pacienti-fericiti-cu-fatete-dentare-moldova.jpg\" \/>\n\t<meta property=\"og:image:width\" content=\"1440\" \/>\n\t<meta property=\"og:image:height\" content=\"701\" \/>\n\t<meta property=\"og:image:type\" content=\"image\/jpeg\" \/>\n<meta name=\"twitter:card\" content=\"summary_large_image\" \/>\n<meta name=\"twitter:label1\" content=\"Tempo di lettura stimato\" \/>\n\t<meta name=\"twitter:data1\" content=\"1 minuto\" \/>\n<script type=\"application\/ld+json\" class=\"yoast-schema-graph\">{\"@context\":\"https:\/\/schema.org\",\"@graph\":[{\"@type\":\"WebPage\",\"@id\":\"https:\/\/puntobianco.md\/it\/galleria-dei-sorrisi\/\",\"url\":\"https:\/\/puntobianco.md\/it\/galleria-dei-sorrisi\/\",\"name\":\"Foto prima e dopo il trattamento dentale presso Punto Bianco Chi\u0219in\u0103u, MD\",\"isPartOf\":{\"@id\":\"https:\/\/puntobianco.md\/it\/#website\"},\"primaryImageOfPage\":{\"@id\":\"https:\/\/puntobianco.md\/it\/galleria-dei-sorrisi\/#primaryimage\"},\"image\":{\"@id\":\"https:\/\/puntobianco.md\/it\/galleria-dei-sorrisi\/#primaryimage\"},\"thumbnailUrl\":\"https:\/\/puntobianco.md\/wp-content\/uploads\/2024\/08\/pacienti-fericiti-cu-fatete-dentare-moldova.jpg\",\"datePublished\":\"2024-06-25T19:45:36+00:00\",\"dateModified\":\"2026-01-26T10:39:04+00:00\",\"description\":\"I pazienti sorridono pi\u00f9 spesso dopo i trattamenti odontoiatrici nella nostra clinica in Moldavia.Scopri esempi di lavori e fotografie prima e dopo\",\"breadcrumb\":{\"@id\":\"https:\/\/puntobianco.md\/it\/galleria-dei-sorrisi\/#breadcrumb\"},\"inLanguage\":\"it-IT\",\"potentialAction\":[{\"@type\":\"ReadAction\",\"target\":[\"https:\/\/puntobianco.md\/it\/galleria-dei-sorrisi\/\"]}]},{\"@type\":\"ImageObject\",\"inLanguage\":\"it-IT\",\"@id\":\"https:\/\/puntobianco.md\/it\/galleria-dei-sorrisi\/#primaryimage\",\"url\":\"https:\/\/puntobianco.md\/wp-content\/uploads\/2024\/08\/pacienti-fericiti-cu-fatete-dentare-moldova.jpg\",\"contentUrl\":\"https:\/\/puntobianco.md\/wp-content\/uploads\/2024\/08\/pacienti-fericiti-cu-fatete-dentare-moldova.jpg\",\"width\":1440,\"height\":701,\"caption\":\"galleria dei sorrisi\"},{\"@type\":\"BreadcrumbList\",\"@id\":\"https:\/\/puntobianco.md\/it\/galleria-dei-sorrisi\/#breadcrumb\",\"itemListElement\":[{\"@type\":\"ListItem\",\"position\":1,\"name\":\"Prima pagin\u0103\",\"item\":\"https:\/\/puntobianco.md\/it\/\"},{\"@type\":\"ListItem\",\"position\":2,\"name\":\"Galleria dei Sorrisi\"}]},{\"@type\":\"WebSite\",\"@id\":\"https:\/\/puntobianco.md\/it\/#website\",\"url\":\"https:\/\/puntobianco.md\/it\/\",\"name\":\"PuntoBianco.md\",\"description\":\"Clinic\u0103 stomatologic\u0103 \u00een Chi\u0219in\u0103u\",\"publisher\":{\"@id\":\"https:\/\/puntobianco.md\/it\/#organization\"},\"potentialAction\":[{\"@type\":\"SearchAction\",\"target\":{\"@type\":\"EntryPoint\",\"urlTemplate\":\"https:\/\/puntobianco.md\/it\/?s={search_term_string}\"},\"query-input\":{\"@type\":\"PropertyValueSpecification\",\"valueRequired\":true,\"valueName\":\"search_term_string\"}}],\"inLanguage\":\"it-IT\"},{\"@type\":\"Organization\",\"@id\":\"https:\/\/puntobianco.md\/it\/#organization\",\"name\":\"Punto Bianco\",\"url\":\"https:\/\/puntobianco.md\/it\/\",\"logo\":{\"@type\":\"ImageObject\",\"inLanguage\":\"it-IT\",\"@id\":\"https:\/\/puntobianco.md\/it\/#\/schema\/logo\/image\/\",\"url\":\"https:\/\/puntobianco.md\/wp-content\/uploads\/2024\/10\/logo-clinica-punto-bianco.png\",\"contentUrl\":\"https:\/\/puntobianco.md\/wp-content\/uploads\/2024\/10\/logo-clinica-punto-bianco.png\",\"width\":500,\"height\":500,\"caption\":\"Punto Bianco\"},\"image\":{\"@id\":\"https:\/\/puntobianco.md\/it\/#\/schema\/logo\/image\/\"},\"sameAs\":[\"https:\/\/www.facebook.com\/PuntoBianco.md\",\"https:\/\/www.instagram.com\/clinicapuntobianco\/\",\"https:\/\/www.youtube.com\/@puntobianco-clinicadentale\",\"https:\/\/www.tiktok.com\/@clinicapuntobianco\"]}]}<\/script>\n<!-- \/ Yoast SEO plugin. -->","yoast_head_json":{"title":"Foto prima e dopo il trattamento dentale presso Punto Bianco Chi\u0219in\u0103u, MD","description":"I pazienti sorridono pi\u00f9 spesso dopo i trattamenti odontoiatrici nella nostra clinica in Moldavia.Scopri esempi di lavori e fotografie prima e dopo","robots":{"index":"index","follow":"follow","max-snippet":"max-snippet:-1","max-image-preview":"max-image-preview:large","max-video-preview":"max-video-preview:-1"},"canonical":"https:\/\/puntobianco.md\/it\/galleria-dei-sorrisi\/","og_locale":"it_IT","og_type":"article","og_title":"Foto prima e dopo il trattamento dentale presso Punto Bianco Chi\u0219in\u0103u, MD","og_description":"I pazienti sorridono pi\u00f9 spesso dopo i trattamenti odontoiatrici nella nostra clinica in Moldavia.Scopri esempi di lavori e fotografie prima e dopo","og_url":"https:\/\/puntobianco.md\/it\/galleria-dei-sorrisi\/","og_site_name":"Punto Bianco","article_publisher":"https:\/\/www.facebook.com\/PuntoBianco.md","article_modified_time":"2026-01-26T10:39:04+00:00","og_image":[{"width":1440,"height":701,"url":"https:\/\/puntobianco.md\/wp-content\/uploads\/2024\/08\/pacienti-fericiti-cu-fatete-dentare-moldova.jpg","type":"image\/jpeg"}],"twitter_card":"summary_large_image","twitter_misc":{"Tempo di lettura stimato":"1 minuto"},"schema":{"@context":"https:\/\/schema.org","@graph":[{"@type":"WebPage","@id":"https:\/\/puntobianco.md\/it\/galleria-dei-sorrisi\/","url":"https:\/\/puntobianco.md\/it\/galleria-dei-sorrisi\/","name":"Foto prima e dopo il trattamento dentale presso Punto Bianco Chi\u0219in\u0103u, MD","isPartOf":{"@id":"https:\/\/puntobianco.md\/it\/#website"},"primaryImageOfPage":{"@id":"https:\/\/puntobianco.md\/it\/galleria-dei-sorrisi\/#primaryimage"},"image":{"@id":"https:\/\/puntobianco.md\/it\/galleria-dei-sorrisi\/#primaryimage"},"thumbnailUrl":"https:\/\/puntobianco.md\/wp-content\/uploads\/2024\/08\/pacienti-fericiti-cu-fatete-dentare-moldova.jpg","datePublished":"2024-06-25T19:45:36+00:00","dateModified":"2026-01-26T10:39:04+00:00","description":"I pazienti sorridono pi\u00f9 spesso dopo i trattamenti odontoiatrici nella nostra clinica in Moldavia.Scopri esempi di lavori e fotografie prima e dopo","breadcrumb":{"@id":"https:\/\/puntobianco.md\/it\/galleria-dei-sorrisi\/#breadcrumb"},"inLanguage":"it-IT","potentialAction":[{"@type":"ReadAction","target":["https:\/\/puntobianco.md\/it\/galleria-dei-sorrisi\/"]}]},{"@type":"ImageObject","inLanguage":"it-IT","@id":"https:\/\/puntobianco.md\/it\/galleria-dei-sorrisi\/#primaryimage","url":"https:\/\/puntobianco.md\/wp-content\/uploads\/2024\/08\/pacienti-fericiti-cu-fatete-dentare-moldova.jpg","contentUrl":"https:\/\/puntobianco.md\/wp-content\/uploads\/2024\/08\/pacienti-fericiti-cu-fatete-dentare-moldova.jpg","width":1440,"height":701,"caption":"galleria dei sorrisi"},{"@type":"BreadcrumbList","@id":"https:\/\/puntobianco.md\/it\/galleria-dei-sorrisi\/#breadcrumb","itemListElement":[{"@type":"ListItem","position":1,"name":"Prima pagin\u0103","item":"https:\/\/puntobianco.md\/it\/"},{"@type":"ListItem","position":2,"name":"Galleria dei Sorrisi"}]},{"@type":"WebSite","@id":"https:\/\/puntobianco.md\/it\/#website","url":"https:\/\/puntobianco.md\/it\/","name":"PuntoBianco.md","description":"Clinic\u0103 stomatologic\u0103 \u00een Chi\u0219in\u0103u","publisher":{"@id":"https:\/\/puntobianco.md\/it\/#organization"},"potentialAction":[{"@type":"SearchAction","target":{"@type":"EntryPoint","urlTemplate":"https:\/\/puntobianco.md\/it\/?s={search_term_string}"},"query-input":{"@type":"PropertyValueSpecification","valueRequired":true,"valueName":"search_term_string"}}],"inLanguage":"it-IT"},{"@type":"Organization","@id":"https:\/\/puntobianco.md\/it\/#organization","name":"Punto Bianco","url":"https:\/\/puntobianco.md\/it\/","logo":{"@type":"ImageObject","inLanguage":"it-IT","@id":"https:\/\/puntobianco.md\/it\/#\/schema\/logo\/image\/","url":"https:\/\/puntobianco.md\/wp-content\/uploads\/2024\/10\/logo-clinica-punto-bianco.png","contentUrl":"https:\/\/puntobianco.md\/wp-content\/uploads\/2024\/10\/logo-clinica-punto-bianco.png","width":500,"height":500,"caption":"Punto Bianco"},"image":{"@id":"https:\/\/puntobianco.md\/it\/#\/schema\/logo\/image\/"},"sameAs":["https:\/\/www.facebook.com\/PuntoBianco.md","https:\/\/www.instagram.com\/clinicapuntobianco\/","https:\/\/www.youtube.com\/@puntobianco-clinicadentale","https:\/\/www.tiktok.com\/@clinicapuntobianco"]}]}},"_links":{"self":[{"href":"https:\/\/puntobianco.md\/it\/wp-json\/wp\/v2\/pages\/4059","targetHints":{"allow":["GET"]}}],"collection":[{"href":"https:\/\/puntobianco.md\/it\/wp-json\/wp\/v2\/pages"}],"about":[{"href":"https:\/\/puntobianco.md\/it\/wp-json\/wp\/v2\/types\/page"}],"author":[{"embeddable":true,"href":"https:\/\/puntobianco.md\/it\/wp-json\/wp\/v2\/users\/1"}],"replies":[{"embeddable":true,"href":"https:\/\/puntobianco.md\/it\/wp-json\/wp\/v2\/comments?post=4059"}],"version-history":[{"count":1,"href":"https:\/\/puntobianco.md\/it\/wp-json\/wp\/v2\/pages\/4059\/revisions"}],"predecessor-version":[{"id":4354,"href":"https:\/\/puntobianco.md\/it\/wp-json\/wp\/v2\/pages\/4059\/revisions\/4354"}],"wp:featuredmedia":[{"embeddable":true,"href":"https:\/\/puntobianco.md\/it\/wp-json\/wp\/v2\/media\/1048"}],"wp:attachment":[{"href":"https:\/\/puntobianco.md\/it\/wp-json\/wp\/v2\/media?parent=4059"}],"curies":[{"name":"wp","href":"https:\/\/api.w.org\/{rel}","templated":true}]}}