{"id":4058,"date":"2024-09-30T16:19:57","date_gmt":"2024-09-30T13:19:57","guid":{"rendered":"https:\/\/puntobianco.md\/dichiarazione-di-esclusione-di-responsabilita\/"},"modified":"2026-01-21T11:15:31","modified_gmt":"2026-01-21T08:15:31","slug":"dichiarazione-di-esclusione-di-responsabilita","status":"publish","type":"page","link":"https:\/\/puntobianco.md\/it\/dichiarazione-di-esclusione-di-responsabilita\/","title":{"rendered":"Dichiarazione di esclusione di responsabilit\u00e0"},"content":{"rendered":"<p>Le informazioni presenti su questo sito sono fornite a scopo informativo generale e non sono destinate a offrire consigli medici, odontoiatrici o chirurgici e non devono essere invocate come sostituto di una consulenza medica professionale. L\u2019utilizzo di questo sito non stabilisce alcun rapporto medico\/paziente. Non viene fornita alcuna diagnosi n\u00e9 alcun trattamento. Le informazioni qui presentate devono essere discusse con un medico (dentista) di vostra scelta. Non vengono fornite garanzie o assicurazioni in merito alle informazioni presentate su questo Sito.    <\/p>\n<p>Possiamo fornire link su questo sito verso altri siti web che non sono sotto il nostro controllo. In generale, qualsiasi sito web che abbia un indirizzo (o URL) che non contenga il nome del nostro dominio \u00e8 considerato un sito web diverso. Tali link sono forniti esclusivamente per comodit\u00e0 o come riferimento e non sono destinati a costituire un\u2019approvazione da parte nostra dell\u2019organizzazione o della persona che gestisce il sito, n\u00e9 una garanzia di alcun tipo in merito al sito o alle informazioni in esso contenute.  <\/p>\n<p>Questa pratica si impegna e continuer\u00e0 a impegnarsi per includere informazioni corrette e aggiornate su questo sito. Tuttavia, i materiali presenti sul nostro sito sono forniti \u201ccos\u00ec come sono\u201d e, nella misura massima consentita dalla legge applicabile, questa pratica esclude ogni garanzia, espressa o implicita, incluse, senza limitazioni, le garanzie implicite di commerciabilit\u00e0 e idoneit\u00e0 per uno scopo specifico. Non ci assumiamo alcuna responsabilit\u00e0 n\u00e9 alcun rischio per l\u2019uso del sito da parte vostra.   <\/p>\n<p>NON CI ASSUMIAMO ALCUNA RESPONSABILIT\u00c0 PER PERDITE O DANNI DERIVANTI DAI RISULTATI DI QUALSIASI UTILIZZO O RAPPORTO CON IL SITO O CON IL SUO CONTENUTO. IN NESSUN CASO SAREMO RESPONSABILI PER QUALSIASI PERDITA DI PROFITTO, PERDITA DI RISPARMI, PERDITA DI DATI, INTERRUZIONE DELL\u2019ATTIVIT\u00c0 O ALTRI DANNI O CREDITI DIRETTI, INDIRETTI, SPECIALI, CONSEGUENTI O INCIDENTALI (SIA IN CONTRATTO, PER LEGGE O ALTRO) DERIVANTI DA O IN RELAZIONE AL SITO, AL SUO CONTENUTO, ALL\u2019UTILIZZO DELLO STESSO O ALL\u2019IMPOSSIBILIT\u00c0 DI UTILIZZARLO, ANCHE QUALORA SIAMO STATI INFORMATI DELLA POSSIBILIT\u00c0 DI TALI PERDITE O DANNI. <\/p>\n<p>Se avete domande in merito a questa dichiarazione di esclusione di responsabilit\u00e0, potete contattarci via e-mail all\u2019indirizzo privacy@puntobianco.md, presso <strong>Punto Bianco, clinica odontoiatrica multilingue \/ TravelToDentist<\/strong>, MD-2001, Moldova, Chi\u0219in\u0103u, Str. 31 August 37\/1, oppure al numero di telefono +37368187171 <\/p>\n<h4 class=\"wp-block-heading\">QUESTO DOCUMENTO \u00c8 STATO AGGIORNATO L\u2019ULTIMA VOLTA IL: 21 gennaio 2026<\/h4>\n","protected":false},"excerpt":{"rendered":"<p>Le informazioni presenti su questo sito sono fornite a scopo informativo generale e non sono destinate a offrire consigli medici, odontoiatrici o chirurgici e non devono essere invocate come sostituto di una consulenza medica professionale. L\u2019utilizzo di questo sito non stabilisce alcun rapporto medico\/paziente. Non viene fornita alcuna diagnosi n\u00e9 alcun trattamento. Le informazioni qui [&hellip;]<\/p>\n","protected":false},"author":2,"featured_media":0,"parent":0,"menu_order":0,"comment_status":"closed","ping_status":"closed","template":"","meta":{"_acf_changed":false,"inline_featured_image":false,"footnotes":""},"class_list":["post-4058","page","type-page","status-publish","hentry"],"acf":[],"yoast_head":"<!-- This site is optimized with the Yoast SEO plugin v26.6 - https:\/\/yoast.com\/wordpress\/plugins\/seo\/ -->\n<title>Dichiarazione di esclusione di responsabilit\u00e0 - Punto Bianco<\/title>\n<meta name=\"robots\" content=\"index, follow, max-snippet:-1, max-image-preview:large, max-video-preview:-1\" \/>\n<link rel=\"canonical\" href=\"https:\/\/puntobianco.md\/it\/dichiarazione-di-esclusione-di-responsabilita\/\" \/>\n<meta property=\"og:locale\" content=\"it_IT\" \/>\n<meta property=\"og:type\" content=\"article\" \/>\n<meta property=\"og:title\" content=\"Dichiarazione di esclusione di responsabilit\u00e0 - Punto Bianco\" \/>\n<meta property=\"og:description\" content=\"Le informazioni presenti su questo sito sono fornite a scopo informativo generale e non sono destinate a offrire consigli medici, odontoiatrici o chirurgici e non devono essere invocate come sostituto di una consulenza medica professionale. L\u2019utilizzo di questo sito non stabilisce alcun rapporto medico\/paziente. Non viene fornita alcuna diagnosi n\u00e9 alcun trattamento. Le informazioni qui [&hellip;]\" \/>\n<meta property=\"og:url\" content=\"https:\/\/puntobianco.md\/it\/dichiarazione-di-esclusione-di-responsabilita\/\" \/>\n<meta property=\"og:site_name\" content=\"Punto Bianco\" \/>\n<meta property=\"article:publisher\" content=\"https:\/\/www.facebook.com\/PuntoBianco.md\" \/>\n<meta property=\"article:modified_time\" content=\"2026-01-21T08:15:31+00:00\" \/>\n<meta name=\"twitter:card\" content=\"summary_large_image\" \/>\n<meta name=\"twitter:label1\" content=\"Tempo di lettura stimato\" \/>\n\t<meta name=\"twitter:data1\" content=\"2 minuti\" \/>\n<script type=\"application\/ld+json\" class=\"yoast-schema-graph\">{\"@context\":\"https:\/\/schema.org\",\"@graph\":[{\"@type\":\"WebPage\",\"@id\":\"https:\/\/puntobianco.md\/it\/dichiarazione-di-esclusione-di-responsabilita\/\",\"url\":\"https:\/\/puntobianco.md\/it\/dichiarazione-di-esclusione-di-responsabilita\/\",\"name\":\"Dichiarazione di esclusione di responsabilit\u00e0 - Punto Bianco\",\"isPartOf\":{\"@id\":\"https:\/\/puntobianco.md\/it\/#website\"},\"datePublished\":\"2024-09-30T13:19:57+00:00\",\"dateModified\":\"2026-01-21T08:15:31+00:00\",\"breadcrumb\":{\"@id\":\"https:\/\/puntobianco.md\/it\/dichiarazione-di-esclusione-di-responsabilita\/#breadcrumb\"},\"inLanguage\":\"it-IT\",\"potentialAction\":[{\"@type\":\"ReadAction\",\"target\":[\"https:\/\/puntobianco.md\/it\/dichiarazione-di-esclusione-di-responsabilita\/\"]}]},{\"@type\":\"BreadcrumbList\",\"@id\":\"https:\/\/puntobianco.md\/it\/dichiarazione-di-esclusione-di-responsabilita\/#breadcrumb\",\"itemListElement\":[{\"@type\":\"ListItem\",\"position\":1,\"name\":\"Prima pagin\u0103\",\"item\":\"https:\/\/puntobianco.md\/it\/\"},{\"@type\":\"ListItem\",\"position\":2,\"name\":\"Dichiarazione di esclusione di responsabilit\u00e0\"}]},{\"@type\":\"WebSite\",\"@id\":\"https:\/\/puntobianco.md\/it\/#website\",\"url\":\"https:\/\/puntobianco.md\/it\/\",\"name\":\"PuntoBianco.md\",\"description\":\"Clinic\u0103 stomatologic\u0103 \u00een Chi\u0219in\u0103u\",\"publisher\":{\"@id\":\"https:\/\/puntobianco.md\/it\/#organization\"},\"potentialAction\":[{\"@type\":\"SearchAction\",\"target\":{\"@type\":\"EntryPoint\",\"urlTemplate\":\"https:\/\/puntobianco.md\/it\/?s={search_term_string}\"},\"query-input\":{\"@type\":\"PropertyValueSpecification\",\"valueRequired\":true,\"valueName\":\"search_term_string\"}}],\"inLanguage\":\"it-IT\"},{\"@type\":\"Organization\",\"@id\":\"https:\/\/puntobianco.md\/it\/#organization\",\"name\":\"Punto Bianco\",\"url\":\"https:\/\/puntobianco.md\/it\/\",\"logo\":{\"@type\":\"ImageObject\",\"inLanguage\":\"it-IT\",\"@id\":\"https:\/\/puntobianco.md\/it\/#\/schema\/logo\/image\/\",\"url\":\"https:\/\/puntobianco.md\/wp-content\/uploads\/2024\/10\/logo-clinica-punto-bianco.png\",\"contentUrl\":\"https:\/\/puntobianco.md\/wp-content\/uploads\/2024\/10\/logo-clinica-punto-bianco.png\",\"width\":500,\"height\":500,\"caption\":\"Punto Bianco\"},\"image\":{\"@id\":\"https:\/\/puntobianco.md\/it\/#\/schema\/logo\/image\/\"},\"sameAs\":[\"https:\/\/www.facebook.com\/PuntoBianco.md\",\"https:\/\/www.instagram.com\/clinicapuntobianco\/\",\"https:\/\/www.youtube.com\/@puntobianco-clinicadentale\",\"https:\/\/www.tiktok.com\/@clinicapuntobianco\"]}]}<\/script>\n<!-- \/ Yoast SEO plugin. -->","yoast_head_json":{"title":"Dichiarazione di esclusione di responsabilit\u00e0 - Punto Bianco","robots":{"index":"index","follow":"follow","max-snippet":"max-snippet:-1","max-image-preview":"max-image-preview:large","max-video-preview":"max-video-preview:-1"},"canonical":"https:\/\/puntobianco.md\/it\/dichiarazione-di-esclusione-di-responsabilita\/","og_locale":"it_IT","og_type":"article","og_title":"Dichiarazione di esclusione di responsabilit\u00e0 - Punto Bianco","og_description":"Le informazioni presenti su questo sito sono fornite a scopo informativo generale e non sono destinate a offrire consigli medici, odontoiatrici o chirurgici e non devono essere invocate come sostituto di una consulenza medica professionale. L\u2019utilizzo di questo sito non stabilisce alcun rapporto medico\/paziente. Non viene fornita alcuna diagnosi n\u00e9 alcun trattamento. Le informazioni qui [&hellip;]","og_url":"https:\/\/puntobianco.md\/it\/dichiarazione-di-esclusione-di-responsabilita\/","og_site_name":"Punto Bianco","article_publisher":"https:\/\/www.facebook.com\/PuntoBianco.md","article_modified_time":"2026-01-21T08:15:31+00:00","twitter_card":"summary_large_image","twitter_misc":{"Tempo di lettura stimato":"2 minuti"},"schema":{"@context":"https:\/\/schema.org","@graph":[{"@type":"WebPage","@id":"https:\/\/puntobianco.md\/it\/dichiarazione-di-esclusione-di-responsabilita\/","url":"https:\/\/puntobianco.md\/it\/dichiarazione-di-esclusione-di-responsabilita\/","name":"Dichiarazione di esclusione di responsabilit\u00e0 - Punto Bianco","isPartOf":{"@id":"https:\/\/puntobianco.md\/it\/#website"},"datePublished":"2024-09-30T13:19:57+00:00","dateModified":"2026-01-21T08:15:31+00:00","breadcrumb":{"@id":"https:\/\/puntobianco.md\/it\/dichiarazione-di-esclusione-di-responsabilita\/#breadcrumb"},"inLanguage":"it-IT","potentialAction":[{"@type":"ReadAction","target":["https:\/\/puntobianco.md\/it\/dichiarazione-di-esclusione-di-responsabilita\/"]}]},{"@type":"BreadcrumbList","@id":"https:\/\/puntobianco.md\/it\/dichiarazione-di-esclusione-di-responsabilita\/#breadcrumb","itemListElement":[{"@type":"ListItem","position":1,"name":"Prima pagin\u0103","item":"https:\/\/puntobianco.md\/it\/"},{"@type":"ListItem","position":2,"name":"Dichiarazione di esclusione di responsabilit\u00e0"}]},{"@type":"WebSite","@id":"https:\/\/puntobianco.md\/it\/#website","url":"https:\/\/puntobianco.md\/it\/","name":"PuntoBianco.md","description":"Clinic\u0103 stomatologic\u0103 \u00een Chi\u0219in\u0103u","publisher":{"@id":"https:\/\/puntobianco.md\/it\/#organization"},"potentialAction":[{"@type":"SearchAction","target":{"@type":"EntryPoint","urlTemplate":"https:\/\/puntobianco.md\/it\/?s={search_term_string}"},"query-input":{"@type":"PropertyValueSpecification","valueRequired":true,"valueName":"search_term_string"}}],"inLanguage":"it-IT"},{"@type":"Organization","@id":"https:\/\/puntobianco.md\/it\/#organization","name":"Punto Bianco","url":"https:\/\/puntobianco.md\/it\/","logo":{"@type":"ImageObject","inLanguage":"it-IT","@id":"https:\/\/puntobianco.md\/it\/#\/schema\/logo\/image\/","url":"https:\/\/puntobianco.md\/wp-content\/uploads\/2024\/10\/logo-clinica-punto-bianco.png","contentUrl":"https:\/\/puntobianco.md\/wp-content\/uploads\/2024\/10\/logo-clinica-punto-bianco.png","width":500,"height":500,"caption":"Punto Bianco"},"image":{"@id":"https:\/\/puntobianco.md\/it\/#\/schema\/logo\/image\/"},"sameAs":["https:\/\/www.facebook.com\/PuntoBianco.md","https:\/\/www.instagram.com\/clinicapuntobianco\/","https:\/\/www.youtube.com\/@puntobianco-clinicadentale","https:\/\/www.tiktok.com\/@clinicapuntobianco"]}]}},"_links":{"self":[{"href":"https:\/\/puntobianco.md\/it\/wp-json\/wp\/v2\/pages\/4058","targetHints":{"allow":["GET"]}}],"collection":[{"href":"https:\/\/puntobianco.md\/it\/wp-json\/wp\/v2\/pages"}],"about":[{"href":"https:\/\/puntobianco.md\/it\/wp-json\/wp\/v2\/types\/page"}],"author":[{"embeddable":true,"href":"https:\/\/puntobianco.md\/it\/wp-json\/wp\/v2\/users\/2"}],"replies":[{"embeddable":true,"href":"https:\/\/puntobianco.md\/it\/wp-json\/wp\/v2\/comments?post=4058"}],"version-history":[{"count":2,"href":"https:\/\/puntobianco.md\/it\/wp-json\/wp\/v2\/pages\/4058\/revisions"}],"predecessor-version":[{"id":4413,"href":"https:\/\/puntobianco.md\/it\/wp-json\/wp\/v2\/pages\/4058\/revisions\/4413"}],"wp:attachment":[{"href":"https:\/\/puntobianco.md\/it\/wp-json\/wp\/v2\/media?parent=4058"}],"curies":[{"name":"wp","href":"https:\/\/api.w.org\/{rel}","templated":true}]}}