{"id":4056,"date":"2024-06-25T22:44:48","date_gmt":"2024-06-25T19:44:48","guid":{"rendered":"https:\/\/puntobianco.md\/chi-siamo\/"},"modified":"2026-01-19T13:03:58","modified_gmt":"2026-01-19T10:03:58","slug":"chi-siamo","status":"publish","type":"page","link":"https:\/\/puntobianco.md\/it\/chi-siamo\/","title":{"rendered":"Chi siamo"},"content":{"rendered":"","protected":false},"excerpt":{"rendered":"","protected":false},"author":1,"featured_media":1655,"parent":0,"menu_order":0,"comment_status":"closed","ping_status":"closed","template":"templates\/about.php","meta":{"_acf_changed":false,"inline_featured_image":false,"footnotes":""},"class_list":["post-4056","page","type-page","status-publish","has-post-thumbnail","hentry"],"acf":[],"yoast_head":"<!-- This site is optimized with the Yoast SEO plugin v26.6 - https:\/\/yoast.com\/wordpress\/plugins\/seo\/ -->\n<title>Chi siamo: Punto Bianco in cifre, Missione, Storia, il nostro Team<\/title>\n<meta name=\"description\" content=\"Scoprite i dettagli sulla Clinica Odontoiatrica Punto Bianco di Chi\u0219in\u0103u. Chi siamo? Come ci siamo sviluppati e cresciuti, quali sono i nostri valori.\" \/>\n<meta name=\"robots\" content=\"index, follow, max-snippet:-1, max-image-preview:large, max-video-preview:-1\" \/>\n<link rel=\"canonical\" href=\"https:\/\/puntobianco.md\/it\/chi-siamo\/\" \/>\n<meta property=\"og:locale\" content=\"it_IT\" \/>\n<meta property=\"og:type\" content=\"article\" \/>\n<meta property=\"og:title\" content=\"Chi siamo: Punto Bianco in cifre, Missione, Storia, il nostro Team\" \/>\n<meta property=\"og:description\" content=\"Scoprite i dettagli sulla Clinica Odontoiatrica Punto Bianco di Chi\u0219in\u0103u. Chi siamo? Come ci siamo sviluppati e cresciuti, quali sono i nostri valori.\" \/>\n<meta property=\"og:url\" content=\"https:\/\/puntobianco.md\/it\/chi-siamo\/\" \/>\n<meta property=\"og:site_name\" content=\"Punto Bianco\" \/>\n<meta property=\"article:publisher\" content=\"https:\/\/www.facebook.com\/PuntoBianco.md\" \/>\n<meta property=\"article:modified_time\" content=\"2026-01-19T10:03:58+00:00\" \/>\n<meta property=\"og:image\" content=\"https:\/\/puntobianco.md\/wp-content\/uploads\/2024\/09\/istoria-punto-bianco.jpeg\" \/>\n\t<meta property=\"og:image:width\" content=\"1600\" \/>\n\t<meta property=\"og:image:height\" content=\"1066\" \/>\n\t<meta property=\"og:image:type\" content=\"image\/jpeg\" \/>\n<meta name=\"twitter:card\" content=\"summary_large_image\" \/>\n<script type=\"application\/ld+json\" class=\"yoast-schema-graph\">{\"@context\":\"https:\/\/schema.org\",\"@graph\":[{\"@type\":\"WebPage\",\"@id\":\"https:\/\/puntobianco.md\/it\/chi-siamo\/\",\"url\":\"https:\/\/puntobianco.md\/it\/chi-siamo\/\",\"name\":\"Chi siamo: Punto Bianco in cifre, Missione, Storia, il nostro Team\",\"isPartOf\":{\"@id\":\"https:\/\/puntobianco.md\/it\/#website\"},\"primaryImageOfPage\":{\"@id\":\"https:\/\/puntobianco.md\/it\/chi-siamo\/#primaryimage\"},\"image\":{\"@id\":\"https:\/\/puntobianco.md\/it\/chi-siamo\/#primaryimage\"},\"thumbnailUrl\":\"https:\/\/puntobianco.md\/wp-content\/uploads\/2024\/09\/istoria-punto-bianco.jpeg\",\"datePublished\":\"2024-06-25T19:44:48+00:00\",\"dateModified\":\"2026-01-19T10:03:58+00:00\",\"description\":\"Scoprite i dettagli sulla Clinica Odontoiatrica Punto Bianco di Chi\u0219in\u0103u. Chi siamo? Come ci siamo sviluppati e cresciuti, quali sono i nostri valori.\",\"breadcrumb\":{\"@id\":\"https:\/\/puntobianco.md\/it\/chi-siamo\/#breadcrumb\"},\"inLanguage\":\"it-IT\",\"potentialAction\":[{\"@type\":\"ReadAction\",\"target\":[\"https:\/\/puntobianco.md\/it\/chi-siamo\/\"]}]},{\"@type\":\"ImageObject\",\"inLanguage\":\"it-IT\",\"@id\":\"https:\/\/puntobianco.md\/it\/chi-siamo\/#primaryimage\",\"url\":\"https:\/\/puntobianco.md\/wp-content\/uploads\/2024\/09\/istoria-punto-bianco.jpeg\",\"contentUrl\":\"https:\/\/puntobianco.md\/wp-content\/uploads\/2024\/09\/istoria-punto-bianco.jpeg\",\"width\":1600,\"height\":1066,\"caption\":\"Ceropita Mihail \u2013 direttore di Punto Bianco sulla storia della clinica odontoiatrica e del turismo dentale in Moldavia\"},{\"@type\":\"BreadcrumbList\",\"@id\":\"https:\/\/puntobianco.md\/it\/chi-siamo\/#breadcrumb\",\"itemListElement\":[{\"@type\":\"ListItem\",\"position\":1,\"name\":\"Prima pagin\u0103\",\"item\":\"https:\/\/puntobianco.md\/it\/\"},{\"@type\":\"ListItem\",\"position\":2,\"name\":\"Chi siamo\"}]},{\"@type\":\"WebSite\",\"@id\":\"https:\/\/puntobianco.md\/it\/#website\",\"url\":\"https:\/\/puntobianco.md\/it\/\",\"name\":\"PuntoBianco.md\",\"description\":\"Clinic\u0103 stomatologic\u0103 \u00een Chi\u0219in\u0103u\",\"publisher\":{\"@id\":\"https:\/\/puntobianco.md\/it\/#organization\"},\"potentialAction\":[{\"@type\":\"SearchAction\",\"target\":{\"@type\":\"EntryPoint\",\"urlTemplate\":\"https:\/\/puntobianco.md\/it\/?s={search_term_string}\"},\"query-input\":{\"@type\":\"PropertyValueSpecification\",\"valueRequired\":true,\"valueName\":\"search_term_string\"}}],\"inLanguage\":\"it-IT\"},{\"@type\":\"Organization\",\"@id\":\"https:\/\/puntobianco.md\/it\/#organization\",\"name\":\"Punto Bianco\",\"url\":\"https:\/\/puntobianco.md\/it\/\",\"logo\":{\"@type\":\"ImageObject\",\"inLanguage\":\"it-IT\",\"@id\":\"https:\/\/puntobianco.md\/it\/#\/schema\/logo\/image\/\",\"url\":\"https:\/\/puntobianco.md\/wp-content\/uploads\/2024\/10\/logo-clinica-punto-bianco.png\",\"contentUrl\":\"https:\/\/puntobianco.md\/wp-content\/uploads\/2024\/10\/logo-clinica-punto-bianco.png\",\"width\":500,\"height\":500,\"caption\":\"Punto Bianco\"},\"image\":{\"@id\":\"https:\/\/puntobianco.md\/it\/#\/schema\/logo\/image\/\"},\"sameAs\":[\"https:\/\/www.facebook.com\/PuntoBianco.md\",\"https:\/\/www.instagram.com\/clinicapuntobianco\/\",\"https:\/\/www.youtube.com\/@puntobianco-clinicadentale\",\"https:\/\/www.tiktok.com\/@clinicapuntobianco\"]}]}<\/script>\n<!-- \/ Yoast SEO plugin. -->","yoast_head_json":{"title":"Chi siamo: Punto Bianco in cifre, Missione, Storia, il nostro Team","description":"Scoprite i dettagli sulla Clinica Odontoiatrica Punto Bianco di Chi\u0219in\u0103u. Chi siamo? Come ci siamo sviluppati e cresciuti, quali sono i nostri valori.","robots":{"index":"index","follow":"follow","max-snippet":"max-snippet:-1","max-image-preview":"max-image-preview:large","max-video-preview":"max-video-preview:-1"},"canonical":"https:\/\/puntobianco.md\/it\/chi-siamo\/","og_locale":"it_IT","og_type":"article","og_title":"Chi siamo: Punto Bianco in cifre, Missione, Storia, il nostro Team","og_description":"Scoprite i dettagli sulla Clinica Odontoiatrica Punto Bianco di Chi\u0219in\u0103u. Chi siamo? Come ci siamo sviluppati e cresciuti, quali sono i nostri valori.","og_url":"https:\/\/puntobianco.md\/it\/chi-siamo\/","og_site_name":"Punto Bianco","article_publisher":"https:\/\/www.facebook.com\/PuntoBianco.md","article_modified_time":"2026-01-19T10:03:58+00:00","og_image":[{"width":1600,"height":1066,"url":"https:\/\/puntobianco.md\/wp-content\/uploads\/2024\/09\/istoria-punto-bianco.jpeg","type":"image\/jpeg"}],"twitter_card":"summary_large_image","schema":{"@context":"https:\/\/schema.org","@graph":[{"@type":"WebPage","@id":"https:\/\/puntobianco.md\/it\/chi-siamo\/","url":"https:\/\/puntobianco.md\/it\/chi-siamo\/","name":"Chi siamo: Punto Bianco in cifre, Missione, Storia, il nostro Team","isPartOf":{"@id":"https:\/\/puntobianco.md\/it\/#website"},"primaryImageOfPage":{"@id":"https:\/\/puntobianco.md\/it\/chi-siamo\/#primaryimage"},"image":{"@id":"https:\/\/puntobianco.md\/it\/chi-siamo\/#primaryimage"},"thumbnailUrl":"https:\/\/puntobianco.md\/wp-content\/uploads\/2024\/09\/istoria-punto-bianco.jpeg","datePublished":"2024-06-25T19:44:48+00:00","dateModified":"2026-01-19T10:03:58+00:00","description":"Scoprite i dettagli sulla Clinica Odontoiatrica Punto Bianco di Chi\u0219in\u0103u. Chi siamo? Come ci siamo sviluppati e cresciuti, quali sono i nostri valori.","breadcrumb":{"@id":"https:\/\/puntobianco.md\/it\/chi-siamo\/#breadcrumb"},"inLanguage":"it-IT","potentialAction":[{"@type":"ReadAction","target":["https:\/\/puntobianco.md\/it\/chi-siamo\/"]}]},{"@type":"ImageObject","inLanguage":"it-IT","@id":"https:\/\/puntobianco.md\/it\/chi-siamo\/#primaryimage","url":"https:\/\/puntobianco.md\/wp-content\/uploads\/2024\/09\/istoria-punto-bianco.jpeg","contentUrl":"https:\/\/puntobianco.md\/wp-content\/uploads\/2024\/09\/istoria-punto-bianco.jpeg","width":1600,"height":1066,"caption":"Ceropita Mihail \u2013 direttore di Punto Bianco sulla storia della clinica odontoiatrica e del turismo dentale in Moldavia"},{"@type":"BreadcrumbList","@id":"https:\/\/puntobianco.md\/it\/chi-siamo\/#breadcrumb","itemListElement":[{"@type":"ListItem","position":1,"name":"Prima pagin\u0103","item":"https:\/\/puntobianco.md\/it\/"},{"@type":"ListItem","position":2,"name":"Chi siamo"}]},{"@type":"WebSite","@id":"https:\/\/puntobianco.md\/it\/#website","url":"https:\/\/puntobianco.md\/it\/","name":"PuntoBianco.md","description":"Clinic\u0103 stomatologic\u0103 \u00een Chi\u0219in\u0103u","publisher":{"@id":"https:\/\/puntobianco.md\/it\/#organization"},"potentialAction":[{"@type":"SearchAction","target":{"@type":"EntryPoint","urlTemplate":"https:\/\/puntobianco.md\/it\/?s={search_term_string}"},"query-input":{"@type":"PropertyValueSpecification","valueRequired":true,"valueName":"search_term_string"}}],"inLanguage":"it-IT"},{"@type":"Organization","@id":"https:\/\/puntobianco.md\/it\/#organization","name":"Punto Bianco","url":"https:\/\/puntobianco.md\/it\/","logo":{"@type":"ImageObject","inLanguage":"it-IT","@id":"https:\/\/puntobianco.md\/it\/#\/schema\/logo\/image\/","url":"https:\/\/puntobianco.md\/wp-content\/uploads\/2024\/10\/logo-clinica-punto-bianco.png","contentUrl":"https:\/\/puntobianco.md\/wp-content\/uploads\/2024\/10\/logo-clinica-punto-bianco.png","width":500,"height":500,"caption":"Punto Bianco"},"image":{"@id":"https:\/\/puntobianco.md\/it\/#\/schema\/logo\/image\/"},"sameAs":["https:\/\/www.facebook.com\/PuntoBianco.md","https:\/\/www.instagram.com\/clinicapuntobianco\/","https:\/\/www.youtube.com\/@puntobianco-clinicadentale","https:\/\/www.tiktok.com\/@clinicapuntobianco"]}]}},"_links":{"self":[{"href":"https:\/\/puntobianco.md\/it\/wp-json\/wp\/v2\/pages\/4056","targetHints":{"allow":["GET"]}}],"collection":[{"href":"https:\/\/puntobianco.md\/it\/wp-json\/wp\/v2\/pages"}],"about":[{"href":"https:\/\/puntobianco.md\/it\/wp-json\/wp\/v2\/types\/page"}],"author":[{"embeddable":true,"href":"https:\/\/puntobianco.md\/it\/wp-json\/wp\/v2\/users\/1"}],"replies":[{"embeddable":true,"href":"https:\/\/puntobianco.md\/it\/wp-json\/wp\/v2\/comments?post=4056"}],"version-history":[{"count":1,"href":"https:\/\/puntobianco.md\/it\/wp-json\/wp\/v2\/pages\/4056\/revisions"}],"predecessor-version":[{"id":4178,"href":"https:\/\/puntobianco.md\/it\/wp-json\/wp\/v2\/pages\/4056\/revisions\/4178"}],"wp:featuredmedia":[{"embeddable":true,"href":"https:\/\/puntobianco.md\/it\/wp-json\/wp\/v2\/media\/1655"}],"wp:attachment":[{"href":"https:\/\/puntobianco.md\/it\/wp-json\/wp\/v2\/media?parent=4056"}],"curies":[{"name":"wp","href":"https:\/\/api.w.org\/{rel}","templated":true}]}}