{"id":4053,"date":"2024-09-30T16:17:41","date_gmt":"2024-09-30T13:17:41","guid":{"rendered":"https:\/\/puntobianco.md\/cookie\/"},"modified":"2026-01-19T11:20:27","modified_gmt":"2026-01-19T08:20:27","slug":"cookie","status":"publish","type":"page","link":"https:\/\/puntobianco.md\/it\/cookie\/","title":{"rendered":"Cookie"},"content":{"rendered":"<h2 class=\"wp-block-heading\">INFORMATIVA SUI COOKIE<\/h2>\n<p>La presente informativa sui cookie consente agli utenti del sito web: <a href=\"https:\/\/.puntobianco.md\/\">www.PuntoBianco.md<\/a> di informarsi in merito all\u2019installazione, all\u2019utilizzo e alla gestione dei cookie su questo sito web.<\/p>\n<p>Consultando la presente informativa sui cookie e utilizzando questo sito web, acconsenti all\u2019uso dei cookie sul tuo browser, in conformit\u00e0 con la nostra politica sui cookie, ad eccezione dei casi in cui tu li abbia disattivati. <\/p>\n<ol>\n<li><strong>Che cos\u2019\u00e8 un cookie?<\/strong><\/li>\n<\/ol>\n<p>I cookie sono piccoli file di testo che i siti web inviano al computer o ad altri dispositivi connessi a Internet, per identificare in modo univoco il browser dell\u2019utente o per memorizzare informazioni o impostazioni nel browser.<\/p>\n<p>I cookie contengono solitamente il nome del sito web da cui provengono, informazioni sulla loro durata e un identificatore univoco.<\/p>\n<ol start=\"2\">\n<li><strong>Perch\u00e9 utilizziamo i cookie?<\/strong><\/li>\n<\/ol>\n<p>I cookie contengono informazioni che aiutano a migliorare il funzionamento del sito web, a ottimizzarne l\u2019utilizzo in modo efficiente e a migliorare l\u2019esperienza dell\u2019utente. Utilizziamo inoltre i cookie per finalit\u00e0 di analisi statistica aggregata e anonimizzata (senza identificare l\u2019utente), che ci aiutano a comprendere come gli utenti navigano all\u2019interno del sito web. <\/p>\n<p>Pertanto, sulla base del feedback trasmesso tramite i cookie riguardo al modo in cui viene utilizzato questo sito web, Punto Bianco persegue un legittimo interesse nell\u2019adottare misure affinch\u00e9 questa pagina internet sia pi\u00f9 efficiente e pi\u00f9 accessibile agli utenti.<\/p>\n<ol start=\"3\">\n<li><strong>Quali cookie utilizziamo?<\/strong><\/li>\n<\/ol>\n<p>In generale, utilizziamo due tipi di cookie: cookie di sessione e cookie persistenti. I cookie di sessione scadono al termine della sessione del browser. Altri cookie, noti come \u201ccookie persistenti\u201d, vengono memorizzati sul computer o sul dispositivo mobile tra una sessione del browser e l\u2019altra. Restano validi fino alla scadenza stabilita dal proprietario del sito web oppure fino a quando non vengono eliminati manualmente dall\u2019utente. I cookie di terze parti, in particolare quelli utilizzati dai siti web, rientrano anche nelle loro politiche di riservatezza e sicurezza. Questi cookie possono provenire dai seguenti soggetti terzi: Google, Facebook, bitrix.info, doubleclick.net, addthis.com.     <\/p>\n<p>I seguenti tipi di cookie sono i pi\u00f9 importanti che utilizziamo sul nostro sito web:<\/p>\n<ul>\n<li><strong>Cookie essenziali\/di funzionamento:<\/strong> questi cookie sono indispensabili affinch\u00e9 il sito web funzioni correttamente e permetta all\u2019utente di navigare e utilizzare i servizi e le funzionalit\u00e0 offerte dal sito.<\/li>\n<li><strong>Cookie di marketing o pubblicitari:<\/strong> sono essenziali per il modello di business, che si basa sulla messa a disposizione di un sito web gratuito. La loro disattivazione pu\u00f2 ridurre il livello di alcuni servizi a pagamento, rendendo il sito web inaccessibile. Questi includono cookie di marketing e cookie statistici. I cookie di marketing vengono utilizzati per fornire annunci pubblicitari pi\u00f9 pertinenti agli interessi dell\u2019utente. Sono inoltre utilizzati da editori e agenzie pubblicitarie per personalizzare le inserzioni e sono utili per la diffusione di pubblicit\u00e0 al di fuori del sito web.    <\/li>\n<li><strong>Cookie di sessione di lavoro:<\/strong> raccolgono informazioni sulla navigazione del nostro sito web. Possono essere collegati alle pagine pi\u00f9 visitate o ai messaggi di errore che compaiono su alcune pagine web. Contribuiscono a migliorare la qualit\u00e0 dei servizi offerti dal sito web e rendono la navigazione pi\u00f9 confortevole.  <\/li>\n<li><strong>Cookie di localizzazione:<\/strong> personalizzano le informazioni visualizzate in base alla tua posizione specifica. <\/li>\n<\/ul>\n<ol start=\"4\">\n<li><strong>I cookie contengono informazioni personali?<\/strong><\/li>\n<\/ol>\n<p>La raccolta di informazioni personali durante l\u2019utilizzo dei cookie \u00e8 consentita esclusivamente per<\/p>\n<p>consentire l\u2019esecuzione di determinate funzioni specifiche per l\u2019utente. Per prevenire accessi non autorizzati <\/p>\n<p>tali informazioni sono classificate.<\/p>\n<ol start=\"5\">\n<li><strong>Gestione ed eliminazione dei cookie<\/strong><\/li>\n<\/ol>\n<p>Inizialmente, la maggior parte dei browser \u00e8 impostata per accettare i cookie. Tuttavia, queste impostazioni possono essere modificate e i cookie possono essere disattivati tramite le impostazioni del browser utilizzato. Per esaminare queste impostazioni, puoi accedere ai seguenti link per maggiori dettagli:  <\/p>\n<ul>\n<li><a href=\"https:\/\/support.microsoft.com\/en-us\/help\/17442\/windows-internet-explorer-delete-manage-cookies\">Impostazioni dei cookie in Internet Explorer<br \/><\/a><\/li>\n<li><a href=\"https:\/\/support.mozilla.org\/en-US\/kb\/enable-and-disable-cookies-website-preferences\">Impostazioni dei cookie in Firefox<\/a><\/li>\n<li><a href=\"https:\/\/support.google.com\/chrome\/answer\/95647\">Impostazioni dei cookie in Chrome<\/a><\/li>\n<li><a href=\"https:\/\/support.apple.com\/kb\/ph21411\">Impostazioni dei cookie in Safari<\/a><\/li>\n<\/ul>\n<p>La disattivazione e l\u2019eliminazione dei cookie possono influire sul funzionamento di alcune funzionalit\u00e0 del sito web.<\/p>\n<p>Per qualsiasi ulteriore domanda relativa all\u2019utilizzo dei cookie tramite questo sito web, ti preghiamo di contattarci all\u2019indirizzo e-mail: privacy@PuntoBianco.md.<\/p>\n<h4 class=\"wp-block-heading\">QUESTO DOCUMENTO \u00c8 STATO AGGIORNATO L\u2019ULTIMA VOLTA IL: 30 settembre 2024<\/h4>\n","protected":false},"excerpt":{"rendered":"<p>INFORMATIVA SUI COOKIE La presente informativa sui cookie consente agli utenti del sito web: www.PuntoBianco.md di informarsi in merito all\u2019installazione, all\u2019utilizzo e alla gestione dei cookie su questo sito web. Consultando la presente informativa sui cookie e utilizzando questo sito web, acconsenti all\u2019uso dei cookie sul tuo browser, in conformit\u00e0 con la nostra politica sui [&hellip;]<\/p>\n","protected":false},"author":2,"featured_media":0,"parent":0,"menu_order":0,"comment_status":"closed","ping_status":"closed","template":"","meta":{"_acf_changed":false,"inline_featured_image":false,"footnotes":""},"class_list":["post-4053","page","type-page","status-publish","hentry"],"acf":[],"yoast_head":"<!-- This site is optimized with the Yoast SEO plugin v26.6 - https:\/\/yoast.com\/wordpress\/plugins\/seo\/ -->\n<title>Cookie - Punto Bianco<\/title>\n<meta name=\"robots\" content=\"index, follow, max-snippet:-1, max-image-preview:large, max-video-preview:-1\" \/>\n<link rel=\"canonical\" href=\"https:\/\/puntobianco.md\/it\/cookie\/\" \/>\n<meta property=\"og:locale\" content=\"it_IT\" \/>\n<meta property=\"og:type\" content=\"article\" \/>\n<meta property=\"og:title\" content=\"Cookie - Punto Bianco\" \/>\n<meta property=\"og:description\" content=\"INFORMATIVA SUI COOKIE La presente informativa sui cookie consente agli utenti del sito web: www.PuntoBianco.md di informarsi in merito all\u2019installazione, all\u2019utilizzo e alla gestione dei cookie su questo sito web. Consultando la presente informativa sui cookie e utilizzando questo sito web, acconsenti all\u2019uso dei cookie sul tuo browser, in conformit\u00e0 con la nostra politica sui [&hellip;]\" \/>\n<meta property=\"og:url\" content=\"https:\/\/puntobianco.md\/it\/cookie\/\" \/>\n<meta property=\"og:site_name\" content=\"Punto Bianco\" \/>\n<meta property=\"article:publisher\" content=\"https:\/\/www.facebook.com\/PuntoBianco.md\" \/>\n<meta property=\"article:modified_time\" content=\"2026-01-19T08:20:27+00:00\" \/>\n<meta name=\"twitter:card\" content=\"summary_large_image\" \/>\n<meta name=\"twitter:label1\" content=\"Tempo di lettura stimato\" \/>\n\t<meta name=\"twitter:data1\" content=\"3 minuti\" \/>\n<script type=\"application\/ld+json\" class=\"yoast-schema-graph\">{\"@context\":\"https:\/\/schema.org\",\"@graph\":[{\"@type\":\"WebPage\",\"@id\":\"https:\/\/puntobianco.md\/it\/cookie\/\",\"url\":\"https:\/\/puntobianco.md\/it\/cookie\/\",\"name\":\"Cookie - Punto Bianco\",\"isPartOf\":{\"@id\":\"https:\/\/puntobianco.md\/it\/#website\"},\"datePublished\":\"2024-09-30T13:17:41+00:00\",\"dateModified\":\"2026-01-19T08:20:27+00:00\",\"breadcrumb\":{\"@id\":\"https:\/\/puntobianco.md\/it\/cookie\/#breadcrumb\"},\"inLanguage\":\"it-IT\",\"potentialAction\":[{\"@type\":\"ReadAction\",\"target\":[\"https:\/\/puntobianco.md\/it\/cookie\/\"]}]},{\"@type\":\"BreadcrumbList\",\"@id\":\"https:\/\/puntobianco.md\/it\/cookie\/#breadcrumb\",\"itemListElement\":[{\"@type\":\"ListItem\",\"position\":1,\"name\":\"Prima pagin\u0103\",\"item\":\"https:\/\/puntobianco.md\/it\/\"},{\"@type\":\"ListItem\",\"position\":2,\"name\":\"Cookie\"}]},{\"@type\":\"WebSite\",\"@id\":\"https:\/\/puntobianco.md\/it\/#website\",\"url\":\"https:\/\/puntobianco.md\/it\/\",\"name\":\"PuntoBianco.md\",\"description\":\"Clinic\u0103 stomatologic\u0103 \u00een Chi\u0219in\u0103u\",\"publisher\":{\"@id\":\"https:\/\/puntobianco.md\/it\/#organization\"},\"potentialAction\":[{\"@type\":\"SearchAction\",\"target\":{\"@type\":\"EntryPoint\",\"urlTemplate\":\"https:\/\/puntobianco.md\/it\/?s={search_term_string}\"},\"query-input\":{\"@type\":\"PropertyValueSpecification\",\"valueRequired\":true,\"valueName\":\"search_term_string\"}}],\"inLanguage\":\"it-IT\"},{\"@type\":\"Organization\",\"@id\":\"https:\/\/puntobianco.md\/it\/#organization\",\"name\":\"Punto Bianco\",\"url\":\"https:\/\/puntobianco.md\/it\/\",\"logo\":{\"@type\":\"ImageObject\",\"inLanguage\":\"it-IT\",\"@id\":\"https:\/\/puntobianco.md\/it\/#\/schema\/logo\/image\/\",\"url\":\"https:\/\/puntobianco.md\/wp-content\/uploads\/2024\/10\/logo-clinica-punto-bianco.png\",\"contentUrl\":\"https:\/\/puntobianco.md\/wp-content\/uploads\/2024\/10\/logo-clinica-punto-bianco.png\",\"width\":500,\"height\":500,\"caption\":\"Punto Bianco\"},\"image\":{\"@id\":\"https:\/\/puntobianco.md\/it\/#\/schema\/logo\/image\/\"},\"sameAs\":[\"https:\/\/www.facebook.com\/PuntoBianco.md\",\"https:\/\/www.instagram.com\/clinicapuntobianco\/\",\"https:\/\/www.youtube.com\/@puntobianco-clinicadentale\",\"https:\/\/www.tiktok.com\/@clinicapuntobianco\"]}]}<\/script>\n<!-- \/ Yoast SEO plugin. -->","yoast_head_json":{"title":"Cookie - Punto Bianco","robots":{"index":"index","follow":"follow","max-snippet":"max-snippet:-1","max-image-preview":"max-image-preview:large","max-video-preview":"max-video-preview:-1"},"canonical":"https:\/\/puntobianco.md\/it\/cookie\/","og_locale":"it_IT","og_type":"article","og_title":"Cookie - Punto Bianco","og_description":"INFORMATIVA SUI COOKIE La presente informativa sui cookie consente agli utenti del sito web: www.PuntoBianco.md di informarsi in merito all\u2019installazione, all\u2019utilizzo e alla gestione dei cookie su questo sito web. Consultando la presente informativa sui cookie e utilizzando questo sito web, acconsenti all\u2019uso dei cookie sul tuo browser, in conformit\u00e0 con la nostra politica sui [&hellip;]","og_url":"https:\/\/puntobianco.md\/it\/cookie\/","og_site_name":"Punto Bianco","article_publisher":"https:\/\/www.facebook.com\/PuntoBianco.md","article_modified_time":"2026-01-19T08:20:27+00:00","twitter_card":"summary_large_image","twitter_misc":{"Tempo di lettura stimato":"3 minuti"},"schema":{"@context":"https:\/\/schema.org","@graph":[{"@type":"WebPage","@id":"https:\/\/puntobianco.md\/it\/cookie\/","url":"https:\/\/puntobianco.md\/it\/cookie\/","name":"Cookie - Punto Bianco","isPartOf":{"@id":"https:\/\/puntobianco.md\/it\/#website"},"datePublished":"2024-09-30T13:17:41+00:00","dateModified":"2026-01-19T08:20:27+00:00","breadcrumb":{"@id":"https:\/\/puntobianco.md\/it\/cookie\/#breadcrumb"},"inLanguage":"it-IT","potentialAction":[{"@type":"ReadAction","target":["https:\/\/puntobianco.md\/it\/cookie\/"]}]},{"@type":"BreadcrumbList","@id":"https:\/\/puntobianco.md\/it\/cookie\/#breadcrumb","itemListElement":[{"@type":"ListItem","position":1,"name":"Prima pagin\u0103","item":"https:\/\/puntobianco.md\/it\/"},{"@type":"ListItem","position":2,"name":"Cookie"}]},{"@type":"WebSite","@id":"https:\/\/puntobianco.md\/it\/#website","url":"https:\/\/puntobianco.md\/it\/","name":"PuntoBianco.md","description":"Clinic\u0103 stomatologic\u0103 \u00een Chi\u0219in\u0103u","publisher":{"@id":"https:\/\/puntobianco.md\/it\/#organization"},"potentialAction":[{"@type":"SearchAction","target":{"@type":"EntryPoint","urlTemplate":"https:\/\/puntobianco.md\/it\/?s={search_term_string}"},"query-input":{"@type":"PropertyValueSpecification","valueRequired":true,"valueName":"search_term_string"}}],"inLanguage":"it-IT"},{"@type":"Organization","@id":"https:\/\/puntobianco.md\/it\/#organization","name":"Punto Bianco","url":"https:\/\/puntobianco.md\/it\/","logo":{"@type":"ImageObject","inLanguage":"it-IT","@id":"https:\/\/puntobianco.md\/it\/#\/schema\/logo\/image\/","url":"https:\/\/puntobianco.md\/wp-content\/uploads\/2024\/10\/logo-clinica-punto-bianco.png","contentUrl":"https:\/\/puntobianco.md\/wp-content\/uploads\/2024\/10\/logo-clinica-punto-bianco.png","width":500,"height":500,"caption":"Punto Bianco"},"image":{"@id":"https:\/\/puntobianco.md\/it\/#\/schema\/logo\/image\/"},"sameAs":["https:\/\/www.facebook.com\/PuntoBianco.md","https:\/\/www.instagram.com\/clinicapuntobianco\/","https:\/\/www.youtube.com\/@puntobianco-clinicadentale","https:\/\/www.tiktok.com\/@clinicapuntobianco"]}]}},"_links":{"self":[{"href":"https:\/\/puntobianco.md\/it\/wp-json\/wp\/v2\/pages\/4053","targetHints":{"allow":["GET"]}}],"collection":[{"href":"https:\/\/puntobianco.md\/it\/wp-json\/wp\/v2\/pages"}],"about":[{"href":"https:\/\/puntobianco.md\/it\/wp-json\/wp\/v2\/types\/page"}],"author":[{"embeddable":true,"href":"https:\/\/puntobianco.md\/it\/wp-json\/wp\/v2\/users\/2"}],"replies":[{"embeddable":true,"href":"https:\/\/puntobianco.md\/it\/wp-json\/wp\/v2\/comments?post=4053"}],"version-history":[{"count":1,"href":"https:\/\/puntobianco.md\/it\/wp-json\/wp\/v2\/pages\/4053\/revisions"}],"predecessor-version":[{"id":4054,"href":"https:\/\/puntobianco.md\/it\/wp-json\/wp\/v2\/pages\/4053\/revisions\/4054"}],"wp:attachment":[{"href":"https:\/\/puntobianco.md\/it\/wp-json\/wp\/v2\/media?parent=4053"}],"curies":[{"name":"wp","href":"https:\/\/api.w.org\/{rel}","templated":true}]}}