{"id":4049,"date":"2024-06-25T18:57:27","date_gmt":"2024-06-25T15:57:27","guid":{"rendered":"https:\/\/puntobianco.md\/pagina-principala\/"},"modified":"2026-01-19T18:10:28","modified_gmt":"2026-01-19T15:10:28","slug":"pagina-principala","status":"publish","type":"page","link":"https:\/\/puntobianco.md\/it\/","title":{"rendered":"Pagina principal\u0103"},"content":{"rendered":"","protected":false},"excerpt":{"rendered":"","protected":false},"author":1,"featured_media":1322,"parent":0,"menu_order":0,"comment_status":"closed","ping_status":"closed","template":"","meta":{"_acf_changed":false,"inline_featured_image":false,"footnotes":""},"class_list":["post-4049","page","type-page","status-publish","has-post-thumbnail","hentry"],"acf":[],"yoast_head":"<!-- This site is optimized with the Yoast SEO plugin v26.6 - https:\/\/yoast.com\/wordpress\/plugins\/seo\/ -->\n<title>Punto Bianco \u2013 Clinica odontoiatrica innovativa a Chi\u0219in\u0103u, Moldavia<\/title>\n<meta name=\"description\" content=\"Siamo specializzati in implantologia dentale avanzata e in riabilitazioni complesse ed estetiche del cavo orale. Odontoiatria sicura in Moldavia.\" \/>\n<meta name=\"robots\" content=\"index, follow, max-snippet:-1, max-image-preview:large, max-video-preview:-1\" \/>\n<link rel=\"canonical\" href=\"https:\/\/puntobianco.md\/it\/\" \/>\n<meta property=\"og:locale\" content=\"it_IT\" \/>\n<meta property=\"og:type\" content=\"article\" \/>\n<meta property=\"og:title\" content=\"Punto Bianco \u2013 Clinica odontoiatrica innovativa a Chi\u0219in\u0103u, Moldavia\" \/>\n<meta property=\"og:description\" content=\"Siamo specializzati in implantologia dentale avanzata e in riabilitazioni complesse ed estetiche del cavo orale. Odontoiatria sicura in Moldavia.\" \/>\n<meta property=\"og:url\" content=\"https:\/\/puntobianco.md\/it\/\" \/>\n<meta property=\"og:site_name\" content=\"Punto Bianco\" \/>\n<meta property=\"article:publisher\" content=\"https:\/\/www.facebook.com\/PuntoBianco.md\" \/>\n<meta property=\"article:modified_time\" content=\"2026-01-19T15:10:28+00:00\" \/>\n<meta property=\"og:image\" content=\"https:\/\/puntobianco.md\/wp-content\/uploads\/2024\/09\/clinica-stomatologica-chisinau-punto-bianco-moldova.jpg\" \/>\n\t<meta property=\"og:image:width\" content=\"1280\" \/>\n\t<meta property=\"og:image:height\" content=\"853\" \/>\n\t<meta property=\"og:image:type\" content=\"image\/jpeg\" \/>\n<meta name=\"twitter:card\" content=\"summary_large_image\" \/>\n<script type=\"application\/ld+json\" class=\"yoast-schema-graph\">{\"@context\":\"https:\/\/schema.org\",\"@graph\":[{\"@type\":\"WebPage\",\"@id\":\"https:\/\/puntobianco.md\/it\/\",\"url\":\"https:\/\/puntobianco.md\/it\/\",\"name\":\"Punto Bianco \u2013 Clinica odontoiatrica innovativa a Chi\u0219in\u0103u, Moldavia\",\"isPartOf\":{\"@id\":\"https:\/\/puntobianco.md\/it\/#website\"},\"primaryImageOfPage\":{\"@id\":\"https:\/\/puntobianco.md\/it\/#primaryimage\"},\"image\":{\"@id\":\"https:\/\/puntobianco.md\/it\/#primaryimage\"},\"thumbnailUrl\":\"https:\/\/puntobianco.md\/wp-content\/uploads\/2024\/09\/clinica-stomatologica-chisinau-punto-bianco-moldova.jpg\",\"datePublished\":\"2024-06-25T15:57:27+00:00\",\"dateModified\":\"2026-01-19T15:10:28+00:00\",\"description\":\"Siamo specializzati in implantologia dentale avanzata e in riabilitazioni complesse ed estetiche del cavo orale. Odontoiatria sicura in Moldavia.\",\"breadcrumb\":{\"@id\":\"https:\/\/puntobianco.md\/it\/#breadcrumb\"},\"inLanguage\":\"it-IT\",\"potentialAction\":[{\"@type\":\"ReadAction\",\"target\":[\"https:\/\/puntobianco.md\/it\/\"]}]},{\"@type\":\"ImageObject\",\"inLanguage\":\"it-IT\",\"@id\":\"https:\/\/puntobianco.md\/it\/#primaryimage\",\"url\":\"https:\/\/puntobianco.md\/wp-content\/uploads\/2024\/09\/clinica-stomatologica-chisinau-punto-bianco-moldova.jpg\",\"contentUrl\":\"https:\/\/puntobianco.md\/wp-content\/uploads\/2024\/09\/clinica-stomatologica-chisinau-punto-bianco-moldova.jpg\",\"width\":1280,\"height\":853,\"caption\":\"Chirurgo odontoiatrico e assistente medico durante l\u2019intervento di inserimento degli impianti dentali presso la clinica Punto Bianco a Chi\u0219in\u0103u\"},{\"@type\":\"BreadcrumbList\",\"@id\":\"https:\/\/puntobianco.md\/it\/#breadcrumb\",\"itemListElement\":[{\"@type\":\"ListItem\",\"position\":1,\"name\":\"Prima pagin\u0103\",\"item\":\"https:\/\/puntobianco.md\/it\/\"},{\"@type\":\"ListItem\",\"position\":2,\"name\":\"Pagina principal\u0103\"}]},{\"@type\":\"WebSite\",\"@id\":\"https:\/\/puntobianco.md\/it\/#website\",\"url\":\"https:\/\/puntobianco.md\/it\/\",\"name\":\"PuntoBianco.md\",\"description\":\"Clinic\u0103 stomatologic\u0103 \u00een Chi\u0219in\u0103u\",\"publisher\":{\"@id\":\"https:\/\/puntobianco.md\/it\/#organization\"},\"potentialAction\":[{\"@type\":\"SearchAction\",\"target\":{\"@type\":\"EntryPoint\",\"urlTemplate\":\"https:\/\/puntobianco.md\/it\/?s={search_term_string}\"},\"query-input\":{\"@type\":\"PropertyValueSpecification\",\"valueRequired\":true,\"valueName\":\"search_term_string\"}}],\"inLanguage\":\"it-IT\"},{\"@type\":\"Organization\",\"@id\":\"https:\/\/puntobianco.md\/it\/#organization\",\"name\":\"Punto Bianco\",\"url\":\"https:\/\/puntobianco.md\/it\/\",\"logo\":{\"@type\":\"ImageObject\",\"inLanguage\":\"it-IT\",\"@id\":\"https:\/\/puntobianco.md\/it\/#\/schema\/logo\/image\/\",\"url\":\"https:\/\/puntobianco.md\/wp-content\/uploads\/2024\/10\/logo-clinica-punto-bianco.png\",\"contentUrl\":\"https:\/\/puntobianco.md\/wp-content\/uploads\/2024\/10\/logo-clinica-punto-bianco.png\",\"width\":500,\"height\":500,\"caption\":\"Punto Bianco\"},\"image\":{\"@id\":\"https:\/\/puntobianco.md\/it\/#\/schema\/logo\/image\/\"},\"sameAs\":[\"https:\/\/www.facebook.com\/PuntoBianco.md\",\"https:\/\/www.instagram.com\/clinicapuntobianco\/\",\"https:\/\/www.youtube.com\/@puntobianco-clinicadentale\",\"https:\/\/www.tiktok.com\/@clinicapuntobianco\"]}]}<\/script>\n<!-- \/ Yoast SEO plugin. -->","yoast_head_json":{"title":"Punto Bianco \u2013 Clinica odontoiatrica innovativa a Chi\u0219in\u0103u, Moldavia","description":"Siamo specializzati in implantologia dentale avanzata e in riabilitazioni complesse ed estetiche del cavo orale. Odontoiatria sicura in Moldavia.","robots":{"index":"index","follow":"follow","max-snippet":"max-snippet:-1","max-image-preview":"max-image-preview:large","max-video-preview":"max-video-preview:-1"},"canonical":"https:\/\/puntobianco.md\/it\/","og_locale":"it_IT","og_type":"article","og_title":"Punto Bianco \u2013 Clinica odontoiatrica innovativa a Chi\u0219in\u0103u, Moldavia","og_description":"Siamo specializzati in implantologia dentale avanzata e in riabilitazioni complesse ed estetiche del cavo orale. Odontoiatria sicura in Moldavia.","og_url":"https:\/\/puntobianco.md\/it\/","og_site_name":"Punto Bianco","article_publisher":"https:\/\/www.facebook.com\/PuntoBianco.md","article_modified_time":"2026-01-19T15:10:28+00:00","og_image":[{"width":1280,"height":853,"url":"https:\/\/puntobianco.md\/wp-content\/uploads\/2024\/09\/clinica-stomatologica-chisinau-punto-bianco-moldova.jpg","type":"image\/jpeg"}],"twitter_card":"summary_large_image","schema":{"@context":"https:\/\/schema.org","@graph":[{"@type":"WebPage","@id":"https:\/\/puntobianco.md\/it\/","url":"https:\/\/puntobianco.md\/it\/","name":"Punto Bianco \u2013 Clinica odontoiatrica innovativa a Chi\u0219in\u0103u, Moldavia","isPartOf":{"@id":"https:\/\/puntobianco.md\/it\/#website"},"primaryImageOfPage":{"@id":"https:\/\/puntobianco.md\/it\/#primaryimage"},"image":{"@id":"https:\/\/puntobianco.md\/it\/#primaryimage"},"thumbnailUrl":"https:\/\/puntobianco.md\/wp-content\/uploads\/2024\/09\/clinica-stomatologica-chisinau-punto-bianco-moldova.jpg","datePublished":"2024-06-25T15:57:27+00:00","dateModified":"2026-01-19T15:10:28+00:00","description":"Siamo specializzati in implantologia dentale avanzata e in riabilitazioni complesse ed estetiche del cavo orale. Odontoiatria sicura in Moldavia.","breadcrumb":{"@id":"https:\/\/puntobianco.md\/it\/#breadcrumb"},"inLanguage":"it-IT","potentialAction":[{"@type":"ReadAction","target":["https:\/\/puntobianco.md\/it\/"]}]},{"@type":"ImageObject","inLanguage":"it-IT","@id":"https:\/\/puntobianco.md\/it\/#primaryimage","url":"https:\/\/puntobianco.md\/wp-content\/uploads\/2024\/09\/clinica-stomatologica-chisinau-punto-bianco-moldova.jpg","contentUrl":"https:\/\/puntobianco.md\/wp-content\/uploads\/2024\/09\/clinica-stomatologica-chisinau-punto-bianco-moldova.jpg","width":1280,"height":853,"caption":"Chirurgo odontoiatrico e assistente medico durante l\u2019intervento di inserimento degli impianti dentali presso la clinica Punto Bianco a Chi\u0219in\u0103u"},{"@type":"BreadcrumbList","@id":"https:\/\/puntobianco.md\/it\/#breadcrumb","itemListElement":[{"@type":"ListItem","position":1,"name":"Prima pagin\u0103","item":"https:\/\/puntobianco.md\/it\/"},{"@type":"ListItem","position":2,"name":"Pagina principal\u0103"}]},{"@type":"WebSite","@id":"https:\/\/puntobianco.md\/it\/#website","url":"https:\/\/puntobianco.md\/it\/","name":"PuntoBianco.md","description":"Clinic\u0103 stomatologic\u0103 \u00een Chi\u0219in\u0103u","publisher":{"@id":"https:\/\/puntobianco.md\/it\/#organization"},"potentialAction":[{"@type":"SearchAction","target":{"@type":"EntryPoint","urlTemplate":"https:\/\/puntobianco.md\/it\/?s={search_term_string}"},"query-input":{"@type":"PropertyValueSpecification","valueRequired":true,"valueName":"search_term_string"}}],"inLanguage":"it-IT"},{"@type":"Organization","@id":"https:\/\/puntobianco.md\/it\/#organization","name":"Punto Bianco","url":"https:\/\/puntobianco.md\/it\/","logo":{"@type":"ImageObject","inLanguage":"it-IT","@id":"https:\/\/puntobianco.md\/it\/#\/schema\/logo\/image\/","url":"https:\/\/puntobianco.md\/wp-content\/uploads\/2024\/10\/logo-clinica-punto-bianco.png","contentUrl":"https:\/\/puntobianco.md\/wp-content\/uploads\/2024\/10\/logo-clinica-punto-bianco.png","width":500,"height":500,"caption":"Punto Bianco"},"image":{"@id":"https:\/\/puntobianco.md\/it\/#\/schema\/logo\/image\/"},"sameAs":["https:\/\/www.facebook.com\/PuntoBianco.md","https:\/\/www.instagram.com\/clinicapuntobianco\/","https:\/\/www.youtube.com\/@puntobianco-clinicadentale","https:\/\/www.tiktok.com\/@clinicapuntobianco"]}]}},"_links":{"self":[{"href":"https:\/\/puntobianco.md\/it\/wp-json\/wp\/v2\/pages\/4049","targetHints":{"allow":["GET"]}}],"collection":[{"href":"https:\/\/puntobianco.md\/it\/wp-json\/wp\/v2\/pages"}],"about":[{"href":"https:\/\/puntobianco.md\/it\/wp-json\/wp\/v2\/types\/page"}],"author":[{"embeddable":true,"href":"https:\/\/puntobianco.md\/it\/wp-json\/wp\/v2\/users\/1"}],"replies":[{"embeddable":true,"href":"https:\/\/puntobianco.md\/it\/wp-json\/wp\/v2\/comments?post=4049"}],"version-history":[{"count":1,"href":"https:\/\/puntobianco.md\/it\/wp-json\/wp\/v2\/pages\/4049\/revisions"}],"predecessor-version":[{"id":4050,"href":"https:\/\/puntobianco.md\/it\/wp-json\/wp\/v2\/pages\/4049\/revisions\/4050"}],"wp:featuredmedia":[{"embeddable":true,"href":"https:\/\/puntobianco.md\/it\/wp-json\/wp\/v2\/media\/1322"}],"wp:attachment":[{"href":"https:\/\/puntobianco.md\/it\/wp-json\/wp\/v2\/media?parent=4049"}],"curies":[{"name":"wp","href":"https:\/\/api.w.org\/{rel}","templated":true}]}}