{"id":3916,"date":"2024-06-25T22:45:49","date_gmt":"2024-06-25T19:45:49","guid":{"rendered":"https:\/\/puntobianco.md\/recensioni\/"},"modified":"2026-01-20T17:27:18","modified_gmt":"2026-01-20T14:27:18","slug":"recensioni","status":"publish","type":"page","link":"https:\/\/puntobianco.md\/it\/recensioni\/","title":{"rendered":"Recensioni"},"content":{"rendered":"<p>Di seguito puoi trovare le recensioni di Facebook e Google sulla clinica odontoiatrica Punto Bianco in Moldavia, lettere di ringraziamento ai dentisti di Chisinau, commenti reali di pazienti soddisfatti sui social network, testimonianze video e recensioni sulle cure dentistiche offerte nella capitale della Moldavia.<\/p>\n<p>Guarda, leggi e ascolta testimonianze, raccomandazioni e recensioni, convinciti che sono tutte autentiche e scegli la clinica Punto Bianco per <a href=\"https:\/\/puntobianco.md\/servicii-stomatologice\/\">servizi odontoiatrici di qualit\u00e0 a Chisinau.<\/a><\/p>\n","protected":false},"excerpt":{"rendered":"<p>Di seguito puoi trovare le recensioni di Facebook e Google sulla clinica odontoiatrica Punto Bianco in Moldavia, lettere di ringraziamento ai dentisti di Chisinau, commenti reali di pazienti soddisfatti sui social network, testimonianze video e recensioni sulle cure dentistiche offerte nella capitale della Moldavia. Guarda, leggi e ascolta testimonianze, raccomandazioni e recensioni, convinciti che sono [&hellip;]<\/p>\n","protected":false},"author":1,"featured_media":3254,"parent":0,"menu_order":0,"comment_status":"closed","ping_status":"closed","template":"templates\/reviews.php","meta":{"_acf_changed":false,"inline_featured_image":false,"footnotes":""},"class_list":["post-3916","page","type-page","status-publish","has-post-thumbnail","hentry"],"acf":[],"yoast_head":"<!-- This site is optimized with the Yoast SEO plugin v26.6 - https:\/\/yoast.com\/wordpress\/plugins\/seo\/ -->\n<title>Recensioni clinica dentale Punto Bianco Chi\u0219in\u0103u Moldavia<\/title>\n<meta name=\"description\" content=\"Guarda\/ascolta le testimonianze, leggi raccomandazioni e recensioni autentiche sui dentisti moldavi e sulla clinica odontoiatrica Punto Bianco Moldavia\" \/>\n<meta name=\"robots\" content=\"index, follow, max-snippet:-1, max-image-preview:large, max-video-preview:-1\" \/>\n<link rel=\"canonical\" href=\"https:\/\/puntobianco.md\/it\/recensioni\/\" \/>\n<meta property=\"og:locale\" content=\"it_IT\" \/>\n<meta property=\"og:type\" content=\"article\" \/>\n<meta property=\"og:title\" content=\"Recensioni clinica dentale Punto Bianco Chi\u0219in\u0103u Moldavia\" \/>\n<meta property=\"og:description\" content=\"Guarda\/ascolta le testimonianze, leggi raccomandazioni e recensioni autentiche sui dentisti moldavi e sulla clinica odontoiatrica Punto Bianco Moldavia\" \/>\n<meta property=\"og:url\" content=\"https:\/\/puntobianco.md\/it\/recensioni\/\" \/>\n<meta property=\"og:site_name\" content=\"Punto Bianco\" \/>\n<meta property=\"article:publisher\" content=\"https:\/\/www.facebook.com\/PuntoBianco.md\" \/>\n<meta property=\"article:modified_time\" content=\"2026-01-20T14:27:18+00:00\" \/>\n<meta property=\"og:image\" content=\"https:\/\/puntobianco.md\/wp-content\/uploads\/2024\/09\/reviews-punto-bianco-dental-clinic-moldova-1.jpg\" \/>\n\t<meta property=\"og:image:width\" content=\"1820\" \/>\n\t<meta property=\"og:image:height\" content=\"953\" \/>\n\t<meta property=\"og:image:type\" content=\"image\/jpeg\" \/>\n<meta name=\"twitter:card\" content=\"summary_large_image\" \/>\n<script type=\"application\/ld+json\" class=\"yoast-schema-graph\">{\"@context\":\"https:\/\/schema.org\",\"@graph\":[{\"@type\":\"WebPage\",\"@id\":\"https:\/\/puntobianco.md\/it\/recensioni\/\",\"url\":\"https:\/\/puntobianco.md\/it\/recensioni\/\",\"name\":\"Recensioni clinica dentale Punto Bianco Chi\u0219in\u0103u Moldavia\",\"isPartOf\":{\"@id\":\"https:\/\/puntobianco.md\/it\/#website\"},\"primaryImageOfPage\":{\"@id\":\"https:\/\/puntobianco.md\/it\/recensioni\/#primaryimage\"},\"image\":{\"@id\":\"https:\/\/puntobianco.md\/it\/recensioni\/#primaryimage\"},\"thumbnailUrl\":\"https:\/\/puntobianco.md\/wp-content\/uploads\/2024\/09\/reviews-punto-bianco-dental-clinic-moldova-1.jpg\",\"datePublished\":\"2024-06-25T19:45:49+00:00\",\"dateModified\":\"2026-01-20T14:27:18+00:00\",\"description\":\"Guarda\/ascolta le testimonianze, leggi raccomandazioni e recensioni autentiche sui dentisti moldavi e sulla clinica odontoiatrica Punto Bianco Moldavia\",\"breadcrumb\":{\"@id\":\"https:\/\/puntobianco.md\/it\/recensioni\/#breadcrumb\"},\"inLanguage\":\"it-IT\",\"potentialAction\":[{\"@type\":\"ReadAction\",\"target\":[\"https:\/\/puntobianco.md\/it\/recensioni\/\"]}]},{\"@type\":\"ImageObject\",\"inLanguage\":\"it-IT\",\"@id\":\"https:\/\/puntobianco.md\/it\/recensioni\/#primaryimage\",\"url\":\"https:\/\/puntobianco.md\/wp-content\/uploads\/2024\/09\/reviews-punto-bianco-dental-clinic-moldova-1.jpg\",\"contentUrl\":\"https:\/\/puntobianco.md\/wp-content\/uploads\/2024\/09\/reviews-punto-bianco-dental-clinic-moldova-1.jpg\",\"width\":1820,\"height\":953,\"caption\":\"Recensioni dentali Punto Bianco Chisinau Moldavia\"},{\"@type\":\"BreadcrumbList\",\"@id\":\"https:\/\/puntobianco.md\/it\/recensioni\/#breadcrumb\",\"itemListElement\":[{\"@type\":\"ListItem\",\"position\":1,\"name\":\"Prima pagin\u0103\",\"item\":\"https:\/\/puntobianco.md\/it\/\"},{\"@type\":\"ListItem\",\"position\":2,\"name\":\"Recensioni\"}]},{\"@type\":\"WebSite\",\"@id\":\"https:\/\/puntobianco.md\/it\/#website\",\"url\":\"https:\/\/puntobianco.md\/it\/\",\"name\":\"PuntoBianco.md\",\"description\":\"Clinic\u0103 stomatologic\u0103 \u00een Chi\u0219in\u0103u\",\"publisher\":{\"@id\":\"https:\/\/puntobianco.md\/it\/#organization\"},\"potentialAction\":[{\"@type\":\"SearchAction\",\"target\":{\"@type\":\"EntryPoint\",\"urlTemplate\":\"https:\/\/puntobianco.md\/it\/?s={search_term_string}\"},\"query-input\":{\"@type\":\"PropertyValueSpecification\",\"valueRequired\":true,\"valueName\":\"search_term_string\"}}],\"inLanguage\":\"it-IT\"},{\"@type\":\"Organization\",\"@id\":\"https:\/\/puntobianco.md\/it\/#organization\",\"name\":\"Punto Bianco\",\"url\":\"https:\/\/puntobianco.md\/it\/\",\"logo\":{\"@type\":\"ImageObject\",\"inLanguage\":\"it-IT\",\"@id\":\"https:\/\/puntobianco.md\/it\/#\/schema\/logo\/image\/\",\"url\":\"https:\/\/puntobianco.md\/wp-content\/uploads\/2024\/10\/logo-clinica-punto-bianco.png\",\"contentUrl\":\"https:\/\/puntobianco.md\/wp-content\/uploads\/2024\/10\/logo-clinica-punto-bianco.png\",\"width\":500,\"height\":500,\"caption\":\"Punto Bianco\"},\"image\":{\"@id\":\"https:\/\/puntobianco.md\/it\/#\/schema\/logo\/image\/\"},\"sameAs\":[\"https:\/\/www.facebook.com\/PuntoBianco.md\",\"https:\/\/www.instagram.com\/clinicapuntobianco\/\",\"https:\/\/www.youtube.com\/@puntobianco-clinicadentale\",\"https:\/\/www.tiktok.com\/@clinicapuntobianco\"]}]}<\/script>\n<!-- \/ Yoast SEO plugin. -->","yoast_head_json":{"title":"Recensioni clinica dentale Punto Bianco Chi\u0219in\u0103u Moldavia","description":"Guarda\/ascolta le testimonianze, leggi raccomandazioni e recensioni autentiche sui dentisti moldavi e sulla clinica odontoiatrica Punto Bianco Moldavia","robots":{"index":"index","follow":"follow","max-snippet":"max-snippet:-1","max-image-preview":"max-image-preview:large","max-video-preview":"max-video-preview:-1"},"canonical":"https:\/\/puntobianco.md\/it\/recensioni\/","og_locale":"it_IT","og_type":"article","og_title":"Recensioni clinica dentale Punto Bianco Chi\u0219in\u0103u Moldavia","og_description":"Guarda\/ascolta le testimonianze, leggi raccomandazioni e recensioni autentiche sui dentisti moldavi e sulla clinica odontoiatrica Punto Bianco Moldavia","og_url":"https:\/\/puntobianco.md\/it\/recensioni\/","og_site_name":"Punto Bianco","article_publisher":"https:\/\/www.facebook.com\/PuntoBianco.md","article_modified_time":"2026-01-20T14:27:18+00:00","og_image":[{"width":1820,"height":953,"url":"https:\/\/puntobianco.md\/wp-content\/uploads\/2024\/09\/reviews-punto-bianco-dental-clinic-moldova-1.jpg","type":"image\/jpeg"}],"twitter_card":"summary_large_image","schema":{"@context":"https:\/\/schema.org","@graph":[{"@type":"WebPage","@id":"https:\/\/puntobianco.md\/it\/recensioni\/","url":"https:\/\/puntobianco.md\/it\/recensioni\/","name":"Recensioni clinica dentale Punto Bianco Chi\u0219in\u0103u Moldavia","isPartOf":{"@id":"https:\/\/puntobianco.md\/it\/#website"},"primaryImageOfPage":{"@id":"https:\/\/puntobianco.md\/it\/recensioni\/#primaryimage"},"image":{"@id":"https:\/\/puntobianco.md\/it\/recensioni\/#primaryimage"},"thumbnailUrl":"https:\/\/puntobianco.md\/wp-content\/uploads\/2024\/09\/reviews-punto-bianco-dental-clinic-moldova-1.jpg","datePublished":"2024-06-25T19:45:49+00:00","dateModified":"2026-01-20T14:27:18+00:00","description":"Guarda\/ascolta le testimonianze, leggi raccomandazioni e recensioni autentiche sui dentisti moldavi e sulla clinica odontoiatrica Punto Bianco Moldavia","breadcrumb":{"@id":"https:\/\/puntobianco.md\/it\/recensioni\/#breadcrumb"},"inLanguage":"it-IT","potentialAction":[{"@type":"ReadAction","target":["https:\/\/puntobianco.md\/it\/recensioni\/"]}]},{"@type":"ImageObject","inLanguage":"it-IT","@id":"https:\/\/puntobianco.md\/it\/recensioni\/#primaryimage","url":"https:\/\/puntobianco.md\/wp-content\/uploads\/2024\/09\/reviews-punto-bianco-dental-clinic-moldova-1.jpg","contentUrl":"https:\/\/puntobianco.md\/wp-content\/uploads\/2024\/09\/reviews-punto-bianco-dental-clinic-moldova-1.jpg","width":1820,"height":953,"caption":"Recensioni dentali Punto Bianco Chisinau Moldavia"},{"@type":"BreadcrumbList","@id":"https:\/\/puntobianco.md\/it\/recensioni\/#breadcrumb","itemListElement":[{"@type":"ListItem","position":1,"name":"Prima pagin\u0103","item":"https:\/\/puntobianco.md\/it\/"},{"@type":"ListItem","position":2,"name":"Recensioni"}]},{"@type":"WebSite","@id":"https:\/\/puntobianco.md\/it\/#website","url":"https:\/\/puntobianco.md\/it\/","name":"PuntoBianco.md","description":"Clinic\u0103 stomatologic\u0103 \u00een Chi\u0219in\u0103u","publisher":{"@id":"https:\/\/puntobianco.md\/it\/#organization"},"potentialAction":[{"@type":"SearchAction","target":{"@type":"EntryPoint","urlTemplate":"https:\/\/puntobianco.md\/it\/?s={search_term_string}"},"query-input":{"@type":"PropertyValueSpecification","valueRequired":true,"valueName":"search_term_string"}}],"inLanguage":"it-IT"},{"@type":"Organization","@id":"https:\/\/puntobianco.md\/it\/#organization","name":"Punto Bianco","url":"https:\/\/puntobianco.md\/it\/","logo":{"@type":"ImageObject","inLanguage":"it-IT","@id":"https:\/\/puntobianco.md\/it\/#\/schema\/logo\/image\/","url":"https:\/\/puntobianco.md\/wp-content\/uploads\/2024\/10\/logo-clinica-punto-bianco.png","contentUrl":"https:\/\/puntobianco.md\/wp-content\/uploads\/2024\/10\/logo-clinica-punto-bianco.png","width":500,"height":500,"caption":"Punto Bianco"},"image":{"@id":"https:\/\/puntobianco.md\/it\/#\/schema\/logo\/image\/"},"sameAs":["https:\/\/www.facebook.com\/PuntoBianco.md","https:\/\/www.instagram.com\/clinicapuntobianco\/","https:\/\/www.youtube.com\/@puntobianco-clinicadentale","https:\/\/www.tiktok.com\/@clinicapuntobianco"]}]}},"_links":{"self":[{"href":"https:\/\/puntobianco.md\/it\/wp-json\/wp\/v2\/pages\/3916","targetHints":{"allow":["GET"]}}],"collection":[{"href":"https:\/\/puntobianco.md\/it\/wp-json\/wp\/v2\/pages"}],"about":[{"href":"https:\/\/puntobianco.md\/it\/wp-json\/wp\/v2\/types\/page"}],"author":[{"embeddable":true,"href":"https:\/\/puntobianco.md\/it\/wp-json\/wp\/v2\/users\/1"}],"replies":[{"embeddable":true,"href":"https:\/\/puntobianco.md\/it\/wp-json\/wp\/v2\/comments?post=3916"}],"version-history":[{"count":1,"href":"https:\/\/puntobianco.md\/it\/wp-json\/wp\/v2\/pages\/3916\/revisions"}],"predecessor-version":[{"id":4051,"href":"https:\/\/puntobianco.md\/it\/wp-json\/wp\/v2\/pages\/3916\/revisions\/4051"}],"wp:featuredmedia":[{"embeddable":true,"href":"https:\/\/puntobianco.md\/it\/wp-json\/wp\/v2\/media\/3254"}],"wp:attachment":[{"href":"https:\/\/puntobianco.md\/it\/wp-json\/wp\/v2\/media?parent=3916"}],"curies":[{"name":"wp","href":"https:\/\/api.w.org\/{rel}","templated":true}]}}