{"id":4389,"date":"2024-09-03T12:24:57","date_gmt":"2024-09-03T09:24:57","guid":{"rendered":"https:\/\/puntobianco.md\/conditions-generales\/"},"modified":"2026-01-21T11:37:05","modified_gmt":"2026-01-21T08:37:05","slug":"conditions-generales","status":"publish","type":"page","link":"https:\/\/puntobianco.md\/fr\/conditions-generales\/","title":{"rendered":"Conditions g\u00e9n\u00e9rales"},"content":{"rendered":"<p>Nous vous prions de lire attentivement les pr\u00e9sentes Conditions d\u2019utilisation avant d\u2019acc\u00e9der au site <a href=\"https:\/\/puntobianco.md\/\">https:\/\/PuntoBianco.md<\/a>, exploit\u00e9 par Punto Bianco SRL.<\/p>\n<p>Votre acc\u00e8s et votre utilisation du Service sont conditionn\u00e9s par l\u2019acceptation et le respect des pr\u00e9sentes Conditions. Ces Conditions s\u2019appliquent \u00e0 tous les visiteurs, utilisateurs et \u00e0 toute autre personne qui acc\u00e8de au Service ou l\u2019utilise.<\/p>\n<p>En acc\u00e9dant au Service ou en l\u2019utilisant, vous acceptez d\u2019\u00eatre li\u00e9 par les pr\u00e9sentes Conditions. Si vous n\u2019acceptez pas une partie quelconque des Conditions, vous ne devez pas acc\u00e9der au Service<\/p>\n<h2 class=\"wp-block-heading\">Comptes<\/h2>\n<p>Lorsque vous cr\u00e9ez un compte chez nous, vous devez fournir des informations exactes, compl\u00e8tes et \u00e0 jour \u00e0 tout moment. Le non-respect de cette obligation constitue une violation des Conditions et peut entra\u00eener la r\u00e9siliation imm\u00e9diate de votre compte dans le cadre de notre Service.<\/p>\n<p>Vous \u00eates responsable de la protection du mot de passe que vous utilisez pour acc\u00e9der au Service et de toute activit\u00e9 ou action effectu\u00e9e sous votre mot de passe, que celui-ci soit utilis\u00e9 avec notre Service ou avec un service tiers.<\/p>\n<p>Vous vous engagez \u00e0 ne divulguer votre mot de passe \u00e0 aucun tiers. Vous devez nous informer imm\u00e9diatement d\u00e8s que vous avez connaissance de toute violation de s\u00e9curit\u00e9 ou de toute utilisation non autoris\u00e9e de votre compte.<\/p>\n<h2 class=\"wp-block-heading\">Propri\u00e9t\u00e9 intellectuelle<\/h2>\n<p>Le Service ainsi que son contenu, ses caract\u00e9ristiques et ses fonctionnalit\u00e9s originales sont et resteront la propri\u00e9t\u00e9 exclusive de Punto Bianco \/ TravelToDentist.com et de ses conc\u00e9dants de licence.<\/p>\n<h2 class=\"wp-block-heading\">Liens vers d\u2019autres sites web<\/h2>\n<p>Notre Service peut contenir des liens vers des sites ou services web de tiers qui ne sont ni d\u00e9tenus ni contr\u00f4l\u00e9s par Punto Bianco.<\/p>\n<p>Punto Bianco n\u2019exerce aucun contr\u00f4le sur le contenu, les politiques de confidentialit\u00e9 ou les pratiques des sites ou services web de tiers et n\u2019assume aucune responsabilit\u00e9 \u00e0 cet \u00e9gard. Vous reconnaissez et acceptez que Punto Bianco ne saurait \u00eatre tenu responsable, directement ou indirectement, de tout dommage ou perte caus\u00e9 ou suppos\u00e9 \u00eatre caus\u00e9 par ou en lien avec l\u2019utilisation ou la confiance accord\u00e9e \u00e0 de tels contenus, biens ou services disponibles sur ou via ces sites ou services web.<\/p>\n<p>Nous vous conseillons vivement de lire les conditions g\u00e9n\u00e9rales et les politiques de confidentialit\u00e9 de tout site ou service web tiers que vous visitez.<\/p>\n<h2 class=\"wp-block-heading\">R\u00e9siliation<\/h2>\n<p>Nous pouvons r\u00e9silier ou suspendre l\u2019acc\u00e8s \u00e0 notre Service imm\u00e9diatement, sans pr\u00e9avis ni responsabilit\u00e9, pour quelque raison que ce soit, y compris, sans s\u2019y limiter, en cas de violation des pr\u00e9sentes Conditions.<\/p>\n<p>Toutes les dispositions des Conditions qui, par leur nature, doivent survivre \u00e0 la r\u00e9siliation, survivront \u00e0 la r\u00e9siliation, y compris, sans limitation, les dispositions relatives \u00e0 la propri\u00e9t\u00e9, aux exclusions de garantie, aux indemnisations et aux limitations de responsabilit\u00e9.<\/p>\n<p>Nous pouvons \u00e9galement r\u00e9silier ou suspendre votre compte imm\u00e9diatement, sans pr\u00e9avis ni responsabilit\u00e9, pour quelque raison que ce soit, y compris, sans s\u2019y limiter, en cas de violation des Conditions.<\/p>\n<p>Apr\u00e8s la r\u00e9siliation, votre droit d\u2019utiliser le Service cessera imm\u00e9diatement. Si vous souhaitez r\u00e9silier votre compte, vous pouvez simplement cesser d\u2019utiliser le Service.<\/p>\n<p>Toutes les dispositions des Conditions qui, par leur nature, doivent survivre \u00e0 la r\u00e9siliation, survivront \u00e0 la r\u00e9siliation, y compris, sans limitation, les dispositions relatives \u00e0 la propri\u00e9t\u00e9, aux exclusions de garantie, aux indemnisations et aux limitations de responsabilit\u00e9.<\/p>\n<h2 class=\"wp-block-heading\">Exclusion de responsabilit\u00e9<\/h2>\n<p>L\u2019utilisation du Service se fait \u00e0 vos propres risques. Le Service est fourni ,,EN L\u2019\u00c9TAT\u00a0\u00bb et ,,TEL QUE DISPONIBLE\u00a0\u00bb, sans aucune garantie, qu\u2019elle soit expresse ou implicite, y compris, mais sans s\u2019y limiter, les garanties implicites de qualit\u00e9 marchande, d\u2019ad\u00e9quation \u00e0 un usage particulier, de non-violation ou de performance.<\/p>\n<h2 class=\"wp-block-heading\">Droit applicable<\/h2>\n<p>Les pr\u00e9sentes Conditions sont r\u00e9gies et interpr\u00e9t\u00e9es conform\u00e9ment aux lois de la R\u00e9publique de Moldavie, sans \u00e9gard aux r\u00e8gles relatives aux conflits de lois.<\/p>\n<p>Le fait pour nous de ne pas exercer un droit ou une disposition des pr\u00e9sentes Conditions ne constitue pas une renonciation \u00e0 ce droit. Si une disposition des pr\u00e9sentes Conditions est jug\u00e9e invalide ou inapplicable par un tribunal, les autres dispositions resteront en vigueur. Les pr\u00e9sentes Conditions constituent l\u2019int\u00e9gralit\u00e9 de l\u2019accord entre vous et nous concernant notre Service et remplacent tout accord ant\u00e9rieur pouvant exister entre nous au sujet du Service.<\/p>\n<h2 class=\"wp-block-heading\">Modifications<\/h2>\n<p>Nous nous r\u00e9servons le droit, \u00e0 notre seule discr\u00e9tion, de modifier ou de remplacer les pr\u00e9sentes Conditions \u00e0 tout moment. Si une r\u00e9vision est substantielle, nous nous efforcerons de fournir un pr\u00e9avis d\u2019au moins 30 jours avant l\u2019entr\u00e9e en vigueur des nouvelles Conditions. La notion de modification substantielle sera d\u00e9termin\u00e9e \u00e0 notre seule discr\u00e9tion.<\/p>\n<p>En continuant \u00e0 acc\u00e9der au Service ou \u00e0 l\u2019utiliser apr\u00e8s l\u2019entr\u00e9e en vigueur de ces r\u00e9visions, vous acceptez d\u2019\u00eatre li\u00e9 par les Conditions r\u00e9vis\u00e9es. Si vous n\u2019acceptez pas les nouvelles Conditions, veuillez cesser d\u2019utiliser le Service.<\/p>\n<h2 class=\"wp-block-heading\">Nous contacter<\/h2>\n<p>Si vous avez des questions concernant les pr\u00e9sentes Conditions, vous pouvez nous contacter par e-mail \u00e0 la <strong>clinique dentaire multilingue Punto Bianco \/ TravelToDentist<\/strong> MD-2001, Moldavie, Chi\u0219in\u0103u, Str. 31 August 37\/1, ou par t\u00e9l\u00e9phone au +37368187171.<\/p>\n<h4 class=\"wp-block-heading\">CE DOCUMENT A \u00c9T\u00c9 MIS \u00c0 JOUR POUR LA DERNI\u00c8RE FOIS LE: 21 janvier 2026<\/h4>\n","protected":false},"excerpt":{"rendered":"<p>Nous vous prions de lire attentivement les pr\u00e9sentes Conditions d\u2019utilisation avant d\u2019acc\u00e9der au site https:\/\/PuntoBianco.md, exploit\u00e9 par Punto Bianco SRL. Votre acc\u00e8s et votre utilisation du Service sont conditionn\u00e9s par l\u2019acceptation et le respect des pr\u00e9sentes Conditions. Ces Conditions s\u2019appliquent \u00e0 tous les visiteurs, utilisateurs et \u00e0 toute autre personne qui acc\u00e8de au Service ou [&hellip;]<\/p>\n","protected":false},"author":1,"featured_media":0,"parent":0,"menu_order":0,"comment_status":"closed","ping_status":"closed","template":"","meta":{"_acf_changed":false,"inline_featured_image":false,"footnotes":""},"class_list":["post-4389","page","type-page","status-publish","hentry"],"acf":[],"yoast_head":"<!-- This site is optimized with the Yoast SEO plugin v26.6 - https:\/\/yoast.com\/wordpress\/plugins\/seo\/ -->\n<title>Conditions g\u00e9n\u00e9rales - Punto Bianco<\/title>\n<meta name=\"robots\" content=\"index, follow, max-snippet:-1, max-image-preview:large, max-video-preview:-1\" \/>\n<link rel=\"canonical\" href=\"https:\/\/puntobianco.md\/fr\/conditions-generales\/\" \/>\n<meta property=\"og:locale\" content=\"fr_FR\" \/>\n<meta property=\"og:type\" content=\"article\" \/>\n<meta property=\"og:title\" content=\"Conditions g\u00e9n\u00e9rales - Punto Bianco\" \/>\n<meta property=\"og:description\" content=\"Nous vous prions de lire attentivement les pr\u00e9sentes Conditions d\u2019utilisation avant d\u2019acc\u00e9der au site https:\/\/PuntoBianco.md, exploit\u00e9 par Punto Bianco SRL. Votre acc\u00e8s et votre utilisation du Service sont conditionn\u00e9s par l\u2019acceptation et le respect des pr\u00e9sentes Conditions. Ces Conditions s\u2019appliquent \u00e0 tous les visiteurs, utilisateurs et \u00e0 toute autre personne qui acc\u00e8de au Service ou [&hellip;]\" \/>\n<meta property=\"og:url\" content=\"https:\/\/puntobianco.md\/fr\/conditions-generales\/\" \/>\n<meta property=\"og:site_name\" content=\"Punto Bianco\" \/>\n<meta property=\"article:publisher\" content=\"https:\/\/www.facebook.com\/PuntoBianco.md\" \/>\n<meta property=\"article:modified_time\" content=\"2026-01-21T08:37:05+00:00\" \/>\n<meta name=\"twitter:card\" content=\"summary_large_image\" \/>\n<meta name=\"twitter:label1\" content=\"Dur\u00e9e de lecture estim\u00e9e\" \/>\n\t<meta name=\"twitter:data1\" content=\"5 minutes\" \/>\n<script type=\"application\/ld+json\" class=\"yoast-schema-graph\">{\"@context\":\"https:\/\/schema.org\",\"@graph\":[{\"@type\":\"WebPage\",\"@id\":\"https:\/\/puntobianco.md\/fr\/conditions-generales\/\",\"url\":\"https:\/\/puntobianco.md\/fr\/conditions-generales\/\",\"name\":\"Conditions g\u00e9n\u00e9rales - Punto Bianco\",\"isPartOf\":{\"@id\":\"https:\/\/puntobianco.md\/fr\/#website\"},\"datePublished\":\"2024-09-03T09:24:57+00:00\",\"dateModified\":\"2026-01-21T08:37:05+00:00\",\"breadcrumb\":{\"@id\":\"https:\/\/puntobianco.md\/fr\/conditions-generales\/#breadcrumb\"},\"inLanguage\":\"fr-FR\",\"potentialAction\":[{\"@type\":\"ReadAction\",\"target\":[\"https:\/\/puntobianco.md\/fr\/conditions-generales\/\"]}]},{\"@type\":\"BreadcrumbList\",\"@id\":\"https:\/\/puntobianco.md\/fr\/conditions-generales\/#breadcrumb\",\"itemListElement\":[{\"@type\":\"ListItem\",\"position\":1,\"name\":\"Prima pagin\u0103\",\"item\":\"https:\/\/puntobianco.md\/fr\/\"},{\"@type\":\"ListItem\",\"position\":2,\"name\":\"Conditions g\u00e9n\u00e9rales\"}]},{\"@type\":\"WebSite\",\"@id\":\"https:\/\/puntobianco.md\/fr\/#website\",\"url\":\"https:\/\/puntobianco.md\/fr\/\",\"name\":\"PuntoBianco.md\",\"description\":\"Clinic\u0103 stomatologic\u0103 \u00een Chi\u0219in\u0103u\",\"publisher\":{\"@id\":\"https:\/\/puntobianco.md\/fr\/#organization\"},\"potentialAction\":[{\"@type\":\"SearchAction\",\"target\":{\"@type\":\"EntryPoint\",\"urlTemplate\":\"https:\/\/puntobianco.md\/fr\/?s={search_term_string}\"},\"query-input\":{\"@type\":\"PropertyValueSpecification\",\"valueRequired\":true,\"valueName\":\"search_term_string\"}}],\"inLanguage\":\"fr-FR\"},{\"@type\":\"Organization\",\"@id\":\"https:\/\/puntobianco.md\/fr\/#organization\",\"name\":\"Punto Bianco\",\"url\":\"https:\/\/puntobianco.md\/fr\/\",\"logo\":{\"@type\":\"ImageObject\",\"inLanguage\":\"fr-FR\",\"@id\":\"https:\/\/puntobianco.md\/fr\/#\/schema\/logo\/image\/\",\"url\":\"https:\/\/puntobianco.md\/wp-content\/uploads\/2024\/10\/logo-clinica-punto-bianco.png\",\"contentUrl\":\"https:\/\/puntobianco.md\/wp-content\/uploads\/2024\/10\/logo-clinica-punto-bianco.png\",\"width\":500,\"height\":500,\"caption\":\"Punto Bianco\"},\"image\":{\"@id\":\"https:\/\/puntobianco.md\/fr\/#\/schema\/logo\/image\/\"},\"sameAs\":[\"https:\/\/www.facebook.com\/PuntoBianco.md\",\"https:\/\/www.instagram.com\/clinicapuntobianco\/\",\"https:\/\/www.youtube.com\/@puntobianco-clinicadentale\",\"https:\/\/www.tiktok.com\/@clinicapuntobianco\"]}]}<\/script>\n<!-- \/ Yoast SEO plugin. -->","yoast_head_json":{"title":"Conditions g\u00e9n\u00e9rales - Punto Bianco","robots":{"index":"index","follow":"follow","max-snippet":"max-snippet:-1","max-image-preview":"max-image-preview:large","max-video-preview":"max-video-preview:-1"},"canonical":"https:\/\/puntobianco.md\/fr\/conditions-generales\/","og_locale":"fr_FR","og_type":"article","og_title":"Conditions g\u00e9n\u00e9rales - Punto Bianco","og_description":"Nous vous prions de lire attentivement les pr\u00e9sentes Conditions d\u2019utilisation avant d\u2019acc\u00e9der au site https:\/\/PuntoBianco.md, exploit\u00e9 par Punto Bianco SRL. Votre acc\u00e8s et votre utilisation du Service sont conditionn\u00e9s par l\u2019acceptation et le respect des pr\u00e9sentes Conditions. Ces Conditions s\u2019appliquent \u00e0 tous les visiteurs, utilisateurs et \u00e0 toute autre personne qui acc\u00e8de au Service ou [&hellip;]","og_url":"https:\/\/puntobianco.md\/fr\/conditions-generales\/","og_site_name":"Punto Bianco","article_publisher":"https:\/\/www.facebook.com\/PuntoBianco.md","article_modified_time":"2026-01-21T08:37:05+00:00","twitter_card":"summary_large_image","twitter_misc":{"Dur\u00e9e de lecture estim\u00e9e":"5 minutes"},"schema":{"@context":"https:\/\/schema.org","@graph":[{"@type":"WebPage","@id":"https:\/\/puntobianco.md\/fr\/conditions-generales\/","url":"https:\/\/puntobianco.md\/fr\/conditions-generales\/","name":"Conditions g\u00e9n\u00e9rales - Punto Bianco","isPartOf":{"@id":"https:\/\/puntobianco.md\/fr\/#website"},"datePublished":"2024-09-03T09:24:57+00:00","dateModified":"2026-01-21T08:37:05+00:00","breadcrumb":{"@id":"https:\/\/puntobianco.md\/fr\/conditions-generales\/#breadcrumb"},"inLanguage":"fr-FR","potentialAction":[{"@type":"ReadAction","target":["https:\/\/puntobianco.md\/fr\/conditions-generales\/"]}]},{"@type":"BreadcrumbList","@id":"https:\/\/puntobianco.md\/fr\/conditions-generales\/#breadcrumb","itemListElement":[{"@type":"ListItem","position":1,"name":"Prima pagin\u0103","item":"https:\/\/puntobianco.md\/fr\/"},{"@type":"ListItem","position":2,"name":"Conditions g\u00e9n\u00e9rales"}]},{"@type":"WebSite","@id":"https:\/\/puntobianco.md\/fr\/#website","url":"https:\/\/puntobianco.md\/fr\/","name":"PuntoBianco.md","description":"Clinic\u0103 stomatologic\u0103 \u00een Chi\u0219in\u0103u","publisher":{"@id":"https:\/\/puntobianco.md\/fr\/#organization"},"potentialAction":[{"@type":"SearchAction","target":{"@type":"EntryPoint","urlTemplate":"https:\/\/puntobianco.md\/fr\/?s={search_term_string}"},"query-input":{"@type":"PropertyValueSpecification","valueRequired":true,"valueName":"search_term_string"}}],"inLanguage":"fr-FR"},{"@type":"Organization","@id":"https:\/\/puntobianco.md\/fr\/#organization","name":"Punto Bianco","url":"https:\/\/puntobianco.md\/fr\/","logo":{"@type":"ImageObject","inLanguage":"fr-FR","@id":"https:\/\/puntobianco.md\/fr\/#\/schema\/logo\/image\/","url":"https:\/\/puntobianco.md\/wp-content\/uploads\/2024\/10\/logo-clinica-punto-bianco.png","contentUrl":"https:\/\/puntobianco.md\/wp-content\/uploads\/2024\/10\/logo-clinica-punto-bianco.png","width":500,"height":500,"caption":"Punto Bianco"},"image":{"@id":"https:\/\/puntobianco.md\/fr\/#\/schema\/logo\/image\/"},"sameAs":["https:\/\/www.facebook.com\/PuntoBianco.md","https:\/\/www.instagram.com\/clinicapuntobianco\/","https:\/\/www.youtube.com\/@puntobianco-clinicadentale","https:\/\/www.tiktok.com\/@clinicapuntobianco"]}]}},"_links":{"self":[{"href":"https:\/\/puntobianco.md\/fr\/wp-json\/wp\/v2\/pages\/4389","targetHints":{"allow":["GET"]}}],"collection":[{"href":"https:\/\/puntobianco.md\/fr\/wp-json\/wp\/v2\/pages"}],"about":[{"href":"https:\/\/puntobianco.md\/fr\/wp-json\/wp\/v2\/types\/page"}],"author":[{"embeddable":true,"href":"https:\/\/puntobianco.md\/fr\/wp-json\/wp\/v2\/users\/1"}],"replies":[{"embeddable":true,"href":"https:\/\/puntobianco.md\/fr\/wp-json\/wp\/v2\/comments?post=4389"}],"version-history":[{"count":1,"href":"https:\/\/puntobianco.md\/fr\/wp-json\/wp\/v2\/pages\/4389\/revisions"}],"predecessor-version":[{"id":4423,"href":"https:\/\/puntobianco.md\/fr\/wp-json\/wp\/v2\/pages\/4389\/revisions\/4423"}],"wp:attachment":[{"href":"https:\/\/puntobianco.md\/fr\/wp-json\/wp\/v2\/media?parent=4389"}],"curies":[{"name":"wp","href":"https:\/\/api.w.org\/{rel}","templated":true}]}}