{"id":4384,"date":"2024-06-25T22:45:49","date_gmt":"2024-06-25T19:45:49","guid":{"rendered":"https:\/\/puntobianco.md\/avis\/"},"modified":"2024-06-25T22:45:49","modified_gmt":"2024-06-25T19:45:49","slug":"avis","status":"publish","type":"page","link":"https:\/\/puntobianco.md\/fr\/avis\/","title":{"rendered":"Avis"},"content":{"rendered":"<p>D\u00e9couvrez ci-dessous les avis publi\u00e9s sur Facebook et Google \u00e0 propos de la clinique dentaire Punto Bianco en Moldavie: messages de remerciement adress\u00e9s aux m\u00e9decins stomatologues de Chi\u0219in\u0103u, commentaires r\u00e9els de patients satisfaits sur les r\u00e9seaux sociaux, t\u00e9moignages vid\u00e9o et avis concernant les soins dentaires propos\u00e9s dans la capitale de la Moldavie.<br \/>\nVisionnez, lisez et \u00e9coutez les t\u00e9moignages, recommandations et avis, convainquez-vous de leur authenticit\u00e9 et choisissez la clinique Punto Bianco pour des <a href=\"https:\/\/puntobianco.md\/servicii-stomatologice\/\">services stomatologiques de qualit\u00e9 \u00e0 Chi\u0219in\u0103u.<\/a><\/p>\n","protected":false},"excerpt":{"rendered":"<p>D\u00e9couvrez ci-dessous les avis publi\u00e9s sur Facebook et Google \u00e0 propos de la clinique dentaire Punto Bianco en Moldavie: messages de remerciement adress\u00e9s aux m\u00e9decins stomatologues de Chi\u0219in\u0103u, commentaires r\u00e9els de patients satisfaits sur les r\u00e9seaux sociaux, t\u00e9moignages vid\u00e9o et avis concernant les soins dentaires propos\u00e9s dans la capitale de la Moldavie. Visionnez, lisez et [&hellip;]<\/p>\n","protected":false},"author":1,"featured_media":3252,"parent":0,"menu_order":0,"comment_status":"closed","ping_status":"closed","template":"templates\/reviews.php","meta":{"_acf_changed":false,"inline_featured_image":false,"footnotes":""},"class_list":["post-4384","page","type-page","status-publish","has-post-thumbnail","hentry"],"acf":[],"yoast_head":"<!-- This site is optimized with the Yoast SEO plugin v26.6 - https:\/\/yoast.com\/wordpress\/plugins\/seo\/ -->\n<title>Avis de la clinique stomatologique Punto Bianco, Chi\u0219in\u0103u, Moldavie<\/title>\n<meta name=\"description\" content=\"Visionnez \/ \u00e9coutez les t\u00e9moignages, lisez des recommandations et des avis authentiques sur les stomatologues moldaves et la clinique dentaire Punto Bianco en Moldavie\" \/>\n<meta name=\"robots\" content=\"index, follow, max-snippet:-1, max-image-preview:large, max-video-preview:-1\" \/>\n<link rel=\"canonical\" href=\"https:\/\/puntobianco.md\/fr\/avis\/\" \/>\n<meta property=\"og:locale\" content=\"fr_FR\" \/>\n<meta property=\"og:type\" content=\"article\" \/>\n<meta property=\"og:title\" content=\"Avis de la clinique stomatologique Punto Bianco, Chi\u0219in\u0103u, Moldavie\" \/>\n<meta property=\"og:description\" content=\"Visionnez \/ \u00e9coutez les t\u00e9moignages, lisez des recommandations et des avis authentiques sur les stomatologues moldaves et la clinique dentaire Punto Bianco en Moldavie\" \/>\n<meta property=\"og:url\" content=\"https:\/\/puntobianco.md\/fr\/avis\/\" \/>\n<meta property=\"og:site_name\" content=\"Punto Bianco\" \/>\n<meta property=\"article:publisher\" content=\"https:\/\/www.facebook.com\/PuntoBianco.md\" \/>\n<meta property=\"og:image\" content=\"https:\/\/puntobianco.md\/wp-content\/uploads\/2024\/09\/reviews-punto-bianco-dental-clinic-moldova-1.jpg\" \/>\n\t<meta property=\"og:image:width\" content=\"1820\" \/>\n\t<meta property=\"og:image:height\" content=\"953\" \/>\n\t<meta property=\"og:image:type\" content=\"image\/jpeg\" \/>\n<meta name=\"twitter:card\" content=\"summary_large_image\" \/>\n<script type=\"application\/ld+json\" class=\"yoast-schema-graph\">{\"@context\":\"https:\/\/schema.org\",\"@graph\":[{\"@type\":\"WebPage\",\"@id\":\"https:\/\/puntobianco.md\/fr\/avis\/\",\"url\":\"https:\/\/puntobianco.md\/fr\/avis\/\",\"name\":\"Avis de la clinique stomatologique Punto Bianco, Chi\u0219in\u0103u, Moldavie\",\"isPartOf\":{\"@id\":\"https:\/\/puntobianco.md\/fr\/#website\"},\"primaryImageOfPage\":{\"@id\":\"https:\/\/puntobianco.md\/fr\/avis\/#primaryimage\"},\"image\":{\"@id\":\"https:\/\/puntobianco.md\/fr\/avis\/#primaryimage\"},\"thumbnailUrl\":\"https:\/\/puntobianco.md\/wp-content\/uploads\/2024\/09\/reviews-punto-bianco-dental-clinic-moldova-1.jpg\",\"datePublished\":\"2024-06-25T19:45:49+00:00\",\"description\":\"Visionnez \/ \u00e9coutez les t\u00e9moignages, lisez des recommandations et des avis authentiques sur les stomatologues moldaves et la clinique dentaire Punto Bianco en Moldavie\",\"breadcrumb\":{\"@id\":\"https:\/\/puntobianco.md\/fr\/avis\/#breadcrumb\"},\"inLanguage\":\"fr-FR\",\"potentialAction\":[{\"@type\":\"ReadAction\",\"target\":[\"https:\/\/puntobianco.md\/fr\/avis\/\"]}]},{\"@type\":\"ImageObject\",\"inLanguage\":\"fr-FR\",\"@id\":\"https:\/\/puntobianco.md\/fr\/avis\/#primaryimage\",\"url\":\"https:\/\/puntobianco.md\/wp-content\/uploads\/2024\/09\/reviews-punto-bianco-dental-clinic-moldova-1.jpg\",\"contentUrl\":\"https:\/\/puntobianco.md\/wp-content\/uploads\/2024\/09\/reviews-punto-bianco-dental-clinic-moldova-1.jpg\",\"width\":1820,\"height\":953,\"caption\":\"Avis stomatologie Punto Bianco Chi\u0219in\u0103u Moldova\"},{\"@type\":\"BreadcrumbList\",\"@id\":\"https:\/\/puntobianco.md\/fr\/avis\/#breadcrumb\",\"itemListElement\":[{\"@type\":\"ListItem\",\"position\":1,\"name\":\"Prima pagin\u0103\",\"item\":\"https:\/\/puntobianco.md\/fr\/\"},{\"@type\":\"ListItem\",\"position\":2,\"name\":\"Avis\"}]},{\"@type\":\"WebSite\",\"@id\":\"https:\/\/puntobianco.md\/fr\/#website\",\"url\":\"https:\/\/puntobianco.md\/fr\/\",\"name\":\"PuntoBianco.md\",\"description\":\"Clinic\u0103 stomatologic\u0103 \u00een Chi\u0219in\u0103u\",\"publisher\":{\"@id\":\"https:\/\/puntobianco.md\/fr\/#organization\"},\"potentialAction\":[{\"@type\":\"SearchAction\",\"target\":{\"@type\":\"EntryPoint\",\"urlTemplate\":\"https:\/\/puntobianco.md\/fr\/?s={search_term_string}\"},\"query-input\":{\"@type\":\"PropertyValueSpecification\",\"valueRequired\":true,\"valueName\":\"search_term_string\"}}],\"inLanguage\":\"fr-FR\"},{\"@type\":\"Organization\",\"@id\":\"https:\/\/puntobianco.md\/fr\/#organization\",\"name\":\"Punto Bianco\",\"url\":\"https:\/\/puntobianco.md\/fr\/\",\"logo\":{\"@type\":\"ImageObject\",\"inLanguage\":\"fr-FR\",\"@id\":\"https:\/\/puntobianco.md\/fr\/#\/schema\/logo\/image\/\",\"url\":\"https:\/\/puntobianco.md\/wp-content\/uploads\/2024\/10\/logo-clinica-punto-bianco.png\",\"contentUrl\":\"https:\/\/puntobianco.md\/wp-content\/uploads\/2024\/10\/logo-clinica-punto-bianco.png\",\"width\":500,\"height\":500,\"caption\":\"Punto Bianco\"},\"image\":{\"@id\":\"https:\/\/puntobianco.md\/fr\/#\/schema\/logo\/image\/\"},\"sameAs\":[\"https:\/\/www.facebook.com\/PuntoBianco.md\",\"https:\/\/www.instagram.com\/clinicapuntobianco\/\",\"https:\/\/www.youtube.com\/@puntobianco-clinicadentale\",\"https:\/\/www.tiktok.com\/@clinicapuntobianco\"]}]}<\/script>\n<!-- \/ Yoast SEO plugin. -->","yoast_head_json":{"title":"Avis de la clinique stomatologique Punto Bianco, Chi\u0219in\u0103u, Moldavie","description":"Visionnez \/ \u00e9coutez les t\u00e9moignages, lisez des recommandations et des avis authentiques sur les stomatologues moldaves et la clinique dentaire Punto Bianco en Moldavie","robots":{"index":"index","follow":"follow","max-snippet":"max-snippet:-1","max-image-preview":"max-image-preview:large","max-video-preview":"max-video-preview:-1"},"canonical":"https:\/\/puntobianco.md\/fr\/avis\/","og_locale":"fr_FR","og_type":"article","og_title":"Avis de la clinique stomatologique Punto Bianco, Chi\u0219in\u0103u, Moldavie","og_description":"Visionnez \/ \u00e9coutez les t\u00e9moignages, lisez des recommandations et des avis authentiques sur les stomatologues moldaves et la clinique dentaire Punto Bianco en Moldavie","og_url":"https:\/\/puntobianco.md\/fr\/avis\/","og_site_name":"Punto Bianco","article_publisher":"https:\/\/www.facebook.com\/PuntoBianco.md","og_image":[{"width":1820,"height":953,"url":"https:\/\/puntobianco.md\/wp-content\/uploads\/2024\/09\/reviews-punto-bianco-dental-clinic-moldova-1.jpg","type":"image\/jpeg"}],"twitter_card":"summary_large_image","schema":{"@context":"https:\/\/schema.org","@graph":[{"@type":"WebPage","@id":"https:\/\/puntobianco.md\/fr\/avis\/","url":"https:\/\/puntobianco.md\/fr\/avis\/","name":"Avis de la clinique stomatologique Punto Bianco, Chi\u0219in\u0103u, Moldavie","isPartOf":{"@id":"https:\/\/puntobianco.md\/fr\/#website"},"primaryImageOfPage":{"@id":"https:\/\/puntobianco.md\/fr\/avis\/#primaryimage"},"image":{"@id":"https:\/\/puntobianco.md\/fr\/avis\/#primaryimage"},"thumbnailUrl":"https:\/\/puntobianco.md\/wp-content\/uploads\/2024\/09\/reviews-punto-bianco-dental-clinic-moldova-1.jpg","datePublished":"2024-06-25T19:45:49+00:00","description":"Visionnez \/ \u00e9coutez les t\u00e9moignages, lisez des recommandations et des avis authentiques sur les stomatologues moldaves et la clinique dentaire Punto Bianco en Moldavie","breadcrumb":{"@id":"https:\/\/puntobianco.md\/fr\/avis\/#breadcrumb"},"inLanguage":"fr-FR","potentialAction":[{"@type":"ReadAction","target":["https:\/\/puntobianco.md\/fr\/avis\/"]}]},{"@type":"ImageObject","inLanguage":"fr-FR","@id":"https:\/\/puntobianco.md\/fr\/avis\/#primaryimage","url":"https:\/\/puntobianco.md\/wp-content\/uploads\/2024\/09\/reviews-punto-bianco-dental-clinic-moldova-1.jpg","contentUrl":"https:\/\/puntobianco.md\/wp-content\/uploads\/2024\/09\/reviews-punto-bianco-dental-clinic-moldova-1.jpg","width":1820,"height":953,"caption":"Avis stomatologie Punto Bianco Chi\u0219in\u0103u Moldova"},{"@type":"BreadcrumbList","@id":"https:\/\/puntobianco.md\/fr\/avis\/#breadcrumb","itemListElement":[{"@type":"ListItem","position":1,"name":"Prima pagin\u0103","item":"https:\/\/puntobianco.md\/fr\/"},{"@type":"ListItem","position":2,"name":"Avis"}]},{"@type":"WebSite","@id":"https:\/\/puntobianco.md\/fr\/#website","url":"https:\/\/puntobianco.md\/fr\/","name":"PuntoBianco.md","description":"Clinic\u0103 stomatologic\u0103 \u00een Chi\u0219in\u0103u","publisher":{"@id":"https:\/\/puntobianco.md\/fr\/#organization"},"potentialAction":[{"@type":"SearchAction","target":{"@type":"EntryPoint","urlTemplate":"https:\/\/puntobianco.md\/fr\/?s={search_term_string}"},"query-input":{"@type":"PropertyValueSpecification","valueRequired":true,"valueName":"search_term_string"}}],"inLanguage":"fr-FR"},{"@type":"Organization","@id":"https:\/\/puntobianco.md\/fr\/#organization","name":"Punto Bianco","url":"https:\/\/puntobianco.md\/fr\/","logo":{"@type":"ImageObject","inLanguage":"fr-FR","@id":"https:\/\/puntobianco.md\/fr\/#\/schema\/logo\/image\/","url":"https:\/\/puntobianco.md\/wp-content\/uploads\/2024\/10\/logo-clinica-punto-bianco.png","contentUrl":"https:\/\/puntobianco.md\/wp-content\/uploads\/2024\/10\/logo-clinica-punto-bianco.png","width":500,"height":500,"caption":"Punto Bianco"},"image":{"@id":"https:\/\/puntobianco.md\/fr\/#\/schema\/logo\/image\/"},"sameAs":["https:\/\/www.facebook.com\/PuntoBianco.md","https:\/\/www.instagram.com\/clinicapuntobianco\/","https:\/\/www.youtube.com\/@puntobianco-clinicadentale","https:\/\/www.tiktok.com\/@clinicapuntobianco"]}]}},"_links":{"self":[{"href":"https:\/\/puntobianco.md\/fr\/wp-json\/wp\/v2\/pages\/4384","targetHints":{"allow":["GET"]}}],"collection":[{"href":"https:\/\/puntobianco.md\/fr\/wp-json\/wp\/v2\/pages"}],"about":[{"href":"https:\/\/puntobianco.md\/fr\/wp-json\/wp\/v2\/types\/page"}],"author":[{"embeddable":true,"href":"https:\/\/puntobianco.md\/fr\/wp-json\/wp\/v2\/users\/1"}],"replies":[{"embeddable":true,"href":"https:\/\/puntobianco.md\/fr\/wp-json\/wp\/v2\/comments?post=4384"}],"version-history":[{"count":0,"href":"https:\/\/puntobianco.md\/fr\/wp-json\/wp\/v2\/pages\/4384\/revisions"}],"wp:featuredmedia":[{"embeddable":true,"href":"https:\/\/puntobianco.md\/fr\/wp-json\/wp\/v2\/media\/3252"}],"wp:attachment":[{"href":"https:\/\/puntobianco.md\/fr\/wp-json\/wp\/v2\/media?parent=4384"}],"curies":[{"name":"wp","href":"https:\/\/api.w.org\/{rel}","templated":true}]}}