{"id":4383,"date":"2024-06-25T22:45:21","date_gmt":"2024-06-25T19:45:21","guid":{"rendered":"https:\/\/puntobianco.md\/tarifs\/"},"modified":"2026-02-09T12:07:52","modified_gmt":"2026-02-09T09:07:52","slug":"tarifs","status":"publish","type":"page","link":"https:\/\/puntobianco.md\/fr\/tarifs\/","title":{"rendered":"Tarifs"},"content":{"rendered":"<p>Nous sommes transparents et ne cachons rien, y compris les prix. Consultez ci-dessous les offres sp\u00e9ciales et la liste des tarifs des services stomatologiques de la clinique Punto Bianco \u00e0 Chi\u0219in\u0103u. Pour plus de commodit\u00e9, nous avons regroup\u00e9 les traitements les plus demand\u00e9s par cat\u00e9gories.<\/p>\n<p>Si vous ne trouvez pas le traitement souhait\u00e9 dans la liste de prix, vous pouvez <a href=\"#contactWrap\">demander des informations ou une estimation gratuite<\/a>. En r\u00e8gle g\u00e9n\u00e9rale, vous recevrez une r\u00e9ponse concernant le traitement dentaire en Moldova dans un d\u00e9lai d\u2019un jour ouvrable. Pour un service prioritaire, appelez le <a href=\"tel:+37368187171\">+37368187171<\/a><\/p>\n","protected":false},"excerpt":{"rendered":"<p>Nous sommes transparents et ne cachons rien, y compris les prix. Consultez ci-dessous les offres sp\u00e9ciales et la liste des tarifs des services stomatologiques de la clinique Punto Bianco \u00e0 Chi\u0219in\u0103u. Pour plus de commodit\u00e9, nous avons regroup\u00e9 les traitements les plus demand\u00e9s par cat\u00e9gories. Si vous ne trouvez pas le traitement souhait\u00e9 dans la [&hellip;]<\/p>\n","protected":false},"author":1,"featured_media":647,"parent":0,"menu_order":0,"comment_status":"closed","ping_status":"closed","template":"templates\/prices.php","meta":{"_acf_changed":false,"inline_featured_image":false,"footnotes":""},"class_list":["post-4383","page","type-page","status-publish","has-post-thumbnail","hentry"],"acf":[],"yoast_head":"<!-- This site is optimized with the Yoast SEO plugin v26.6 - https:\/\/yoast.com\/wordpress\/plugins\/seo\/ -->\n<title>Tarifs de la clinique stomatologique Punto Bianco \u00e0 Chi\u0219in\u0103u. Prix en Moldova<\/title>\n<meta name=\"description\" content=\"D\u00e9couvrez le co\u00fbt des traitements dentaires. Liste de prix du dentiste en Moldova. Offres et forfaits tarifaires pour les services stomatologiques \u00e0 Chi\u0219in\u0103u.\" \/>\n<meta name=\"robots\" content=\"index, follow, max-snippet:-1, max-image-preview:large, max-video-preview:-1\" \/>\n<link rel=\"canonical\" href=\"https:\/\/puntobianco.md\/fr\/tarifs\/\" \/>\n<meta property=\"og:locale\" content=\"fr_FR\" \/>\n<meta property=\"og:type\" content=\"article\" \/>\n<meta property=\"og:title\" content=\"Tarifs de la clinique stomatologique Punto Bianco \u00e0 Chi\u0219in\u0103u. Prix en Moldova\" \/>\n<meta property=\"og:description\" content=\"D\u00e9couvrez le co\u00fbt des traitements dentaires. Liste de prix du dentiste en Moldova. Offres et forfaits tarifaires pour les services stomatologiques \u00e0 Chi\u0219in\u0103u.\" \/>\n<meta property=\"og:url\" content=\"https:\/\/puntobianco.md\/fr\/tarifs\/\" \/>\n<meta property=\"og:site_name\" content=\"Punto Bianco\" \/>\n<meta property=\"article:publisher\" content=\"https:\/\/www.facebook.com\/PuntoBianco.md\" \/>\n<meta property=\"article:modified_time\" content=\"2026-02-09T09:07:52+00:00\" \/>\n<meta property=\"og:image\" content=\"https:\/\/puntobianco.md\/wp-content\/uploads\/2024\/08\/prices-bg-min.jpg\" \/>\n\t<meta property=\"og:image:width\" content=\"1820\" \/>\n\t<meta property=\"og:image:height\" content=\"633\" \/>\n\t<meta property=\"og:image:type\" content=\"image\/jpeg\" \/>\n<meta name=\"twitter:card\" content=\"summary_large_image\" \/>\n<meta name=\"twitter:label1\" content=\"Dur\u00e9e de lecture estim\u00e9e\" \/>\n\t<meta name=\"twitter:data1\" content=\"1 minute\" \/>\n<script type=\"application\/ld+json\" class=\"yoast-schema-graph\">{\"@context\":\"https:\/\/schema.org\",\"@graph\":[{\"@type\":\"WebPage\",\"@id\":\"https:\/\/puntobianco.md\/fr\/tarifs\/\",\"url\":\"https:\/\/puntobianco.md\/fr\/tarifs\/\",\"name\":\"Tarifs de la clinique stomatologique Punto Bianco \u00e0 Chi\u0219in\u0103u. Prix en Moldova\",\"isPartOf\":{\"@id\":\"https:\/\/puntobianco.md\/fr\/#website\"},\"primaryImageOfPage\":{\"@id\":\"https:\/\/puntobianco.md\/fr\/tarifs\/#primaryimage\"},\"image\":{\"@id\":\"https:\/\/puntobianco.md\/fr\/tarifs\/#primaryimage\"},\"thumbnailUrl\":\"https:\/\/puntobianco.md\/wp-content\/uploads\/2024\/08\/prices-bg-min.jpg\",\"datePublished\":\"2024-06-25T19:45:21+00:00\",\"dateModified\":\"2026-02-09T09:07:52+00:00\",\"description\":\"D\u00e9couvrez le co\u00fbt des traitements dentaires. Liste de prix du dentiste en Moldova. Offres et forfaits tarifaires pour les services stomatologiques \u00e0 Chi\u0219in\u0103u.\",\"breadcrumb\":{\"@id\":\"https:\/\/puntobianco.md\/fr\/tarifs\/#breadcrumb\"},\"inLanguage\":\"fr-FR\",\"potentialAction\":[{\"@type\":\"ReadAction\",\"target\":[\"https:\/\/puntobianco.md\/fr\/tarifs\/\"]}]},{\"@type\":\"ImageObject\",\"inLanguage\":\"fr-FR\",\"@id\":\"https:\/\/puntobianco.md\/fr\/tarifs\/#primaryimage\",\"url\":\"https:\/\/puntobianco.md\/wp-content\/uploads\/2024\/08\/prices-bg-min.jpg\",\"contentUrl\":\"https:\/\/puntobianco.md\/wp-content\/uploads\/2024\/08\/prices-bg-min.jpg\",\"width\":1820,\"height\":633},{\"@type\":\"BreadcrumbList\",\"@id\":\"https:\/\/puntobianco.md\/fr\/tarifs\/#breadcrumb\",\"itemListElement\":[{\"@type\":\"ListItem\",\"position\":1,\"name\":\"Prima pagin\u0103\",\"item\":\"https:\/\/puntobianco.md\/fr\/\"},{\"@type\":\"ListItem\",\"position\":2,\"name\":\"Tarifs\"}]},{\"@type\":\"WebSite\",\"@id\":\"https:\/\/puntobianco.md\/fr\/#website\",\"url\":\"https:\/\/puntobianco.md\/fr\/\",\"name\":\"PuntoBianco.md\",\"description\":\"Clinic\u0103 stomatologic\u0103 \u00een Chi\u0219in\u0103u\",\"publisher\":{\"@id\":\"https:\/\/puntobianco.md\/fr\/#organization\"},\"potentialAction\":[{\"@type\":\"SearchAction\",\"target\":{\"@type\":\"EntryPoint\",\"urlTemplate\":\"https:\/\/puntobianco.md\/fr\/?s={search_term_string}\"},\"query-input\":{\"@type\":\"PropertyValueSpecification\",\"valueRequired\":true,\"valueName\":\"search_term_string\"}}],\"inLanguage\":\"fr-FR\"},{\"@type\":\"Organization\",\"@id\":\"https:\/\/puntobianco.md\/fr\/#organization\",\"name\":\"Punto Bianco\",\"url\":\"https:\/\/puntobianco.md\/fr\/\",\"logo\":{\"@type\":\"ImageObject\",\"inLanguage\":\"fr-FR\",\"@id\":\"https:\/\/puntobianco.md\/fr\/#\/schema\/logo\/image\/\",\"url\":\"https:\/\/puntobianco.md\/wp-content\/uploads\/2024\/10\/logo-clinica-punto-bianco.png\",\"contentUrl\":\"https:\/\/puntobianco.md\/wp-content\/uploads\/2024\/10\/logo-clinica-punto-bianco.png\",\"width\":500,\"height\":500,\"caption\":\"Punto Bianco\"},\"image\":{\"@id\":\"https:\/\/puntobianco.md\/fr\/#\/schema\/logo\/image\/\"},\"sameAs\":[\"https:\/\/www.facebook.com\/PuntoBianco.md\",\"https:\/\/www.instagram.com\/clinicapuntobianco\/\",\"https:\/\/www.youtube.com\/@puntobianco-clinicadentale\",\"https:\/\/www.tiktok.com\/@clinicapuntobianco\"]}]}<\/script>\n<!-- \/ Yoast SEO plugin. -->","yoast_head_json":{"title":"Tarifs de la clinique stomatologique Punto Bianco \u00e0 Chi\u0219in\u0103u. Prix en Moldova","description":"D\u00e9couvrez le co\u00fbt des traitements dentaires. Liste de prix du dentiste en Moldova. Offres et forfaits tarifaires pour les services stomatologiques \u00e0 Chi\u0219in\u0103u.","robots":{"index":"index","follow":"follow","max-snippet":"max-snippet:-1","max-image-preview":"max-image-preview:large","max-video-preview":"max-video-preview:-1"},"canonical":"https:\/\/puntobianco.md\/fr\/tarifs\/","og_locale":"fr_FR","og_type":"article","og_title":"Tarifs de la clinique stomatologique Punto Bianco \u00e0 Chi\u0219in\u0103u. Prix en Moldova","og_description":"D\u00e9couvrez le co\u00fbt des traitements dentaires. Liste de prix du dentiste en Moldova. Offres et forfaits tarifaires pour les services stomatologiques \u00e0 Chi\u0219in\u0103u.","og_url":"https:\/\/puntobianco.md\/fr\/tarifs\/","og_site_name":"Punto Bianco","article_publisher":"https:\/\/www.facebook.com\/PuntoBianco.md","article_modified_time":"2026-02-09T09:07:52+00:00","og_image":[{"width":1820,"height":633,"url":"https:\/\/puntobianco.md\/wp-content\/uploads\/2024\/08\/prices-bg-min.jpg","type":"image\/jpeg"}],"twitter_card":"summary_large_image","twitter_misc":{"Dur\u00e9e de lecture estim\u00e9e":"1 minute"},"schema":{"@context":"https:\/\/schema.org","@graph":[{"@type":"WebPage","@id":"https:\/\/puntobianco.md\/fr\/tarifs\/","url":"https:\/\/puntobianco.md\/fr\/tarifs\/","name":"Tarifs de la clinique stomatologique Punto Bianco \u00e0 Chi\u0219in\u0103u. Prix en Moldova","isPartOf":{"@id":"https:\/\/puntobianco.md\/fr\/#website"},"primaryImageOfPage":{"@id":"https:\/\/puntobianco.md\/fr\/tarifs\/#primaryimage"},"image":{"@id":"https:\/\/puntobianco.md\/fr\/tarifs\/#primaryimage"},"thumbnailUrl":"https:\/\/puntobianco.md\/wp-content\/uploads\/2024\/08\/prices-bg-min.jpg","datePublished":"2024-06-25T19:45:21+00:00","dateModified":"2026-02-09T09:07:52+00:00","description":"D\u00e9couvrez le co\u00fbt des traitements dentaires. Liste de prix du dentiste en Moldova. Offres et forfaits tarifaires pour les services stomatologiques \u00e0 Chi\u0219in\u0103u.","breadcrumb":{"@id":"https:\/\/puntobianco.md\/fr\/tarifs\/#breadcrumb"},"inLanguage":"fr-FR","potentialAction":[{"@type":"ReadAction","target":["https:\/\/puntobianco.md\/fr\/tarifs\/"]}]},{"@type":"ImageObject","inLanguage":"fr-FR","@id":"https:\/\/puntobianco.md\/fr\/tarifs\/#primaryimage","url":"https:\/\/puntobianco.md\/wp-content\/uploads\/2024\/08\/prices-bg-min.jpg","contentUrl":"https:\/\/puntobianco.md\/wp-content\/uploads\/2024\/08\/prices-bg-min.jpg","width":1820,"height":633},{"@type":"BreadcrumbList","@id":"https:\/\/puntobianco.md\/fr\/tarifs\/#breadcrumb","itemListElement":[{"@type":"ListItem","position":1,"name":"Prima pagin\u0103","item":"https:\/\/puntobianco.md\/fr\/"},{"@type":"ListItem","position":2,"name":"Tarifs"}]},{"@type":"WebSite","@id":"https:\/\/puntobianco.md\/fr\/#website","url":"https:\/\/puntobianco.md\/fr\/","name":"PuntoBianco.md","description":"Clinic\u0103 stomatologic\u0103 \u00een Chi\u0219in\u0103u","publisher":{"@id":"https:\/\/puntobianco.md\/fr\/#organization"},"potentialAction":[{"@type":"SearchAction","target":{"@type":"EntryPoint","urlTemplate":"https:\/\/puntobianco.md\/fr\/?s={search_term_string}"},"query-input":{"@type":"PropertyValueSpecification","valueRequired":true,"valueName":"search_term_string"}}],"inLanguage":"fr-FR"},{"@type":"Organization","@id":"https:\/\/puntobianco.md\/fr\/#organization","name":"Punto Bianco","url":"https:\/\/puntobianco.md\/fr\/","logo":{"@type":"ImageObject","inLanguage":"fr-FR","@id":"https:\/\/puntobianco.md\/fr\/#\/schema\/logo\/image\/","url":"https:\/\/puntobianco.md\/wp-content\/uploads\/2024\/10\/logo-clinica-punto-bianco.png","contentUrl":"https:\/\/puntobianco.md\/wp-content\/uploads\/2024\/10\/logo-clinica-punto-bianco.png","width":500,"height":500,"caption":"Punto Bianco"},"image":{"@id":"https:\/\/puntobianco.md\/fr\/#\/schema\/logo\/image\/"},"sameAs":["https:\/\/www.facebook.com\/PuntoBianco.md","https:\/\/www.instagram.com\/clinicapuntobianco\/","https:\/\/www.youtube.com\/@puntobianco-clinicadentale","https:\/\/www.tiktok.com\/@clinicapuntobianco"]}]}},"_links":{"self":[{"href":"https:\/\/puntobianco.md\/fr\/wp-json\/wp\/v2\/pages\/4383","targetHints":{"allow":["GET"]}}],"collection":[{"href":"https:\/\/puntobianco.md\/fr\/wp-json\/wp\/v2\/pages"}],"about":[{"href":"https:\/\/puntobianco.md\/fr\/wp-json\/wp\/v2\/types\/page"}],"author":[{"embeddable":true,"href":"https:\/\/puntobianco.md\/fr\/wp-json\/wp\/v2\/users\/1"}],"replies":[{"embeddable":true,"href":"https:\/\/puntobianco.md\/fr\/wp-json\/wp\/v2\/comments?post=4383"}],"version-history":[{"count":1,"href":"https:\/\/puntobianco.md\/fr\/wp-json\/wp\/v2\/pages\/4383\/revisions"}],"predecessor-version":[{"id":4954,"href":"https:\/\/puntobianco.md\/fr\/wp-json\/wp\/v2\/pages\/4383\/revisions\/4954"}],"wp:featuredmedia":[{"embeddable":true,"href":"https:\/\/puntobianco.md\/fr\/wp-json\/wp\/v2\/media\/647"}],"wp:attachment":[{"href":"https:\/\/puntobianco.md\/fr\/wp-json\/wp\/v2\/media?parent=4383"}],"curies":[{"name":"wp","href":"https:\/\/api.w.org\/{rel}","templated":true}]}}