{"id":4358,"date":"2024-06-25T18:57:27","date_gmt":"2024-06-25T15:57:27","guid":{"rendered":"https:\/\/puntobianco.md\/page-daccueil\/"},"modified":"2026-01-30T16:40:42","modified_gmt":"2026-01-30T13:40:42","slug":"page-daccueil","status":"publish","type":"page","link":"https:\/\/puntobianco.md\/fr\/","title":{"rendered":"Page d\u2019accueil"},"content":{"rendered":"","protected":false},"excerpt":{"rendered":"","protected":false},"author":1,"featured_media":1320,"parent":0,"menu_order":0,"comment_status":"closed","ping_status":"closed","template":"","meta":{"_acf_changed":false,"inline_featured_image":false,"footnotes":""},"class_list":["post-4358","page","type-page","status-publish","has-post-thumbnail","hentry"],"acf":[],"yoast_head":"<!-- This site is optimized with the Yoast SEO plugin v26.6 - https:\/\/yoast.com\/wordpress\/plugins\/seo\/ -->\n<title>Punto Bianco \u2013 Clinique stomatologique innovante \u00e0 Chi\u0219in\u0103u, Moldova<\/title>\n<meta name=\"description\" content=\"Nous sommes sp\u00e9cialis\u00e9s en implantologie dentaire avanc\u00e9e et en r\u00e9habilitations complexes et esth\u00e9tiques de la cavit\u00e9 buccale. Stomatologie s\u00fbre en Moldova\" \/>\n<meta name=\"robots\" content=\"index, follow, max-snippet:-1, max-image-preview:large, max-video-preview:-1\" \/>\n<link rel=\"canonical\" href=\"https:\/\/puntobianco.md\/fr\/\" \/>\n<meta property=\"og:locale\" content=\"fr_FR\" \/>\n<meta property=\"og:type\" content=\"article\" \/>\n<meta property=\"og:title\" content=\"Punto Bianco \u2013 Clinique stomatologique innovante \u00e0 Chi\u0219in\u0103u, Moldova\" \/>\n<meta property=\"og:description\" content=\"Nous sommes sp\u00e9cialis\u00e9s en implantologie dentaire avanc\u00e9e et en r\u00e9habilitations complexes et esth\u00e9tiques de la cavit\u00e9 buccale. Stomatologie s\u00fbre en Moldova\" \/>\n<meta property=\"og:url\" content=\"https:\/\/puntobianco.md\/fr\/\" \/>\n<meta property=\"og:site_name\" content=\"Punto Bianco\" \/>\n<meta property=\"article:publisher\" content=\"https:\/\/www.facebook.com\/PuntoBianco.md\" \/>\n<meta property=\"article:modified_time\" content=\"2026-01-30T13:40:42+00:00\" \/>\n<meta property=\"og:image\" content=\"https:\/\/puntobianco.md\/wp-content\/uploads\/2024\/09\/clinica-stomatologica-chisinau-punto-bianco-moldova.jpg\" \/>\n\t<meta property=\"og:image:width\" content=\"1280\" \/>\n\t<meta property=\"og:image:height\" content=\"853\" \/>\n\t<meta property=\"og:image:type\" content=\"image\/jpeg\" \/>\n<meta name=\"twitter:card\" content=\"summary_large_image\" \/>\n<meta name=\"twitter:label1\" content=\"Dur\u00e9e de lecture estim\u00e9e\" \/>\n\t<meta name=\"twitter:data1\" content=\"1 minute\" \/>\n<script type=\"application\/ld+json\" class=\"yoast-schema-graph\">{\"@context\":\"https:\/\/schema.org\",\"@graph\":[{\"@type\":\"WebPage\",\"@id\":\"https:\/\/puntobianco.md\/fr\/\",\"url\":\"https:\/\/puntobianco.md\/fr\/\",\"name\":\"Punto Bianco \u2013 Clinique stomatologique innovante \u00e0 Chi\u0219in\u0103u, Moldova\",\"isPartOf\":{\"@id\":\"https:\/\/puntobianco.md\/fr\/#website\"},\"primaryImageOfPage\":{\"@id\":\"https:\/\/puntobianco.md\/fr\/#primaryimage\"},\"image\":{\"@id\":\"https:\/\/puntobianco.md\/fr\/#primaryimage\"},\"thumbnailUrl\":\"https:\/\/puntobianco.md\/wp-content\/uploads\/2024\/09\/clinica-stomatologica-chisinau-punto-bianco-moldova.jpg\",\"datePublished\":\"2024-06-25T15:57:27+00:00\",\"dateModified\":\"2026-01-30T13:40:42+00:00\",\"description\":\"Nous sommes sp\u00e9cialis\u00e9s en implantologie dentaire avanc\u00e9e et en r\u00e9habilitations complexes et esth\u00e9tiques de la cavit\u00e9 buccale. Stomatologie s\u00fbre en Moldova\",\"breadcrumb\":{\"@id\":\"https:\/\/puntobianco.md\/fr\/#breadcrumb\"},\"inLanguage\":\"fr-FR\",\"potentialAction\":[{\"@type\":\"ReadAction\",\"target\":[\"https:\/\/puntobianco.md\/fr\/\"]}]},{\"@type\":\"ImageObject\",\"inLanguage\":\"fr-FR\",\"@id\":\"https:\/\/puntobianco.md\/fr\/#primaryimage\",\"url\":\"https:\/\/puntobianco.md\/wp-content\/uploads\/2024\/09\/clinica-stomatologica-chisinau-punto-bianco-moldova.jpg\",\"contentUrl\":\"https:\/\/puntobianco.md\/wp-content\/uploads\/2024\/09\/clinica-stomatologica-chisinau-punto-bianco-moldova.jpg\",\"width\":1280,\"height\":853,\"caption\":\"Chirurgien stomatologue et assistante m\u00e9dicale lors de l\u2019intervention de pose d\u2019implants dentaires. Stomatologie Punto Bianco Chi\u0219in\u0103u\"},{\"@type\":\"BreadcrumbList\",\"@id\":\"https:\/\/puntobianco.md\/fr\/#breadcrumb\",\"itemListElement\":[{\"@type\":\"ListItem\",\"position\":1,\"name\":\"Prima pagin\u0103\",\"item\":\"https:\/\/puntobianco.md\/fr\/\"},{\"@type\":\"ListItem\",\"position\":2,\"name\":\"Page d\u2019accueil\"}]},{\"@type\":\"WebSite\",\"@id\":\"https:\/\/puntobianco.md\/fr\/#website\",\"url\":\"https:\/\/puntobianco.md\/fr\/\",\"name\":\"PuntoBianco.md\",\"description\":\"Clinic\u0103 stomatologic\u0103 \u00een Chi\u0219in\u0103u\",\"publisher\":{\"@id\":\"https:\/\/puntobianco.md\/fr\/#organization\"},\"potentialAction\":[{\"@type\":\"SearchAction\",\"target\":{\"@type\":\"EntryPoint\",\"urlTemplate\":\"https:\/\/puntobianco.md\/fr\/?s={search_term_string}\"},\"query-input\":{\"@type\":\"PropertyValueSpecification\",\"valueRequired\":true,\"valueName\":\"search_term_string\"}}],\"inLanguage\":\"fr-FR\"},{\"@type\":\"Organization\",\"@id\":\"https:\/\/puntobianco.md\/fr\/#organization\",\"name\":\"Punto Bianco\",\"url\":\"https:\/\/puntobianco.md\/fr\/\",\"logo\":{\"@type\":\"ImageObject\",\"inLanguage\":\"fr-FR\",\"@id\":\"https:\/\/puntobianco.md\/fr\/#\/schema\/logo\/image\/\",\"url\":\"https:\/\/puntobianco.md\/wp-content\/uploads\/2024\/10\/logo-clinica-punto-bianco.png\",\"contentUrl\":\"https:\/\/puntobianco.md\/wp-content\/uploads\/2024\/10\/logo-clinica-punto-bianco.png\",\"width\":500,\"height\":500,\"caption\":\"Punto Bianco\"},\"image\":{\"@id\":\"https:\/\/puntobianco.md\/fr\/#\/schema\/logo\/image\/\"},\"sameAs\":[\"https:\/\/www.facebook.com\/PuntoBianco.md\",\"https:\/\/www.instagram.com\/clinicapuntobianco\/\",\"https:\/\/www.youtube.com\/@puntobianco-clinicadentale\",\"https:\/\/www.tiktok.com\/@clinicapuntobianco\"]}]}<\/script>\n<!-- \/ Yoast SEO plugin. -->","yoast_head_json":{"title":"Punto Bianco \u2013 Clinique stomatologique innovante \u00e0 Chi\u0219in\u0103u, Moldova","description":"Nous sommes sp\u00e9cialis\u00e9s en implantologie dentaire avanc\u00e9e et en r\u00e9habilitations complexes et esth\u00e9tiques de la cavit\u00e9 buccale. Stomatologie s\u00fbre en Moldova","robots":{"index":"index","follow":"follow","max-snippet":"max-snippet:-1","max-image-preview":"max-image-preview:large","max-video-preview":"max-video-preview:-1"},"canonical":"https:\/\/puntobianco.md\/fr\/","og_locale":"fr_FR","og_type":"article","og_title":"Punto Bianco \u2013 Clinique stomatologique innovante \u00e0 Chi\u0219in\u0103u, Moldova","og_description":"Nous sommes sp\u00e9cialis\u00e9s en implantologie dentaire avanc\u00e9e et en r\u00e9habilitations complexes et esth\u00e9tiques de la cavit\u00e9 buccale. Stomatologie s\u00fbre en Moldova","og_url":"https:\/\/puntobianco.md\/fr\/","og_site_name":"Punto Bianco","article_publisher":"https:\/\/www.facebook.com\/PuntoBianco.md","article_modified_time":"2026-01-30T13:40:42+00:00","og_image":[{"width":1280,"height":853,"url":"https:\/\/puntobianco.md\/wp-content\/uploads\/2024\/09\/clinica-stomatologica-chisinau-punto-bianco-moldova.jpg","type":"image\/jpeg"}],"twitter_card":"summary_large_image","twitter_misc":{"Dur\u00e9e de lecture estim\u00e9e":"1 minute"},"schema":{"@context":"https:\/\/schema.org","@graph":[{"@type":"WebPage","@id":"https:\/\/puntobianco.md\/fr\/","url":"https:\/\/puntobianco.md\/fr\/","name":"Punto Bianco \u2013 Clinique stomatologique innovante \u00e0 Chi\u0219in\u0103u, Moldova","isPartOf":{"@id":"https:\/\/puntobianco.md\/fr\/#website"},"primaryImageOfPage":{"@id":"https:\/\/puntobianco.md\/fr\/#primaryimage"},"image":{"@id":"https:\/\/puntobianco.md\/fr\/#primaryimage"},"thumbnailUrl":"https:\/\/puntobianco.md\/wp-content\/uploads\/2024\/09\/clinica-stomatologica-chisinau-punto-bianco-moldova.jpg","datePublished":"2024-06-25T15:57:27+00:00","dateModified":"2026-01-30T13:40:42+00:00","description":"Nous sommes sp\u00e9cialis\u00e9s en implantologie dentaire avanc\u00e9e et en r\u00e9habilitations complexes et esth\u00e9tiques de la cavit\u00e9 buccale. Stomatologie s\u00fbre en Moldova","breadcrumb":{"@id":"https:\/\/puntobianco.md\/fr\/#breadcrumb"},"inLanguage":"fr-FR","potentialAction":[{"@type":"ReadAction","target":["https:\/\/puntobianco.md\/fr\/"]}]},{"@type":"ImageObject","inLanguage":"fr-FR","@id":"https:\/\/puntobianco.md\/fr\/#primaryimage","url":"https:\/\/puntobianco.md\/wp-content\/uploads\/2024\/09\/clinica-stomatologica-chisinau-punto-bianco-moldova.jpg","contentUrl":"https:\/\/puntobianco.md\/wp-content\/uploads\/2024\/09\/clinica-stomatologica-chisinau-punto-bianco-moldova.jpg","width":1280,"height":853,"caption":"Chirurgien stomatologue et assistante m\u00e9dicale lors de l\u2019intervention de pose d\u2019implants dentaires. Stomatologie Punto Bianco Chi\u0219in\u0103u"},{"@type":"BreadcrumbList","@id":"https:\/\/puntobianco.md\/fr\/#breadcrumb","itemListElement":[{"@type":"ListItem","position":1,"name":"Prima pagin\u0103","item":"https:\/\/puntobianco.md\/fr\/"},{"@type":"ListItem","position":2,"name":"Page d\u2019accueil"}]},{"@type":"WebSite","@id":"https:\/\/puntobianco.md\/fr\/#website","url":"https:\/\/puntobianco.md\/fr\/","name":"PuntoBianco.md","description":"Clinic\u0103 stomatologic\u0103 \u00een Chi\u0219in\u0103u","publisher":{"@id":"https:\/\/puntobianco.md\/fr\/#organization"},"potentialAction":[{"@type":"SearchAction","target":{"@type":"EntryPoint","urlTemplate":"https:\/\/puntobianco.md\/fr\/?s={search_term_string}"},"query-input":{"@type":"PropertyValueSpecification","valueRequired":true,"valueName":"search_term_string"}}],"inLanguage":"fr-FR"},{"@type":"Organization","@id":"https:\/\/puntobianco.md\/fr\/#organization","name":"Punto Bianco","url":"https:\/\/puntobianco.md\/fr\/","logo":{"@type":"ImageObject","inLanguage":"fr-FR","@id":"https:\/\/puntobianco.md\/fr\/#\/schema\/logo\/image\/","url":"https:\/\/puntobianco.md\/wp-content\/uploads\/2024\/10\/logo-clinica-punto-bianco.png","contentUrl":"https:\/\/puntobianco.md\/wp-content\/uploads\/2024\/10\/logo-clinica-punto-bianco.png","width":500,"height":500,"caption":"Punto Bianco"},"image":{"@id":"https:\/\/puntobianco.md\/fr\/#\/schema\/logo\/image\/"},"sameAs":["https:\/\/www.facebook.com\/PuntoBianco.md","https:\/\/www.instagram.com\/clinicapuntobianco\/","https:\/\/www.youtube.com\/@puntobianco-clinicadentale","https:\/\/www.tiktok.com\/@clinicapuntobianco"]}]}},"_links":{"self":[{"href":"https:\/\/puntobianco.md\/fr\/wp-json\/wp\/v2\/pages\/4358","targetHints":{"allow":["GET"]}}],"collection":[{"href":"https:\/\/puntobianco.md\/fr\/wp-json\/wp\/v2\/pages"}],"about":[{"href":"https:\/\/puntobianco.md\/fr\/wp-json\/wp\/v2\/types\/page"}],"author":[{"embeddable":true,"href":"https:\/\/puntobianco.md\/fr\/wp-json\/wp\/v2\/users\/1"}],"replies":[{"embeddable":true,"href":"https:\/\/puntobianco.md\/fr\/wp-json\/wp\/v2\/comments?post=4358"}],"version-history":[{"count":1,"href":"https:\/\/puntobianco.md\/fr\/wp-json\/wp\/v2\/pages\/4358\/revisions"}],"predecessor-version":[{"id":4359,"href":"https:\/\/puntobianco.md\/fr\/wp-json\/wp\/v2\/pages\/4358\/revisions\/4359"}],"wp:featuredmedia":[{"embeddable":true,"href":"https:\/\/puntobianco.md\/fr\/wp-json\/wp\/v2\/media\/1320"}],"wp:attachment":[{"href":"https:\/\/puntobianco.md\/fr\/wp-json\/wp\/v2\/media?parent=4358"}],"curies":[{"name":"wp","href":"https:\/\/api.w.org\/{rel}","templated":true}]}}