{"id":4352,"date":"2024-06-25T22:45:36","date_gmt":"2024-06-25T19:45:36","guid":{"rendered":"https:\/\/puntobianco.md\/galerie-des-sourires\/"},"modified":"2026-01-26T13:37:01","modified_gmt":"2026-01-26T10:37:01","slug":"galerie-des-sourires","status":"publish","type":"page","link":"https:\/\/puntobianco.md\/fr\/galerie-des-sourires\/","title":{"rendered":"Galerie des sourires"},"content":{"rendered":"<h4>La vie avant et apr\u00e8s un traitement dentaire \u00e0 la clinique stomatologique Punto Bianco<\/h4>\n<p>Un nouveau sourire est un changement que l\u2019on remarque imm\u00e9diatement chez nos patients. Mais avec le sourire, leur vie change aussi : la confiance en soi augmente, l\u2019envie de sourire \u00e0 tout moment et en toute circonstance appara\u00eet apr\u00e8s le traitement dentaire. <\/p>\n<p>Lisez ci-dessous les avis des patients qui ont choisi notre clinique stomatologique \u00e0 Chi\u0219in\u0103u ou laissez-vous inspirer par les photos avant\/apr\u00e8s des traitements dentaires, class\u00e9es par cat\u00e9gories. Cliquez sur le nom du traitement et vous serez redirig\u00e9 vers une page avec des exemples de r\u00e9alisations et la description des traitements effectu\u00e9s. <\/p>\n","protected":false},"excerpt":{"rendered":"<p>La vie avant et apr\u00e8s un traitement dentaire \u00e0 la clinique stomatologique Punto Bianco Un nouveau sourire est un changement que l\u2019on remarque imm\u00e9diatement chez nos patients. Mais avec le sourire, leur vie change aussi : la confiance en soi augmente, l\u2019envie de sourire \u00e0 tout moment et en toute circonstance appara\u00eet apr\u00e8s le traitement [&hellip;]<\/p>\n","protected":false},"author":1,"featured_media":1046,"parent":0,"menu_order":0,"comment_status":"closed","ping_status":"closed","template":"templates\/porfolio.php","meta":{"_acf_changed":false,"inline_featured_image":false,"footnotes":""},"class_list":["post-4352","page","type-page","status-publish","has-post-thumbnail","hentry"],"acf":[],"yoast_head":"<!-- This site is optimized with the Yoast SEO plugin v26.6 - https:\/\/yoast.com\/wordpress\/plugins\/seo\/ -->\n<title>Photos avant et apr\u00e8s un traitement dentaire chez Punto Bianco \u00e0 Chi\u0219in\u0103u, MD<\/title>\n<meta name=\"description\" content=\"Les patients sourient plus souvent apr\u00e8s les traitements stomatologiques r\u00e9alis\u00e9s dans notre clinique en MoldovaD\u00e9couvrez des exemples de r\u00e9alisations, avec des photographies avant et apr\u00e8s.\" \/>\n<meta name=\"robots\" content=\"index, follow, max-snippet:-1, max-image-preview:large, max-video-preview:-1\" \/>\n<link rel=\"canonical\" href=\"https:\/\/puntobianco.md\/fr\/galerie-des-sourires\/\" \/>\n<meta property=\"og:locale\" content=\"fr_FR\" \/>\n<meta property=\"og:type\" content=\"article\" \/>\n<meta property=\"og:title\" content=\"Photos avant et apr\u00e8s un traitement dentaire chez Punto Bianco \u00e0 Chi\u0219in\u0103u, MD\" \/>\n<meta property=\"og:description\" content=\"Les patients sourient plus souvent apr\u00e8s les traitements stomatologiques r\u00e9alis\u00e9s dans notre clinique en MoldovaD\u00e9couvrez des exemples de r\u00e9alisations, avec des photographies avant et apr\u00e8s.\" \/>\n<meta property=\"og:url\" content=\"https:\/\/puntobianco.md\/fr\/galerie-des-sourires\/\" \/>\n<meta property=\"og:site_name\" content=\"Punto Bianco\" \/>\n<meta property=\"article:publisher\" content=\"https:\/\/www.facebook.com\/PuntoBianco.md\" \/>\n<meta property=\"article:modified_time\" content=\"2026-01-26T10:37:01+00:00\" \/>\n<meta property=\"og:image\" content=\"https:\/\/puntobianco.md\/wp-content\/uploads\/2024\/08\/pacienti-fericiti-cu-fatete-dentare-moldova.jpg\" \/>\n\t<meta property=\"og:image:width\" content=\"1440\" \/>\n\t<meta property=\"og:image:height\" content=\"701\" \/>\n\t<meta property=\"og:image:type\" content=\"image\/jpeg\" \/>\n<meta name=\"twitter:card\" content=\"summary_large_image\" \/>\n<meta name=\"twitter:label1\" content=\"Dur\u00e9e de lecture estim\u00e9e\" \/>\n\t<meta name=\"twitter:data1\" content=\"1 minute\" \/>\n<script type=\"application\/ld+json\" class=\"yoast-schema-graph\">{\"@context\":\"https:\/\/schema.org\",\"@graph\":[{\"@type\":\"WebPage\",\"@id\":\"https:\/\/puntobianco.md\/fr\/galerie-des-sourires\/\",\"url\":\"https:\/\/puntobianco.md\/fr\/galerie-des-sourires\/\",\"name\":\"Photos avant et apr\u00e8s un traitement dentaire chez Punto Bianco \u00e0 Chi\u0219in\u0103u, MD\",\"isPartOf\":{\"@id\":\"https:\/\/puntobianco.md\/fr\/#website\"},\"primaryImageOfPage\":{\"@id\":\"https:\/\/puntobianco.md\/fr\/galerie-des-sourires\/#primaryimage\"},\"image\":{\"@id\":\"https:\/\/puntobianco.md\/fr\/galerie-des-sourires\/#primaryimage\"},\"thumbnailUrl\":\"https:\/\/puntobianco.md\/wp-content\/uploads\/2024\/08\/pacienti-fericiti-cu-fatete-dentare-moldova.jpg\",\"datePublished\":\"2024-06-25T19:45:36+00:00\",\"dateModified\":\"2026-01-26T10:37:01+00:00\",\"description\":\"Les patients sourient plus souvent apr\u00e8s les traitements stomatologiques r\u00e9alis\u00e9s dans notre clinique en MoldovaD\u00e9couvrez des exemples de r\u00e9alisations, avec des photographies avant et apr\u00e8s.\",\"breadcrumb\":{\"@id\":\"https:\/\/puntobianco.md\/fr\/galerie-des-sourires\/#breadcrumb\"},\"inLanguage\":\"fr-FR\",\"potentialAction\":[{\"@type\":\"ReadAction\",\"target\":[\"https:\/\/puntobianco.md\/fr\/galerie-des-sourires\/\"]}]},{\"@type\":\"ImageObject\",\"inLanguage\":\"fr-FR\",\"@id\":\"https:\/\/puntobianco.md\/fr\/galerie-des-sourires\/#primaryimage\",\"url\":\"https:\/\/puntobianco.md\/wp-content\/uploads\/2024\/08\/pacienti-fericiti-cu-fatete-dentare-moldova.jpg\",\"contentUrl\":\"https:\/\/puntobianco.md\/wp-content\/uploads\/2024\/08\/pacienti-fericiti-cu-fatete-dentare-moldova.jpg\",\"width\":1440,\"height\":701,\"caption\":\"galerie des sourires\"},{\"@type\":\"BreadcrumbList\",\"@id\":\"https:\/\/puntobianco.md\/fr\/galerie-des-sourires\/#breadcrumb\",\"itemListElement\":[{\"@type\":\"ListItem\",\"position\":1,\"name\":\"Prima pagin\u0103\",\"item\":\"https:\/\/puntobianco.md\/fr\/\"},{\"@type\":\"ListItem\",\"position\":2,\"name\":\"Galerie des sourires\"}]},{\"@type\":\"WebSite\",\"@id\":\"https:\/\/puntobianco.md\/fr\/#website\",\"url\":\"https:\/\/puntobianco.md\/fr\/\",\"name\":\"PuntoBianco.md\",\"description\":\"Clinic\u0103 stomatologic\u0103 \u00een Chi\u0219in\u0103u\",\"publisher\":{\"@id\":\"https:\/\/puntobianco.md\/fr\/#organization\"},\"potentialAction\":[{\"@type\":\"SearchAction\",\"target\":{\"@type\":\"EntryPoint\",\"urlTemplate\":\"https:\/\/puntobianco.md\/fr\/?s={search_term_string}\"},\"query-input\":{\"@type\":\"PropertyValueSpecification\",\"valueRequired\":true,\"valueName\":\"search_term_string\"}}],\"inLanguage\":\"fr-FR\"},{\"@type\":\"Organization\",\"@id\":\"https:\/\/puntobianco.md\/fr\/#organization\",\"name\":\"Punto Bianco\",\"url\":\"https:\/\/puntobianco.md\/fr\/\",\"logo\":{\"@type\":\"ImageObject\",\"inLanguage\":\"fr-FR\",\"@id\":\"https:\/\/puntobianco.md\/fr\/#\/schema\/logo\/image\/\",\"url\":\"https:\/\/puntobianco.md\/wp-content\/uploads\/2024\/10\/logo-clinica-punto-bianco.png\",\"contentUrl\":\"https:\/\/puntobianco.md\/wp-content\/uploads\/2024\/10\/logo-clinica-punto-bianco.png\",\"width\":500,\"height\":500,\"caption\":\"Punto Bianco\"},\"image\":{\"@id\":\"https:\/\/puntobianco.md\/fr\/#\/schema\/logo\/image\/\"},\"sameAs\":[\"https:\/\/www.facebook.com\/PuntoBianco.md\",\"https:\/\/www.instagram.com\/clinicapuntobianco\/\",\"https:\/\/www.youtube.com\/@puntobianco-clinicadentale\",\"https:\/\/www.tiktok.com\/@clinicapuntobianco\"]}]}<\/script>\n<!-- \/ Yoast SEO plugin. -->","yoast_head_json":{"title":"Photos avant et apr\u00e8s un traitement dentaire chez Punto Bianco \u00e0 Chi\u0219in\u0103u, MD","description":"Les patients sourient plus souvent apr\u00e8s les traitements stomatologiques r\u00e9alis\u00e9s dans notre clinique en MoldovaD\u00e9couvrez des exemples de r\u00e9alisations, avec des photographies avant et apr\u00e8s.","robots":{"index":"index","follow":"follow","max-snippet":"max-snippet:-1","max-image-preview":"max-image-preview:large","max-video-preview":"max-video-preview:-1"},"canonical":"https:\/\/puntobianco.md\/fr\/galerie-des-sourires\/","og_locale":"fr_FR","og_type":"article","og_title":"Photos avant et apr\u00e8s un traitement dentaire chez Punto Bianco \u00e0 Chi\u0219in\u0103u, MD","og_description":"Les patients sourient plus souvent apr\u00e8s les traitements stomatologiques r\u00e9alis\u00e9s dans notre clinique en MoldovaD\u00e9couvrez des exemples de r\u00e9alisations, avec des photographies avant et apr\u00e8s.","og_url":"https:\/\/puntobianco.md\/fr\/galerie-des-sourires\/","og_site_name":"Punto Bianco","article_publisher":"https:\/\/www.facebook.com\/PuntoBianco.md","article_modified_time":"2026-01-26T10:37:01+00:00","og_image":[{"width":1440,"height":701,"url":"https:\/\/puntobianco.md\/wp-content\/uploads\/2024\/08\/pacienti-fericiti-cu-fatete-dentare-moldova.jpg","type":"image\/jpeg"}],"twitter_card":"summary_large_image","twitter_misc":{"Dur\u00e9e de lecture estim\u00e9e":"1 minute"},"schema":{"@context":"https:\/\/schema.org","@graph":[{"@type":"WebPage","@id":"https:\/\/puntobianco.md\/fr\/galerie-des-sourires\/","url":"https:\/\/puntobianco.md\/fr\/galerie-des-sourires\/","name":"Photos avant et apr\u00e8s un traitement dentaire chez Punto Bianco \u00e0 Chi\u0219in\u0103u, MD","isPartOf":{"@id":"https:\/\/puntobianco.md\/fr\/#website"},"primaryImageOfPage":{"@id":"https:\/\/puntobianco.md\/fr\/galerie-des-sourires\/#primaryimage"},"image":{"@id":"https:\/\/puntobianco.md\/fr\/galerie-des-sourires\/#primaryimage"},"thumbnailUrl":"https:\/\/puntobianco.md\/wp-content\/uploads\/2024\/08\/pacienti-fericiti-cu-fatete-dentare-moldova.jpg","datePublished":"2024-06-25T19:45:36+00:00","dateModified":"2026-01-26T10:37:01+00:00","description":"Les patients sourient plus souvent apr\u00e8s les traitements stomatologiques r\u00e9alis\u00e9s dans notre clinique en MoldovaD\u00e9couvrez des exemples de r\u00e9alisations, avec des photographies avant et apr\u00e8s.","breadcrumb":{"@id":"https:\/\/puntobianco.md\/fr\/galerie-des-sourires\/#breadcrumb"},"inLanguage":"fr-FR","potentialAction":[{"@type":"ReadAction","target":["https:\/\/puntobianco.md\/fr\/galerie-des-sourires\/"]}]},{"@type":"ImageObject","inLanguage":"fr-FR","@id":"https:\/\/puntobianco.md\/fr\/galerie-des-sourires\/#primaryimage","url":"https:\/\/puntobianco.md\/wp-content\/uploads\/2024\/08\/pacienti-fericiti-cu-fatete-dentare-moldova.jpg","contentUrl":"https:\/\/puntobianco.md\/wp-content\/uploads\/2024\/08\/pacienti-fericiti-cu-fatete-dentare-moldova.jpg","width":1440,"height":701,"caption":"galerie des sourires"},{"@type":"BreadcrumbList","@id":"https:\/\/puntobianco.md\/fr\/galerie-des-sourires\/#breadcrumb","itemListElement":[{"@type":"ListItem","position":1,"name":"Prima pagin\u0103","item":"https:\/\/puntobianco.md\/fr\/"},{"@type":"ListItem","position":2,"name":"Galerie des sourires"}]},{"@type":"WebSite","@id":"https:\/\/puntobianco.md\/fr\/#website","url":"https:\/\/puntobianco.md\/fr\/","name":"PuntoBianco.md","description":"Clinic\u0103 stomatologic\u0103 \u00een Chi\u0219in\u0103u","publisher":{"@id":"https:\/\/puntobianco.md\/fr\/#organization"},"potentialAction":[{"@type":"SearchAction","target":{"@type":"EntryPoint","urlTemplate":"https:\/\/puntobianco.md\/fr\/?s={search_term_string}"},"query-input":{"@type":"PropertyValueSpecification","valueRequired":true,"valueName":"search_term_string"}}],"inLanguage":"fr-FR"},{"@type":"Organization","@id":"https:\/\/puntobianco.md\/fr\/#organization","name":"Punto Bianco","url":"https:\/\/puntobianco.md\/fr\/","logo":{"@type":"ImageObject","inLanguage":"fr-FR","@id":"https:\/\/puntobianco.md\/fr\/#\/schema\/logo\/image\/","url":"https:\/\/puntobianco.md\/wp-content\/uploads\/2024\/10\/logo-clinica-punto-bianco.png","contentUrl":"https:\/\/puntobianco.md\/wp-content\/uploads\/2024\/10\/logo-clinica-punto-bianco.png","width":500,"height":500,"caption":"Punto Bianco"},"image":{"@id":"https:\/\/puntobianco.md\/fr\/#\/schema\/logo\/image\/"},"sameAs":["https:\/\/www.facebook.com\/PuntoBianco.md","https:\/\/www.instagram.com\/clinicapuntobianco\/","https:\/\/www.youtube.com\/@puntobianco-clinicadentale","https:\/\/www.tiktok.com\/@clinicapuntobianco"]}]}},"_links":{"self":[{"href":"https:\/\/puntobianco.md\/fr\/wp-json\/wp\/v2\/pages\/4352","targetHints":{"allow":["GET"]}}],"collection":[{"href":"https:\/\/puntobianco.md\/fr\/wp-json\/wp\/v2\/pages"}],"about":[{"href":"https:\/\/puntobianco.md\/fr\/wp-json\/wp\/v2\/types\/page"}],"author":[{"embeddable":true,"href":"https:\/\/puntobianco.md\/fr\/wp-json\/wp\/v2\/users\/1"}],"replies":[{"embeddable":true,"href":"https:\/\/puntobianco.md\/fr\/wp-json\/wp\/v2\/comments?post=4352"}],"version-history":[{"count":1,"href":"https:\/\/puntobianco.md\/fr\/wp-json\/wp\/v2\/pages\/4352\/revisions"}],"predecessor-version":[{"id":4588,"href":"https:\/\/puntobianco.md\/fr\/wp-json\/wp\/v2\/pages\/4352\/revisions\/4588"}],"wp:featuredmedia":[{"embeddable":true,"href":"https:\/\/puntobianco.md\/fr\/wp-json\/wp\/v2\/media\/1046"}],"wp:attachment":[{"href":"https:\/\/puntobianco.md\/fr\/wp-json\/wp\/v2\/media?parent=4352"}],"curies":[{"name":"wp","href":"https:\/\/api.w.org\/{rel}","templated":true}]}}