{"id":4349,"date":"2024-09-30T16:19:57","date_gmt":"2024-09-30T13:19:57","guid":{"rendered":"https:\/\/puntobianco.md\/avertissement\/"},"modified":"2026-01-21T11:33:42","modified_gmt":"2026-01-21T08:33:42","slug":"avertissement","status":"publish","type":"page","link":"https:\/\/puntobianco.md\/fr\/avertissement\/","title":{"rendered":"Avertissement"},"content":{"rendered":"<p>Les informations pr\u00e9sentes sur ce site sont fournies \u00e0 titre informatif g\u00e9n\u00e9ral et ne sont pas destin\u00e9es \u00e0 offrir des conseils m\u00e9dicaux, dentaires ou chirurgicaux, ni \u00e0 se substituer \u00e0 un avis m\u00e9dical professionnel, \u00e0 un diagnostic ou \u00e0 un traitement. Aucune relation m\u00e9decin\/patient n\u2019est \u00e9tablie par l\u2019utilisation de ce site. Aucun diagnostic ni traitement n\u2019est fourni. Les informations pr\u00e9sent\u00e9es doivent \u00eatre consult\u00e9es avec un m\u00e9decin (dentiste) de votre choix. Aucune garantie ni assurance n\u2019est donn\u00e9e quant aux informations pr\u00e9sent\u00e9es sur ce site.    <\/p>\n<p>Nous pouvons fournir sur le site des liens vers d\u2019autres sites web qui ne sont pas sous notre contr\u00f4le. En g\u00e9n\u00e9ral, tout site web ayant une adresse (ou URL) ne contenant pas le nom de notre domaine constitue un site distinct. Ces liens sont fournis uniquement pour des raisons de commodit\u00e9 ou de r\u00e9f\u00e9rence et ne sont pas destin\u00e9s \u00e0 constituer une approbation de notre part de l\u2019organisation ou des personnes exploitant ces sites, ni une garantie de quelque nature que ce soit concernant ces sites ou les informations qu\u2019ils contiennent.  <\/p>\n<p>Cette pratique a d\u00e9ploy\u00e9 et continuera de d\u00e9ployer des efforts afin d\u2019inclure des informations exactes et \u00e0 jour sur ce site. Toutefois, les contenus de notre site sont fournis \u00ab tels quels \u00bb et, dans la mesure maximale permise par la loi applicable, cette pratique d\u00e9cline toute garantie, expresse ou implicite, y compris, sans s\u2019y limiter, les garanties implicites de qualit\u00e9 marchande et d\u2019ad\u00e9quation \u00e0 un usage particulier. Nous n\u2019assumons aucune responsabilit\u00e9 ni aucun risque li\u00e9 \u00e0 votre utilisation du site.   <\/p>\n<p>NOUS N\u2019ASSUMONS AUCUNE RESPONSABILIT\u00c9 POUR LES PERTES OU DOMMAGES R\u00c9SULTANT DE TOUTE UTILISATION OU RELATION AVEC LE SITE OU SON CONTENU. EN AUCUN CAS NOUS NE SERONS RESPONSABLES DE TOUTE PERTE DE PROFITS, PERTE D\u2019\u00c9CONOMIES, PERTE DE DONN\u00c9ES, INTERRUPTION D\u2019ACTIVIT\u00c9 OU AUTRES DOMMAGES, DIRECTS, INDIRECTS, SP\u00c9CIAUX, CONS\u00c9CUTIFS OU ACCESSOIRES (Y COMPRIS, SANS LIMITATION, CEUX R\u00c9SULTANT DE OU LI\u00c9S AU SITE, \u00c0 SON CONTENU, \u00c0 L\u2019UTILISATION DE CEUX-CI OU \u00c0 L\u2019IMPOSSIBILIT\u00c9 D\u2019UTILISER LE SITE), M\u00caME SI NOUS AVONS \u00c9T\u00c9 INFORM\u00c9S DE LA POSSIBILIT\u00c9 DE TELS DOMMAGES. <\/p>\n<p>Si vous avez des questions concernant cette clause de non-responsabilit\u00e9, vous pouvez nous contacter par e-mail \u00e0 privacy@puntobianco.md, chez <strong>Punto Bianco, clinique dentaire multilingue \/ TravelToDentist<\/strong>, MD-2001, Moldavie, Chi\u0219in\u0103u, Str. 31 August 37\/1 ou par t\u00e9l\u00e9phone au +37368187171. <\/p>\n<h4 class=\"wp-block-heading\">CE DOCUMENT A \u00c9T\u00c9 MIS \u00c0 JOUR POUR LA DERNI\u00c8RE FOIS LE : 21 janvier 2026<\/h4>\n","protected":false},"excerpt":{"rendered":"<p>Les informations pr\u00e9sentes sur ce site sont fournies \u00e0 titre informatif g\u00e9n\u00e9ral et ne sont pas destin\u00e9es \u00e0 offrir des conseils m\u00e9dicaux, dentaires ou chirurgicaux, ni \u00e0 se substituer \u00e0 un avis m\u00e9dical professionnel, \u00e0 un diagnostic ou \u00e0 un traitement. Aucune relation m\u00e9decin\/patient n\u2019est \u00e9tablie par l\u2019utilisation de ce site. Aucun diagnostic ni traitement [&hellip;]<\/p>\n","protected":false},"author":2,"featured_media":0,"parent":0,"menu_order":0,"comment_status":"closed","ping_status":"closed","template":"","meta":{"_acf_changed":false,"inline_featured_image":false,"footnotes":""},"class_list":["post-4349","page","type-page","status-publish","hentry"],"acf":[],"yoast_head":"<!-- This site is optimized with the Yoast SEO plugin v26.6 - https:\/\/yoast.com\/wordpress\/plugins\/seo\/ -->\n<title>Avertissement - Punto Bianco<\/title>\n<meta name=\"robots\" content=\"index, follow, max-snippet:-1, max-image-preview:large, max-video-preview:-1\" \/>\n<link rel=\"canonical\" href=\"https:\/\/puntobianco.md\/fr\/avertissement\/\" \/>\n<meta property=\"og:locale\" content=\"fr_FR\" \/>\n<meta property=\"og:type\" content=\"article\" \/>\n<meta property=\"og:title\" content=\"Avertissement - Punto Bianco\" \/>\n<meta property=\"og:description\" content=\"Les informations pr\u00e9sentes sur ce site sont fournies \u00e0 titre informatif g\u00e9n\u00e9ral et ne sont pas destin\u00e9es \u00e0 offrir des conseils m\u00e9dicaux, dentaires ou chirurgicaux, ni \u00e0 se substituer \u00e0 un avis m\u00e9dical professionnel, \u00e0 un diagnostic ou \u00e0 un traitement. Aucune relation m\u00e9decin\/patient n\u2019est \u00e9tablie par l\u2019utilisation de ce site. Aucun diagnostic ni traitement [&hellip;]\" \/>\n<meta property=\"og:url\" content=\"https:\/\/puntobianco.md\/fr\/avertissement\/\" \/>\n<meta property=\"og:site_name\" content=\"Punto Bianco\" \/>\n<meta property=\"article:publisher\" content=\"https:\/\/www.facebook.com\/PuntoBianco.md\" \/>\n<meta property=\"article:modified_time\" content=\"2026-01-21T08:33:42+00:00\" \/>\n<meta name=\"twitter:card\" content=\"summary_large_image\" \/>\n<meta name=\"twitter:label1\" content=\"Dur\u00e9e de lecture estim\u00e9e\" \/>\n\t<meta name=\"twitter:data1\" content=\"2 minutes\" \/>\n<script type=\"application\/ld+json\" class=\"yoast-schema-graph\">{\"@context\":\"https:\/\/schema.org\",\"@graph\":[{\"@type\":\"WebPage\",\"@id\":\"https:\/\/puntobianco.md\/fr\/avertissement\/\",\"url\":\"https:\/\/puntobianco.md\/fr\/avertissement\/\",\"name\":\"Avertissement - Punto Bianco\",\"isPartOf\":{\"@id\":\"https:\/\/puntobianco.md\/fr\/#website\"},\"datePublished\":\"2024-09-30T13:19:57+00:00\",\"dateModified\":\"2026-01-21T08:33:42+00:00\",\"breadcrumb\":{\"@id\":\"https:\/\/puntobianco.md\/fr\/avertissement\/#breadcrumb\"},\"inLanguage\":\"fr-FR\",\"potentialAction\":[{\"@type\":\"ReadAction\",\"target\":[\"https:\/\/puntobianco.md\/fr\/avertissement\/\"]}]},{\"@type\":\"BreadcrumbList\",\"@id\":\"https:\/\/puntobianco.md\/fr\/avertissement\/#breadcrumb\",\"itemListElement\":[{\"@type\":\"ListItem\",\"position\":1,\"name\":\"Prima pagin\u0103\",\"item\":\"https:\/\/puntobianco.md\/fr\/\"},{\"@type\":\"ListItem\",\"position\":2,\"name\":\"Avertissement\"}]},{\"@type\":\"WebSite\",\"@id\":\"https:\/\/puntobianco.md\/fr\/#website\",\"url\":\"https:\/\/puntobianco.md\/fr\/\",\"name\":\"PuntoBianco.md\",\"description\":\"Clinic\u0103 stomatologic\u0103 \u00een Chi\u0219in\u0103u\",\"publisher\":{\"@id\":\"https:\/\/puntobianco.md\/fr\/#organization\"},\"potentialAction\":[{\"@type\":\"SearchAction\",\"target\":{\"@type\":\"EntryPoint\",\"urlTemplate\":\"https:\/\/puntobianco.md\/fr\/?s={search_term_string}\"},\"query-input\":{\"@type\":\"PropertyValueSpecification\",\"valueRequired\":true,\"valueName\":\"search_term_string\"}}],\"inLanguage\":\"fr-FR\"},{\"@type\":\"Organization\",\"@id\":\"https:\/\/puntobianco.md\/fr\/#organization\",\"name\":\"Punto Bianco\",\"url\":\"https:\/\/puntobianco.md\/fr\/\",\"logo\":{\"@type\":\"ImageObject\",\"inLanguage\":\"fr-FR\",\"@id\":\"https:\/\/puntobianco.md\/fr\/#\/schema\/logo\/image\/\",\"url\":\"https:\/\/puntobianco.md\/wp-content\/uploads\/2024\/10\/logo-clinica-punto-bianco.png\",\"contentUrl\":\"https:\/\/puntobianco.md\/wp-content\/uploads\/2024\/10\/logo-clinica-punto-bianco.png\",\"width\":500,\"height\":500,\"caption\":\"Punto Bianco\"},\"image\":{\"@id\":\"https:\/\/puntobianco.md\/fr\/#\/schema\/logo\/image\/\"},\"sameAs\":[\"https:\/\/www.facebook.com\/PuntoBianco.md\",\"https:\/\/www.instagram.com\/clinicapuntobianco\/\",\"https:\/\/www.youtube.com\/@puntobianco-clinicadentale\",\"https:\/\/www.tiktok.com\/@clinicapuntobianco\"]}]}<\/script>\n<!-- \/ Yoast SEO plugin. -->","yoast_head_json":{"title":"Avertissement - Punto Bianco","robots":{"index":"index","follow":"follow","max-snippet":"max-snippet:-1","max-image-preview":"max-image-preview:large","max-video-preview":"max-video-preview:-1"},"canonical":"https:\/\/puntobianco.md\/fr\/avertissement\/","og_locale":"fr_FR","og_type":"article","og_title":"Avertissement - Punto Bianco","og_description":"Les informations pr\u00e9sentes sur ce site sont fournies \u00e0 titre informatif g\u00e9n\u00e9ral et ne sont pas destin\u00e9es \u00e0 offrir des conseils m\u00e9dicaux, dentaires ou chirurgicaux, ni \u00e0 se substituer \u00e0 un avis m\u00e9dical professionnel, \u00e0 un diagnostic ou \u00e0 un traitement. Aucune relation m\u00e9decin\/patient n\u2019est \u00e9tablie par l\u2019utilisation de ce site. Aucun diagnostic ni traitement [&hellip;]","og_url":"https:\/\/puntobianco.md\/fr\/avertissement\/","og_site_name":"Punto Bianco","article_publisher":"https:\/\/www.facebook.com\/PuntoBianco.md","article_modified_time":"2026-01-21T08:33:42+00:00","twitter_card":"summary_large_image","twitter_misc":{"Dur\u00e9e de lecture estim\u00e9e":"2 minutes"},"schema":{"@context":"https:\/\/schema.org","@graph":[{"@type":"WebPage","@id":"https:\/\/puntobianco.md\/fr\/avertissement\/","url":"https:\/\/puntobianco.md\/fr\/avertissement\/","name":"Avertissement - Punto Bianco","isPartOf":{"@id":"https:\/\/puntobianco.md\/fr\/#website"},"datePublished":"2024-09-30T13:19:57+00:00","dateModified":"2026-01-21T08:33:42+00:00","breadcrumb":{"@id":"https:\/\/puntobianco.md\/fr\/avertissement\/#breadcrumb"},"inLanguage":"fr-FR","potentialAction":[{"@type":"ReadAction","target":["https:\/\/puntobianco.md\/fr\/avertissement\/"]}]},{"@type":"BreadcrumbList","@id":"https:\/\/puntobianco.md\/fr\/avertissement\/#breadcrumb","itemListElement":[{"@type":"ListItem","position":1,"name":"Prima pagin\u0103","item":"https:\/\/puntobianco.md\/fr\/"},{"@type":"ListItem","position":2,"name":"Avertissement"}]},{"@type":"WebSite","@id":"https:\/\/puntobianco.md\/fr\/#website","url":"https:\/\/puntobianco.md\/fr\/","name":"PuntoBianco.md","description":"Clinic\u0103 stomatologic\u0103 \u00een Chi\u0219in\u0103u","publisher":{"@id":"https:\/\/puntobianco.md\/fr\/#organization"},"potentialAction":[{"@type":"SearchAction","target":{"@type":"EntryPoint","urlTemplate":"https:\/\/puntobianco.md\/fr\/?s={search_term_string}"},"query-input":{"@type":"PropertyValueSpecification","valueRequired":true,"valueName":"search_term_string"}}],"inLanguage":"fr-FR"},{"@type":"Organization","@id":"https:\/\/puntobianco.md\/fr\/#organization","name":"Punto Bianco","url":"https:\/\/puntobianco.md\/fr\/","logo":{"@type":"ImageObject","inLanguage":"fr-FR","@id":"https:\/\/puntobianco.md\/fr\/#\/schema\/logo\/image\/","url":"https:\/\/puntobianco.md\/wp-content\/uploads\/2024\/10\/logo-clinica-punto-bianco.png","contentUrl":"https:\/\/puntobianco.md\/wp-content\/uploads\/2024\/10\/logo-clinica-punto-bianco.png","width":500,"height":500,"caption":"Punto Bianco"},"image":{"@id":"https:\/\/puntobianco.md\/fr\/#\/schema\/logo\/image\/"},"sameAs":["https:\/\/www.facebook.com\/PuntoBianco.md","https:\/\/www.instagram.com\/clinicapuntobianco\/","https:\/\/www.youtube.com\/@puntobianco-clinicadentale","https:\/\/www.tiktok.com\/@clinicapuntobianco"]}]}},"_links":{"self":[{"href":"https:\/\/puntobianco.md\/fr\/wp-json\/wp\/v2\/pages\/4349","targetHints":{"allow":["GET"]}}],"collection":[{"href":"https:\/\/puntobianco.md\/fr\/wp-json\/wp\/v2\/pages"}],"about":[{"href":"https:\/\/puntobianco.md\/fr\/wp-json\/wp\/v2\/types\/page"}],"author":[{"embeddable":true,"href":"https:\/\/puntobianco.md\/fr\/wp-json\/wp\/v2\/users\/2"}],"replies":[{"embeddable":true,"href":"https:\/\/puntobianco.md\/fr\/wp-json\/wp\/v2\/comments?post=4349"}],"version-history":[{"count":1,"href":"https:\/\/puntobianco.md\/fr\/wp-json\/wp\/v2\/pages\/4349\/revisions"}],"predecessor-version":[{"id":4410,"href":"https:\/\/puntobianco.md\/fr\/wp-json\/wp\/v2\/pages\/4349\/revisions\/4410"}],"wp:attachment":[{"href":"https:\/\/puntobianco.md\/fr\/wp-json\/wp\/v2\/media?parent=4349"}],"curies":[{"name":"wp","href":"https:\/\/api.w.org\/{rel}","templated":true}]}}