{"id":4213,"date":"2024-09-30T16:17:41","date_gmt":"2024-09-30T13:17:41","guid":{"rendered":"https:\/\/puntobianco.md\/cookies\/"},"modified":"2026-01-19T11:23:42","modified_gmt":"2026-01-19T08:23:42","slug":"cookies","status":"publish","type":"page","link":"https:\/\/puntobianco.md\/fr\/cookies\/","title":{"rendered":"Cookies"},"content":{"rendered":"<h2 class=\"wp-block-heading\">POLITIQUE D&rsquo;UTILISATION DES FICHIERS COOKIE<\/h2>\n<p>La pr\u00e9sente politique relative aux cookies permet aux utilisateurs du site web: <a href=\"https:\/\/.puntobianco.md\/\">www.PuntoBianco.md<\/a> de s\u2019informer sur le placement, l\u2019utilisation et la gestion des fichiers cookie sur ce site.<\/p>\n<p>Vizualiz\u00e2nd aceast\u0103 politic\u0103 privind cookie-urile \u0219i folosind aceast\u0103 pagin\u0103 web, sunte\u021bi de acord cu utilizarea noastr\u0103 de cookie-uri pe browserul dvs. \u00een conformitate cu politica noastr\u0103 privind cookie-urile, cu excep\u021bia cazului \u00een care le-a\u021bi dezactivat. <\/p>\n<ol>\n<li><strong>Qu\u2019est-ce qu\u2019un cookie ?<\/strong><\/li>\n<\/ol>\n<p>Les cookies sont de petits fichiers texte que les sites web envoient \u00e0 l\u2019ordinateur ou \u00e0 d\u2019autres appareils connect\u00e9s \u00e0 Internet afin d\u2019identifier de mani\u00e8re unique le navigateur de l\u2019utilisateur ou de stocker des informations et des param\u00e8tres dans le navigateur.<\/p>\n<p>Les cookies contiennent g\u00e9n\u00e9ralement le nom du site web dont ils proviennent, des informations sur leur dur\u00e9e de vie ainsi qu\u2019un identifiant unique.<\/p>\n<ol start=\"2\">\n<li><strong>Pourquoi utilisons-nous des cookies ?<\/strong><\/li>\n<\/ol>\n<p>Les cookies contiennent des informations qui contribuent \u00e0 am\u00e9liorer le fonctionnement du site web, \u00e0 en optimiser l\u2019efficacit\u00e9 et \u00e0 faciliter son utilisation. Nous utilisons \u00e9galement des cookies \u00e0 des fins de statistiques agr\u00e9g\u00e9es et anonymis\u00e9es (c\u2019est-\u00e0-dire sans identification de l\u2019utilisateur), afin de mieux comprendre la mani\u00e8re dont les utilisateurs naviguent sur le site. <\/p>\n<p>Ainsi, sur la base des retours collect\u00e9s via les cookies concernant l\u2019utilisation de ce site web, Punto Bianco poursuit un int\u00e9r\u00eat l\u00e9gitime consistant \u00e0 mettre en \u0153uvre des mesures visant \u00e0 rendre le site plus efficace et plus accessible pour les utilisateurs.<\/p>\n<ol start=\"3\">\n<li><strong>Quels types de cookies utilisons-nous ?<\/strong><\/li>\n<\/ol>\n<p>En g\u00e9n\u00e9ral, nous utilisons deux types de cookies : les cookies de session et les cookies persistants. Les cookies de session expirent \u00e0 la fin de la session du navigateur. Les autres cookies, appel\u00e9s \u00ab cookies persistants \u00bb, sont stock\u00e9s sur l\u2019ordinateur ou l\u2019appareil mobile entre les sessions de navigation. Ils restent valables jusqu\u2019\u00e0 la date d\u2019expiration d\u00e9finie par le propri\u00e9taire du site web ou jusqu\u2019\u00e0 leur suppression manuelle par l\u2019utilisateur. Les cookies tiers, notamment ceux utilis\u00e9s par les utilisateurs du site, sont soumis \u00e0 leurs propres politiques de confidentialit\u00e9 et de s\u00e9curit\u00e9. Ces cookies peuvent provenir des tiers suivants : Google, Facebook, bitrix.info, doubleclick.net, addthis.com.     <\/p>\n<p>Les types de cookies suivants sont les plus importants que nous utilisons sur notre site web:<\/p>\n<ul>\n<li><strong>Cookies essentiels \/ de fonctionnement<\/strong> : ces cookies sont indispensables au bon fonctionnement du site et permettent \u00e0 l\u2019utilisateur de naviguer sur celui-ci et d\u2019utiliser les services et fonctionnalit\u00e9s propos\u00e9s par la page web.<\/li>\n<li><strong>Cookies de ciblage ou de publicit\u00e9: <\/strong>ils sont essentiels \u00e0 la mise en \u0153uvre du mod\u00e8le \u00e9conomique, bas\u00e9 sur l\u2019ouverture d\u2019un site web. La d\u00e9sactivation de ces cookies peut entra\u00eener une baisse de certains services payants, les rendant inaccessibles au propri\u00e9taire du site. Ils incluent les cookies marketing et statistiques. Les cookies marketing sont utilis\u00e9s pour diffuser des publicit\u00e9s plus pertinentes en fonction de vos int\u00e9r\u00eats. Ils sont \u00e9galement utilis\u00e9s par les \u00e9diteurs et les agences de publicit\u00e9 pour personnaliser les annonces et sont utiles pour la diffusion de publicit\u00e9s en dehors du site web.    <\/li>\n<li><strong>Cookies de session de travail:<\/strong> ils collectent des informations sur la navigation sur notre site web. Ils peuvent \u00eatre li\u00e9s aux pages les plus consult\u00e9es ou aux messages d\u2019erreur qui apparaissent sur certaines pages. Ils am\u00e9liorent la qualit\u00e9 des services propos\u00e9s par le site web et rendent la navigation plus confortable.  <\/li>\n<li><strong>Cookies de localisation:<\/strong> ils personnalisent les informations que vous voyez en fonction de votre localisation sp\u00e9cifique. <\/li>\n<\/ul>\n<ol start=\"4\">\n<li><strong>Les cookies contiennent-ils des informations personnelles ?<\/strong><\/li>\n<\/ol>\n<p>La collecte d\u2019informations personnelles lors de l\u2019utilisation des cookies est autoris\u00e9e uniquement pour\u2026<\/p>\n<p>remplissent certaines fonctions sp\u00e9cifiques destin\u00e9es aux utilisateurs. Afin de pr\u00e9venir tout acc\u00e8s non autoris\u00e9 ces <\/p>\n<p>informations sont classifi\u00e9es.<\/p>\n<ol start=\"5\">\n<li><strong>Contr\u00f4le et suppression des cookies<\/strong><\/li>\n<\/ol>\n<p>Par d\u00e9faut, la majorit\u00e9 des navigateurs sont configur\u00e9s pour accepter les cookies. Toutefois, ces param\u00e8tres peuvent \u00eatre modifi\u00e9s afin de d\u00e9sactiver les cookies via les r\u00e9glages du navigateur utilis\u00e9. Pour consulter ces param\u00e8tres, vous pouvez acc\u00e9der aux liens suivants pour plus de d\u00e9tails:  <\/p>\n<ul>\n<li><a href=\"https:\/\/support.microsoft.com\/en-us\/help\/17442\/windows-internet-explorer-delete-manage-cookies\">Param\u00e8tres des cookies dans Internet Explorer<\/a><\/li>\n<li><a href=\"https:\/\/support.mozilla.org\/en-US\/kb\/enable-and-disable-cookies-website-preferences\">Param\u00e8tres des cookies dans Firefox<\/a><\/li>\n<li><a href=\"https:\/\/support.google.com\/chrome\/answer\/95647\">Param\u00e8tres des cookies dans Chrome<\/a><\/li>\n<li><a href=\"https:\/\/support.apple.com\/kb\/ph21411\">Param\u00e8tres des cookies dans Safari<\/a><\/li>\n<\/ul>\n<p>La d\u00e9sactivation et la suppression des cookies peuvent affecter le fonctionnement de certaines fonctionnalit\u00e9s du site web.<\/p>\n<p>Pour toute question suppl\u00e9mentaire concernant l\u2019utilisation des cookies sur ce site web, nous vous invitons \u00e0 nous contacter \u00e0 l\u2019adresse e-mail suivante : privacy@PuntoBianco.md.<\/p>\n<h4 class=\"wp-block-heading\">CE DOCUMENT A \u00c9T\u00c9 MIS \u00c0 JOUR POUR LA DERNI\u00c8RE FOIS LE : 30 septembre 2024<\/h4>\n","protected":false},"excerpt":{"rendered":"<p>POLITIQUE D&rsquo;UTILISATION DES FICHIERS COOKIE La pr\u00e9sente politique relative aux cookies permet aux utilisateurs du site web: www.PuntoBianco.md de s\u2019informer sur le placement, l\u2019utilisation et la gestion des fichiers cookie sur ce site. Vizualiz\u00e2nd aceast\u0103 politic\u0103 privind cookie-urile \u0219i folosind aceast\u0103 pagin\u0103 web, sunte\u021bi de acord cu utilizarea noastr\u0103 de cookie-uri pe browserul dvs. \u00een [&hellip;]<\/p>\n","protected":false},"author":2,"featured_media":0,"parent":0,"menu_order":0,"comment_status":"closed","ping_status":"closed","template":"","meta":{"_acf_changed":false,"inline_featured_image":false,"footnotes":""},"class_list":["post-4213","page","type-page","status-publish","hentry"],"acf":[],"yoast_head":"<!-- This site is optimized with the Yoast SEO plugin v26.6 - https:\/\/yoast.com\/wordpress\/plugins\/seo\/ -->\n<title>Cookies - Punto Bianco<\/title>\n<meta name=\"robots\" content=\"index, follow, max-snippet:-1, max-image-preview:large, max-video-preview:-1\" \/>\n<link rel=\"canonical\" href=\"https:\/\/puntobianco.md\/fr\/cookies\/\" \/>\n<meta property=\"og:locale\" content=\"fr_FR\" \/>\n<meta property=\"og:type\" content=\"article\" \/>\n<meta property=\"og:title\" content=\"Cookies - Punto Bianco\" \/>\n<meta property=\"og:description\" content=\"POLITIQUE D&rsquo;UTILISATION DES FICHIERS COOKIE La pr\u00e9sente politique relative aux cookies permet aux utilisateurs du site web: www.PuntoBianco.md de s\u2019informer sur le placement, l\u2019utilisation et la gestion des fichiers cookie sur ce site. Vizualiz\u00e2nd aceast\u0103 politic\u0103 privind cookie-urile \u0219i folosind aceast\u0103 pagin\u0103 web, sunte\u021bi de acord cu utilizarea noastr\u0103 de cookie-uri pe browserul dvs. \u00een [&hellip;]\" \/>\n<meta property=\"og:url\" content=\"https:\/\/puntobianco.md\/fr\/cookies\/\" \/>\n<meta property=\"og:site_name\" content=\"Punto Bianco\" \/>\n<meta property=\"article:publisher\" content=\"https:\/\/www.facebook.com\/PuntoBianco.md\" \/>\n<meta property=\"article:modified_time\" content=\"2026-01-19T08:23:42+00:00\" \/>\n<meta name=\"twitter:card\" content=\"summary_large_image\" \/>\n<meta name=\"twitter:label1\" content=\"Dur\u00e9e de lecture estim\u00e9e\" \/>\n\t<meta name=\"twitter:data1\" content=\"4 minutes\" \/>\n<script type=\"application\/ld+json\" class=\"yoast-schema-graph\">{\"@context\":\"https:\/\/schema.org\",\"@graph\":[{\"@type\":\"WebPage\",\"@id\":\"https:\/\/puntobianco.md\/fr\/cookies\/\",\"url\":\"https:\/\/puntobianco.md\/fr\/cookies\/\",\"name\":\"Cookies - Punto Bianco\",\"isPartOf\":{\"@id\":\"https:\/\/puntobianco.md\/fr\/#website\"},\"datePublished\":\"2024-09-30T13:17:41+00:00\",\"dateModified\":\"2026-01-19T08:23:42+00:00\",\"breadcrumb\":{\"@id\":\"https:\/\/puntobianco.md\/fr\/cookies\/#breadcrumb\"},\"inLanguage\":\"fr-FR\",\"potentialAction\":[{\"@type\":\"ReadAction\",\"target\":[\"https:\/\/puntobianco.md\/fr\/cookies\/\"]}]},{\"@type\":\"BreadcrumbList\",\"@id\":\"https:\/\/puntobianco.md\/fr\/cookies\/#breadcrumb\",\"itemListElement\":[{\"@type\":\"ListItem\",\"position\":1,\"name\":\"Prima pagin\u0103\",\"item\":\"https:\/\/puntobianco.md\/fr\/\"},{\"@type\":\"ListItem\",\"position\":2,\"name\":\"Cookies\"}]},{\"@type\":\"WebSite\",\"@id\":\"https:\/\/puntobianco.md\/fr\/#website\",\"url\":\"https:\/\/puntobianco.md\/fr\/\",\"name\":\"PuntoBianco.md\",\"description\":\"Clinic\u0103 stomatologic\u0103 \u00een Chi\u0219in\u0103u\",\"publisher\":{\"@id\":\"https:\/\/puntobianco.md\/fr\/#organization\"},\"potentialAction\":[{\"@type\":\"SearchAction\",\"target\":{\"@type\":\"EntryPoint\",\"urlTemplate\":\"https:\/\/puntobianco.md\/fr\/?s={search_term_string}\"},\"query-input\":{\"@type\":\"PropertyValueSpecification\",\"valueRequired\":true,\"valueName\":\"search_term_string\"}}],\"inLanguage\":\"fr-FR\"},{\"@type\":\"Organization\",\"@id\":\"https:\/\/puntobianco.md\/fr\/#organization\",\"name\":\"Punto Bianco\",\"url\":\"https:\/\/puntobianco.md\/fr\/\",\"logo\":{\"@type\":\"ImageObject\",\"inLanguage\":\"fr-FR\",\"@id\":\"https:\/\/puntobianco.md\/fr\/#\/schema\/logo\/image\/\",\"url\":\"https:\/\/puntobianco.md\/wp-content\/uploads\/2024\/10\/logo-clinica-punto-bianco.png\",\"contentUrl\":\"https:\/\/puntobianco.md\/wp-content\/uploads\/2024\/10\/logo-clinica-punto-bianco.png\",\"width\":500,\"height\":500,\"caption\":\"Punto Bianco\"},\"image\":{\"@id\":\"https:\/\/puntobianco.md\/fr\/#\/schema\/logo\/image\/\"},\"sameAs\":[\"https:\/\/www.facebook.com\/PuntoBianco.md\",\"https:\/\/www.instagram.com\/clinicapuntobianco\/\",\"https:\/\/www.youtube.com\/@puntobianco-clinicadentale\",\"https:\/\/www.tiktok.com\/@clinicapuntobianco\"]}]}<\/script>\n<!-- \/ Yoast SEO plugin. -->","yoast_head_json":{"title":"Cookies - Punto Bianco","robots":{"index":"index","follow":"follow","max-snippet":"max-snippet:-1","max-image-preview":"max-image-preview:large","max-video-preview":"max-video-preview:-1"},"canonical":"https:\/\/puntobianco.md\/fr\/cookies\/","og_locale":"fr_FR","og_type":"article","og_title":"Cookies - Punto Bianco","og_description":"POLITIQUE D&rsquo;UTILISATION DES FICHIERS COOKIE La pr\u00e9sente politique relative aux cookies permet aux utilisateurs du site web: www.PuntoBianco.md de s\u2019informer sur le placement, l\u2019utilisation et la gestion des fichiers cookie sur ce site. Vizualiz\u00e2nd aceast\u0103 politic\u0103 privind cookie-urile \u0219i folosind aceast\u0103 pagin\u0103 web, sunte\u021bi de acord cu utilizarea noastr\u0103 de cookie-uri pe browserul dvs. \u00een [&hellip;]","og_url":"https:\/\/puntobianco.md\/fr\/cookies\/","og_site_name":"Punto Bianco","article_publisher":"https:\/\/www.facebook.com\/PuntoBianco.md","article_modified_time":"2026-01-19T08:23:42+00:00","twitter_card":"summary_large_image","twitter_misc":{"Dur\u00e9e de lecture estim\u00e9e":"4 minutes"},"schema":{"@context":"https:\/\/schema.org","@graph":[{"@type":"WebPage","@id":"https:\/\/puntobianco.md\/fr\/cookies\/","url":"https:\/\/puntobianco.md\/fr\/cookies\/","name":"Cookies - Punto Bianco","isPartOf":{"@id":"https:\/\/puntobianco.md\/fr\/#website"},"datePublished":"2024-09-30T13:17:41+00:00","dateModified":"2026-01-19T08:23:42+00:00","breadcrumb":{"@id":"https:\/\/puntobianco.md\/fr\/cookies\/#breadcrumb"},"inLanguage":"fr-FR","potentialAction":[{"@type":"ReadAction","target":["https:\/\/puntobianco.md\/fr\/cookies\/"]}]},{"@type":"BreadcrumbList","@id":"https:\/\/puntobianco.md\/fr\/cookies\/#breadcrumb","itemListElement":[{"@type":"ListItem","position":1,"name":"Prima pagin\u0103","item":"https:\/\/puntobianco.md\/fr\/"},{"@type":"ListItem","position":2,"name":"Cookies"}]},{"@type":"WebSite","@id":"https:\/\/puntobianco.md\/fr\/#website","url":"https:\/\/puntobianco.md\/fr\/","name":"PuntoBianco.md","description":"Clinic\u0103 stomatologic\u0103 \u00een Chi\u0219in\u0103u","publisher":{"@id":"https:\/\/puntobianco.md\/fr\/#organization"},"potentialAction":[{"@type":"SearchAction","target":{"@type":"EntryPoint","urlTemplate":"https:\/\/puntobianco.md\/fr\/?s={search_term_string}"},"query-input":{"@type":"PropertyValueSpecification","valueRequired":true,"valueName":"search_term_string"}}],"inLanguage":"fr-FR"},{"@type":"Organization","@id":"https:\/\/puntobianco.md\/fr\/#organization","name":"Punto Bianco","url":"https:\/\/puntobianco.md\/fr\/","logo":{"@type":"ImageObject","inLanguage":"fr-FR","@id":"https:\/\/puntobianco.md\/fr\/#\/schema\/logo\/image\/","url":"https:\/\/puntobianco.md\/wp-content\/uploads\/2024\/10\/logo-clinica-punto-bianco.png","contentUrl":"https:\/\/puntobianco.md\/wp-content\/uploads\/2024\/10\/logo-clinica-punto-bianco.png","width":500,"height":500,"caption":"Punto Bianco"},"image":{"@id":"https:\/\/puntobianco.md\/fr\/#\/schema\/logo\/image\/"},"sameAs":["https:\/\/www.facebook.com\/PuntoBianco.md","https:\/\/www.instagram.com\/clinicapuntobianco\/","https:\/\/www.youtube.com\/@puntobianco-clinicadentale","https:\/\/www.tiktok.com\/@clinicapuntobianco"]}]}},"_links":{"self":[{"href":"https:\/\/puntobianco.md\/fr\/wp-json\/wp\/v2\/pages\/4213","targetHints":{"allow":["GET"]}}],"collection":[{"href":"https:\/\/puntobianco.md\/fr\/wp-json\/wp\/v2\/pages"}],"about":[{"href":"https:\/\/puntobianco.md\/fr\/wp-json\/wp\/v2\/types\/page"}],"author":[{"embeddable":true,"href":"https:\/\/puntobianco.md\/fr\/wp-json\/wp\/v2\/users\/2"}],"replies":[{"embeddable":true,"href":"https:\/\/puntobianco.md\/fr\/wp-json\/wp\/v2\/comments?post=4213"}],"version-history":[{"count":2,"href":"https:\/\/puntobianco.md\/fr\/wp-json\/wp\/v2\/pages\/4213\/revisions"}],"predecessor-version":[{"id":4341,"href":"https:\/\/puntobianco.md\/fr\/wp-json\/wp\/v2\/pages\/4213\/revisions\/4341"}],"wp:attachment":[{"href":"https:\/\/puntobianco.md\/fr\/wp-json\/wp\/v2\/media?parent=4213"}],"curies":[{"name":"wp","href":"https:\/\/api.w.org\/{rel}","templated":true}]}}