{"id":4431,"date":"2024-09-03T12:24:57","date_gmt":"2024-09-03T09:24:57","guid":{"rendered":"https:\/\/puntobianco.md\/terminos-y-condiciones\/"},"modified":"2024-09-03T12:24:57","modified_gmt":"2024-09-03T09:24:57","slug":"terminos-y-condiciones","status":"publish","type":"page","link":"https:\/\/puntobianco.md\/es\/terminos-y-condiciones\/","title":{"rendered":"T\u00e9rminos y condiciones"},"content":{"rendered":"<p>Le rogamos que lea atentamente estos T\u00e9rminos de uso antes de acceder al sitio <a href=\"https:\/\/puntobianco.md\/\">https:\/\/PuntoBianco.md<\/a>, operado por Punto Bianco SRL.<\/p>\n<p>Su acceso y uso del servicio est\u00e1n condicionados a la aceptaci\u00f3n y el cumplimiento de estos t\u00e9rminos. Estos T\u00e9rminos se aplican a todos los visitantes, usuarios y dem\u00e1s personas que acceden o utilizan el Servicio.   <\/p>\n<p>Al acceder o utilizar el Servicio, usted acepta cumplir con estos T\u00e9rminos. Si no est\u00e1 de acuerdo con alguna parte de los T\u00e9rminos, es posible que no acceda al Servicio <\/p>\n<h2 class=\"wp-block-heading\">Cuentas<\/h2>\n<p>Cuando crea una cuenta con nosotros, debe proporcionarnos informaci\u00f3n correcta, completa y actualizada en todo momento. El incumplimiento de esta obligaci\u00f3n constituye una violaci\u00f3n de los T\u00e9rminos y puede dar lugar a la cancelaci\u00f3n inmediata de su cuenta dentro de nuestro Servicio.  <\/p>\n<p>Usted es responsable de proteger la contrase\u00f1a que utiliza para acceder al Servicio y de cualquier actividad o acci\u00f3n realizada bajo su contrase\u00f1a, independientemente de si la contrase\u00f1a corresponde a nuestro Servicio o a un servicio de terceros.<\/p>\n<p>Usted se compromete a no divulgar su contrase\u00f1a a ning\u00fan tercero. Debe notificarnos inmediatamente al tener conocimiento de cualquier violaci\u00f3n de seguridad o uso no autorizado de su cuenta. <\/p>\n<h2 class=\"wp-block-heading\">Propiedad intelectual<\/h2>\n<p>El Servicio y su contenido, caracter\u00edsticas y funcionalidades originales son y seguir\u00e1n siendo propiedad exclusiva de Punto Bianco \/ TravelToDentist.com y de sus licenciantes.<\/p>\n<h2 class=\"wp-block-heading\">Enlaces a otros sitios web<\/h2>\n<p>Nuestro Servicio puede contener enlaces a sitios web o servicios de terceros que no son propiedad ni est\u00e1n controlados por Punto Bianco.<\/p>\n<p>Punto Bianco no tiene control alguno ni asume responsabilidad por el contenido, las pol\u00edticas de privacidad o las pr\u00e1cticas de los sitios web o servicios de terceros. Asimismo, usted reconoce y acepta que Punto Bianco no ser\u00e1 responsable, directa ni indirectamente, por ning\u00fan da\u00f1o o p\u00e9rdida causados o supuestamente causados por o en relaci\u00f3n con el uso o la confianza en dicho contenido, bienes o servicios disponibles en o a trav\u00e9s de dichos sitios web o servicios. <\/p>\n<p>Le recomendamos que lea los t\u00e9rminos y condiciones y las pol\u00edticas de privacidad de cualquier sitio web o servicio de terceros que visite.<\/p>\n<h2 class=\"wp-block-heading\">Rescisi\u00f3n<\/h2>\n<p>Podemos rescindir o suspender el acceso a nuestro Servicio de forma inmediata, sin previo aviso ni responsabilidad, por cualquier motivo, incluyendo, sin limitaci\u00f3n, el incumplimiento de los T\u00e9rminos.<\/p>\n<p>Todas las disposiciones de los T\u00e9rminos que, por su naturaleza, deban sobrevivir a la terminaci\u00f3n, sobrevivir\u00e1n a la rescisi\u00f3n, incluyendo, sin limitaci\u00f3n, las disposiciones de propiedad, las renuncias de garant\u00edas, las indemnizaciones y las limitaciones de responsabilidad.<\/p>\n<p>Podemos rescindir o suspender su cuenta de forma inmediata, sin previo aviso ni responsabilidad, por cualquier motivo, incluyendo, sin limitaci\u00f3n, el incumplimiento de los T\u00e9rminos.<\/p>\n<p>Tras la rescisi\u00f3n, su derecho a utilizar el Servicio cesar\u00e1 de inmediato. Si desea rescindir su cuenta, puede simplemente dejar de utilizar el Servicio.  <\/p>\n<p>Todas las disposiciones de los T\u00e9rminos que, por su naturaleza, deban sobrevivir a la terminaci\u00f3n, sobrevivir\u00e1n a la rescisi\u00f3n, incluyendo, sin limitaci\u00f3n, las disposiciones de propiedad, las renuncias de garant\u00edas, las indemnizaciones y las limitaciones de responsabilidad.<\/p>\n<h2 class=\"wp-block-heading\">Exenci\u00f3n de responsabilidad<\/h2>\n<p>El uso del Servicio es bajo su propia responsabilidad. El Servicio se proporciona ,,TAL CUAL\u201d y ,,SEG\u00daN DISPONIBILIDAD\u201d. El Servicio se ofrece sin ning\u00fan tipo de garant\u00eda, ya sea expresa o impl\u00edcita, incluidas, entre otras, las garant\u00edas impl\u00edcitas de comerciabilidad, idoneidad para un prop\u00f3sito determinado, no incumplimiento o curso de ejecuci\u00f3n.  <\/p>\n<h2 class=\"wp-block-heading\">Ley aplicable<\/h2>\n<p>Estos T\u00e9rminos se regir\u00e1n e interpretar\u00e1n de conformidad con las leyes de la Rep\u00fablica de Moldavia, sin tener en cuenta sus disposiciones sobre conflicto de leyes.<\/p>\n<p>El hecho de que no hagamos valer cualquier derecho o disposici\u00f3n de estos T\u00e9rminos no se considerar\u00e1 una renuncia a dichos derechos. Si alguna disposici\u00f3n de estos T\u00e9rminos es considerada inv\u00e1lida o inaplicable por un tribunal, las dem\u00e1s disposiciones permanecer\u00e1n en vigor. Estos T\u00e9rminos constituyen el acuerdo completo entre usted y nosotros en relaci\u00f3n con nuestro Servicio y sustituyen cualquier acuerdo previo que pudi\u00e9ramos haber tenido entre las partes con respecto al Servicio.  <\/p>\n<h2 class=\"wp-block-heading\">Modificaciones<\/h2>\n<p>Nos reservamos el derecho, a nuestra entera discreci\u00f3n, de modificar o sustituir estos T\u00e9rminos en cualquier momento. Si una revisi\u00f3n es significativa, intentaremos proporcionar un aviso con al menos 30 d\u00edas de antelaci\u00f3n antes de que entren en vigor los nuevos t\u00e9rminos. Lo que constituya un cambio material ser\u00e1 determinado a nuestra discreci\u00f3n.  <\/p>\n<p>Al continuar accediendo o utilizando nuestro Servicio despu\u00e9s de que estas revisiones entren en vigor, usted acepta cumplir con los t\u00e9rminos revisados. Si no est\u00e1 de acuerdo con los nuevos t\u00e9rminos, le rogamos que deje de utilizar el Servicio. <\/p>\n<h2 class=\"wp-block-heading\">Cont\u00e1ctenos<\/h2>\n<p>Si tiene preguntas sobre estos T\u00e9rminos, puede contactarnos por correo electr\u00f3nico en la <strong>cl\u00ednica dental multiling\u00fce Punto Bianco \/ TravelToDentist<\/strong>, MD-2001, Moldavia, Chisin\u00e1u, Str. 31 August 37\/1 o por tel\u00e9fono al +37368187171. <\/p>\n<h4 class=\"wp-block-heading\">ESTE DOCUMENTO FUE ACTUALIZADO POR \u00daLTIMA VEZ EL: 21 de enero de 2026<\/h4>\n","protected":false},"excerpt":{"rendered":"<p>Le rogamos que lea atentamente estos T\u00e9rminos de uso antes de acceder al sitio https:\/\/PuntoBianco.md, operado por Punto Bianco SRL. Su acceso y uso del servicio est\u00e1n condicionados a la aceptaci\u00f3n y el cumplimiento de estos t\u00e9rminos. Estos T\u00e9rminos se aplican a todos los visitantes, usuarios y dem\u00e1s personas que acceden o utilizan el Servicio. [&hellip;]<\/p>\n","protected":false},"author":1,"featured_media":0,"parent":0,"menu_order":0,"comment_status":"closed","ping_status":"closed","template":"","meta":{"_acf_changed":false,"inline_featured_image":false,"footnotes":""},"class_list":["post-4431","page","type-page","status-publish","hentry"],"acf":[],"yoast_head":"<!-- This site is optimized with the Yoast SEO plugin v26.6 - https:\/\/yoast.com\/wordpress\/plugins\/seo\/ -->\n<title>T\u00e9rminos y condiciones - Punto Bianco<\/title>\n<meta name=\"robots\" content=\"index, follow, max-snippet:-1, max-image-preview:large, max-video-preview:-1\" \/>\n<link rel=\"canonical\" href=\"https:\/\/puntobianco.md\/es\/terminos-y-condiciones\/\" \/>\n<meta property=\"og:locale\" content=\"es_ES\" \/>\n<meta property=\"og:type\" content=\"article\" \/>\n<meta property=\"og:title\" content=\"T\u00e9rminos y condiciones - Punto Bianco\" \/>\n<meta property=\"og:description\" content=\"Le rogamos que lea atentamente estos T\u00e9rminos de uso antes de acceder al sitio https:\/\/PuntoBianco.md, operado por Punto Bianco SRL. Su acceso y uso del servicio est\u00e1n condicionados a la aceptaci\u00f3n y el cumplimiento de estos t\u00e9rminos. Estos T\u00e9rminos se aplican a todos los visitantes, usuarios y dem\u00e1s personas que acceden o utilizan el Servicio. [&hellip;]\" \/>\n<meta property=\"og:url\" content=\"https:\/\/puntobianco.md\/es\/terminos-y-condiciones\/\" \/>\n<meta property=\"og:site_name\" content=\"Punto Bianco\" \/>\n<meta property=\"article:publisher\" content=\"https:\/\/www.facebook.com\/PuntoBianco.md\" \/>\n<meta name=\"twitter:card\" content=\"summary_large_image\" \/>\n<meta name=\"twitter:label1\" content=\"Tiempo de lectura\" \/>\n\t<meta name=\"twitter:data1\" content=\"4 minutos\" \/>\n<script type=\"application\/ld+json\" class=\"yoast-schema-graph\">{\"@context\":\"https:\/\/schema.org\",\"@graph\":[{\"@type\":\"WebPage\",\"@id\":\"https:\/\/puntobianco.md\/es\/terminos-y-condiciones\/\",\"url\":\"https:\/\/puntobianco.md\/es\/terminos-y-condiciones\/\",\"name\":\"T\u00e9rminos y condiciones - Punto Bianco\",\"isPartOf\":{\"@id\":\"https:\/\/puntobianco.md\/es\/#website\"},\"datePublished\":\"2024-09-03T09:24:57+00:00\",\"breadcrumb\":{\"@id\":\"https:\/\/puntobianco.md\/es\/terminos-y-condiciones\/#breadcrumb\"},\"inLanguage\":\"es\",\"potentialAction\":[{\"@type\":\"ReadAction\",\"target\":[\"https:\/\/puntobianco.md\/es\/terminos-y-condiciones\/\"]}]},{\"@type\":\"BreadcrumbList\",\"@id\":\"https:\/\/puntobianco.md\/es\/terminos-y-condiciones\/#breadcrumb\",\"itemListElement\":[{\"@type\":\"ListItem\",\"position\":1,\"name\":\"Prima pagin\u0103\",\"item\":\"https:\/\/puntobianco.md\/es\/pagina-principala\/\"},{\"@type\":\"ListItem\",\"position\":2,\"name\":\"T\u00e9rminos y condiciones\"}]},{\"@type\":\"WebSite\",\"@id\":\"https:\/\/puntobianco.md\/es\/#website\",\"url\":\"https:\/\/puntobianco.md\/es\/\",\"name\":\"PuntoBianco.md\",\"description\":\"Clinic\u0103 stomatologic\u0103 \u00een Chi\u0219in\u0103u\",\"publisher\":{\"@id\":\"https:\/\/puntobianco.md\/es\/#organization\"},\"potentialAction\":[{\"@type\":\"SearchAction\",\"target\":{\"@type\":\"EntryPoint\",\"urlTemplate\":\"https:\/\/puntobianco.md\/es\/?s={search_term_string}\"},\"query-input\":{\"@type\":\"PropertyValueSpecification\",\"valueRequired\":true,\"valueName\":\"search_term_string\"}}],\"inLanguage\":\"es\"},{\"@type\":\"Organization\",\"@id\":\"https:\/\/puntobianco.md\/es\/#organization\",\"name\":\"Punto Bianco\",\"url\":\"https:\/\/puntobianco.md\/es\/\",\"logo\":{\"@type\":\"ImageObject\",\"inLanguage\":\"es\",\"@id\":\"https:\/\/puntobianco.md\/es\/#\/schema\/logo\/image\/\",\"url\":\"https:\/\/puntobianco.md\/wp-content\/uploads\/2024\/10\/logo-clinica-punto-bianco.png\",\"contentUrl\":\"https:\/\/puntobianco.md\/wp-content\/uploads\/2024\/10\/logo-clinica-punto-bianco.png\",\"width\":500,\"height\":500,\"caption\":\"Punto Bianco\"},\"image\":{\"@id\":\"https:\/\/puntobianco.md\/es\/#\/schema\/logo\/image\/\"},\"sameAs\":[\"https:\/\/www.facebook.com\/PuntoBianco.md\",\"https:\/\/www.instagram.com\/clinicapuntobianco\/\",\"https:\/\/www.youtube.com\/@puntobianco-clinicadentale\",\"https:\/\/www.tiktok.com\/@clinicapuntobianco\"]}]}<\/script>\n<!-- \/ Yoast SEO plugin. -->","yoast_head_json":{"title":"T\u00e9rminos y condiciones - Punto Bianco","robots":{"index":"index","follow":"follow","max-snippet":"max-snippet:-1","max-image-preview":"max-image-preview:large","max-video-preview":"max-video-preview:-1"},"canonical":"https:\/\/puntobianco.md\/es\/terminos-y-condiciones\/","og_locale":"es_ES","og_type":"article","og_title":"T\u00e9rminos y condiciones - Punto Bianco","og_description":"Le rogamos que lea atentamente estos T\u00e9rminos de uso antes de acceder al sitio https:\/\/PuntoBianco.md, operado por Punto Bianco SRL. Su acceso y uso del servicio est\u00e1n condicionados a la aceptaci\u00f3n y el cumplimiento de estos t\u00e9rminos. Estos T\u00e9rminos se aplican a todos los visitantes, usuarios y dem\u00e1s personas que acceden o utilizan el Servicio. [&hellip;]","og_url":"https:\/\/puntobianco.md\/es\/terminos-y-condiciones\/","og_site_name":"Punto Bianco","article_publisher":"https:\/\/www.facebook.com\/PuntoBianco.md","twitter_card":"summary_large_image","twitter_misc":{"Tiempo de lectura":"4 minutos"},"schema":{"@context":"https:\/\/schema.org","@graph":[{"@type":"WebPage","@id":"https:\/\/puntobianco.md\/es\/terminos-y-condiciones\/","url":"https:\/\/puntobianco.md\/es\/terminos-y-condiciones\/","name":"T\u00e9rminos y condiciones - Punto Bianco","isPartOf":{"@id":"https:\/\/puntobianco.md\/es\/#website"},"datePublished":"2024-09-03T09:24:57+00:00","breadcrumb":{"@id":"https:\/\/puntobianco.md\/es\/terminos-y-condiciones\/#breadcrumb"},"inLanguage":"es","potentialAction":[{"@type":"ReadAction","target":["https:\/\/puntobianco.md\/es\/terminos-y-condiciones\/"]}]},{"@type":"BreadcrumbList","@id":"https:\/\/puntobianco.md\/es\/terminos-y-condiciones\/#breadcrumb","itemListElement":[{"@type":"ListItem","position":1,"name":"Prima pagin\u0103","item":"https:\/\/puntobianco.md\/es\/pagina-principala\/"},{"@type":"ListItem","position":2,"name":"T\u00e9rminos y condiciones"}]},{"@type":"WebSite","@id":"https:\/\/puntobianco.md\/es\/#website","url":"https:\/\/puntobianco.md\/es\/","name":"PuntoBianco.md","description":"Clinic\u0103 stomatologic\u0103 \u00een Chi\u0219in\u0103u","publisher":{"@id":"https:\/\/puntobianco.md\/es\/#organization"},"potentialAction":[{"@type":"SearchAction","target":{"@type":"EntryPoint","urlTemplate":"https:\/\/puntobianco.md\/es\/?s={search_term_string}"},"query-input":{"@type":"PropertyValueSpecification","valueRequired":true,"valueName":"search_term_string"}}],"inLanguage":"es"},{"@type":"Organization","@id":"https:\/\/puntobianco.md\/es\/#organization","name":"Punto Bianco","url":"https:\/\/puntobianco.md\/es\/","logo":{"@type":"ImageObject","inLanguage":"es","@id":"https:\/\/puntobianco.md\/es\/#\/schema\/logo\/image\/","url":"https:\/\/puntobianco.md\/wp-content\/uploads\/2024\/10\/logo-clinica-punto-bianco.png","contentUrl":"https:\/\/puntobianco.md\/wp-content\/uploads\/2024\/10\/logo-clinica-punto-bianco.png","width":500,"height":500,"caption":"Punto Bianco"},"image":{"@id":"https:\/\/puntobianco.md\/es\/#\/schema\/logo\/image\/"},"sameAs":["https:\/\/www.facebook.com\/PuntoBianco.md","https:\/\/www.instagram.com\/clinicapuntobianco\/","https:\/\/www.youtube.com\/@puntobianco-clinicadentale","https:\/\/www.tiktok.com\/@clinicapuntobianco"]}]}},"_links":{"self":[{"href":"https:\/\/puntobianco.md\/es\/wp-json\/wp\/v2\/pages\/4431","targetHints":{"allow":["GET"]}}],"collection":[{"href":"https:\/\/puntobianco.md\/es\/wp-json\/wp\/v2\/pages"}],"about":[{"href":"https:\/\/puntobianco.md\/es\/wp-json\/wp\/v2\/types\/page"}],"author":[{"embeddable":true,"href":"https:\/\/puntobianco.md\/es\/wp-json\/wp\/v2\/users\/1"}],"replies":[{"embeddable":true,"href":"https:\/\/puntobianco.md\/es\/wp-json\/wp\/v2\/comments?post=4431"}],"version-history":[{"count":0,"href":"https:\/\/puntobianco.md\/es\/wp-json\/wp\/v2\/pages\/4431\/revisions"}],"wp:attachment":[{"href":"https:\/\/puntobianco.md\/es\/wp-json\/wp\/v2\/media?parent=4431"}],"curies":[{"name":"wp","href":"https:\/\/api.w.org\/{rel}","templated":true}]}}