{"id":4381,"date":"2024-06-25T22:45:21","date_gmt":"2024-06-25T19:45:21","guid":{"rendered":"https:\/\/puntobianco.md\/precios\/"},"modified":"2024-06-25T22:45:21","modified_gmt":"2024-06-25T19:45:21","slug":"precios","status":"publish","type":"page","link":"https:\/\/puntobianco.md\/es\/precios\/","title":{"rendered":"Precios"},"content":{"rendered":"<p>Somos transparentes y no ocultamos nada, ni siquiera los precios. Consulta a continuaci\u00f3n las ofertas especiales y la lista de precios de los servicios odontol\u00f3gicos de la cl\u00ednica Punto Bianco en Chi\u0219in\u0103u. Para mayor comodidad, hemos agrupado los tratamientos m\u00e1s solicitados por categor\u00edas.  <\/p>\n<p>Si no encuentras el tratamiento deseado en la lista de precios, puedes <a href=\"#contactWrap\">solicitar informaci\u00f3n o una estimaci\u00f3n gratuita<\/a>. Por lo general, recibir\u00e1s una respuesta sobre el tratamiento dental en Moldavia en un plazo de un d\u00eda laborable. Para atenci\u00f3n prioritaria, llama al <a href=\"tel:+37368187171\">+373 68 187 171<\/a>  <\/p>\n","protected":false},"excerpt":{"rendered":"<p>Somos transparentes y no ocultamos nada, ni siquiera los precios. Consulta a continuaci\u00f3n las ofertas especiales y la lista de precios de los servicios odontol\u00f3gicos de la cl\u00ednica Punto Bianco en Chi\u0219in\u0103u. Para mayor comodidad, hemos agrupado los tratamientos m\u00e1s solicitados por categor\u00edas. Si no encuentras el tratamiento deseado en la lista de precios, puedes [&hellip;]<\/p>\n","protected":false},"author":1,"featured_media":651,"parent":0,"menu_order":0,"comment_status":"closed","ping_status":"closed","template":"templates\/prices.php","meta":{"_acf_changed":false,"inline_featured_image":false,"footnotes":""},"class_list":["post-4381","page","type-page","status-publish","has-post-thumbnail","hentry"],"acf":[],"yoast_head":"<!-- This site is optimized with the Yoast SEO plugin v26.6 - https:\/\/yoast.com\/wordpress\/plugins\/seo\/ -->\n<title>Precios cl\u00ednica dental Punto Bianco Chi\u0219in\u0103u. Tarifas Moldavia<\/title>\n<meta name=\"description\" content=\"Descubra cu\u00e1nto cuestan los tratamientos dentales. Lista de precios del dentista en Moldavia. Ofertas y paquetes de precios para servicios dentales en Chi\u0219in\u0103u.\" \/>\n<meta name=\"robots\" content=\"index, follow, max-snippet:-1, max-image-preview:large, max-video-preview:-1\" \/>\n<link rel=\"canonical\" href=\"https:\/\/puntobianco.md\/es\/precios\/\" \/>\n<meta property=\"og:locale\" content=\"es_ES\" \/>\n<meta property=\"og:type\" content=\"article\" \/>\n<meta property=\"og:title\" content=\"Precios cl\u00ednica dental Punto Bianco Chi\u0219in\u0103u. Tarifas Moldavia\" \/>\n<meta property=\"og:description\" content=\"Descubra cu\u00e1nto cuestan los tratamientos dentales. Lista de precios del dentista en Moldavia. Ofertas y paquetes de precios para servicios dentales en Chi\u0219in\u0103u.\" \/>\n<meta property=\"og:url\" content=\"https:\/\/puntobianco.md\/es\/precios\/\" \/>\n<meta property=\"og:site_name\" content=\"Punto Bianco\" \/>\n<meta property=\"article:publisher\" content=\"https:\/\/www.facebook.com\/PuntoBianco.md\" \/>\n<meta property=\"og:image\" content=\"https:\/\/puntobianco.md\/wp-content\/uploads\/2024\/08\/prices-bg-min.jpg\" \/>\n\t<meta property=\"og:image:width\" content=\"1820\" \/>\n\t<meta property=\"og:image:height\" content=\"633\" \/>\n\t<meta property=\"og:image:type\" content=\"image\/jpeg\" \/>\n<meta name=\"twitter:card\" content=\"summary_large_image\" \/>\n<script type=\"application\/ld+json\" class=\"yoast-schema-graph\">{\"@context\":\"https:\/\/schema.org\",\"@graph\":[{\"@type\":\"WebPage\",\"@id\":\"https:\/\/puntobianco.md\/es\/precios\/\",\"url\":\"https:\/\/puntobianco.md\/es\/precios\/\",\"name\":\"Precios cl\u00ednica dental Punto Bianco Chi\u0219in\u0103u. Tarifas Moldavia\",\"isPartOf\":{\"@id\":\"https:\/\/puntobianco.md\/es\/#website\"},\"primaryImageOfPage\":{\"@id\":\"https:\/\/puntobianco.md\/es\/precios\/#primaryimage\"},\"image\":{\"@id\":\"https:\/\/puntobianco.md\/es\/precios\/#primaryimage\"},\"thumbnailUrl\":\"https:\/\/puntobianco.md\/wp-content\/uploads\/2024\/08\/prices-bg-min.jpg\",\"datePublished\":\"2024-06-25T19:45:21+00:00\",\"description\":\"Descubra cu\u00e1nto cuestan los tratamientos dentales. Lista de precios del dentista en Moldavia. Ofertas y paquetes de precios para servicios dentales en Chi\u0219in\u0103u.\",\"breadcrumb\":{\"@id\":\"https:\/\/puntobianco.md\/es\/precios\/#breadcrumb\"},\"inLanguage\":\"es\",\"potentialAction\":[{\"@type\":\"ReadAction\",\"target\":[\"https:\/\/puntobianco.md\/es\/precios\/\"]}]},{\"@type\":\"ImageObject\",\"inLanguage\":\"es\",\"@id\":\"https:\/\/puntobianco.md\/es\/precios\/#primaryimage\",\"url\":\"https:\/\/puntobianco.md\/wp-content\/uploads\/2024\/08\/prices-bg-min.jpg\",\"contentUrl\":\"https:\/\/puntobianco.md\/wp-content\/uploads\/2024\/08\/prices-bg-min.jpg\",\"width\":1820,\"height\":633},{\"@type\":\"BreadcrumbList\",\"@id\":\"https:\/\/puntobianco.md\/es\/precios\/#breadcrumb\",\"itemListElement\":[{\"@type\":\"ListItem\",\"position\":1,\"name\":\"Prima pagin\u0103\",\"item\":\"https:\/\/puntobianco.md\/es\/pagina-principala\/\"},{\"@type\":\"ListItem\",\"position\":2,\"name\":\"Precios\"}]},{\"@type\":\"WebSite\",\"@id\":\"https:\/\/puntobianco.md\/es\/#website\",\"url\":\"https:\/\/puntobianco.md\/es\/\",\"name\":\"PuntoBianco.md\",\"description\":\"Clinic\u0103 stomatologic\u0103 \u00een Chi\u0219in\u0103u\",\"publisher\":{\"@id\":\"https:\/\/puntobianco.md\/es\/#organization\"},\"potentialAction\":[{\"@type\":\"SearchAction\",\"target\":{\"@type\":\"EntryPoint\",\"urlTemplate\":\"https:\/\/puntobianco.md\/es\/?s={search_term_string}\"},\"query-input\":{\"@type\":\"PropertyValueSpecification\",\"valueRequired\":true,\"valueName\":\"search_term_string\"}}],\"inLanguage\":\"es\"},{\"@type\":\"Organization\",\"@id\":\"https:\/\/puntobianco.md\/es\/#organization\",\"name\":\"Punto Bianco\",\"url\":\"https:\/\/puntobianco.md\/es\/\",\"logo\":{\"@type\":\"ImageObject\",\"inLanguage\":\"es\",\"@id\":\"https:\/\/puntobianco.md\/es\/#\/schema\/logo\/image\/\",\"url\":\"https:\/\/puntobianco.md\/wp-content\/uploads\/2024\/10\/logo-clinica-punto-bianco.png\",\"contentUrl\":\"https:\/\/puntobianco.md\/wp-content\/uploads\/2024\/10\/logo-clinica-punto-bianco.png\",\"width\":500,\"height\":500,\"caption\":\"Punto Bianco\"},\"image\":{\"@id\":\"https:\/\/puntobianco.md\/es\/#\/schema\/logo\/image\/\"},\"sameAs\":[\"https:\/\/www.facebook.com\/PuntoBianco.md\",\"https:\/\/www.instagram.com\/clinicapuntobianco\/\",\"https:\/\/www.youtube.com\/@puntobianco-clinicadentale\",\"https:\/\/www.tiktok.com\/@clinicapuntobianco\"]}]}<\/script>\n<!-- \/ Yoast SEO plugin. -->","yoast_head_json":{"title":"Precios cl\u00ednica dental Punto Bianco Chi\u0219in\u0103u. Tarifas Moldavia","description":"Descubra cu\u00e1nto cuestan los tratamientos dentales. Lista de precios del dentista en Moldavia. Ofertas y paquetes de precios para servicios dentales en Chi\u0219in\u0103u.","robots":{"index":"index","follow":"follow","max-snippet":"max-snippet:-1","max-image-preview":"max-image-preview:large","max-video-preview":"max-video-preview:-1"},"canonical":"https:\/\/puntobianco.md\/es\/precios\/","og_locale":"es_ES","og_type":"article","og_title":"Precios cl\u00ednica dental Punto Bianco Chi\u0219in\u0103u. Tarifas Moldavia","og_description":"Descubra cu\u00e1nto cuestan los tratamientos dentales. Lista de precios del dentista en Moldavia. Ofertas y paquetes de precios para servicios dentales en Chi\u0219in\u0103u.","og_url":"https:\/\/puntobianco.md\/es\/precios\/","og_site_name":"Punto Bianco","article_publisher":"https:\/\/www.facebook.com\/PuntoBianco.md","og_image":[{"width":1820,"height":633,"url":"https:\/\/puntobianco.md\/wp-content\/uploads\/2024\/08\/prices-bg-min.jpg","type":"image\/jpeg"}],"twitter_card":"summary_large_image","schema":{"@context":"https:\/\/schema.org","@graph":[{"@type":"WebPage","@id":"https:\/\/puntobianco.md\/es\/precios\/","url":"https:\/\/puntobianco.md\/es\/precios\/","name":"Precios cl\u00ednica dental Punto Bianco Chi\u0219in\u0103u. Tarifas Moldavia","isPartOf":{"@id":"https:\/\/puntobianco.md\/es\/#website"},"primaryImageOfPage":{"@id":"https:\/\/puntobianco.md\/es\/precios\/#primaryimage"},"image":{"@id":"https:\/\/puntobianco.md\/es\/precios\/#primaryimage"},"thumbnailUrl":"https:\/\/puntobianco.md\/wp-content\/uploads\/2024\/08\/prices-bg-min.jpg","datePublished":"2024-06-25T19:45:21+00:00","description":"Descubra cu\u00e1nto cuestan los tratamientos dentales. Lista de precios del dentista en Moldavia. Ofertas y paquetes de precios para servicios dentales en Chi\u0219in\u0103u.","breadcrumb":{"@id":"https:\/\/puntobianco.md\/es\/precios\/#breadcrumb"},"inLanguage":"es","potentialAction":[{"@type":"ReadAction","target":["https:\/\/puntobianco.md\/es\/precios\/"]}]},{"@type":"ImageObject","inLanguage":"es","@id":"https:\/\/puntobianco.md\/es\/precios\/#primaryimage","url":"https:\/\/puntobianco.md\/wp-content\/uploads\/2024\/08\/prices-bg-min.jpg","contentUrl":"https:\/\/puntobianco.md\/wp-content\/uploads\/2024\/08\/prices-bg-min.jpg","width":1820,"height":633},{"@type":"BreadcrumbList","@id":"https:\/\/puntobianco.md\/es\/precios\/#breadcrumb","itemListElement":[{"@type":"ListItem","position":1,"name":"Prima pagin\u0103","item":"https:\/\/puntobianco.md\/es\/pagina-principala\/"},{"@type":"ListItem","position":2,"name":"Precios"}]},{"@type":"WebSite","@id":"https:\/\/puntobianco.md\/es\/#website","url":"https:\/\/puntobianco.md\/es\/","name":"PuntoBianco.md","description":"Clinic\u0103 stomatologic\u0103 \u00een Chi\u0219in\u0103u","publisher":{"@id":"https:\/\/puntobianco.md\/es\/#organization"},"potentialAction":[{"@type":"SearchAction","target":{"@type":"EntryPoint","urlTemplate":"https:\/\/puntobianco.md\/es\/?s={search_term_string}"},"query-input":{"@type":"PropertyValueSpecification","valueRequired":true,"valueName":"search_term_string"}}],"inLanguage":"es"},{"@type":"Organization","@id":"https:\/\/puntobianco.md\/es\/#organization","name":"Punto Bianco","url":"https:\/\/puntobianco.md\/es\/","logo":{"@type":"ImageObject","inLanguage":"es","@id":"https:\/\/puntobianco.md\/es\/#\/schema\/logo\/image\/","url":"https:\/\/puntobianco.md\/wp-content\/uploads\/2024\/10\/logo-clinica-punto-bianco.png","contentUrl":"https:\/\/puntobianco.md\/wp-content\/uploads\/2024\/10\/logo-clinica-punto-bianco.png","width":500,"height":500,"caption":"Punto Bianco"},"image":{"@id":"https:\/\/puntobianco.md\/es\/#\/schema\/logo\/image\/"},"sameAs":["https:\/\/www.facebook.com\/PuntoBianco.md","https:\/\/www.instagram.com\/clinicapuntobianco\/","https:\/\/www.youtube.com\/@puntobianco-clinicadentale","https:\/\/www.tiktok.com\/@clinicapuntobianco"]}]}},"_links":{"self":[{"href":"https:\/\/puntobianco.md\/es\/wp-json\/wp\/v2\/pages\/4381","targetHints":{"allow":["GET"]}}],"collection":[{"href":"https:\/\/puntobianco.md\/es\/wp-json\/wp\/v2\/pages"}],"about":[{"href":"https:\/\/puntobianco.md\/es\/wp-json\/wp\/v2\/types\/page"}],"author":[{"embeddable":true,"href":"https:\/\/puntobianco.md\/es\/wp-json\/wp\/v2\/users\/1"}],"replies":[{"embeddable":true,"href":"https:\/\/puntobianco.md\/es\/wp-json\/wp\/v2\/comments?post=4381"}],"version-history":[{"count":0,"href":"https:\/\/puntobianco.md\/es\/wp-json\/wp\/v2\/pages\/4381\/revisions"}],"wp:featuredmedia":[{"embeddable":true,"href":"https:\/\/puntobianco.md\/es\/wp-json\/wp\/v2\/media\/651"}],"wp:attachment":[{"href":"https:\/\/puntobianco.md\/es\/wp-json\/wp\/v2\/media?parent=4381"}],"curies":[{"name":"wp","href":"https:\/\/api.w.org\/{rel}","templated":true}]}}