{"id":4365,"date":"2024-06-25T18:57:27","date_gmt":"2024-06-25T15:57:27","guid":{"rendered":"https:\/\/puntobianco.md\/?page_id=4365"},"modified":"2026-02-09T15:11:22","modified_gmt":"2026-02-09T12:11:22","slug":"politica-de-privacidad","status":"publish","type":"page","link":"https:\/\/puntobianco.md\/es\/politica-de-privacidad\/","title":{"rendered":"Pol\u00edtica de Privacidad"},"content":{"rendered":"<h3><strong>Informaci\u00f3n general<\/strong><\/h3>\n<p>Dado que garantizar la confidencialidad y el correcto tratamiento de los datos de los clientes es una de las principales prioridades de Punto Bianco, mediante este documento deseamos informar a los clientes sobre el tratamiento de los datos personales recopilados.<\/p>\n<p>\u201ePunto Bianco\u201d SRL (en adelante, \u201ePunto Bianco\u201d), en calidad de responsable del tratamiento de datos, recopila datos personales de las personas interesadas (en adelante, el \u201ecliente\u201d) que visitan su sitio web (<a href=\"http:\/\/www.puntobianco.md\/\">www.PuntoBianco.md<\/a>) a trav\u00e9s de cookies o de los medios de comunicaci\u00f3n disponibles en la p\u00e1gina web.<\/p>\n<h3><strong>Identidad del responsable del tratamiento<\/strong><\/h3>\n<p>Nombre del responsable: \u201ePunto Bianco\u201d SRL<br \/>\nDirecci\u00f3n: Str. 31 August 37\/1, Chi\u0219in\u0103u, Rep\u00fablica de Moldavia<br \/>\nIDNO: 1016600019703<br \/>\nCorreo electr\u00f3nico: <a href=\"mailto:info@PuntoBianco.md\">info@PuntoBianco.md<\/a><\/p>\n<h3><strong>Datos de contacto del Responsable de Protecci\u00f3n de Datos<\/strong><\/h3>\n<p>Nombre: Mihail Ceropita<br \/>\nCorreo electr\u00f3nico: <a href=\"mailto:privacy@PuntoBianco.md\">privacy@PuntoBianco.md<\/a><\/p>\n<h3><strong>Categor\u00edas de datos personales recopilados<\/strong><\/h3>\n<p>A trav\u00e9s del sitio web <a href=\"http:\/\/www.puntobianco.md\/\">www.PuntoBianco.md<\/a> se recopilan las siguientes categor\u00edas de datos personales de los clientes: nombre, apellido, correo electr\u00f3nico, n\u00famero de tel\u00e9fono, as\u00ed como otras categor\u00edas de datos proporcionadas por el cliente al completar el campo de mensaje dirigido a Punto Bianco o contenidas en el archivo adjunto al mensaje.<\/p>\n<p>Adicionalmente, durante el acceso al sitio web, diversas tecnolog\u00edas (cookies, servicios de anal\u00edtica web) pueden recopilar datos que identifican el dispositivo utilizado para acceder al sitio, como la direcci\u00f3n IP del dispositivo.<\/p>\n<h3><strong>M\u00e9todos, finalidades y bases legales del tratamiento<\/strong><\/h3>\n<p>Recopilamos datos personales del cliente a trav\u00e9s del formulario del sitio web, donde el cliente debe introducir su nombre, apellido y un dato de contacto (direcci\u00f3n de correo electr\u00f3nico o n\u00famero de tel\u00e9fono). Asimismo, el mensaje o el archivo que el cliente desee enviar a Punto Bianco puede ser incluido, seg\u00fan su inter\u00e9s.<\/p>\n<p>Para la comunicaci\u00f3n, el cliente puede utilizar el formulario de contacto del sitio web, donde debe introducir su nombre y correo electr\u00f3nico o iniciar sesi\u00f3n a trav\u00e9s de Facebook o Google para establecer su identidad.<\/p>\n<p>Al utilizar el formulario o el sistema de mensajer\u00eda, los datos personales se reciben en la direcci\u00f3n de correo electr\u00f3nico gestionada por Punto Bianco.<\/p>\n<p>El sitio web tambi\u00e9n pone a disposici\u00f3n otros datos de contacto de los representantes de Punto Bianco, que el cliente puede utilizar para enviar mensajes y obtener la informaci\u00f3n necesaria.<\/p>\n<p>Si el cliente desea enviar a Punto Bianco informaci\u00f3n que contenga datos personales de salud, se recomienda archivar dicha informaci\u00f3n en un archivo protegido con contrase\u00f1a de al menos 8 caracteres, sin s\u00edmbolos id\u00e9nticos consecutivos y que no est\u00e9 compuesto \u00fanicamente por grupos de d\u00edgitos o letras, y enviarlo mediante otro m\u00e9todo de comunicaci\u00f3n indicado en el sitio web.<\/p>\n<p>Adem\u00e1s, como resultado del acceso al sitio web, pueden producirse tratamientos t\u00e9cnicos mediante servicios de anal\u00edtica web y cookies (<a href=\"http:\/\/www.puntobianco.md\/en\/cookies\/\">www.PuntoBianco.md\/en\/cookies\/<\/a> \u2013 enlace a la pol\u00edtica de cookies).<\/p>\n<p>Podemos utilizar servicios de anal\u00edtica web de terceros y plataformas de redes sociales para analizar c\u00f3mo los clientes utilizan el sitio web. La informaci\u00f3n recopilada, incluida la direcci\u00f3n IP, se comunica a estos proveedores de servicios, que la utilizan para evaluar el uso del sitio. Estos servicios pueden ser desactivados por el cliente en la configuraci\u00f3n de su navegador.<\/p>\n<p>Asimismo, al utilizar el formulario del sitio web, se emplea el sistema \u201ereCAPTCHA\u201d para garantizar que el formulario sea completado y enviado por una persona. La pol\u00edtica de privacidad de este sistema puede consultarse aqu\u00ed: <a href=\"https:\/\/policies.google.com\/privacy?hl=en\">https:\/\/policies.google.com\/privacy?hl=en<\/a>.<\/p>\n<p>De este modo, los datos personales recopilados como resultado de los procesos descritos anteriormente son tratados por Punto Bianco en base a su inter\u00e9s leg\u00edtimo, con las siguientes finalidades:<\/p>\n<ul>\n<li>Examinar preguntas, solicitudes de informaci\u00f3n u otras comunicaciones para formular y enviar una respuesta al cliente.<\/li>\n<li>Facilitar los m\u00e9todos de comunicaci\u00f3n.<\/li>\n<li>Mejorar la calidad de los servicios.<\/li>\n<li>Mantener registros de los mensajes recibidos y de las respuestas enviadas.<\/li>\n<li>Garantizar el correcto funcionamiento del sitio web.<\/li>\n<li>Elaborar estad\u00edsticas sobre el uso del sitio web por parte de los clientes.<\/li>\n<li>Optimizar el contenido y la publicidad del sitio web.<\/li>\n<\/ul>\n<h3><strong>Transferencia transfronteriza de datos personales<\/strong><\/h3>\n<p>Los servidores en los que se almacenan los datos recopilados a trav\u00e9s del sitio web est\u00e1n ubicados en el Espacio Econ\u00f3mico Europeo y en la Rep\u00fablica de Moldavia. Esto garantiza un nivel adecuado de protecci\u00f3n de los datos personales, de conformidad con el Reglamento (UE) 2016\/679 del Parlamento Europeo, de 27 de abril de 2016, relativo a la protecci\u00f3n de las personas f\u00edsicas en lo que respecta al tratamiento de datos personales y a la libre circulaci\u00f3n de estos datos, as\u00ed como con la legislaci\u00f3n nacional de la Rep\u00fablica de Moldavia.<\/p>\n<h3><strong>Destinatarios<\/strong><\/h3>\n<p>Los datos recopilados pueden ser comunicados a:<\/p>\n<ul>\n<li>El cliente o su representante legal.<\/li>\n<li>Personas autorizadas por Punto Bianco conforme a contratos o instrucciones emitidas por Punto Bianco.<\/li>\n<li>Autoridades de control, previa solicitud debidamente justificada.<\/li>\n<li>Empresas proveedoras de servicios (por ejemplo, Google, Facebook), en la medida necesaria para las finalidades indicadas anteriormente.<\/li>\n<\/ul>\n<h3><strong>Plazo de conservaci\u00f3n de los datos<\/strong><\/h3>\n<p>Punto Bianco tratar\u00e1 los datos personales durante el tiempo necesario para alcanzar las finalidades mencionadas, tras lo cual los datos ser\u00e1n anonimizados o transformados en datos estad\u00edsticos, de modo que el cliente no pueda ser identificado.<\/p>\n<h3><strong>Derechos del interesado<\/strong><\/h3>\n<p>El cliente, en calidad de interesado, tiene los siguientes derechos:<\/p>\n<ul>\n<li><strong>Derecho a la informaci\u00f3n <\/strong>&#8211; derecho a ser informado sobre la identidad del responsable, las finalidades del tratamiento, los destinatarios de los datos, la existencia de derechos conforme a la legislaci\u00f3n sobre protecci\u00f3n de datos personales y las condiciones para ejercerlos.<\/li>\n<li><strong>Derecho de acceso<\/strong> &#8211; derecho a obtener confirmaci\u00f3n de si se est\u00e1n tratando o no datos personales que le conciernen y a recibir informaci\u00f3n al respecto.<\/li>\n<li><strong>Derecho de rectificaci\u00f3n<\/strong> &#8211; derecho a obtener la correcci\u00f3n, actualizaci\u00f3n, bloqueo, supresi\u00f3n o anonimizaci\u00f3n de los datos tratados de forma il\u00edcita, en particular de los datos incompletos o inexactos.<\/li>\n<li><strong>Derecho de oposici\u00f3n<\/strong> &#8211; derecho a oponerse en cualquier momento, por motivos leg\u00edtimos relacionados con su situaci\u00f3n particular, al tratamiento de los datos personales que le conciernen.<\/li>\n<li><strong>Derecho a no ser objeto de decisiones automatizadas<\/strong> &#8211; derecho a solicitar la revisi\u00f3n de decisiones automatizadas que produzcan efectos jur\u00eddicos basados exclusivamente en el tratamiento de datos.<\/li>\n<li><strong>Derecho a la tutela judicial<\/strong> &#8211; derecho a dirigirse al Centro Nacional para la Protecci\u00f3n de Datos Personales o a los tribunales para la defensa de sus derechos.<\/li>\n<li><strong>Derecho a la limitaci\u00f3n del tratamiento<\/strong> &#8211; derecho a solicitar la conservaci\u00f3n de determinados datos sin modificaciones durante un per\u00edodo justificado.<\/li>\n<li><strong>Derecho a no participar en perfiles automatizados<\/strong> &#8211; derecho a solicitar el cese de la elaboraci\u00f3n de perfiles automatizados o de la toma de decisiones automatizadas.<\/li>\n<\/ul>\n<h3><strong data-start=\"0\" data-end=\"30\">Comunicaciones comerciales<\/strong><\/h3>\n<p>Punto Bianco SRL tiene derecho a enviar a sus clientes mensajes y notificaciones proactivas a trav\u00e9s de canales de comunicaci\u00f3n electr\u00f3nica, incluidos, entre otros, WhatsApp, llamadas telef\u00f3nicas, SMS y correo electr\u00f3nico, con el fin de informar sobre citas m\u00e9dicas, servicios ofrecidos, informaci\u00f3n administrativa, ofertas especiales, campa\u00f1as informativas y otras comunicaciones relevantes para la relaci\u00f3n con el cliente.<br data-start=\"457\" data-end=\"460\" \/>El env\u00edo de estas comunicaciones se realiza sobre la base de los datos de contacto proporcionados voluntariamente por el cliente y de conformidad con la legislaci\u00f3n aplicable en materia de protecci\u00f3n de datos personales.<\/p>\n<h3><strong data-start=\"682\" data-end=\"711\">Derecho de baja (opt-out)<\/strong><\/h3>\n<p>El cliente tiene derecho a oponerse en cualquier momento a la recepci\u00f3n de comunicaciones proactivas y a solicitar el cese de las mismas, sin que ello afecte a la relaci\u00f3n contractual ni al acceso a los servicios m\u00e9dicos.<br \/>\nLa baja puede realizarse por cualquiera de los siguientes medios:<br \/>\n\u2013 enviando un mensaje con la menci\u00f3n \u00abSTOP\u00bb o \u00abBAJA\u00bb a trav\u00e9s del canal por el que se recibi\u00f3 el mensaje;<br \/>\n\u2013 enviando una solicitud por escrito a la direcci\u00f3n de correo electr\u00f3nico: <a href=\"mailto:privacy@puntobianco.md\">privacy@puntobianco.md<\/a>.<\/p>\n<h3><strong>Modificaciones de la Pol\u00edtica de Privacidad<\/strong><\/h3>\n<p>Debido a posibles cambios en los tratamientos descritos anteriormente o en la legislaci\u00f3n aplicable, estas informaciones pueden ser modificadas. En tales casos, le informaremos o solicitaremos nuevamente su consentimiento, si fuera necesario.<\/p>\n","protected":false},"excerpt":{"rendered":"<p>Informaci\u00f3n general Dado que garantizar la confidencialidad y el correcto tratamiento de los datos de los clientes es una de las principales prioridades de Punto Bianco, mediante este documento deseamos informar a los clientes sobre el tratamiento de los datos personales recopilados. \u201ePunto Bianco\u201d SRL (en adelante, \u201ePunto Bianco\u201d), en calidad de responsable del tratamiento [&hellip;]<\/p>\n","protected":false},"author":5,"featured_media":0,"parent":0,"menu_order":0,"comment_status":"closed","ping_status":"closed","template":"","meta":{"_acf_changed":false,"inline_featured_image":false,"footnotes":""},"class_list":["post-4365","page","type-page","status-publish","hentry"],"acf":[],"yoast_head":"<!-- This site is optimized with the Yoast SEO plugin v26.6 - https:\/\/yoast.com\/wordpress\/plugins\/seo\/ -->\n<title>Pol\u00edtica de Privacidad - Punto Bianco<\/title>\n<meta name=\"robots\" content=\"index, follow, max-snippet:-1, max-image-preview:large, max-video-preview:-1\" \/>\n<link rel=\"canonical\" href=\"https:\/\/puntobianco.md\/es\/politica-de-privacidad\/\" \/>\n<meta property=\"og:locale\" content=\"es_ES\" \/>\n<meta property=\"og:type\" content=\"article\" \/>\n<meta property=\"og:title\" content=\"Pol\u00edtica de Privacidad - Punto Bianco\" \/>\n<meta property=\"og:description\" content=\"Informaci\u00f3n general Dado que garantizar la confidencialidad y el correcto tratamiento de los datos de los clientes es una de las principales prioridades de Punto Bianco, mediante este documento deseamos informar a los clientes sobre el tratamiento de los datos personales recopilados. \u201ePunto Bianco\u201d SRL (en adelante, \u201ePunto Bianco\u201d), en calidad de responsable del tratamiento [&hellip;]\" \/>\n<meta property=\"og:url\" content=\"https:\/\/puntobianco.md\/es\/politica-de-privacidad\/\" \/>\n<meta property=\"og:site_name\" content=\"Punto Bianco\" \/>\n<meta property=\"article:publisher\" content=\"https:\/\/www.facebook.com\/PuntoBianco.md\" \/>\n<meta property=\"article:modified_time\" content=\"2026-02-09T12:11:22+00:00\" \/>\n<meta name=\"twitter:card\" content=\"summary_large_image\" \/>\n<meta name=\"twitter:label1\" content=\"Tiempo de lectura\" \/>\n\t<meta name=\"twitter:data1\" content=\"7 minutos\" \/>\n<script type=\"application\/ld+json\" class=\"yoast-schema-graph\">{\"@context\":\"https:\/\/schema.org\",\"@graph\":[{\"@type\":\"WebPage\",\"@id\":\"https:\/\/puntobianco.md\/es\/politica-de-privacidad\/\",\"url\":\"https:\/\/puntobianco.md\/es\/politica-de-privacidad\/\",\"name\":\"Pol\u00edtica de Privacidad - Punto Bianco\",\"isPartOf\":{\"@id\":\"https:\/\/puntobianco.md\/es\/#website\"},\"datePublished\":\"2024-06-25T15:57:27+00:00\",\"dateModified\":\"2026-02-09T12:11:22+00:00\",\"breadcrumb\":{\"@id\":\"https:\/\/puntobianco.md\/es\/politica-de-privacidad\/#breadcrumb\"},\"inLanguage\":\"es\",\"potentialAction\":[{\"@type\":\"ReadAction\",\"target\":[\"https:\/\/puntobianco.md\/es\/politica-de-privacidad\/\"]}]},{\"@type\":\"BreadcrumbList\",\"@id\":\"https:\/\/puntobianco.md\/es\/politica-de-privacidad\/#breadcrumb\",\"itemListElement\":[{\"@type\":\"ListItem\",\"position\":1,\"name\":\"Prima pagin\u0103\",\"item\":\"https:\/\/puntobianco.md\/es\/pagina-principala\/\"},{\"@type\":\"ListItem\",\"position\":2,\"name\":\"Pol\u00edtica de Privacidad\"}]},{\"@type\":\"WebSite\",\"@id\":\"https:\/\/puntobianco.md\/es\/#website\",\"url\":\"https:\/\/puntobianco.md\/es\/\",\"name\":\"PuntoBianco.md\",\"description\":\"Clinic\u0103 stomatologic\u0103 \u00een Chi\u0219in\u0103u\",\"publisher\":{\"@id\":\"https:\/\/puntobianco.md\/es\/#organization\"},\"potentialAction\":[{\"@type\":\"SearchAction\",\"target\":{\"@type\":\"EntryPoint\",\"urlTemplate\":\"https:\/\/puntobianco.md\/es\/?s={search_term_string}\"},\"query-input\":{\"@type\":\"PropertyValueSpecification\",\"valueRequired\":true,\"valueName\":\"search_term_string\"}}],\"inLanguage\":\"es\"},{\"@type\":\"Organization\",\"@id\":\"https:\/\/puntobianco.md\/es\/#organization\",\"name\":\"Punto Bianco\",\"url\":\"https:\/\/puntobianco.md\/es\/\",\"logo\":{\"@type\":\"ImageObject\",\"inLanguage\":\"es\",\"@id\":\"https:\/\/puntobianco.md\/es\/#\/schema\/logo\/image\/\",\"url\":\"https:\/\/puntobianco.md\/wp-content\/uploads\/2024\/10\/logo-clinica-punto-bianco.png\",\"contentUrl\":\"https:\/\/puntobianco.md\/wp-content\/uploads\/2024\/10\/logo-clinica-punto-bianco.png\",\"width\":500,\"height\":500,\"caption\":\"Punto Bianco\"},\"image\":{\"@id\":\"https:\/\/puntobianco.md\/es\/#\/schema\/logo\/image\/\"},\"sameAs\":[\"https:\/\/www.facebook.com\/PuntoBianco.md\",\"https:\/\/www.instagram.com\/clinicapuntobianco\/\",\"https:\/\/www.youtube.com\/@puntobianco-clinicadentale\",\"https:\/\/www.tiktok.com\/@clinicapuntobianco\"]}]}<\/script>\n<!-- \/ Yoast SEO plugin. -->","yoast_head_json":{"title":"Pol\u00edtica de Privacidad - Punto Bianco","robots":{"index":"index","follow":"follow","max-snippet":"max-snippet:-1","max-image-preview":"max-image-preview:large","max-video-preview":"max-video-preview:-1"},"canonical":"https:\/\/puntobianco.md\/es\/politica-de-privacidad\/","og_locale":"es_ES","og_type":"article","og_title":"Pol\u00edtica de Privacidad - Punto Bianco","og_description":"Informaci\u00f3n general Dado que garantizar la confidencialidad y el correcto tratamiento de los datos de los clientes es una de las principales prioridades de Punto Bianco, mediante este documento deseamos informar a los clientes sobre el tratamiento de los datos personales recopilados. \u201ePunto Bianco\u201d SRL (en adelante, \u201ePunto Bianco\u201d), en calidad de responsable del tratamiento [&hellip;]","og_url":"https:\/\/puntobianco.md\/es\/politica-de-privacidad\/","og_site_name":"Punto Bianco","article_publisher":"https:\/\/www.facebook.com\/PuntoBianco.md","article_modified_time":"2026-02-09T12:11:22+00:00","twitter_card":"summary_large_image","twitter_misc":{"Tiempo de lectura":"7 minutos"},"schema":{"@context":"https:\/\/schema.org","@graph":[{"@type":"WebPage","@id":"https:\/\/puntobianco.md\/es\/politica-de-privacidad\/","url":"https:\/\/puntobianco.md\/es\/politica-de-privacidad\/","name":"Pol\u00edtica de Privacidad - Punto Bianco","isPartOf":{"@id":"https:\/\/puntobianco.md\/es\/#website"},"datePublished":"2024-06-25T15:57:27+00:00","dateModified":"2026-02-09T12:11:22+00:00","breadcrumb":{"@id":"https:\/\/puntobianco.md\/es\/politica-de-privacidad\/#breadcrumb"},"inLanguage":"es","potentialAction":[{"@type":"ReadAction","target":["https:\/\/puntobianco.md\/es\/politica-de-privacidad\/"]}]},{"@type":"BreadcrumbList","@id":"https:\/\/puntobianco.md\/es\/politica-de-privacidad\/#breadcrumb","itemListElement":[{"@type":"ListItem","position":1,"name":"Prima pagin\u0103","item":"https:\/\/puntobianco.md\/es\/pagina-principala\/"},{"@type":"ListItem","position":2,"name":"Pol\u00edtica de Privacidad"}]},{"@type":"WebSite","@id":"https:\/\/puntobianco.md\/es\/#website","url":"https:\/\/puntobianco.md\/es\/","name":"PuntoBianco.md","description":"Clinic\u0103 stomatologic\u0103 \u00een Chi\u0219in\u0103u","publisher":{"@id":"https:\/\/puntobianco.md\/es\/#organization"},"potentialAction":[{"@type":"SearchAction","target":{"@type":"EntryPoint","urlTemplate":"https:\/\/puntobianco.md\/es\/?s={search_term_string}"},"query-input":{"@type":"PropertyValueSpecification","valueRequired":true,"valueName":"search_term_string"}}],"inLanguage":"es"},{"@type":"Organization","@id":"https:\/\/puntobianco.md\/es\/#organization","name":"Punto Bianco","url":"https:\/\/puntobianco.md\/es\/","logo":{"@type":"ImageObject","inLanguage":"es","@id":"https:\/\/puntobianco.md\/es\/#\/schema\/logo\/image\/","url":"https:\/\/puntobianco.md\/wp-content\/uploads\/2024\/10\/logo-clinica-punto-bianco.png","contentUrl":"https:\/\/puntobianco.md\/wp-content\/uploads\/2024\/10\/logo-clinica-punto-bianco.png","width":500,"height":500,"caption":"Punto Bianco"},"image":{"@id":"https:\/\/puntobianco.md\/es\/#\/schema\/logo\/image\/"},"sameAs":["https:\/\/www.facebook.com\/PuntoBianco.md","https:\/\/www.instagram.com\/clinicapuntobianco\/","https:\/\/www.youtube.com\/@puntobianco-clinicadentale","https:\/\/www.tiktok.com\/@clinicapuntobianco"]}]}},"_links":{"self":[{"href":"https:\/\/puntobianco.md\/es\/wp-json\/wp\/v2\/pages\/4365","targetHints":{"allow":["GET"]}}],"collection":[{"href":"https:\/\/puntobianco.md\/es\/wp-json\/wp\/v2\/pages"}],"about":[{"href":"https:\/\/puntobianco.md\/es\/wp-json\/wp\/v2\/types\/page"}],"author":[{"embeddable":true,"href":"https:\/\/puntobianco.md\/es\/wp-json\/wp\/v2\/users\/5"}],"replies":[{"embeddable":true,"href":"https:\/\/puntobianco.md\/es\/wp-json\/wp\/v2\/comments?post=4365"}],"version-history":[{"count":5,"href":"https:\/\/puntobianco.md\/es\/wp-json\/wp\/v2\/pages\/4365\/revisions"}],"predecessor-version":[{"id":4988,"href":"https:\/\/puntobianco.md\/es\/wp-json\/wp\/v2\/pages\/4365\/revisions\/4988"}],"wp:attachment":[{"href":"https:\/\/puntobianco.md\/es\/wp-json\/wp\/v2\/media?parent=4365"}],"curies":[{"name":"wp","href":"https:\/\/api.w.org\/{rel}","templated":true}]}}