{"id":4355,"date":"2024-06-25T22:45:36","date_gmt":"2024-06-25T19:45:36","guid":{"rendered":"https:\/\/puntobianco.md\/galeria-de-sonrisas\/"},"modified":"2026-01-26T14:41:09","modified_gmt":"2026-01-26T11:41:09","slug":"galeria-de-sonrisas","status":"publish","type":"page","link":"https:\/\/puntobianco.md\/es\/galeria-de-sonrisas\/","title":{"rendered":"Galer\u00eda de sonrisas"},"content":{"rendered":"<h4>La vida antes y despu\u00e9s del tratamiento dental en la cl\u00ednica odontol\u00f3gica Punto Bianco<\/h4>\n<p>La sonrisa no es el \u00fanico cambio que vemos de inmediato en nuestros pacientes. Junto con la sonrisa, tambi\u00e9n cambia su vida: aumenta la confianza en uno mismo y el deseo de sonre\u00edr siempre y en cualquier momento, despu\u00e9s del tratamiento dental. <\/p>\n<p>Lea a continuaci\u00f3n las rese\u00f1as de los pacientes que eligieron nuestra cl\u00ednica odontol\u00f3gica de Chi\u0219in\u0103u o insp\u00edrese con las fotograf\u00edas de antes y despu\u00e9s de los tratamientos dentales, organizadas por categor\u00edas. Haga clic en el nombre del tratamiento y ser\u00e1 dirigido a una p\u00e1gina con ejemplos de trabajos y la descripci\u00f3n de los tratamientos realizados. <\/p>\n","protected":false},"excerpt":{"rendered":"<p>La vida antes y despu\u00e9s del tratamiento dental en la cl\u00ednica odontol\u00f3gica Punto Bianco La sonrisa no es el \u00fanico cambio que vemos de inmediato en nuestros pacientes. Junto con la sonrisa, tambi\u00e9n cambia su vida: aumenta la confianza en uno mismo y el deseo de sonre\u00edr siempre y en cualquier momento, despu\u00e9s del tratamiento [&hellip;]<\/p>\n","protected":false},"author":1,"featured_media":1050,"parent":0,"menu_order":0,"comment_status":"closed","ping_status":"closed","template":"templates\/porfolio.php","meta":{"_acf_changed":false,"inline_featured_image":false,"footnotes":""},"class_list":["post-4355","page","type-page","status-publish","has-post-thumbnail","hentry"],"acf":[],"yoast_head":"<!-- This site is optimized with the Yoast SEO plugin v26.6 - https:\/\/yoast.com\/wordpress\/plugins\/seo\/ -->\n<title>Fotos de antes y despu\u00e9s del tratamiento dental en Punto Bianco Chi\u0219in\u0103u, MD<\/title>\n<meta name=\"description\" content=\"Nuestros pacientes sonr\u00eden m\u00e1s despu\u00e9s de los tratamientos odontol\u00f3gicos en nuestra cl\u00ednica de Moldavia.Vea ejemplos de trabajos y fotograf\u00edas de antes y despu\u00e9s\" \/>\n<meta name=\"robots\" content=\"index, follow, max-snippet:-1, max-image-preview:large, max-video-preview:-1\" \/>\n<link rel=\"canonical\" href=\"https:\/\/puntobianco.md\/es\/galeria-de-sonrisas\/\" \/>\n<meta property=\"og:locale\" content=\"es_ES\" \/>\n<meta property=\"og:type\" content=\"article\" \/>\n<meta property=\"og:title\" content=\"Fotos de antes y despu\u00e9s del tratamiento dental en Punto Bianco Chi\u0219in\u0103u, MD\" \/>\n<meta property=\"og:description\" content=\"Nuestros pacientes sonr\u00eden m\u00e1s despu\u00e9s de los tratamientos odontol\u00f3gicos en nuestra cl\u00ednica de Moldavia.Vea ejemplos de trabajos y fotograf\u00edas de antes y despu\u00e9s\" \/>\n<meta property=\"og:url\" content=\"https:\/\/puntobianco.md\/es\/galeria-de-sonrisas\/\" \/>\n<meta property=\"og:site_name\" content=\"Punto Bianco\" \/>\n<meta property=\"article:publisher\" content=\"https:\/\/www.facebook.com\/PuntoBianco.md\" \/>\n<meta property=\"article:modified_time\" content=\"2026-01-26T11:41:09+00:00\" \/>\n<meta property=\"og:image\" content=\"https:\/\/puntobianco.md\/wp-content\/uploads\/2024\/08\/pacienti-fericiti-cu-fatete-dentare-moldova.jpg\" \/>\n\t<meta property=\"og:image:width\" content=\"1440\" \/>\n\t<meta property=\"og:image:height\" content=\"701\" \/>\n\t<meta property=\"og:image:type\" content=\"image\/jpeg\" \/>\n<meta name=\"twitter:card\" content=\"summary_large_image\" \/>\n<meta name=\"twitter:label1\" content=\"Tiempo de lectura\" \/>\n\t<meta name=\"twitter:data1\" content=\"1 minuto\" \/>\n<script type=\"application\/ld+json\" class=\"yoast-schema-graph\">{\"@context\":\"https:\/\/schema.org\",\"@graph\":[{\"@type\":\"WebPage\",\"@id\":\"https:\/\/puntobianco.md\/es\/galeria-de-sonrisas\/\",\"url\":\"https:\/\/puntobianco.md\/es\/galeria-de-sonrisas\/\",\"name\":\"Fotos de antes y despu\u00e9s del tratamiento dental en Punto Bianco Chi\u0219in\u0103u, MD\",\"isPartOf\":{\"@id\":\"https:\/\/puntobianco.md\/es\/#website\"},\"primaryImageOfPage\":{\"@id\":\"https:\/\/puntobianco.md\/es\/galeria-de-sonrisas\/#primaryimage\"},\"image\":{\"@id\":\"https:\/\/puntobianco.md\/es\/galeria-de-sonrisas\/#primaryimage\"},\"thumbnailUrl\":\"https:\/\/puntobianco.md\/wp-content\/uploads\/2024\/08\/pacienti-fericiti-cu-fatete-dentare-moldova.jpg\",\"datePublished\":\"2024-06-25T19:45:36+00:00\",\"dateModified\":\"2026-01-26T11:41:09+00:00\",\"description\":\"Nuestros pacientes sonr\u00eden m\u00e1s despu\u00e9s de los tratamientos odontol\u00f3gicos en nuestra cl\u00ednica de Moldavia.Vea ejemplos de trabajos y fotograf\u00edas de antes y despu\u00e9s\",\"breadcrumb\":{\"@id\":\"https:\/\/puntobianco.md\/es\/galeria-de-sonrisas\/#breadcrumb\"},\"inLanguage\":\"es\",\"potentialAction\":[{\"@type\":\"ReadAction\",\"target\":[\"https:\/\/puntobianco.md\/es\/galeria-de-sonrisas\/\"]}]},{\"@type\":\"ImageObject\",\"inLanguage\":\"es\",\"@id\":\"https:\/\/puntobianco.md\/es\/galeria-de-sonrisas\/#primaryimage\",\"url\":\"https:\/\/puntobianco.md\/wp-content\/uploads\/2024\/08\/pacienti-fericiti-cu-fatete-dentare-moldova.jpg\",\"contentUrl\":\"https:\/\/puntobianco.md\/wp-content\/uploads\/2024\/08\/pacienti-fericiti-cu-fatete-dentare-moldova.jpg\",\"width\":1440,\"height\":701,\"caption\":\"galer\u00eda de sonrisas\"},{\"@type\":\"BreadcrumbList\",\"@id\":\"https:\/\/puntobianco.md\/es\/galeria-de-sonrisas\/#breadcrumb\",\"itemListElement\":[{\"@type\":\"ListItem\",\"position\":1,\"name\":\"Prima pagin\u0103\",\"item\":\"https:\/\/puntobianco.md\/es\/pagina-principala\/\"},{\"@type\":\"ListItem\",\"position\":2,\"name\":\"Galer\u00eda de sonrisas\"}]},{\"@type\":\"WebSite\",\"@id\":\"https:\/\/puntobianco.md\/es\/#website\",\"url\":\"https:\/\/puntobianco.md\/es\/\",\"name\":\"PuntoBianco.md\",\"description\":\"Clinic\u0103 stomatologic\u0103 \u00een Chi\u0219in\u0103u\",\"publisher\":{\"@id\":\"https:\/\/puntobianco.md\/es\/#organization\"},\"potentialAction\":[{\"@type\":\"SearchAction\",\"target\":{\"@type\":\"EntryPoint\",\"urlTemplate\":\"https:\/\/puntobianco.md\/es\/?s={search_term_string}\"},\"query-input\":{\"@type\":\"PropertyValueSpecification\",\"valueRequired\":true,\"valueName\":\"search_term_string\"}}],\"inLanguage\":\"es\"},{\"@type\":\"Organization\",\"@id\":\"https:\/\/puntobianco.md\/es\/#organization\",\"name\":\"Punto Bianco\",\"url\":\"https:\/\/puntobianco.md\/es\/\",\"logo\":{\"@type\":\"ImageObject\",\"inLanguage\":\"es\",\"@id\":\"https:\/\/puntobianco.md\/es\/#\/schema\/logo\/image\/\",\"url\":\"https:\/\/puntobianco.md\/wp-content\/uploads\/2024\/10\/logo-clinica-punto-bianco.png\",\"contentUrl\":\"https:\/\/puntobianco.md\/wp-content\/uploads\/2024\/10\/logo-clinica-punto-bianco.png\",\"width\":500,\"height\":500,\"caption\":\"Punto Bianco\"},\"image\":{\"@id\":\"https:\/\/puntobianco.md\/es\/#\/schema\/logo\/image\/\"},\"sameAs\":[\"https:\/\/www.facebook.com\/PuntoBianco.md\",\"https:\/\/www.instagram.com\/clinicapuntobianco\/\",\"https:\/\/www.youtube.com\/@puntobianco-clinicadentale\",\"https:\/\/www.tiktok.com\/@clinicapuntobianco\"]}]}<\/script>\n<!-- \/ Yoast SEO plugin. -->","yoast_head_json":{"title":"Fotos de antes y despu\u00e9s del tratamiento dental en Punto Bianco Chi\u0219in\u0103u, MD","description":"Nuestros pacientes sonr\u00eden m\u00e1s despu\u00e9s de los tratamientos odontol\u00f3gicos en nuestra cl\u00ednica de Moldavia.Vea ejemplos de trabajos y fotograf\u00edas de antes y despu\u00e9s","robots":{"index":"index","follow":"follow","max-snippet":"max-snippet:-1","max-image-preview":"max-image-preview:large","max-video-preview":"max-video-preview:-1"},"canonical":"https:\/\/puntobianco.md\/es\/galeria-de-sonrisas\/","og_locale":"es_ES","og_type":"article","og_title":"Fotos de antes y despu\u00e9s del tratamiento dental en Punto Bianco Chi\u0219in\u0103u, MD","og_description":"Nuestros pacientes sonr\u00eden m\u00e1s despu\u00e9s de los tratamientos odontol\u00f3gicos en nuestra cl\u00ednica de Moldavia.Vea ejemplos de trabajos y fotograf\u00edas de antes y despu\u00e9s","og_url":"https:\/\/puntobianco.md\/es\/galeria-de-sonrisas\/","og_site_name":"Punto Bianco","article_publisher":"https:\/\/www.facebook.com\/PuntoBianco.md","article_modified_time":"2026-01-26T11:41:09+00:00","og_image":[{"width":1440,"height":701,"url":"https:\/\/puntobianco.md\/wp-content\/uploads\/2024\/08\/pacienti-fericiti-cu-fatete-dentare-moldova.jpg","type":"image\/jpeg"}],"twitter_card":"summary_large_image","twitter_misc":{"Tiempo de lectura":"1 minuto"},"schema":{"@context":"https:\/\/schema.org","@graph":[{"@type":"WebPage","@id":"https:\/\/puntobianco.md\/es\/galeria-de-sonrisas\/","url":"https:\/\/puntobianco.md\/es\/galeria-de-sonrisas\/","name":"Fotos de antes y despu\u00e9s del tratamiento dental en Punto Bianco Chi\u0219in\u0103u, MD","isPartOf":{"@id":"https:\/\/puntobianco.md\/es\/#website"},"primaryImageOfPage":{"@id":"https:\/\/puntobianco.md\/es\/galeria-de-sonrisas\/#primaryimage"},"image":{"@id":"https:\/\/puntobianco.md\/es\/galeria-de-sonrisas\/#primaryimage"},"thumbnailUrl":"https:\/\/puntobianco.md\/wp-content\/uploads\/2024\/08\/pacienti-fericiti-cu-fatete-dentare-moldova.jpg","datePublished":"2024-06-25T19:45:36+00:00","dateModified":"2026-01-26T11:41:09+00:00","description":"Nuestros pacientes sonr\u00eden m\u00e1s despu\u00e9s de los tratamientos odontol\u00f3gicos en nuestra cl\u00ednica de Moldavia.Vea ejemplos de trabajos y fotograf\u00edas de antes y despu\u00e9s","breadcrumb":{"@id":"https:\/\/puntobianco.md\/es\/galeria-de-sonrisas\/#breadcrumb"},"inLanguage":"es","potentialAction":[{"@type":"ReadAction","target":["https:\/\/puntobianco.md\/es\/galeria-de-sonrisas\/"]}]},{"@type":"ImageObject","inLanguage":"es","@id":"https:\/\/puntobianco.md\/es\/galeria-de-sonrisas\/#primaryimage","url":"https:\/\/puntobianco.md\/wp-content\/uploads\/2024\/08\/pacienti-fericiti-cu-fatete-dentare-moldova.jpg","contentUrl":"https:\/\/puntobianco.md\/wp-content\/uploads\/2024\/08\/pacienti-fericiti-cu-fatete-dentare-moldova.jpg","width":1440,"height":701,"caption":"galer\u00eda de sonrisas"},{"@type":"BreadcrumbList","@id":"https:\/\/puntobianco.md\/es\/galeria-de-sonrisas\/#breadcrumb","itemListElement":[{"@type":"ListItem","position":1,"name":"Prima pagin\u0103","item":"https:\/\/puntobianco.md\/es\/pagina-principala\/"},{"@type":"ListItem","position":2,"name":"Galer\u00eda de sonrisas"}]},{"@type":"WebSite","@id":"https:\/\/puntobianco.md\/es\/#website","url":"https:\/\/puntobianco.md\/es\/","name":"PuntoBianco.md","description":"Clinic\u0103 stomatologic\u0103 \u00een Chi\u0219in\u0103u","publisher":{"@id":"https:\/\/puntobianco.md\/es\/#organization"},"potentialAction":[{"@type":"SearchAction","target":{"@type":"EntryPoint","urlTemplate":"https:\/\/puntobianco.md\/es\/?s={search_term_string}"},"query-input":{"@type":"PropertyValueSpecification","valueRequired":true,"valueName":"search_term_string"}}],"inLanguage":"es"},{"@type":"Organization","@id":"https:\/\/puntobianco.md\/es\/#organization","name":"Punto Bianco","url":"https:\/\/puntobianco.md\/es\/","logo":{"@type":"ImageObject","inLanguage":"es","@id":"https:\/\/puntobianco.md\/es\/#\/schema\/logo\/image\/","url":"https:\/\/puntobianco.md\/wp-content\/uploads\/2024\/10\/logo-clinica-punto-bianco.png","contentUrl":"https:\/\/puntobianco.md\/wp-content\/uploads\/2024\/10\/logo-clinica-punto-bianco.png","width":500,"height":500,"caption":"Punto Bianco"},"image":{"@id":"https:\/\/puntobianco.md\/es\/#\/schema\/logo\/image\/"},"sameAs":["https:\/\/www.facebook.com\/PuntoBianco.md","https:\/\/www.instagram.com\/clinicapuntobianco\/","https:\/\/www.youtube.com\/@puntobianco-clinicadentale","https:\/\/www.tiktok.com\/@clinicapuntobianco"]}]}},"_links":{"self":[{"href":"https:\/\/puntobianco.md\/es\/wp-json\/wp\/v2\/pages\/4355","targetHints":{"allow":["GET"]}}],"collection":[{"href":"https:\/\/puntobianco.md\/es\/wp-json\/wp\/v2\/pages"}],"about":[{"href":"https:\/\/puntobianco.md\/es\/wp-json\/wp\/v2\/types\/page"}],"author":[{"embeddable":true,"href":"https:\/\/puntobianco.md\/es\/wp-json\/wp\/v2\/users\/1"}],"replies":[{"embeddable":true,"href":"https:\/\/puntobianco.md\/es\/wp-json\/wp\/v2\/comments?post=4355"}],"version-history":[{"count":1,"href":"https:\/\/puntobianco.md\/es\/wp-json\/wp\/v2\/pages\/4355\/revisions"}],"predecessor-version":[{"id":4590,"href":"https:\/\/puntobianco.md\/es\/wp-json\/wp\/v2\/pages\/4355\/revisions\/4590"}],"wp:featuredmedia":[{"embeddable":true,"href":"https:\/\/puntobianco.md\/es\/wp-json\/wp\/v2\/media\/1050"}],"wp:attachment":[{"href":"https:\/\/puntobianco.md\/es\/wp-json\/wp\/v2\/media?parent=4355"}],"curies":[{"name":"wp","href":"https:\/\/api.w.org\/{rel}","templated":true}]}}