{"id":4347,"date":"2024-09-30T16:19:57","date_gmt":"2024-09-30T13:19:57","guid":{"rendered":"https:\/\/puntobianco.md\/descargo-de-responsabilidad\/"},"modified":"2026-01-21T11:25:46","modified_gmt":"2026-01-21T08:25:46","slug":"descargo-de-responsabilidad","status":"publish","type":"page","link":"https:\/\/puntobianco.md\/es\/descargo-de-responsabilidad\/","title":{"rendered":"Descargo de responsabilidad"},"content":{"rendered":"<p>La informaci\u00f3n de este sitio web se proporciona con fines informativos generales y no est\u00e1 destinada a ofrecer asesoramiento m\u00e9dico, dental o quir\u00fargico, ni debe considerarse un sustituto del consejo m\u00e9dico profesional, diagn\u00f3stico o tratamiento. El uso de este sitio no establece ninguna relaci\u00f3n m\u00e9dico-paciente. No se ofrece ning\u00fan diagn\u00f3stico ni tratamiento. La informaci\u00f3n presentada debe consultarse con un m\u00e9dico (dentista) de su elecci\u00f3n. No se ofrecen garant\u00edas ni seguridades respecto a la informaci\u00f3n presentada en este sitio web.    <\/p>\n<p>Podemos proporcionar enlaces a otros sitios web que no est\u00e1n bajo nuestro control. En general, cualquier sitio web que tenga una direcci\u00f3n (o URL) que no contenga el nombre de nuestro dominio se considera un sitio web independiente. Estos enlaces se proporcionan \u00fanicamente por conveniencia o como referencia y no constituyen una aprobaci\u00f3n por nuestra parte de la organizaci\u00f3n o persona que opera el sitio web, ni una garant\u00eda de ning\u00fan tipo respecto al sitio o a la informaci\u00f3n contenida en \u00e9l.  <\/p>\n<p>Esta pr\u00e1ctica ha realizado y continuar\u00e1 realizando esfuerzos para incluir informaci\u00f3n correcta y actualizada en este sitio web. No obstante, los materiales de nuestro sitio se proporcionan \u201ctal cual\u201d y, en la m\u00e1xima medida permitida por la legislaci\u00f3n aplicable, se rechazan todas las garant\u00edas, expresas o impl\u00edcitas, incluidas, sin limitaci\u00f3n, las garant\u00edas impl\u00edcitas de comerciabilidad y de idoneidad para un fin determinado. No asumimos ninguna responsabilidad por el uso de este sitio web por su parte.   <\/p>\n<p>NO ASUMIMOS NINGUNA RESPONSABILIDAD POR P\u00c9RDIDAS O DA\u00d1OS DERIVADOS DE CUALQUIER USO O RELACI\u00d3N CON ESTE SITIO WEB O SU CONTENIDO. EN NING\u00daN CASO SEREMOS RESPONSABLES DE NINGUNA P\u00c9RDIDA DE BENEFICIOS, P\u00c9RDIDA DE AHORROS, P\u00c9RDIDA DE DATOS, INTERRUPCI\u00d3N DE LA ACTIVIDAD U OTROS DA\u00d1OS, YA SEAN DIRECTOS, INDIRECTOS, ESPECIALES, CONSECUENTES O INCIDENTALES (YA SEA POR CONTRATO, POR LEY O POR OTROS MOTIVOS), QUE RESULTEN DE O EST\u00c9N RELACIONADOS CON ESTE SITIO WEB, SU CONTENIDO, EL USO DEL MISMO O LA IMPOSIBILIDAD DE UTILIZARLO, INCLUSO SI HEMOS SIDO INFORMADOS DE LA POSIBILIDAD DE TALES P\u00c9RDIDAS O DA\u00d1OS. <\/p>\n<p>Si tiene preguntas relacionadas con este descargo de responsabilidad, puede contactarnos por correo electr\u00f3nico en privacy@puntobianco.md, en <strong>Punto Bianco, cl\u00ednica dental multiling\u00fce \/ TravelToDentist<\/strong>, MD-2001, Moldavia, Chi\u0219in\u0103u, Str. 31 August 37\/1, o por tel\u00e9fono al +373 68 18 71 71. <\/p>\n<h4 class=\"wp-block-heading\">ESTE DOCUMENTO FUE ACTUALIZADO POR \u00daLTIMA VEZ EL: 21 de enero de 2026<\/h4>\n","protected":false},"excerpt":{"rendered":"<p>La informaci\u00f3n de este sitio web se proporciona con fines informativos generales y no est\u00e1 destinada a ofrecer asesoramiento m\u00e9dico, dental o quir\u00fargico, ni debe considerarse un sustituto del consejo m\u00e9dico profesional, diagn\u00f3stico o tratamiento. El uso de este sitio no establece ninguna relaci\u00f3n m\u00e9dico-paciente. No se ofrece ning\u00fan diagn\u00f3stico ni tratamiento. La informaci\u00f3n presentada [&hellip;]<\/p>\n","protected":false},"author":2,"featured_media":0,"parent":0,"menu_order":0,"comment_status":"closed","ping_status":"closed","template":"","meta":{"_acf_changed":false,"inline_featured_image":false,"footnotes":""},"class_list":["post-4347","page","type-page","status-publish","hentry"],"acf":[],"yoast_head":"<!-- This site is optimized with the Yoast SEO plugin v26.6 - https:\/\/yoast.com\/wordpress\/plugins\/seo\/ -->\n<title>Descargo de responsabilidad - Punto Bianco<\/title>\n<meta name=\"robots\" content=\"index, follow, max-snippet:-1, max-image-preview:large, max-video-preview:-1\" \/>\n<link rel=\"canonical\" href=\"https:\/\/puntobianco.md\/es\/descargo-de-responsabilidad\/\" \/>\n<meta property=\"og:locale\" content=\"es_ES\" \/>\n<meta property=\"og:type\" content=\"article\" \/>\n<meta property=\"og:title\" content=\"Descargo de responsabilidad - Punto Bianco\" \/>\n<meta property=\"og:description\" content=\"La informaci\u00f3n de este sitio web se proporciona con fines informativos generales y no est\u00e1 destinada a ofrecer asesoramiento m\u00e9dico, dental o quir\u00fargico, ni debe considerarse un sustituto del consejo m\u00e9dico profesional, diagn\u00f3stico o tratamiento. El uso de este sitio no establece ninguna relaci\u00f3n m\u00e9dico-paciente. No se ofrece ning\u00fan diagn\u00f3stico ni tratamiento. La informaci\u00f3n presentada [&hellip;]\" \/>\n<meta property=\"og:url\" content=\"https:\/\/puntobianco.md\/es\/descargo-de-responsabilidad\/\" \/>\n<meta property=\"og:site_name\" content=\"Punto Bianco\" \/>\n<meta property=\"article:publisher\" content=\"https:\/\/www.facebook.com\/PuntoBianco.md\" \/>\n<meta property=\"article:modified_time\" content=\"2026-01-21T08:25:46+00:00\" \/>\n<meta name=\"twitter:card\" content=\"summary_large_image\" \/>\n<meta name=\"twitter:label1\" content=\"Tiempo de lectura\" \/>\n\t<meta name=\"twitter:data1\" content=\"2 minutos\" \/>\n<script type=\"application\/ld+json\" class=\"yoast-schema-graph\">{\"@context\":\"https:\/\/schema.org\",\"@graph\":[{\"@type\":\"WebPage\",\"@id\":\"https:\/\/puntobianco.md\/es\/descargo-de-responsabilidad\/\",\"url\":\"https:\/\/puntobianco.md\/es\/descargo-de-responsabilidad\/\",\"name\":\"Descargo de responsabilidad - Punto Bianco\",\"isPartOf\":{\"@id\":\"https:\/\/puntobianco.md\/es\/#website\"},\"datePublished\":\"2024-09-30T13:19:57+00:00\",\"dateModified\":\"2026-01-21T08:25:46+00:00\",\"breadcrumb\":{\"@id\":\"https:\/\/puntobianco.md\/es\/descargo-de-responsabilidad\/#breadcrumb\"},\"inLanguage\":\"es\",\"potentialAction\":[{\"@type\":\"ReadAction\",\"target\":[\"https:\/\/puntobianco.md\/es\/descargo-de-responsabilidad\/\"]}]},{\"@type\":\"BreadcrumbList\",\"@id\":\"https:\/\/puntobianco.md\/es\/descargo-de-responsabilidad\/#breadcrumb\",\"itemListElement\":[{\"@type\":\"ListItem\",\"position\":1,\"name\":\"Prima pagin\u0103\",\"item\":\"https:\/\/puntobianco.md\/es\/pagina-principala\/\"},{\"@type\":\"ListItem\",\"position\":2,\"name\":\"Descargo de responsabilidad\"}]},{\"@type\":\"WebSite\",\"@id\":\"https:\/\/puntobianco.md\/es\/#website\",\"url\":\"https:\/\/puntobianco.md\/es\/\",\"name\":\"PuntoBianco.md\",\"description\":\"Clinic\u0103 stomatologic\u0103 \u00een Chi\u0219in\u0103u\",\"publisher\":{\"@id\":\"https:\/\/puntobianco.md\/es\/#organization\"},\"potentialAction\":[{\"@type\":\"SearchAction\",\"target\":{\"@type\":\"EntryPoint\",\"urlTemplate\":\"https:\/\/puntobianco.md\/es\/?s={search_term_string}\"},\"query-input\":{\"@type\":\"PropertyValueSpecification\",\"valueRequired\":true,\"valueName\":\"search_term_string\"}}],\"inLanguage\":\"es\"},{\"@type\":\"Organization\",\"@id\":\"https:\/\/puntobianco.md\/es\/#organization\",\"name\":\"Punto Bianco\",\"url\":\"https:\/\/puntobianco.md\/es\/\",\"logo\":{\"@type\":\"ImageObject\",\"inLanguage\":\"es\",\"@id\":\"https:\/\/puntobianco.md\/es\/#\/schema\/logo\/image\/\",\"url\":\"https:\/\/puntobianco.md\/wp-content\/uploads\/2024\/10\/logo-clinica-punto-bianco.png\",\"contentUrl\":\"https:\/\/puntobianco.md\/wp-content\/uploads\/2024\/10\/logo-clinica-punto-bianco.png\",\"width\":500,\"height\":500,\"caption\":\"Punto Bianco\"},\"image\":{\"@id\":\"https:\/\/puntobianco.md\/es\/#\/schema\/logo\/image\/\"},\"sameAs\":[\"https:\/\/www.facebook.com\/PuntoBianco.md\",\"https:\/\/www.instagram.com\/clinicapuntobianco\/\",\"https:\/\/www.youtube.com\/@puntobianco-clinicadentale\",\"https:\/\/www.tiktok.com\/@clinicapuntobianco\"]}]}<\/script>\n<!-- \/ Yoast SEO plugin. -->","yoast_head_json":{"title":"Descargo de responsabilidad - Punto Bianco","robots":{"index":"index","follow":"follow","max-snippet":"max-snippet:-1","max-image-preview":"max-image-preview:large","max-video-preview":"max-video-preview:-1"},"canonical":"https:\/\/puntobianco.md\/es\/descargo-de-responsabilidad\/","og_locale":"es_ES","og_type":"article","og_title":"Descargo de responsabilidad - Punto Bianco","og_description":"La informaci\u00f3n de este sitio web se proporciona con fines informativos generales y no est\u00e1 destinada a ofrecer asesoramiento m\u00e9dico, dental o quir\u00fargico, ni debe considerarse un sustituto del consejo m\u00e9dico profesional, diagn\u00f3stico o tratamiento. El uso de este sitio no establece ninguna relaci\u00f3n m\u00e9dico-paciente. No se ofrece ning\u00fan diagn\u00f3stico ni tratamiento. La informaci\u00f3n presentada [&hellip;]","og_url":"https:\/\/puntobianco.md\/es\/descargo-de-responsabilidad\/","og_site_name":"Punto Bianco","article_publisher":"https:\/\/www.facebook.com\/PuntoBianco.md","article_modified_time":"2026-01-21T08:25:46+00:00","twitter_card":"summary_large_image","twitter_misc":{"Tiempo de lectura":"2 minutos"},"schema":{"@context":"https:\/\/schema.org","@graph":[{"@type":"WebPage","@id":"https:\/\/puntobianco.md\/es\/descargo-de-responsabilidad\/","url":"https:\/\/puntobianco.md\/es\/descargo-de-responsabilidad\/","name":"Descargo de responsabilidad - Punto Bianco","isPartOf":{"@id":"https:\/\/puntobianco.md\/es\/#website"},"datePublished":"2024-09-30T13:19:57+00:00","dateModified":"2026-01-21T08:25:46+00:00","breadcrumb":{"@id":"https:\/\/puntobianco.md\/es\/descargo-de-responsabilidad\/#breadcrumb"},"inLanguage":"es","potentialAction":[{"@type":"ReadAction","target":["https:\/\/puntobianco.md\/es\/descargo-de-responsabilidad\/"]}]},{"@type":"BreadcrumbList","@id":"https:\/\/puntobianco.md\/es\/descargo-de-responsabilidad\/#breadcrumb","itemListElement":[{"@type":"ListItem","position":1,"name":"Prima pagin\u0103","item":"https:\/\/puntobianco.md\/es\/pagina-principala\/"},{"@type":"ListItem","position":2,"name":"Descargo de responsabilidad"}]},{"@type":"WebSite","@id":"https:\/\/puntobianco.md\/es\/#website","url":"https:\/\/puntobianco.md\/es\/","name":"PuntoBianco.md","description":"Clinic\u0103 stomatologic\u0103 \u00een Chi\u0219in\u0103u","publisher":{"@id":"https:\/\/puntobianco.md\/es\/#organization"},"potentialAction":[{"@type":"SearchAction","target":{"@type":"EntryPoint","urlTemplate":"https:\/\/puntobianco.md\/es\/?s={search_term_string}"},"query-input":{"@type":"PropertyValueSpecification","valueRequired":true,"valueName":"search_term_string"}}],"inLanguage":"es"},{"@type":"Organization","@id":"https:\/\/puntobianco.md\/es\/#organization","name":"Punto Bianco","url":"https:\/\/puntobianco.md\/es\/","logo":{"@type":"ImageObject","inLanguage":"es","@id":"https:\/\/puntobianco.md\/es\/#\/schema\/logo\/image\/","url":"https:\/\/puntobianco.md\/wp-content\/uploads\/2024\/10\/logo-clinica-punto-bianco.png","contentUrl":"https:\/\/puntobianco.md\/wp-content\/uploads\/2024\/10\/logo-clinica-punto-bianco.png","width":500,"height":500,"caption":"Punto Bianco"},"image":{"@id":"https:\/\/puntobianco.md\/es\/#\/schema\/logo\/image\/"},"sameAs":["https:\/\/www.facebook.com\/PuntoBianco.md","https:\/\/www.instagram.com\/clinicapuntobianco\/","https:\/\/www.youtube.com\/@puntobianco-clinicadentale","https:\/\/www.tiktok.com\/@clinicapuntobianco"]}]}},"_links":{"self":[{"href":"https:\/\/puntobianco.md\/es\/wp-json\/wp\/v2\/pages\/4347","targetHints":{"allow":["GET"]}}],"collection":[{"href":"https:\/\/puntobianco.md\/es\/wp-json\/wp\/v2\/pages"}],"about":[{"href":"https:\/\/puntobianco.md\/es\/wp-json\/wp\/v2\/types\/page"}],"author":[{"embeddable":true,"href":"https:\/\/puntobianco.md\/es\/wp-json\/wp\/v2\/users\/2"}],"replies":[{"embeddable":true,"href":"https:\/\/puntobianco.md\/es\/wp-json\/wp\/v2\/comments?post=4347"}],"version-history":[{"count":1,"href":"https:\/\/puntobianco.md\/es\/wp-json\/wp\/v2\/pages\/4347\/revisions"}],"predecessor-version":[{"id":4421,"href":"https:\/\/puntobianco.md\/es\/wp-json\/wp\/v2\/pages\/4347\/revisions\/4421"}],"wp:attachment":[{"href":"https:\/\/puntobianco.md\/es\/wp-json\/wp\/v2\/media?parent=4347"}],"curies":[{"name":"wp","href":"https:\/\/api.w.org\/{rel}","templated":true}]}}