{"id":4342,"date":"2024-06-25T22:44:48","date_gmt":"2024-06-25T19:44:48","guid":{"rendered":"https:\/\/puntobianco.md\/sobre-nosotros\/"},"modified":"2026-02-09T10:48:09","modified_gmt":"2026-02-09T07:48:09","slug":"sobre-nosotros","status":"publish","type":"page","link":"https:\/\/puntobianco.md\/es\/sobre-nosotros\/","title":{"rendered":"Sobre nosotros"},"content":{"rendered":"","protected":false},"excerpt":{"rendered":"","protected":false},"author":1,"featured_media":1657,"parent":0,"menu_order":0,"comment_status":"closed","ping_status":"closed","template":"templates\/about.php","meta":{"_acf_changed":false,"inline_featured_image":false,"footnotes":""},"class_list":["post-4342","page","type-page","status-publish","has-post-thumbnail","hentry"],"acf":[],"yoast_head":"<!-- This site is optimized with the Yoast SEO plugin v26.6 - https:\/\/yoast.com\/wordpress\/plugins\/seo\/ -->\n<title>Sobre nosotros: Punto Bianco en cifras, Misi\u00f3n, Historia, Nuestro equipo<\/title>\n<meta name=\"description\" content=\"Descubra m\u00e1s detalles sobre la Cl\u00ednica Odontol\u00f3gica Punto Bianco en Chi\u0219in\u0103u. Qui\u00e9nes somos, c\u00f3mo nos hemos desarrollado y crecido, y cu\u00e1les son nuestros valores.\" \/>\n<meta name=\"robots\" content=\"index, follow, max-snippet:-1, max-image-preview:large, max-video-preview:-1\" \/>\n<link rel=\"canonical\" href=\"https:\/\/puntobianco.md\/es\/sobre-nosotros\/\" \/>\n<meta property=\"og:locale\" content=\"es_ES\" \/>\n<meta property=\"og:type\" content=\"article\" \/>\n<meta property=\"og:title\" content=\"Sobre nosotros: Punto Bianco en cifras, Misi\u00f3n, Historia, Nuestro equipo\" \/>\n<meta property=\"og:description\" content=\"Descubra m\u00e1s detalles sobre la Cl\u00ednica Odontol\u00f3gica Punto Bianco en Chi\u0219in\u0103u. Qui\u00e9nes somos, c\u00f3mo nos hemos desarrollado y crecido, y cu\u00e1les son nuestros valores.\" \/>\n<meta property=\"og:url\" content=\"https:\/\/puntobianco.md\/es\/sobre-nosotros\/\" \/>\n<meta property=\"og:site_name\" content=\"Punto Bianco\" \/>\n<meta property=\"article:publisher\" content=\"https:\/\/www.facebook.com\/PuntoBianco.md\" \/>\n<meta property=\"article:modified_time\" content=\"2026-02-09T07:48:09+00:00\" \/>\n<meta property=\"og:image\" content=\"https:\/\/puntobianco.md\/wp-content\/uploads\/2024\/09\/istoria-punto-bianco.jpeg\" \/>\n\t<meta property=\"og:image:width\" content=\"1600\" \/>\n\t<meta property=\"og:image:height\" content=\"1066\" \/>\n\t<meta property=\"og:image:type\" content=\"image\/jpeg\" \/>\n<meta name=\"twitter:card\" content=\"summary_large_image\" \/>\n<meta name=\"twitter:label1\" content=\"Tiempo de lectura\" \/>\n\t<meta name=\"twitter:data1\" content=\"1 minuto\" \/>\n<script type=\"application\/ld+json\" class=\"yoast-schema-graph\">{\"@context\":\"https:\/\/schema.org\",\"@graph\":[{\"@type\":\"WebPage\",\"@id\":\"https:\/\/puntobianco.md\/es\/sobre-nosotros\/\",\"url\":\"https:\/\/puntobianco.md\/es\/sobre-nosotros\/\",\"name\":\"Sobre nosotros: Punto Bianco en cifras, Misi\u00f3n, Historia, Nuestro equipo\",\"isPartOf\":{\"@id\":\"https:\/\/puntobianco.md\/es\/#website\"},\"primaryImageOfPage\":{\"@id\":\"https:\/\/puntobianco.md\/es\/sobre-nosotros\/#primaryimage\"},\"image\":{\"@id\":\"https:\/\/puntobianco.md\/es\/sobre-nosotros\/#primaryimage\"},\"thumbnailUrl\":\"https:\/\/puntobianco.md\/wp-content\/uploads\/2024\/09\/istoria-punto-bianco.jpeg\",\"datePublished\":\"2024-06-25T19:44:48+00:00\",\"dateModified\":\"2026-02-09T07:48:09+00:00\",\"description\":\"Descubra m\u00e1s detalles sobre la Cl\u00ednica Odontol\u00f3gica Punto Bianco en Chi\u0219in\u0103u. Qui\u00e9nes somos, c\u00f3mo nos hemos desarrollado y crecido, y cu\u00e1les son nuestros valores.\",\"breadcrumb\":{\"@id\":\"https:\/\/puntobianco.md\/es\/sobre-nosotros\/#breadcrumb\"},\"inLanguage\":\"es\",\"potentialAction\":[{\"@type\":\"ReadAction\",\"target\":[\"https:\/\/puntobianco.md\/es\/sobre-nosotros\/\"]}]},{\"@type\":\"ImageObject\",\"inLanguage\":\"es\",\"@id\":\"https:\/\/puntobianco.md\/es\/sobre-nosotros\/#primaryimage\",\"url\":\"https:\/\/puntobianco.md\/wp-content\/uploads\/2024\/09\/istoria-punto-bianco.jpeg\",\"contentUrl\":\"https:\/\/puntobianco.md\/wp-content\/uploads\/2024\/09\/istoria-punto-bianco.jpeg\",\"width\":1600,\"height\":1066,\"caption\":\"Ceropita Mihail \u2013 director de Punto Bianco sobre la historia de la cl\u00ednica odontol\u00f3gica y del turismo dental en Moldavia\"},{\"@type\":\"BreadcrumbList\",\"@id\":\"https:\/\/puntobianco.md\/es\/sobre-nosotros\/#breadcrumb\",\"itemListElement\":[{\"@type\":\"ListItem\",\"position\":1,\"name\":\"Prima pagin\u0103\",\"item\":\"https:\/\/puntobianco.md\/es\/pagina-principala\/\"},{\"@type\":\"ListItem\",\"position\":2,\"name\":\"Sobre nosotros\"}]},{\"@type\":\"WebSite\",\"@id\":\"https:\/\/puntobianco.md\/es\/#website\",\"url\":\"https:\/\/puntobianco.md\/es\/\",\"name\":\"PuntoBianco.md\",\"description\":\"Clinic\u0103 stomatologic\u0103 \u00een Chi\u0219in\u0103u\",\"publisher\":{\"@id\":\"https:\/\/puntobianco.md\/es\/#organization\"},\"potentialAction\":[{\"@type\":\"SearchAction\",\"target\":{\"@type\":\"EntryPoint\",\"urlTemplate\":\"https:\/\/puntobianco.md\/es\/?s={search_term_string}\"},\"query-input\":{\"@type\":\"PropertyValueSpecification\",\"valueRequired\":true,\"valueName\":\"search_term_string\"}}],\"inLanguage\":\"es\"},{\"@type\":\"Organization\",\"@id\":\"https:\/\/puntobianco.md\/es\/#organization\",\"name\":\"Punto Bianco\",\"url\":\"https:\/\/puntobianco.md\/es\/\",\"logo\":{\"@type\":\"ImageObject\",\"inLanguage\":\"es\",\"@id\":\"https:\/\/puntobianco.md\/es\/#\/schema\/logo\/image\/\",\"url\":\"https:\/\/puntobianco.md\/wp-content\/uploads\/2024\/10\/logo-clinica-punto-bianco.png\",\"contentUrl\":\"https:\/\/puntobianco.md\/wp-content\/uploads\/2024\/10\/logo-clinica-punto-bianco.png\",\"width\":500,\"height\":500,\"caption\":\"Punto Bianco\"},\"image\":{\"@id\":\"https:\/\/puntobianco.md\/es\/#\/schema\/logo\/image\/\"},\"sameAs\":[\"https:\/\/www.facebook.com\/PuntoBianco.md\",\"https:\/\/www.instagram.com\/clinicapuntobianco\/\",\"https:\/\/www.youtube.com\/@puntobianco-clinicadentale\",\"https:\/\/www.tiktok.com\/@clinicapuntobianco\"]}]}<\/script>\n<!-- \/ Yoast SEO plugin. -->","yoast_head_json":{"title":"Sobre nosotros: Punto Bianco en cifras, Misi\u00f3n, Historia, Nuestro equipo","description":"Descubra m\u00e1s detalles sobre la Cl\u00ednica Odontol\u00f3gica Punto Bianco en Chi\u0219in\u0103u. Qui\u00e9nes somos, c\u00f3mo nos hemos desarrollado y crecido, y cu\u00e1les son nuestros valores.","robots":{"index":"index","follow":"follow","max-snippet":"max-snippet:-1","max-image-preview":"max-image-preview:large","max-video-preview":"max-video-preview:-1"},"canonical":"https:\/\/puntobianco.md\/es\/sobre-nosotros\/","og_locale":"es_ES","og_type":"article","og_title":"Sobre nosotros: Punto Bianco en cifras, Misi\u00f3n, Historia, Nuestro equipo","og_description":"Descubra m\u00e1s detalles sobre la Cl\u00ednica Odontol\u00f3gica Punto Bianco en Chi\u0219in\u0103u. Qui\u00e9nes somos, c\u00f3mo nos hemos desarrollado y crecido, y cu\u00e1les son nuestros valores.","og_url":"https:\/\/puntobianco.md\/es\/sobre-nosotros\/","og_site_name":"Punto Bianco","article_publisher":"https:\/\/www.facebook.com\/PuntoBianco.md","article_modified_time":"2026-02-09T07:48:09+00:00","og_image":[{"width":1600,"height":1066,"url":"https:\/\/puntobianco.md\/wp-content\/uploads\/2024\/09\/istoria-punto-bianco.jpeg","type":"image\/jpeg"}],"twitter_card":"summary_large_image","twitter_misc":{"Tiempo de lectura":"1 minuto"},"schema":{"@context":"https:\/\/schema.org","@graph":[{"@type":"WebPage","@id":"https:\/\/puntobianco.md\/es\/sobre-nosotros\/","url":"https:\/\/puntobianco.md\/es\/sobre-nosotros\/","name":"Sobre nosotros: Punto Bianco en cifras, Misi\u00f3n, Historia, Nuestro equipo","isPartOf":{"@id":"https:\/\/puntobianco.md\/es\/#website"},"primaryImageOfPage":{"@id":"https:\/\/puntobianco.md\/es\/sobre-nosotros\/#primaryimage"},"image":{"@id":"https:\/\/puntobianco.md\/es\/sobre-nosotros\/#primaryimage"},"thumbnailUrl":"https:\/\/puntobianco.md\/wp-content\/uploads\/2024\/09\/istoria-punto-bianco.jpeg","datePublished":"2024-06-25T19:44:48+00:00","dateModified":"2026-02-09T07:48:09+00:00","description":"Descubra m\u00e1s detalles sobre la Cl\u00ednica Odontol\u00f3gica Punto Bianco en Chi\u0219in\u0103u. Qui\u00e9nes somos, c\u00f3mo nos hemos desarrollado y crecido, y cu\u00e1les son nuestros valores.","breadcrumb":{"@id":"https:\/\/puntobianco.md\/es\/sobre-nosotros\/#breadcrumb"},"inLanguage":"es","potentialAction":[{"@type":"ReadAction","target":["https:\/\/puntobianco.md\/es\/sobre-nosotros\/"]}]},{"@type":"ImageObject","inLanguage":"es","@id":"https:\/\/puntobianco.md\/es\/sobre-nosotros\/#primaryimage","url":"https:\/\/puntobianco.md\/wp-content\/uploads\/2024\/09\/istoria-punto-bianco.jpeg","contentUrl":"https:\/\/puntobianco.md\/wp-content\/uploads\/2024\/09\/istoria-punto-bianco.jpeg","width":1600,"height":1066,"caption":"Ceropita Mihail \u2013 director de Punto Bianco sobre la historia de la cl\u00ednica odontol\u00f3gica y del turismo dental en Moldavia"},{"@type":"BreadcrumbList","@id":"https:\/\/puntobianco.md\/es\/sobre-nosotros\/#breadcrumb","itemListElement":[{"@type":"ListItem","position":1,"name":"Prima pagin\u0103","item":"https:\/\/puntobianco.md\/es\/pagina-principala\/"},{"@type":"ListItem","position":2,"name":"Sobre nosotros"}]},{"@type":"WebSite","@id":"https:\/\/puntobianco.md\/es\/#website","url":"https:\/\/puntobianco.md\/es\/","name":"PuntoBianco.md","description":"Clinic\u0103 stomatologic\u0103 \u00een Chi\u0219in\u0103u","publisher":{"@id":"https:\/\/puntobianco.md\/es\/#organization"},"potentialAction":[{"@type":"SearchAction","target":{"@type":"EntryPoint","urlTemplate":"https:\/\/puntobianco.md\/es\/?s={search_term_string}"},"query-input":{"@type":"PropertyValueSpecification","valueRequired":true,"valueName":"search_term_string"}}],"inLanguage":"es"},{"@type":"Organization","@id":"https:\/\/puntobianco.md\/es\/#organization","name":"Punto Bianco","url":"https:\/\/puntobianco.md\/es\/","logo":{"@type":"ImageObject","inLanguage":"es","@id":"https:\/\/puntobianco.md\/es\/#\/schema\/logo\/image\/","url":"https:\/\/puntobianco.md\/wp-content\/uploads\/2024\/10\/logo-clinica-punto-bianco.png","contentUrl":"https:\/\/puntobianco.md\/wp-content\/uploads\/2024\/10\/logo-clinica-punto-bianco.png","width":500,"height":500,"caption":"Punto Bianco"},"image":{"@id":"https:\/\/puntobianco.md\/es\/#\/schema\/logo\/image\/"},"sameAs":["https:\/\/www.facebook.com\/PuntoBianco.md","https:\/\/www.instagram.com\/clinicapuntobianco\/","https:\/\/www.youtube.com\/@puntobianco-clinicadentale","https:\/\/www.tiktok.com\/@clinicapuntobianco"]}]}},"_links":{"self":[{"href":"https:\/\/puntobianco.md\/es\/wp-json\/wp\/v2\/pages\/4342","targetHints":{"allow":["GET"]}}],"collection":[{"href":"https:\/\/puntobianco.md\/es\/wp-json\/wp\/v2\/pages"}],"about":[{"href":"https:\/\/puntobianco.md\/es\/wp-json\/wp\/v2\/types\/page"}],"author":[{"embeddable":true,"href":"https:\/\/puntobianco.md\/es\/wp-json\/wp\/v2\/users\/1"}],"replies":[{"embeddable":true,"href":"https:\/\/puntobianco.md\/es\/wp-json\/wp\/v2\/comments?post=4342"}],"version-history":[{"count":2,"href":"https:\/\/puntobianco.md\/es\/wp-json\/wp\/v2\/pages\/4342\/revisions"}],"predecessor-version":[{"id":4947,"href":"https:\/\/puntobianco.md\/es\/wp-json\/wp\/v2\/pages\/4342\/revisions\/4947"}],"wp:featuredmedia":[{"embeddable":true,"href":"https:\/\/puntobianco.md\/es\/wp-json\/wp\/v2\/media\/1657"}],"wp:attachment":[{"href":"https:\/\/puntobianco.md\/es\/wp-json\/wp\/v2\/media?parent=4342"}],"curies":[{"name":"wp","href":"https:\/\/api.w.org\/{rel}","templated":true}]}}