{"id":4339,"date":"2024-09-30T16:17:41","date_gmt":"2024-09-30T13:17:41","guid":{"rendered":"https:\/\/puntobianco.md\/cookies\/"},"modified":"2024-09-30T16:17:41","modified_gmt":"2024-09-30T13:17:41","slug":"cookies","status":"publish","type":"page","link":"https:\/\/puntobianco.md\/es\/cookies\/","title":{"rendered":"Cookies"},"content":{"rendered":"<h2 class=\"wp-block-heading\">POL\u00cdTICA DE USO DE ARCHIVOS COOKIE<\/h2>\n<p>Esta pol\u00edtica sobre cookies permite a los usuarios del sitio web <a href=\"https:\/\/.puntobianco.md\/\">www.PuntoBianco.md<\/a> informarse sobre la colocaci\u00f3n, el uso y la administraci\u00f3n de los archivos cookie en este sitio web.<\/p>\n<p>Al visualizar esta pol\u00edtica de cookies y utilizar este sitio web, usted acepta el uso de cookies en su navegador, de conformidad con nuestra pol\u00edtica de cookies, excepto en el caso de que las haya desactivado. <\/p>\n<ol>\n<li><strong>\u00bfQu\u00e9 es una cookie?<\/strong><\/li>\n<\/ol>\n<p>Las cookies son peque\u00f1os archivos de texto que los sitios web env\u00edan al ordenador u otros dispositivos conectados a internet para identificar de manera \u00fanica el navegador del usuario o para almacenar informaci\u00f3n o configuraciones en el navegador.<\/p>\n<p>Las cookies suelen contener el nombre del sitio web del que proceden, informaci\u00f3n sobre su duraci\u00f3n de vida y un identificador \u00fanico.<\/p>\n<ol start=\"2\">\n<li><strong>\u00bfPara qu\u00e9 utilizamos cookies?<\/strong><\/li>\n<\/ol>\n<p>Las cookies contienen informaci\u00f3n que ayuda a mejorar el funcionamiento del sitio web, a optimizarlo de manera eficiente y a mejorar la experiencia de uso. Asimismo, utilizamos cookies con fines de elaboraci\u00f3n de estad\u00edsticas agregadas y anonimizadas (es decir, sin identificaci\u00f3n del usuario), que nos ayudan a comprender c\u00f3mo navegan los usuarios por el sitio web. <\/p>\n<p>De este modo, a partir de la informaci\u00f3n transmitida mediante cookies sobre la forma en que se utiliza este sitio web, Punto Bianco persigue un inter\u00e9s leg\u00edtimo en adoptar medidas para que la p\u00e1gina de internet sea m\u00e1s eficiente y m\u00e1s accesible para los usuarios.<\/p>\n<ol start=\"3\">\n<li><strong>\u00bfQu\u00e9 cookies utilizamos?<\/strong><\/li>\n<\/ol>\n<p>En general, utilizamos dos tipos de cookies: cookies de sesi\u00f3n y cookies persistentes. Las cookies de sesi\u00f3n caducan al finalizar la sesi\u00f3n del navegador. Otras cookies, conocidas como \u201ccookies persistentes\u201d, se almacenan en el ordenador o dispositivo m\u00f3vil entre sesiones del navegador. Son v\u00e1lidas hasta la fecha de caducidad establecida por el propietario del sitio web o hasta que el usuario las elimine manualmente.<br \/>Las cookies de terceros, en particular las cookies utilizadas por el sitio web, est\u00e1n sujetas a las pol\u00edticas de privacidad y seguridad correspondientes. Estas cookies pueden proceder de los siguientes terceros: Google, Facebook, bitrix.info, doubleclick.net, addthis.com.     <\/p>\n<p>Los siguientes tipos de cookies son los m\u00e1s importantes que utilizamos en nuestro sitio web:<\/p>\n<ul>\n<li><strong>Cookies esenciales \/ funcionales:<\/strong> estas cookies son esenciales para que el sitio web funcione correctamente y para permitir que el usuario navegue por \u00e9l y utilice los servicios y funcionalidades ofrecidos por la p\u00e1gina web.<\/li>\n<li><strong>Cookies de orientaci\u00f3n o publicitarias:<\/strong> son esenciales para el funcionamiento del modelo de negocio, que se basa en mantener el sitio web abierto. La desactivaci\u00f3n de estas cookies puede reducir el nivel de algunos servicios, haci\u00e9ndolos inaccesibles para el propietario del sitio web. Estas incluyen cookies de marketing y cookies estad\u00edsticas. Las cookies de marketing se utilizan para mostrarle anuncios m\u00e1s relevantes seg\u00fan sus intereses. Tambi\u00e9n son utilizadas por editores y agencias de publicidad para personalizar los anuncios y son \u00fatiles para la difusi\u00f3n de publicidad fuera del sitio web.    <\/li>\n<li><strong>Cookies de sesi\u00f3n de trabajo:<\/strong> recopilan informaci\u00f3n sobre la navegaci\u00f3n en nuestro sitio web. Pueden estar relacionadas con las p\u00e1ginas m\u00e1s visitadas o con los mensajes de error que aparecen en determinadas p\u00e1ginas web. Contribuyen a mejorar la calidad de los servicios ofrecidos por el sitio web y a proporcionar una navegaci\u00f3n m\u00e1s c\u00f3moda.  <\/li>\n<li><strong>Cookies de localizaci\u00f3n:<\/strong> personalizan la informaci\u00f3n que ve seg\u00fan su ubicaci\u00f3n espec\u00edfica. <\/li>\n<\/ul>\n<ol start=\"4\">\n<li><strong>\u00bfLas cookies contienen informaci\u00f3n personal?<\/strong><\/li>\n<\/ol>\n<p>La recopilaci\u00f3n de informaci\u00f3n personal durante el uso de cookies est\u00e1 permitida \u00fanicamente para<\/p>\n<p>cumplir determinadas funciones espec\u00edficas para los usuarios. Para prevenir el acceso no autorizado, esta <\/p>\n<p>informaci\u00f3n est\u00e1 clasificada.<\/p>\n<ol start=\"5\">\n<li><strong>Control y eliminaci\u00f3n de cookies<\/strong><\/li>\n<\/ol>\n<p>Inicialmente, la mayor\u00eda de los navegadores est\u00e1n configurados para aceptar cookies. No obstante, estos ajustes pueden modificarse y las cookies utilizadas pueden desactivarse a trav\u00e9s de la configuraci\u00f3n del navegador que utilice. Para consultar estos ajustes, puede acceder a los siguientes enlaces para obtener m\u00e1s detalles:  <\/p>\n<ul>\n<li><a href=\"https:\/\/support.microsoft.com\/en-us\/help\/17442\/windows-internet-explorer-delete-manage-cookies\">Configuraci\u00f3n de cookies en Internet Explorer<\/a><\/li>\n<li><a href=\"https:\/\/support.mozilla.org\/en-US\/kb\/enable-and-disable-cookies-website-preferences\">Configuraci\u00f3n de cookies en Firefox<\/a><\/li>\n<li><a href=\"https:\/\/support.google.com\/chrome\/answer\/95647\">Configuraci\u00f3n de cookies en Chrome<\/a><\/li>\n<li><a href=\"https:\/\/support.apple.com\/kb\/ph21411\">Configuraci\u00f3n de cookies en Safari<\/a><\/li>\n<\/ul>\n<p>La desactivaci\u00f3n y eliminaci\u00f3n de cookies puede afectar al funcionamiento de determinadas funciones del sitio web.<\/p>\n<p>Para cualquier pregunta adicional sobre la forma en que se utilizan las cookies a trav\u00e9s de este sitio web, le rogamos que se ponga en contacto con nosotros en la direcci\u00f3n de correo electr\u00f3nico: privacy@PuntoBianco.md.<\/p>\n<h4 class=\"wp-block-heading\">ESTE DOCUMENTO FUE ACTUALIZADO POR \u00daLTIMA VEZ EL: 30 de septiembre de 2024<\/h4>\n","protected":false},"excerpt":{"rendered":"<p>POL\u00cdTICA DE USO DE ARCHIVOS COOKIE Esta pol\u00edtica sobre cookies permite a los usuarios del sitio web www.PuntoBianco.md informarse sobre la colocaci\u00f3n, el uso y la administraci\u00f3n de los archivos cookie en este sitio web. Al visualizar esta pol\u00edtica de cookies y utilizar este sitio web, usted acepta el uso de cookies en su navegador, [&hellip;]<\/p>\n","protected":false},"author":2,"featured_media":0,"parent":0,"menu_order":0,"comment_status":"closed","ping_status":"closed","template":"","meta":{"_acf_changed":false,"inline_featured_image":false,"footnotes":""},"class_list":["post-4339","page","type-page","status-publish","hentry"],"acf":[],"yoast_head":"<!-- This site is optimized with the Yoast SEO plugin v26.6 - https:\/\/yoast.com\/wordpress\/plugins\/seo\/ -->\n<title>Cookies - Punto Bianco<\/title>\n<meta name=\"robots\" content=\"index, follow, max-snippet:-1, max-image-preview:large, max-video-preview:-1\" \/>\n<link rel=\"canonical\" href=\"https:\/\/puntobianco.md\/es\/cookies\/\" \/>\n<meta property=\"og:locale\" content=\"es_ES\" \/>\n<meta property=\"og:type\" content=\"article\" \/>\n<meta property=\"og:title\" content=\"Cookies - Punto Bianco\" \/>\n<meta property=\"og:description\" content=\"POL\u00cdTICA DE USO DE ARCHIVOS COOKIE Esta pol\u00edtica sobre cookies permite a los usuarios del sitio web www.PuntoBianco.md informarse sobre la colocaci\u00f3n, el uso y la administraci\u00f3n de los archivos cookie en este sitio web. Al visualizar esta pol\u00edtica de cookies y utilizar este sitio web, usted acepta el uso de cookies en su navegador, [&hellip;]\" \/>\n<meta property=\"og:url\" content=\"https:\/\/puntobianco.md\/es\/cookies\/\" \/>\n<meta property=\"og:site_name\" content=\"Punto Bianco\" \/>\n<meta property=\"article:publisher\" content=\"https:\/\/www.facebook.com\/PuntoBianco.md\" \/>\n<meta name=\"twitter:card\" content=\"summary_large_image\" \/>\n<meta name=\"twitter:label1\" content=\"Tiempo de lectura\" \/>\n\t<meta name=\"twitter:data1\" content=\"4 minutos\" \/>\n<script type=\"application\/ld+json\" class=\"yoast-schema-graph\">{\"@context\":\"https:\/\/schema.org\",\"@graph\":[{\"@type\":\"WebPage\",\"@id\":\"https:\/\/puntobianco.md\/es\/cookies\/\",\"url\":\"https:\/\/puntobianco.md\/es\/cookies\/\",\"name\":\"Cookies - Punto Bianco\",\"isPartOf\":{\"@id\":\"https:\/\/puntobianco.md\/es\/#website\"},\"datePublished\":\"2024-09-30T13:17:41+00:00\",\"breadcrumb\":{\"@id\":\"https:\/\/puntobianco.md\/es\/cookies\/#breadcrumb\"},\"inLanguage\":\"es\",\"potentialAction\":[{\"@type\":\"ReadAction\",\"target\":[\"https:\/\/puntobianco.md\/es\/cookies\/\"]}]},{\"@type\":\"BreadcrumbList\",\"@id\":\"https:\/\/puntobianco.md\/es\/cookies\/#breadcrumb\",\"itemListElement\":[{\"@type\":\"ListItem\",\"position\":1,\"name\":\"Prima pagin\u0103\",\"item\":\"https:\/\/puntobianco.md\/es\/pagina-principala\/\"},{\"@type\":\"ListItem\",\"position\":2,\"name\":\"Cookies\"}]},{\"@type\":\"WebSite\",\"@id\":\"https:\/\/puntobianco.md\/es\/#website\",\"url\":\"https:\/\/puntobianco.md\/es\/\",\"name\":\"PuntoBianco.md\",\"description\":\"Clinic\u0103 stomatologic\u0103 \u00een Chi\u0219in\u0103u\",\"publisher\":{\"@id\":\"https:\/\/puntobianco.md\/es\/#organization\"},\"potentialAction\":[{\"@type\":\"SearchAction\",\"target\":{\"@type\":\"EntryPoint\",\"urlTemplate\":\"https:\/\/puntobianco.md\/es\/?s={search_term_string}\"},\"query-input\":{\"@type\":\"PropertyValueSpecification\",\"valueRequired\":true,\"valueName\":\"search_term_string\"}}],\"inLanguage\":\"es\"},{\"@type\":\"Organization\",\"@id\":\"https:\/\/puntobianco.md\/es\/#organization\",\"name\":\"Punto Bianco\",\"url\":\"https:\/\/puntobianco.md\/es\/\",\"logo\":{\"@type\":\"ImageObject\",\"inLanguage\":\"es\",\"@id\":\"https:\/\/puntobianco.md\/es\/#\/schema\/logo\/image\/\",\"url\":\"https:\/\/puntobianco.md\/wp-content\/uploads\/2024\/10\/logo-clinica-punto-bianco.png\",\"contentUrl\":\"https:\/\/puntobianco.md\/wp-content\/uploads\/2024\/10\/logo-clinica-punto-bianco.png\",\"width\":500,\"height\":500,\"caption\":\"Punto Bianco\"},\"image\":{\"@id\":\"https:\/\/puntobianco.md\/es\/#\/schema\/logo\/image\/\"},\"sameAs\":[\"https:\/\/www.facebook.com\/PuntoBianco.md\",\"https:\/\/www.instagram.com\/clinicapuntobianco\/\",\"https:\/\/www.youtube.com\/@puntobianco-clinicadentale\",\"https:\/\/www.tiktok.com\/@clinicapuntobianco\"]}]}<\/script>\n<!-- \/ Yoast SEO plugin. -->","yoast_head_json":{"title":"Cookies - Punto Bianco","robots":{"index":"index","follow":"follow","max-snippet":"max-snippet:-1","max-image-preview":"max-image-preview:large","max-video-preview":"max-video-preview:-1"},"canonical":"https:\/\/puntobianco.md\/es\/cookies\/","og_locale":"es_ES","og_type":"article","og_title":"Cookies - Punto Bianco","og_description":"POL\u00cdTICA DE USO DE ARCHIVOS COOKIE Esta pol\u00edtica sobre cookies permite a los usuarios del sitio web www.PuntoBianco.md informarse sobre la colocaci\u00f3n, el uso y la administraci\u00f3n de los archivos cookie en este sitio web. Al visualizar esta pol\u00edtica de cookies y utilizar este sitio web, usted acepta el uso de cookies en su navegador, [&hellip;]","og_url":"https:\/\/puntobianco.md\/es\/cookies\/","og_site_name":"Punto Bianco","article_publisher":"https:\/\/www.facebook.com\/PuntoBianco.md","twitter_card":"summary_large_image","twitter_misc":{"Tiempo de lectura":"4 minutos"},"schema":{"@context":"https:\/\/schema.org","@graph":[{"@type":"WebPage","@id":"https:\/\/puntobianco.md\/es\/cookies\/","url":"https:\/\/puntobianco.md\/es\/cookies\/","name":"Cookies - Punto Bianco","isPartOf":{"@id":"https:\/\/puntobianco.md\/es\/#website"},"datePublished":"2024-09-30T13:17:41+00:00","breadcrumb":{"@id":"https:\/\/puntobianco.md\/es\/cookies\/#breadcrumb"},"inLanguage":"es","potentialAction":[{"@type":"ReadAction","target":["https:\/\/puntobianco.md\/es\/cookies\/"]}]},{"@type":"BreadcrumbList","@id":"https:\/\/puntobianco.md\/es\/cookies\/#breadcrumb","itemListElement":[{"@type":"ListItem","position":1,"name":"Prima pagin\u0103","item":"https:\/\/puntobianco.md\/es\/pagina-principala\/"},{"@type":"ListItem","position":2,"name":"Cookies"}]},{"@type":"WebSite","@id":"https:\/\/puntobianco.md\/es\/#website","url":"https:\/\/puntobianco.md\/es\/","name":"PuntoBianco.md","description":"Clinic\u0103 stomatologic\u0103 \u00een Chi\u0219in\u0103u","publisher":{"@id":"https:\/\/puntobianco.md\/es\/#organization"},"potentialAction":[{"@type":"SearchAction","target":{"@type":"EntryPoint","urlTemplate":"https:\/\/puntobianco.md\/es\/?s={search_term_string}"},"query-input":{"@type":"PropertyValueSpecification","valueRequired":true,"valueName":"search_term_string"}}],"inLanguage":"es"},{"@type":"Organization","@id":"https:\/\/puntobianco.md\/es\/#organization","name":"Punto Bianco","url":"https:\/\/puntobianco.md\/es\/","logo":{"@type":"ImageObject","inLanguage":"es","@id":"https:\/\/puntobianco.md\/es\/#\/schema\/logo\/image\/","url":"https:\/\/puntobianco.md\/wp-content\/uploads\/2024\/10\/logo-clinica-punto-bianco.png","contentUrl":"https:\/\/puntobianco.md\/wp-content\/uploads\/2024\/10\/logo-clinica-punto-bianco.png","width":500,"height":500,"caption":"Punto Bianco"},"image":{"@id":"https:\/\/puntobianco.md\/es\/#\/schema\/logo\/image\/"},"sameAs":["https:\/\/www.facebook.com\/PuntoBianco.md","https:\/\/www.instagram.com\/clinicapuntobianco\/","https:\/\/www.youtube.com\/@puntobianco-clinicadentale","https:\/\/www.tiktok.com\/@clinicapuntobianco"]}]}},"_links":{"self":[{"href":"https:\/\/puntobianco.md\/es\/wp-json\/wp\/v2\/pages\/4339","targetHints":{"allow":["GET"]}}],"collection":[{"href":"https:\/\/puntobianco.md\/es\/wp-json\/wp\/v2\/pages"}],"about":[{"href":"https:\/\/puntobianco.md\/es\/wp-json\/wp\/v2\/types\/page"}],"author":[{"embeddable":true,"href":"https:\/\/puntobianco.md\/es\/wp-json\/wp\/v2\/users\/2"}],"replies":[{"embeddable":true,"href":"https:\/\/puntobianco.md\/es\/wp-json\/wp\/v2\/comments?post=4339"}],"version-history":[{"count":0,"href":"https:\/\/puntobianco.md\/es\/wp-json\/wp\/v2\/pages\/4339\/revisions"}],"wp:attachment":[{"href":"https:\/\/puntobianco.md\/es\/wp-json\/wp\/v2\/media?parent=4339"}],"curies":[{"name":"wp","href":"https:\/\/api.w.org\/{rel}","templated":true}]}}