{"id":3670,"date":"2024-09-03T12:24:57","date_gmt":"2024-09-03T09:24:57","guid":{"rendered":"https:\/\/puntobianco.md\/terms-and-conditions\/"},"modified":"2026-01-21T11:38:22","modified_gmt":"2026-01-21T08:38:22","slug":"terms-and-conditions","status":"publish","type":"page","link":"https:\/\/puntobianco.md\/en\/terms-and-conditions\/","title":{"rendered":"Terms and Conditions"},"content":{"rendered":"<p>Please read these Terms of Use carefully before resorting to the <a href=\"https:\/\/puntobianco.md\/\">https:\/\/PuntoBianco.md<\/a> website operated by Punto Bianco SRL.<\/p>\n<p>Your access and use of your service is conditioned on the acceptance and compliance with these conditions. These Terms apply to all visitors, users, and others who access or use the Service.<\/p>\n<p>By accessing or using the Service, you agree to be bound by these Terms. If you do not agree to any part of the terms, you may not access the Service<\/p>\n<h2 class=\"wp-block-heading\">Accounts<\/h2>\n<p>When you create an account with us, you must provide us with accurate, complete and current information at all times. Failure to do so is a violation of the Terms, which may result in immediate termination of your account. within our Service.<\/p>\n<p>You are responsible for protecting the password you use to access the Service and for any activities or actions under your password, whether the password is with our Service or a third-party service.<\/p>\n<p>You agree not to disclose your password to any third party. You must notify us immediately upon learning of any security breach or unauthorized use of your account.<\/p>\n<h2 class=\"wp-block-heading\">Intellectual property<\/h2>\n<p>The service and its original content, features and functionalities are and will remain the exclusive property of Punto Bianco\/ TravelToDentist.com and its licensors.<\/p>\n<h2 class=\"wp-block-heading\">Links to other websites<\/h2>\n<p>Our Service may contain links to third-party websites or web services that are not owned or controlled by Punto Bianco.<\/p>\n<p>Punto Bianco has no control over, and assumes no responsibility for, the content, privacy policies, or practices of any third-party websites or services. You further acknowledge and agree that Punto Bianco shall not be responsible or liable, directly or indirectly, for any damage or loss caused or alleged to be caused by or in connection with the use of or reliance on any such content, goods or services available on or through any such websites or web services.<\/p>\n<p>We advise you to read the terms and conditions and privacy policies of any third-party websites or web services that you visit.<\/p>\n<h2 class=\"wp-block-heading\">Termination<\/h2>\n<p>We may terminate or suspend your access to our Service immediately, without notice or liability, for any reason, including without limitation if you violate the Terms.<\/p>\n<p>All provisions of the Terms which, by their nature, should survive termination, shall survive termination, including, without limitation, ownership provisions, warranty disclaimers, indemnities, and limitations of liability.<\/p>\n<p>We may terminate or suspend your account immediately, without notice or liability, for any reason, including without limitation if you violate the Terms.<\/p>\n<p>After termination, your right to of using the Service will cease immediately. If you wish to terminate your account, you can simply discontinue use of the service.<\/p>\n<p>All provisions of the Terms which, by their nature, should survive termination, shall survive termination, including, without limitation, ownership provisions, warranty disclaimers, indemnities, and limitations of liability.<\/p>\n<h2 class=\"wp-block-heading\">Disclaimer<\/h2>\n<p>Your use of the Service is at your own risk. The Service is provided on an &#8220;AS IS&#8221; and &#8220;AS AVAILABLE&#8221; basis. The Service is provided without warranties of any kind, whether express or implied, including, but not limited to, implied warranties of merchantability, fitness for a particular purpose, non-infringement or course of performance.<\/p>\n<h2 class=\"wp-block-heading\">Governing Law<\/h2>\n<p>These Terms shall be governed by and construed in accordance with the laws of the Republic of Moldova, without regard to its conflict of law provisions.<\/p>\n<p>Our failure to enforce any right or provision of these Terms shall not be deemed a waiver of those rights. If any provision of these Terms is held by a court to be invalid or unenforceable, the remaining provisions of these Terms will remain in full force and effect. These Terms constitute the entire agreement between us with respect to our Service and supersede any prior agreements we may have between us with respect to the Service.<\/p>\n<h2 class=\"wp-block-heading\">Changes<\/h2>\n<p>We reserve the right, in our sole discretion, to modify or replace these Terms at any time. If a revision is significant, we will attempt to provide at least 30 days&#8217; notice prior to the new terms becoming effective. What constitutes a material change will be determined at our discretion.<\/p>\n<p>By continuing to access or use our Service after these revisions become effective, you agree to be bound by the revised terms. If you do not agree to the new terms, please stop using the Service.<\/p>\n<h2 class=\"wp-block-heading\">Contact Us<\/h2>\n<p>If you have any questions about these Terms, you can contact us by e-mail, at <strong>the multilingual dental clinic \/ Punto Bianco \/ TravelToDentist<\/strong> MD-2001, Moldova, Chisinau, Str. 31 August 37\/1 or by phone +37368187171<\/p>\n<h4 class=\"wp-block-heading\">THIS DOCUMENT WAS LAST UPDATED ON: January 21, 2026<\/h4>\n","protected":false},"excerpt":{"rendered":"<p>Please read these Terms of Use carefully before resorting to the https:\/\/PuntoBianco.md website operated by Punto Bianco SRL. Your access and use of your service is conditioned on the acceptance and compliance with these conditions. These Terms apply to all visitors, users, and others who access or use the Service. By accessing or using the [&hellip;]<\/p>\n","protected":false},"author":1,"featured_media":0,"parent":0,"menu_order":0,"comment_status":"closed","ping_status":"closed","template":"","meta":{"_acf_changed":false,"inline_featured_image":false,"footnotes":""},"class_list":["post-3670","page","type-page","status-publish","hentry"],"acf":[],"yoast_head":"<!-- This site is optimized with the Yoast SEO plugin v26.6 - https:\/\/yoast.com\/wordpress\/plugins\/seo\/ -->\n<title>Terms and Conditions - Punto Bianco<\/title>\n<meta name=\"robots\" content=\"index, follow, max-snippet:-1, max-image-preview:large, max-video-preview:-1\" \/>\n<link rel=\"canonical\" href=\"https:\/\/puntobianco.md\/en\/terms-and-conditions\/\" \/>\n<meta property=\"og:locale\" content=\"en_US\" \/>\n<meta property=\"og:type\" content=\"article\" \/>\n<meta property=\"og:title\" content=\"Terms and Conditions - Punto Bianco\" \/>\n<meta property=\"og:description\" content=\"Please read these Terms of Use carefully before resorting to the https:\/\/PuntoBianco.md website operated by Punto Bianco SRL. Your access and use of your service is conditioned on the acceptance and compliance with these conditions. These Terms apply to all visitors, users, and others who access or use the Service. By accessing or using the [&hellip;]\" \/>\n<meta property=\"og:url\" content=\"https:\/\/puntobianco.md\/en\/terms-and-conditions\/\" \/>\n<meta property=\"og:site_name\" content=\"Punto Bianco\" \/>\n<meta property=\"article:publisher\" content=\"https:\/\/www.facebook.com\/PuntoBianco.md\" \/>\n<meta property=\"article:modified_time\" content=\"2026-01-21T08:38:22+00:00\" \/>\n<meta name=\"twitter:card\" content=\"summary_large_image\" \/>\n<meta name=\"twitter:label1\" content=\"Est. reading time\" \/>\n\t<meta name=\"twitter:data1\" content=\"5 minutes\" \/>\n<script type=\"application\/ld+json\" class=\"yoast-schema-graph\">{\"@context\":\"https:\/\/schema.org\",\"@graph\":[{\"@type\":\"WebPage\",\"@id\":\"https:\/\/puntobianco.md\/en\/terms-and-conditions\/\",\"url\":\"https:\/\/puntobianco.md\/en\/terms-and-conditions\/\",\"name\":\"Terms and Conditions - Punto Bianco\",\"isPartOf\":{\"@id\":\"https:\/\/puntobianco.md\/en\/#website\"},\"datePublished\":\"2024-09-03T09:24:57+00:00\",\"dateModified\":\"2026-01-21T08:38:22+00:00\",\"breadcrumb\":{\"@id\":\"https:\/\/puntobianco.md\/en\/terms-and-conditions\/#breadcrumb\"},\"inLanguage\":\"en-US\",\"potentialAction\":[{\"@type\":\"ReadAction\",\"target\":[\"https:\/\/puntobianco.md\/en\/terms-and-conditions\/\"]}]},{\"@type\":\"BreadcrumbList\",\"@id\":\"https:\/\/puntobianco.md\/en\/terms-and-conditions\/#breadcrumb\",\"itemListElement\":[{\"@type\":\"ListItem\",\"position\":1,\"name\":\"Prima pagin\u0103\",\"item\":\"https:\/\/puntobianco.md\/en\/\"},{\"@type\":\"ListItem\",\"position\":2,\"name\":\"Terms and Conditions\"}]},{\"@type\":\"WebSite\",\"@id\":\"https:\/\/puntobianco.md\/en\/#website\",\"url\":\"https:\/\/puntobianco.md\/en\/\",\"name\":\"PuntoBianco.md\",\"description\":\"Clinic\u0103 stomatologic\u0103 \u00een Chi\u0219in\u0103u\",\"publisher\":{\"@id\":\"https:\/\/puntobianco.md\/en\/#organization\"},\"potentialAction\":[{\"@type\":\"SearchAction\",\"target\":{\"@type\":\"EntryPoint\",\"urlTemplate\":\"https:\/\/puntobianco.md\/en\/?s={search_term_string}\"},\"query-input\":{\"@type\":\"PropertyValueSpecification\",\"valueRequired\":true,\"valueName\":\"search_term_string\"}}],\"inLanguage\":\"en-US\"},{\"@type\":\"Organization\",\"@id\":\"https:\/\/puntobianco.md\/en\/#organization\",\"name\":\"Punto Bianco\",\"url\":\"https:\/\/puntobianco.md\/en\/\",\"logo\":{\"@type\":\"ImageObject\",\"inLanguage\":\"en-US\",\"@id\":\"https:\/\/puntobianco.md\/en\/#\/schema\/logo\/image\/\",\"url\":\"https:\/\/puntobianco.md\/wp-content\/uploads\/2024\/10\/logo-clinica-punto-bianco.png\",\"contentUrl\":\"https:\/\/puntobianco.md\/wp-content\/uploads\/2024\/10\/logo-clinica-punto-bianco.png\",\"width\":500,\"height\":500,\"caption\":\"Punto Bianco\"},\"image\":{\"@id\":\"https:\/\/puntobianco.md\/en\/#\/schema\/logo\/image\/\"},\"sameAs\":[\"https:\/\/www.facebook.com\/PuntoBianco.md\",\"https:\/\/www.instagram.com\/clinicapuntobianco\/\",\"https:\/\/www.youtube.com\/@puntobianco-clinicadentale\",\"https:\/\/www.tiktok.com\/@clinicapuntobianco\"]}]}<\/script>\n<!-- \/ Yoast SEO plugin. -->","yoast_head_json":{"title":"Terms and Conditions - Punto Bianco","robots":{"index":"index","follow":"follow","max-snippet":"max-snippet:-1","max-image-preview":"max-image-preview:large","max-video-preview":"max-video-preview:-1"},"canonical":"https:\/\/puntobianco.md\/en\/terms-and-conditions\/","og_locale":"en_US","og_type":"article","og_title":"Terms and Conditions - Punto Bianco","og_description":"Please read these Terms of Use carefully before resorting to the https:\/\/PuntoBianco.md website operated by Punto Bianco SRL. Your access and use of your service is conditioned on the acceptance and compliance with these conditions. These Terms apply to all visitors, users, and others who access or use the Service. By accessing or using the [&hellip;]","og_url":"https:\/\/puntobianco.md\/en\/terms-and-conditions\/","og_site_name":"Punto Bianco","article_publisher":"https:\/\/www.facebook.com\/PuntoBianco.md","article_modified_time":"2026-01-21T08:38:22+00:00","twitter_card":"summary_large_image","twitter_misc":{"Est. reading time":"5 minutes"},"schema":{"@context":"https:\/\/schema.org","@graph":[{"@type":"WebPage","@id":"https:\/\/puntobianco.md\/en\/terms-and-conditions\/","url":"https:\/\/puntobianco.md\/en\/terms-and-conditions\/","name":"Terms and Conditions - Punto Bianco","isPartOf":{"@id":"https:\/\/puntobianco.md\/en\/#website"},"datePublished":"2024-09-03T09:24:57+00:00","dateModified":"2026-01-21T08:38:22+00:00","breadcrumb":{"@id":"https:\/\/puntobianco.md\/en\/terms-and-conditions\/#breadcrumb"},"inLanguage":"en-US","potentialAction":[{"@type":"ReadAction","target":["https:\/\/puntobianco.md\/en\/terms-and-conditions\/"]}]},{"@type":"BreadcrumbList","@id":"https:\/\/puntobianco.md\/en\/terms-and-conditions\/#breadcrumb","itemListElement":[{"@type":"ListItem","position":1,"name":"Prima pagin\u0103","item":"https:\/\/puntobianco.md\/en\/"},{"@type":"ListItem","position":2,"name":"Terms and Conditions"}]},{"@type":"WebSite","@id":"https:\/\/puntobianco.md\/en\/#website","url":"https:\/\/puntobianco.md\/en\/","name":"PuntoBianco.md","description":"Clinic\u0103 stomatologic\u0103 \u00een Chi\u0219in\u0103u","publisher":{"@id":"https:\/\/puntobianco.md\/en\/#organization"},"potentialAction":[{"@type":"SearchAction","target":{"@type":"EntryPoint","urlTemplate":"https:\/\/puntobianco.md\/en\/?s={search_term_string}"},"query-input":{"@type":"PropertyValueSpecification","valueRequired":true,"valueName":"search_term_string"}}],"inLanguage":"en-US"},{"@type":"Organization","@id":"https:\/\/puntobianco.md\/en\/#organization","name":"Punto Bianco","url":"https:\/\/puntobianco.md\/en\/","logo":{"@type":"ImageObject","inLanguage":"en-US","@id":"https:\/\/puntobianco.md\/en\/#\/schema\/logo\/image\/","url":"https:\/\/puntobianco.md\/wp-content\/uploads\/2024\/10\/logo-clinica-punto-bianco.png","contentUrl":"https:\/\/puntobianco.md\/wp-content\/uploads\/2024\/10\/logo-clinica-punto-bianco.png","width":500,"height":500,"caption":"Punto Bianco"},"image":{"@id":"https:\/\/puntobianco.md\/en\/#\/schema\/logo\/image\/"},"sameAs":["https:\/\/www.facebook.com\/PuntoBianco.md","https:\/\/www.instagram.com\/clinicapuntobianco\/","https:\/\/www.youtube.com\/@puntobianco-clinicadentale","https:\/\/www.tiktok.com\/@clinicapuntobianco"]}]}},"_links":{"self":[{"href":"https:\/\/puntobianco.md\/en\/wp-json\/wp\/v2\/pages\/3670","targetHints":{"allow":["GET"]}}],"collection":[{"href":"https:\/\/puntobianco.md\/en\/wp-json\/wp\/v2\/pages"}],"about":[{"href":"https:\/\/puntobianco.md\/en\/wp-json\/wp\/v2\/types\/page"}],"author":[{"embeddable":true,"href":"https:\/\/puntobianco.md\/en\/wp-json\/wp\/v2\/users\/1"}],"replies":[{"embeddable":true,"href":"https:\/\/puntobianco.md\/en\/wp-json\/wp\/v2\/comments?post=3670"}],"version-history":[{"count":2,"href":"https:\/\/puntobianco.md\/en\/wp-json\/wp\/v2\/pages\/3670\/revisions"}],"predecessor-version":[{"id":4424,"href":"https:\/\/puntobianco.md\/en\/wp-json\/wp\/v2\/pages\/3670\/revisions\/4424"}],"wp:attachment":[{"href":"https:\/\/puntobianco.md\/en\/wp-json\/wp\/v2\/media?parent=3670"}],"curies":[{"name":"wp","href":"https:\/\/api.w.org\/{rel}","templated":true}]}}