{"id":3662,"date":"2024-06-25T22:45:49","date_gmt":"2024-06-25T19:45:49","guid":{"rendered":"https:\/\/puntobianco.md\/reviews\/"},"modified":"2026-01-20T17:26:31","modified_gmt":"2026-01-20T14:26:31","slug":"our-reviews","status":"publish","type":"page","link":"https:\/\/puntobianco.md\/en\/our-reviews\/","title":{"rendered":"Reviews"},"content":{"rendered":"<p>Below you can find Facebook and Google reviews about the Punto Bianco dental clinic in Moldova, thank you letters to dentists in Chisinau, real comments from satisfied patients on social networks, video testimonials and reviews about dental care offered in the capital of Moldova.<\/p>\n<p>Watch, read and listen to testimonials, recommendations and reviews, convince yourself that they are all authentic and choose the Punto Bianco clinic for <a href=\"https:\/\/puntobianco.md\/servicii-stomatologice\/\">quality dental services in Chisinau.<\/a><\/p>\n","protected":false},"excerpt":{"rendered":"<p>Below you can find Facebook and Google reviews about the Punto Bianco dental clinic in Moldova, thank you letters to dentists in Chisinau, real comments from satisfied patients on social networks, video testimonials and reviews about dental care offered in the capital of Moldova. Watch, read and listen to testimonials, recommendations and reviews, convince yourself [&hellip;]<\/p>\n","protected":false},"author":1,"featured_media":3251,"parent":0,"menu_order":0,"comment_status":"closed","ping_status":"closed","template":"templates\/reviews.php","meta":{"_acf_changed":false,"inline_featured_image":false,"footnotes":""},"class_list":["post-3662","page","type-page","status-publish","has-post-thumbnail","hentry"],"acf":[],"yoast_head":"<!-- This site is optimized with the Yoast SEO plugin v26.6 - https:\/\/yoast.com\/wordpress\/plugins\/seo\/ -->\n<title>Reviews of Punto Bianco Dental Clinic, Chisinau, Moldova<\/title>\n<meta name=\"description\" content=\"Watch\/listen to testimonials, read authentic recommendations and reviews about Moldovan dentists and Punto Bianco dental clinic in Moldova\" \/>\n<meta name=\"robots\" content=\"index, follow, max-snippet:-1, max-image-preview:large, max-video-preview:-1\" \/>\n<link rel=\"canonical\" href=\"https:\/\/puntobianco.md\/en\/our-reviews\/\" \/>\n<meta property=\"og:locale\" content=\"en_US\" \/>\n<meta property=\"og:type\" content=\"article\" \/>\n<meta property=\"og:title\" content=\"Reviews of Punto Bianco Dental Clinic, Chisinau, Moldova\" \/>\n<meta property=\"og:description\" content=\"Watch\/listen to testimonials, read authentic recommendations and reviews about Moldovan dentists and Punto Bianco dental clinic in Moldova\" \/>\n<meta property=\"og:url\" content=\"https:\/\/puntobianco.md\/en\/our-reviews\/\" \/>\n<meta property=\"og:site_name\" content=\"Punto Bianco\" \/>\n<meta property=\"article:publisher\" content=\"https:\/\/www.facebook.com\/PuntoBianco.md\" \/>\n<meta property=\"article:modified_time\" content=\"2026-01-20T14:26:31+00:00\" \/>\n<meta property=\"og:image\" content=\"https:\/\/puntobianco.md\/wp-content\/uploads\/2024\/09\/reviews-punto-bianco-dental-clinic-moldova-1.jpg\" \/>\n\t<meta property=\"og:image:width\" content=\"1820\" \/>\n\t<meta property=\"og:image:height\" content=\"953\" \/>\n\t<meta property=\"og:image:type\" content=\"image\/jpeg\" \/>\n<meta name=\"twitter:card\" content=\"summary_large_image\" \/>\n<script type=\"application\/ld+json\" class=\"yoast-schema-graph\">{\"@context\":\"https:\/\/schema.org\",\"@graph\":[{\"@type\":\"WebPage\",\"@id\":\"https:\/\/puntobianco.md\/en\/our-reviews\/\",\"url\":\"https:\/\/puntobianco.md\/en\/our-reviews\/\",\"name\":\"Reviews of Punto Bianco Dental Clinic, Chisinau, Moldova\",\"isPartOf\":{\"@id\":\"https:\/\/puntobianco.md\/en\/#website\"},\"primaryImageOfPage\":{\"@id\":\"https:\/\/puntobianco.md\/en\/our-reviews\/#primaryimage\"},\"image\":{\"@id\":\"https:\/\/puntobianco.md\/en\/our-reviews\/#primaryimage\"},\"thumbnailUrl\":\"https:\/\/puntobianco.md\/wp-content\/uploads\/2024\/09\/reviews-punto-bianco-dental-clinic-moldova-1.jpg\",\"datePublished\":\"2024-06-25T19:45:49+00:00\",\"dateModified\":\"2026-01-20T14:26:31+00:00\",\"description\":\"Watch\/listen to testimonials, read authentic recommendations and reviews about Moldovan dentists and Punto Bianco dental clinic in Moldova\",\"breadcrumb\":{\"@id\":\"https:\/\/puntobianco.md\/en\/our-reviews\/#breadcrumb\"},\"inLanguage\":\"en-US\",\"potentialAction\":[{\"@type\":\"ReadAction\",\"target\":[\"https:\/\/puntobianco.md\/en\/our-reviews\/\"]}]},{\"@type\":\"ImageObject\",\"inLanguage\":\"en-US\",\"@id\":\"https:\/\/puntobianco.md\/en\/our-reviews\/#primaryimage\",\"url\":\"https:\/\/puntobianco.md\/wp-content\/uploads\/2024\/09\/reviews-punto-bianco-dental-clinic-moldova-1.jpg\",\"contentUrl\":\"https:\/\/puntobianco.md\/wp-content\/uploads\/2024\/09\/reviews-punto-bianco-dental-clinic-moldova-1.jpg\",\"width\":1820,\"height\":953,\"caption\":\"Recenzii stomatologia Punto Bianco Chisinau Moldova\"},{\"@type\":\"BreadcrumbList\",\"@id\":\"https:\/\/puntobianco.md\/en\/our-reviews\/#breadcrumb\",\"itemListElement\":[{\"@type\":\"ListItem\",\"position\":1,\"name\":\"Prima pagin\u0103\",\"item\":\"https:\/\/puntobianco.md\/en\/\"},{\"@type\":\"ListItem\",\"position\":2,\"name\":\"Reviews\"}]},{\"@type\":\"WebSite\",\"@id\":\"https:\/\/puntobianco.md\/en\/#website\",\"url\":\"https:\/\/puntobianco.md\/en\/\",\"name\":\"PuntoBianco.md\",\"description\":\"Clinic\u0103 stomatologic\u0103 \u00een Chi\u0219in\u0103u\",\"publisher\":{\"@id\":\"https:\/\/puntobianco.md\/en\/#organization\"},\"potentialAction\":[{\"@type\":\"SearchAction\",\"target\":{\"@type\":\"EntryPoint\",\"urlTemplate\":\"https:\/\/puntobianco.md\/en\/?s={search_term_string}\"},\"query-input\":{\"@type\":\"PropertyValueSpecification\",\"valueRequired\":true,\"valueName\":\"search_term_string\"}}],\"inLanguage\":\"en-US\"},{\"@type\":\"Organization\",\"@id\":\"https:\/\/puntobianco.md\/en\/#organization\",\"name\":\"Punto Bianco\",\"url\":\"https:\/\/puntobianco.md\/en\/\",\"logo\":{\"@type\":\"ImageObject\",\"inLanguage\":\"en-US\",\"@id\":\"https:\/\/puntobianco.md\/en\/#\/schema\/logo\/image\/\",\"url\":\"https:\/\/puntobianco.md\/wp-content\/uploads\/2024\/10\/logo-clinica-punto-bianco.png\",\"contentUrl\":\"https:\/\/puntobianco.md\/wp-content\/uploads\/2024\/10\/logo-clinica-punto-bianco.png\",\"width\":500,\"height\":500,\"caption\":\"Punto Bianco\"},\"image\":{\"@id\":\"https:\/\/puntobianco.md\/en\/#\/schema\/logo\/image\/\"},\"sameAs\":[\"https:\/\/www.facebook.com\/PuntoBianco.md\",\"https:\/\/www.instagram.com\/clinicapuntobianco\/\",\"https:\/\/www.youtube.com\/@puntobianco-clinicadentale\",\"https:\/\/www.tiktok.com\/@clinicapuntobianco\"]}]}<\/script>\n<!-- \/ Yoast SEO plugin. -->","yoast_head_json":{"title":"Reviews of Punto Bianco Dental Clinic, Chisinau, Moldova","description":"Watch\/listen to testimonials, read authentic recommendations and reviews about Moldovan dentists and Punto Bianco dental clinic in Moldova","robots":{"index":"index","follow":"follow","max-snippet":"max-snippet:-1","max-image-preview":"max-image-preview:large","max-video-preview":"max-video-preview:-1"},"canonical":"https:\/\/puntobianco.md\/en\/our-reviews\/","og_locale":"en_US","og_type":"article","og_title":"Reviews of Punto Bianco Dental Clinic, Chisinau, Moldova","og_description":"Watch\/listen to testimonials, read authentic recommendations and reviews about Moldovan dentists and Punto Bianco dental clinic in Moldova","og_url":"https:\/\/puntobianco.md\/en\/our-reviews\/","og_site_name":"Punto Bianco","article_publisher":"https:\/\/www.facebook.com\/PuntoBianco.md","article_modified_time":"2026-01-20T14:26:31+00:00","og_image":[{"width":1820,"height":953,"url":"https:\/\/puntobianco.md\/wp-content\/uploads\/2024\/09\/reviews-punto-bianco-dental-clinic-moldova-1.jpg","type":"image\/jpeg"}],"twitter_card":"summary_large_image","schema":{"@context":"https:\/\/schema.org","@graph":[{"@type":"WebPage","@id":"https:\/\/puntobianco.md\/en\/our-reviews\/","url":"https:\/\/puntobianco.md\/en\/our-reviews\/","name":"Reviews of Punto Bianco Dental Clinic, Chisinau, Moldova","isPartOf":{"@id":"https:\/\/puntobianco.md\/en\/#website"},"primaryImageOfPage":{"@id":"https:\/\/puntobianco.md\/en\/our-reviews\/#primaryimage"},"image":{"@id":"https:\/\/puntobianco.md\/en\/our-reviews\/#primaryimage"},"thumbnailUrl":"https:\/\/puntobianco.md\/wp-content\/uploads\/2024\/09\/reviews-punto-bianco-dental-clinic-moldova-1.jpg","datePublished":"2024-06-25T19:45:49+00:00","dateModified":"2026-01-20T14:26:31+00:00","description":"Watch\/listen to testimonials, read authentic recommendations and reviews about Moldovan dentists and Punto Bianco dental clinic in Moldova","breadcrumb":{"@id":"https:\/\/puntobianco.md\/en\/our-reviews\/#breadcrumb"},"inLanguage":"en-US","potentialAction":[{"@type":"ReadAction","target":["https:\/\/puntobianco.md\/en\/our-reviews\/"]}]},{"@type":"ImageObject","inLanguage":"en-US","@id":"https:\/\/puntobianco.md\/en\/our-reviews\/#primaryimage","url":"https:\/\/puntobianco.md\/wp-content\/uploads\/2024\/09\/reviews-punto-bianco-dental-clinic-moldova-1.jpg","contentUrl":"https:\/\/puntobianco.md\/wp-content\/uploads\/2024\/09\/reviews-punto-bianco-dental-clinic-moldova-1.jpg","width":1820,"height":953,"caption":"Recenzii stomatologia Punto Bianco Chisinau Moldova"},{"@type":"BreadcrumbList","@id":"https:\/\/puntobianco.md\/en\/our-reviews\/#breadcrumb","itemListElement":[{"@type":"ListItem","position":1,"name":"Prima pagin\u0103","item":"https:\/\/puntobianco.md\/en\/"},{"@type":"ListItem","position":2,"name":"Reviews"}]},{"@type":"WebSite","@id":"https:\/\/puntobianco.md\/en\/#website","url":"https:\/\/puntobianco.md\/en\/","name":"PuntoBianco.md","description":"Clinic\u0103 stomatologic\u0103 \u00een Chi\u0219in\u0103u","publisher":{"@id":"https:\/\/puntobianco.md\/en\/#organization"},"potentialAction":[{"@type":"SearchAction","target":{"@type":"EntryPoint","urlTemplate":"https:\/\/puntobianco.md\/en\/?s={search_term_string}"},"query-input":{"@type":"PropertyValueSpecification","valueRequired":true,"valueName":"search_term_string"}}],"inLanguage":"en-US"},{"@type":"Organization","@id":"https:\/\/puntobianco.md\/en\/#organization","name":"Punto Bianco","url":"https:\/\/puntobianco.md\/en\/","logo":{"@type":"ImageObject","inLanguage":"en-US","@id":"https:\/\/puntobianco.md\/en\/#\/schema\/logo\/image\/","url":"https:\/\/puntobianco.md\/wp-content\/uploads\/2024\/10\/logo-clinica-punto-bianco.png","contentUrl":"https:\/\/puntobianco.md\/wp-content\/uploads\/2024\/10\/logo-clinica-punto-bianco.png","width":500,"height":500,"caption":"Punto Bianco"},"image":{"@id":"https:\/\/puntobianco.md\/en\/#\/schema\/logo\/image\/"},"sameAs":["https:\/\/www.facebook.com\/PuntoBianco.md","https:\/\/www.instagram.com\/clinicapuntobianco\/","https:\/\/www.youtube.com\/@puntobianco-clinicadentale","https:\/\/www.tiktok.com\/@clinicapuntobianco"]}]}},"_links":{"self":[{"href":"https:\/\/puntobianco.md\/en\/wp-json\/wp\/v2\/pages\/3662","targetHints":{"allow":["GET"]}}],"collection":[{"href":"https:\/\/puntobianco.md\/en\/wp-json\/wp\/v2\/pages"}],"about":[{"href":"https:\/\/puntobianco.md\/en\/wp-json\/wp\/v2\/types\/page"}],"author":[{"embeddable":true,"href":"https:\/\/puntobianco.md\/en\/wp-json\/wp\/v2\/users\/1"}],"replies":[{"embeddable":true,"href":"https:\/\/puntobianco.md\/en\/wp-json\/wp\/v2\/comments?post=3662"}],"version-history":[{"count":1,"href":"https:\/\/puntobianco.md\/en\/wp-json\/wp\/v2\/pages\/3662\/revisions"}],"predecessor-version":[{"id":3814,"href":"https:\/\/puntobianco.md\/en\/wp-json\/wp\/v2\/pages\/3662\/revisions\/3814"}],"wp:featuredmedia":[{"embeddable":true,"href":"https:\/\/puntobianco.md\/en\/wp-json\/wp\/v2\/media\/3251"}],"wp:attachment":[{"href":"https:\/\/puntobianco.md\/en\/wp-json\/wp\/v2\/media?parent=3662"}],"curies":[{"name":"wp","href":"https:\/\/api.w.org\/{rel}","templated":true}]}}