{"id":3652,"date":"2024-06-25T22:45:36","date_gmt":"2024-06-25T19:45:36","guid":{"rendered":"https:\/\/puntobianco.md\/smile-gallery\/"},"modified":"2026-01-26T13:36:18","modified_gmt":"2026-01-26T10:36:18","slug":"smile-gallery","status":"publish","type":"page","link":"https:\/\/puntobianco.md\/en\/smile-gallery\/","title":{"rendered":"Smile Gallery"},"content":{"rendered":"<h4>Life before and after dental treatment at the Punto Bianco dental clinic<\/h4>\n<p>The new smile is the change we immediately see in our patients. However, with the smile, their lives also change: their self-confidence increases, the desire to smile everywhere and anytime, after dental treatment. <\/p>\n<p>Read below the reviews of patients who have chosen our dental clinic in Chisinau or get inspired by the before and after photos of dental treatments, sorted by categories. Click on the name of the treatment and you will be directed to a page with examples of work and description of the treatments performed. <\/p>\n","protected":false},"excerpt":{"rendered":"<p>Life before and after dental treatment at the Punto Bianco dental clinic The new smile is the change we immediately see in our patients. However, with the smile, their lives also change: their self-confidence increases, the desire to smile everywhere and anytime, after dental treatment. Read below the reviews of patients who have chosen our [&hellip;]<\/p>\n","protected":false},"author":1,"featured_media":1045,"parent":0,"menu_order":0,"comment_status":"closed","ping_status":"closed","template":"templates\/porfolio.php","meta":{"_acf_changed":false,"inline_featured_image":false,"footnotes":""},"class_list":["post-3652","page","type-page","status-publish","has-post-thumbnail","hentry"],"acf":[],"yoast_head":"<!-- This site is optimized with the Yoast SEO plugin v26.6 - https:\/\/yoast.com\/wordpress\/plugins\/seo\/ -->\n<title>Photos before and after dental treatment at Punto Bianco Chisinau, MD<\/title>\n<meta name=\"description\" content=\"Patients smile more often after dental treatments in our clinic in Moldova. See examples of dental work, before and after photos\" \/>\n<meta name=\"robots\" content=\"index, follow, max-snippet:-1, max-image-preview:large, max-video-preview:-1\" \/>\n<link rel=\"canonical\" href=\"https:\/\/puntobianco.md\/en\/smile-gallery\/\" \/>\n<meta property=\"og:locale\" content=\"en_US\" \/>\n<meta property=\"og:type\" content=\"article\" \/>\n<meta property=\"og:title\" content=\"Photos before and after dental treatment at Punto Bianco Chisinau, MD\" \/>\n<meta property=\"og:description\" content=\"Patients smile more often after dental treatments in our clinic in Moldova. See examples of dental work, before and after photos\" \/>\n<meta property=\"og:url\" content=\"https:\/\/puntobianco.md\/en\/smile-gallery\/\" \/>\n<meta property=\"og:site_name\" content=\"Punto Bianco\" \/>\n<meta property=\"article:publisher\" content=\"https:\/\/www.facebook.com\/PuntoBianco.md\" \/>\n<meta property=\"article:modified_time\" content=\"2026-01-26T10:36:18+00:00\" \/>\n<meta property=\"og:image\" content=\"https:\/\/puntobianco.md\/wp-content\/uploads\/2024\/08\/pacienti-fericiti-cu-fatete-dentare-moldova.jpg\" \/>\n\t<meta property=\"og:image:width\" content=\"1440\" \/>\n\t<meta property=\"og:image:height\" content=\"701\" \/>\n\t<meta property=\"og:image:type\" content=\"image\/jpeg\" \/>\n<meta name=\"twitter:card\" content=\"summary_large_image\" \/>\n<script type=\"application\/ld+json\" class=\"yoast-schema-graph\">{\"@context\":\"https:\/\/schema.org\",\"@graph\":[{\"@type\":\"WebPage\",\"@id\":\"https:\/\/puntobianco.md\/en\/smile-gallery\/\",\"url\":\"https:\/\/puntobianco.md\/en\/smile-gallery\/\",\"name\":\"Photos before and after dental treatment at Punto Bianco Chisinau, MD\",\"isPartOf\":{\"@id\":\"https:\/\/puntobianco.md\/en\/#website\"},\"primaryImageOfPage\":{\"@id\":\"https:\/\/puntobianco.md\/en\/smile-gallery\/#primaryimage\"},\"image\":{\"@id\":\"https:\/\/puntobianco.md\/en\/smile-gallery\/#primaryimage\"},\"thumbnailUrl\":\"https:\/\/puntobianco.md\/wp-content\/uploads\/2024\/08\/pacienti-fericiti-cu-fatete-dentare-moldova.jpg\",\"datePublished\":\"2024-06-25T19:45:36+00:00\",\"dateModified\":\"2026-01-26T10:36:18+00:00\",\"description\":\"Patients smile more often after dental treatments in our clinic in Moldova. See examples of dental work, before and after photos\",\"breadcrumb\":{\"@id\":\"https:\/\/puntobianco.md\/en\/smile-gallery\/#breadcrumb\"},\"inLanguage\":\"en-US\",\"potentialAction\":[{\"@type\":\"ReadAction\",\"target\":[\"https:\/\/puntobianco.md\/en\/smile-gallery\/\"]}]},{\"@type\":\"ImageObject\",\"inLanguage\":\"en-US\",\"@id\":\"https:\/\/puntobianco.md\/en\/smile-gallery\/#primaryimage\",\"url\":\"https:\/\/puntobianco.md\/wp-content\/uploads\/2024\/08\/pacienti-fericiti-cu-fatete-dentare-moldova.jpg\",\"contentUrl\":\"https:\/\/puntobianco.md\/wp-content\/uploads\/2024\/08\/pacienti-fericiti-cu-fatete-dentare-moldova.jpg\",\"width\":1440,\"height\":701,\"caption\":\"smile gallery\"},{\"@type\":\"BreadcrumbList\",\"@id\":\"https:\/\/puntobianco.md\/en\/smile-gallery\/#breadcrumb\",\"itemListElement\":[{\"@type\":\"ListItem\",\"position\":1,\"name\":\"Prima pagin\u0103\",\"item\":\"https:\/\/puntobianco.md\/en\/\"},{\"@type\":\"ListItem\",\"position\":2,\"name\":\"Smile Gallery\"}]},{\"@type\":\"WebSite\",\"@id\":\"https:\/\/puntobianco.md\/en\/#website\",\"url\":\"https:\/\/puntobianco.md\/en\/\",\"name\":\"PuntoBianco.md\",\"description\":\"Clinic\u0103 stomatologic\u0103 \u00een Chi\u0219in\u0103u\",\"publisher\":{\"@id\":\"https:\/\/puntobianco.md\/en\/#organization\"},\"potentialAction\":[{\"@type\":\"SearchAction\",\"target\":{\"@type\":\"EntryPoint\",\"urlTemplate\":\"https:\/\/puntobianco.md\/en\/?s={search_term_string}\"},\"query-input\":{\"@type\":\"PropertyValueSpecification\",\"valueRequired\":true,\"valueName\":\"search_term_string\"}}],\"inLanguage\":\"en-US\"},{\"@type\":\"Organization\",\"@id\":\"https:\/\/puntobianco.md\/en\/#organization\",\"name\":\"Punto Bianco\",\"url\":\"https:\/\/puntobianco.md\/en\/\",\"logo\":{\"@type\":\"ImageObject\",\"inLanguage\":\"en-US\",\"@id\":\"https:\/\/puntobianco.md\/en\/#\/schema\/logo\/image\/\",\"url\":\"https:\/\/puntobianco.md\/wp-content\/uploads\/2024\/10\/logo-clinica-punto-bianco.png\",\"contentUrl\":\"https:\/\/puntobianco.md\/wp-content\/uploads\/2024\/10\/logo-clinica-punto-bianco.png\",\"width\":500,\"height\":500,\"caption\":\"Punto Bianco\"},\"image\":{\"@id\":\"https:\/\/puntobianco.md\/en\/#\/schema\/logo\/image\/\"},\"sameAs\":[\"https:\/\/www.facebook.com\/PuntoBianco.md\",\"https:\/\/www.instagram.com\/clinicapuntobianco\/\",\"https:\/\/www.youtube.com\/@puntobianco-clinicadentale\",\"https:\/\/www.tiktok.com\/@clinicapuntobianco\"]}]}<\/script>\n<!-- \/ Yoast SEO plugin. -->","yoast_head_json":{"title":"Photos before and after dental treatment at Punto Bianco Chisinau, MD","description":"Patients smile more often after dental treatments in our clinic in Moldova. See examples of dental work, before and after photos","robots":{"index":"index","follow":"follow","max-snippet":"max-snippet:-1","max-image-preview":"max-image-preview:large","max-video-preview":"max-video-preview:-1"},"canonical":"https:\/\/puntobianco.md\/en\/smile-gallery\/","og_locale":"en_US","og_type":"article","og_title":"Photos before and after dental treatment at Punto Bianco Chisinau, MD","og_description":"Patients smile more often after dental treatments in our clinic in Moldova. See examples of dental work, before and after photos","og_url":"https:\/\/puntobianco.md\/en\/smile-gallery\/","og_site_name":"Punto Bianco","article_publisher":"https:\/\/www.facebook.com\/PuntoBianco.md","article_modified_time":"2026-01-26T10:36:18+00:00","og_image":[{"width":1440,"height":701,"url":"https:\/\/puntobianco.md\/wp-content\/uploads\/2024\/08\/pacienti-fericiti-cu-fatete-dentare-moldova.jpg","type":"image\/jpeg"}],"twitter_card":"summary_large_image","schema":{"@context":"https:\/\/schema.org","@graph":[{"@type":"WebPage","@id":"https:\/\/puntobianco.md\/en\/smile-gallery\/","url":"https:\/\/puntobianco.md\/en\/smile-gallery\/","name":"Photos before and after dental treatment at Punto Bianco Chisinau, MD","isPartOf":{"@id":"https:\/\/puntobianco.md\/en\/#website"},"primaryImageOfPage":{"@id":"https:\/\/puntobianco.md\/en\/smile-gallery\/#primaryimage"},"image":{"@id":"https:\/\/puntobianco.md\/en\/smile-gallery\/#primaryimage"},"thumbnailUrl":"https:\/\/puntobianco.md\/wp-content\/uploads\/2024\/08\/pacienti-fericiti-cu-fatete-dentare-moldova.jpg","datePublished":"2024-06-25T19:45:36+00:00","dateModified":"2026-01-26T10:36:18+00:00","description":"Patients smile more often after dental treatments in our clinic in Moldova. See examples of dental work, before and after photos","breadcrumb":{"@id":"https:\/\/puntobianco.md\/en\/smile-gallery\/#breadcrumb"},"inLanguage":"en-US","potentialAction":[{"@type":"ReadAction","target":["https:\/\/puntobianco.md\/en\/smile-gallery\/"]}]},{"@type":"ImageObject","inLanguage":"en-US","@id":"https:\/\/puntobianco.md\/en\/smile-gallery\/#primaryimage","url":"https:\/\/puntobianco.md\/wp-content\/uploads\/2024\/08\/pacienti-fericiti-cu-fatete-dentare-moldova.jpg","contentUrl":"https:\/\/puntobianco.md\/wp-content\/uploads\/2024\/08\/pacienti-fericiti-cu-fatete-dentare-moldova.jpg","width":1440,"height":701,"caption":"smile gallery"},{"@type":"BreadcrumbList","@id":"https:\/\/puntobianco.md\/en\/smile-gallery\/#breadcrumb","itemListElement":[{"@type":"ListItem","position":1,"name":"Prima pagin\u0103","item":"https:\/\/puntobianco.md\/en\/"},{"@type":"ListItem","position":2,"name":"Smile Gallery"}]},{"@type":"WebSite","@id":"https:\/\/puntobianco.md\/en\/#website","url":"https:\/\/puntobianco.md\/en\/","name":"PuntoBianco.md","description":"Clinic\u0103 stomatologic\u0103 \u00een Chi\u0219in\u0103u","publisher":{"@id":"https:\/\/puntobianco.md\/en\/#organization"},"potentialAction":[{"@type":"SearchAction","target":{"@type":"EntryPoint","urlTemplate":"https:\/\/puntobianco.md\/en\/?s={search_term_string}"},"query-input":{"@type":"PropertyValueSpecification","valueRequired":true,"valueName":"search_term_string"}}],"inLanguage":"en-US"},{"@type":"Organization","@id":"https:\/\/puntobianco.md\/en\/#organization","name":"Punto Bianco","url":"https:\/\/puntobianco.md\/en\/","logo":{"@type":"ImageObject","inLanguage":"en-US","@id":"https:\/\/puntobianco.md\/en\/#\/schema\/logo\/image\/","url":"https:\/\/puntobianco.md\/wp-content\/uploads\/2024\/10\/logo-clinica-punto-bianco.png","contentUrl":"https:\/\/puntobianco.md\/wp-content\/uploads\/2024\/10\/logo-clinica-punto-bianco.png","width":500,"height":500,"caption":"Punto Bianco"},"image":{"@id":"https:\/\/puntobianco.md\/en\/#\/schema\/logo\/image\/"},"sameAs":["https:\/\/www.facebook.com\/PuntoBianco.md","https:\/\/www.instagram.com\/clinicapuntobianco\/","https:\/\/www.youtube.com\/@puntobianco-clinicadentale","https:\/\/www.tiktok.com\/@clinicapuntobianco"]}]}},"_links":{"self":[{"href":"https:\/\/puntobianco.md\/en\/wp-json\/wp\/v2\/pages\/3652","targetHints":{"allow":["GET"]}}],"collection":[{"href":"https:\/\/puntobianco.md\/en\/wp-json\/wp\/v2\/pages"}],"about":[{"href":"https:\/\/puntobianco.md\/en\/wp-json\/wp\/v2\/types\/page"}],"author":[{"embeddable":true,"href":"https:\/\/puntobianco.md\/en\/wp-json\/wp\/v2\/users\/1"}],"replies":[{"embeddable":true,"href":"https:\/\/puntobianco.md\/en\/wp-json\/wp\/v2\/comments?post=3652"}],"version-history":[{"count":1,"href":"https:\/\/puntobianco.md\/en\/wp-json\/wp\/v2\/pages\/3652\/revisions"}],"predecessor-version":[{"id":4351,"href":"https:\/\/puntobianco.md\/en\/wp-json\/wp\/v2\/pages\/3652\/revisions\/4351"}],"wp:featuredmedia":[{"embeddable":true,"href":"https:\/\/puntobianco.md\/en\/wp-json\/wp\/v2\/media\/1045"}],"wp:attachment":[{"href":"https:\/\/puntobianco.md\/en\/wp-json\/wp\/v2\/media?parent=3652"}],"curies":[{"name":"wp","href":"https:\/\/api.w.org\/{rel}","templated":true}]}}