{"id":3649,"date":"2024-06-25T22:45:21","date_gmt":"2024-06-25T19:45:21","guid":{"rendered":"https:\/\/puntobianco.md\/prices\/"},"modified":"2026-01-20T11:45:46","modified_gmt":"2026-01-20T08:45:46","slug":"prices","status":"publish","type":"page","link":"https:\/\/puntobianco.md\/en\/prices\/","title":{"rendered":"Prices"},"content":{"rendered":"<p>We believe in transparency and have nothing to hide\u2014not even our prices. Below, you can find special offers and the price list for dental services at Punto Bianco Clinic in Chi\u0219in\u0103u. For your convenience, we have grouped the most requested treatments into categories.  <\/p>\n<p>If you don\u2019t find the treatment you\u2019re looking for in the price list, you can request more <a href=\"#contactWrap\">information or a free estimate<\/a>. Typically, you will receive a response regarding dental treatment in Moldova within one business day. For priority service, please call +<a href=\"tel:+37368187171\">37368187171<\/a>.  <\/p>\n","protected":false},"excerpt":{"rendered":"<p>We believe in transparency and have nothing to hide\u2014not even our prices. Below, you can find special offers and the price list for dental services at Punto Bianco Clinic in Chi\u0219in\u0103u. For your convenience, we have grouped the most requested treatments into categories. If you don\u2019t find the treatment you\u2019re looking for in the price [&hellip;]<\/p>\n","protected":false},"author":1,"featured_media":646,"parent":0,"menu_order":0,"comment_status":"closed","ping_status":"closed","template":"templates\/prices.php","meta":{"_acf_changed":false,"inline_featured_image":false,"footnotes":""},"class_list":["post-3649","page","type-page","status-publish","has-post-thumbnail","hentry"],"acf":[],"yoast_head":"<!-- This site is optimized with the Yoast SEO plugin v26.6 - https:\/\/yoast.com\/wordpress\/plugins\/seo\/ -->\n<title>Prices of the dental clinic Punto Bianco Chisinau. Tariffs Moldova<\/title>\n<meta name=\"description\" content=\"Find out how much dental treatments cost. Dentist price list in Moldova. Offers and price packages for dental services in Chisinau.\" \/>\n<meta name=\"robots\" content=\"index, follow, max-snippet:-1, max-image-preview:large, max-video-preview:-1\" \/>\n<link rel=\"canonical\" href=\"https:\/\/puntobianco.md\/en\/prices\/\" \/>\n<meta property=\"og:locale\" content=\"en_US\" \/>\n<meta property=\"og:type\" content=\"article\" \/>\n<meta property=\"og:title\" content=\"Prices of the dental clinic Punto Bianco Chisinau. Tariffs Moldova\" \/>\n<meta property=\"og:description\" content=\"Find out how much dental treatments cost. Dentist price list in Moldova. Offers and price packages for dental services in Chisinau.\" \/>\n<meta property=\"og:url\" content=\"https:\/\/puntobianco.md\/en\/prices\/\" \/>\n<meta property=\"og:site_name\" content=\"Punto Bianco\" \/>\n<meta property=\"article:publisher\" content=\"https:\/\/www.facebook.com\/PuntoBianco.md\" \/>\n<meta property=\"article:modified_time\" content=\"2026-01-20T08:45:46+00:00\" \/>\n<meta property=\"og:image\" content=\"https:\/\/puntobianco.md\/wp-content\/uploads\/2024\/08\/prices-bg-min.jpg\" \/>\n\t<meta property=\"og:image:width\" content=\"1820\" \/>\n\t<meta property=\"og:image:height\" content=\"633\" \/>\n\t<meta property=\"og:image:type\" content=\"image\/jpeg\" \/>\n<meta name=\"twitter:card\" content=\"summary_large_image\" \/>\n<script type=\"application\/ld+json\" class=\"yoast-schema-graph\">{\"@context\":\"https:\/\/schema.org\",\"@graph\":[{\"@type\":\"WebPage\",\"@id\":\"https:\/\/puntobianco.md\/en\/prices\/\",\"url\":\"https:\/\/puntobianco.md\/en\/prices\/\",\"name\":\"Prices of the dental clinic Punto Bianco Chisinau. Tariffs Moldova\",\"isPartOf\":{\"@id\":\"https:\/\/puntobianco.md\/en\/#website\"},\"primaryImageOfPage\":{\"@id\":\"https:\/\/puntobianco.md\/en\/prices\/#primaryimage\"},\"image\":{\"@id\":\"https:\/\/puntobianco.md\/en\/prices\/#primaryimage\"},\"thumbnailUrl\":\"https:\/\/puntobianco.md\/wp-content\/uploads\/2024\/08\/prices-bg-min.jpg\",\"datePublished\":\"2024-06-25T19:45:21+00:00\",\"dateModified\":\"2026-01-20T08:45:46+00:00\",\"description\":\"Find out how much dental treatments cost. Dentist price list in Moldova. Offers and price packages for dental services in Chisinau.\",\"breadcrumb\":{\"@id\":\"https:\/\/puntobianco.md\/en\/prices\/#breadcrumb\"},\"inLanguage\":\"en-US\",\"potentialAction\":[{\"@type\":\"ReadAction\",\"target\":[\"https:\/\/puntobianco.md\/en\/prices\/\"]}]},{\"@type\":\"ImageObject\",\"inLanguage\":\"en-US\",\"@id\":\"https:\/\/puntobianco.md\/en\/prices\/#primaryimage\",\"url\":\"https:\/\/puntobianco.md\/wp-content\/uploads\/2024\/08\/prices-bg-min.jpg\",\"contentUrl\":\"https:\/\/puntobianco.md\/wp-content\/uploads\/2024\/08\/prices-bg-min.jpg\",\"width\":1820,\"height\":633},{\"@type\":\"BreadcrumbList\",\"@id\":\"https:\/\/puntobianco.md\/en\/prices\/#breadcrumb\",\"itemListElement\":[{\"@type\":\"ListItem\",\"position\":1,\"name\":\"Prima pagin\u0103\",\"item\":\"https:\/\/puntobianco.md\/en\/\"},{\"@type\":\"ListItem\",\"position\":2,\"name\":\"Prices\"}]},{\"@type\":\"WebSite\",\"@id\":\"https:\/\/puntobianco.md\/en\/#website\",\"url\":\"https:\/\/puntobianco.md\/en\/\",\"name\":\"PuntoBianco.md\",\"description\":\"Clinic\u0103 stomatologic\u0103 \u00een Chi\u0219in\u0103u\",\"publisher\":{\"@id\":\"https:\/\/puntobianco.md\/en\/#organization\"},\"potentialAction\":[{\"@type\":\"SearchAction\",\"target\":{\"@type\":\"EntryPoint\",\"urlTemplate\":\"https:\/\/puntobianco.md\/en\/?s={search_term_string}\"},\"query-input\":{\"@type\":\"PropertyValueSpecification\",\"valueRequired\":true,\"valueName\":\"search_term_string\"}}],\"inLanguage\":\"en-US\"},{\"@type\":\"Organization\",\"@id\":\"https:\/\/puntobianco.md\/en\/#organization\",\"name\":\"Punto Bianco\",\"url\":\"https:\/\/puntobianco.md\/en\/\",\"logo\":{\"@type\":\"ImageObject\",\"inLanguage\":\"en-US\",\"@id\":\"https:\/\/puntobianco.md\/en\/#\/schema\/logo\/image\/\",\"url\":\"https:\/\/puntobianco.md\/wp-content\/uploads\/2024\/10\/logo-clinica-punto-bianco.png\",\"contentUrl\":\"https:\/\/puntobianco.md\/wp-content\/uploads\/2024\/10\/logo-clinica-punto-bianco.png\",\"width\":500,\"height\":500,\"caption\":\"Punto Bianco\"},\"image\":{\"@id\":\"https:\/\/puntobianco.md\/en\/#\/schema\/logo\/image\/\"},\"sameAs\":[\"https:\/\/www.facebook.com\/PuntoBianco.md\",\"https:\/\/www.instagram.com\/clinicapuntobianco\/\",\"https:\/\/www.youtube.com\/@puntobianco-clinicadentale\",\"https:\/\/www.tiktok.com\/@clinicapuntobianco\"]}]}<\/script>\n<!-- \/ Yoast SEO plugin. -->","yoast_head_json":{"title":"Prices of the dental clinic Punto Bianco Chisinau. Tariffs Moldova","description":"Find out how much dental treatments cost. Dentist price list in Moldova. Offers and price packages for dental services in Chisinau.","robots":{"index":"index","follow":"follow","max-snippet":"max-snippet:-1","max-image-preview":"max-image-preview:large","max-video-preview":"max-video-preview:-1"},"canonical":"https:\/\/puntobianco.md\/en\/prices\/","og_locale":"en_US","og_type":"article","og_title":"Prices of the dental clinic Punto Bianco Chisinau. Tariffs Moldova","og_description":"Find out how much dental treatments cost. Dentist price list in Moldova. Offers and price packages for dental services in Chisinau.","og_url":"https:\/\/puntobianco.md\/en\/prices\/","og_site_name":"Punto Bianco","article_publisher":"https:\/\/www.facebook.com\/PuntoBianco.md","article_modified_time":"2026-01-20T08:45:46+00:00","og_image":[{"width":1820,"height":633,"url":"https:\/\/puntobianco.md\/wp-content\/uploads\/2024\/08\/prices-bg-min.jpg","type":"image\/jpeg"}],"twitter_card":"summary_large_image","schema":{"@context":"https:\/\/schema.org","@graph":[{"@type":"WebPage","@id":"https:\/\/puntobianco.md\/en\/prices\/","url":"https:\/\/puntobianco.md\/en\/prices\/","name":"Prices of the dental clinic Punto Bianco Chisinau. Tariffs Moldova","isPartOf":{"@id":"https:\/\/puntobianco.md\/en\/#website"},"primaryImageOfPage":{"@id":"https:\/\/puntobianco.md\/en\/prices\/#primaryimage"},"image":{"@id":"https:\/\/puntobianco.md\/en\/prices\/#primaryimage"},"thumbnailUrl":"https:\/\/puntobianco.md\/wp-content\/uploads\/2024\/08\/prices-bg-min.jpg","datePublished":"2024-06-25T19:45:21+00:00","dateModified":"2026-01-20T08:45:46+00:00","description":"Find out how much dental treatments cost. Dentist price list in Moldova. Offers and price packages for dental services in Chisinau.","breadcrumb":{"@id":"https:\/\/puntobianco.md\/en\/prices\/#breadcrumb"},"inLanguage":"en-US","potentialAction":[{"@type":"ReadAction","target":["https:\/\/puntobianco.md\/en\/prices\/"]}]},{"@type":"ImageObject","inLanguage":"en-US","@id":"https:\/\/puntobianco.md\/en\/prices\/#primaryimage","url":"https:\/\/puntobianco.md\/wp-content\/uploads\/2024\/08\/prices-bg-min.jpg","contentUrl":"https:\/\/puntobianco.md\/wp-content\/uploads\/2024\/08\/prices-bg-min.jpg","width":1820,"height":633},{"@type":"BreadcrumbList","@id":"https:\/\/puntobianco.md\/en\/prices\/#breadcrumb","itemListElement":[{"@type":"ListItem","position":1,"name":"Prima pagin\u0103","item":"https:\/\/puntobianco.md\/en\/"},{"@type":"ListItem","position":2,"name":"Prices"}]},{"@type":"WebSite","@id":"https:\/\/puntobianco.md\/en\/#website","url":"https:\/\/puntobianco.md\/en\/","name":"PuntoBianco.md","description":"Clinic\u0103 stomatologic\u0103 \u00een Chi\u0219in\u0103u","publisher":{"@id":"https:\/\/puntobianco.md\/en\/#organization"},"potentialAction":[{"@type":"SearchAction","target":{"@type":"EntryPoint","urlTemplate":"https:\/\/puntobianco.md\/en\/?s={search_term_string}"},"query-input":{"@type":"PropertyValueSpecification","valueRequired":true,"valueName":"search_term_string"}}],"inLanguage":"en-US"},{"@type":"Organization","@id":"https:\/\/puntobianco.md\/en\/#organization","name":"Punto Bianco","url":"https:\/\/puntobianco.md\/en\/","logo":{"@type":"ImageObject","inLanguage":"en-US","@id":"https:\/\/puntobianco.md\/en\/#\/schema\/logo\/image\/","url":"https:\/\/puntobianco.md\/wp-content\/uploads\/2024\/10\/logo-clinica-punto-bianco.png","contentUrl":"https:\/\/puntobianco.md\/wp-content\/uploads\/2024\/10\/logo-clinica-punto-bianco.png","width":500,"height":500,"caption":"Punto Bianco"},"image":{"@id":"https:\/\/puntobianco.md\/en\/#\/schema\/logo\/image\/"},"sameAs":["https:\/\/www.facebook.com\/PuntoBianco.md","https:\/\/www.instagram.com\/clinicapuntobianco\/","https:\/\/www.youtube.com\/@puntobianco-clinicadentale","https:\/\/www.tiktok.com\/@clinicapuntobianco"]}]}},"_links":{"self":[{"href":"https:\/\/puntobianco.md\/en\/wp-json\/wp\/v2\/pages\/3649","targetHints":{"allow":["GET"]}}],"collection":[{"href":"https:\/\/puntobianco.md\/en\/wp-json\/wp\/v2\/pages"}],"about":[{"href":"https:\/\/puntobianco.md\/en\/wp-json\/wp\/v2\/types\/page"}],"author":[{"embeddable":true,"href":"https:\/\/puntobianco.md\/en\/wp-json\/wp\/v2\/users\/1"}],"replies":[{"embeddable":true,"href":"https:\/\/puntobianco.md\/en\/wp-json\/wp\/v2\/comments?post=3649"}],"version-history":[{"count":1,"href":"https:\/\/puntobianco.md\/en\/wp-json\/wp\/v2\/pages\/3649\/revisions"}],"predecessor-version":[{"id":4379,"href":"https:\/\/puntobianco.md\/en\/wp-json\/wp\/v2\/pages\/3649\/revisions\/4379"}],"wp:featuredmedia":[{"embeddable":true,"href":"https:\/\/puntobianco.md\/en\/wp-json\/wp\/v2\/media\/646"}],"wp:attachment":[{"href":"https:\/\/puntobianco.md\/en\/wp-json\/wp\/v2\/media?parent=3649"}],"curies":[{"name":"wp","href":"https:\/\/api.w.org\/{rel}","templated":true}]}}