{"id":4434,"date":"2024-06-25T22:45:02","date_gmt":"2024-06-25T19:45:02","guid":{"rendered":"https:\/\/puntobianco.md\/leistungen\/"},"modified":"2026-01-30T19:09:52","modified_gmt":"2026-01-30T16:09:52","slug":"leistungen","status":"publish","type":"page","link":"https:\/\/puntobianco.md\/de\/leistungen\/","title":{"rendered":"Leistungen"},"content":{"rendered":"","protected":false},"excerpt":{"rendered":"","protected":false},"author":1,"featured_media":1752,"parent":0,"menu_order":0,"comment_status":"closed","ping_status":"closed","template":"templates\/services.php","meta":{"_acf_changed":false,"inline_featured_image":false,"footnotes":""},"class_list":["post-4434","page","type-page","status-publish","has-post-thumbnail","hentry"],"acf":[],"yoast_head":"<!-- This site is optimized with the Yoast SEO plugin v26.6 - https:\/\/yoast.com\/wordpress\/plugins\/seo\/ -->\n<title>Premium-zahn\u00e4rztliche Leistungen zu fairen Preisen in Moldau<\/title>\n<meta name=\"description\" content=\"Alle zahn\u00e4rztlichen Leistungen an einem Ort. Hochwertige Behandlungen und Services in einer privaten Zahnklinik im Zentrum von Chi\u0219in\u0103u, MD\" \/>\n<meta name=\"robots\" content=\"index, follow, max-snippet:-1, max-image-preview:large, max-video-preview:-1\" \/>\n<link rel=\"canonical\" href=\"https:\/\/puntobianco.md\/de\/leistungen\/\" \/>\n<meta property=\"og:locale\" content=\"de_DE\" \/>\n<meta property=\"og:type\" content=\"article\" \/>\n<meta property=\"og:title\" content=\"Premium-zahn\u00e4rztliche Leistungen zu fairen Preisen in Moldau\" \/>\n<meta property=\"og:description\" content=\"Alle zahn\u00e4rztlichen Leistungen an einem Ort. Hochwertige Behandlungen und Services in einer privaten Zahnklinik im Zentrum von Chi\u0219in\u0103u, MD\" \/>\n<meta property=\"og:url\" content=\"https:\/\/puntobianco.md\/de\/leistungen\/\" \/>\n<meta property=\"og:site_name\" content=\"Punto Bianco\" \/>\n<meta property=\"article:publisher\" content=\"https:\/\/www.facebook.com\/PuntoBianco.md\" \/>\n<meta property=\"article:modified_time\" content=\"2026-01-30T16:09:52+00:00\" \/>\n<meta property=\"og:image\" content=\"https:\/\/puntobianco.md\/wp-content\/uploads\/2024\/09\/servicii-stomatologice-chisinau-centru.jpg\" \/>\n\t<meta property=\"og:image:width\" content=\"1920\" \/>\n\t<meta property=\"og:image:height\" content=\"700\" \/>\n\t<meta property=\"og:image:type\" content=\"image\/jpeg\" \/>\n<meta name=\"twitter:card\" content=\"summary_large_image\" \/>\n<script type=\"application\/ld+json\" class=\"yoast-schema-graph\">{\"@context\":\"https:\/\/schema.org\",\"@graph\":[{\"@type\":\"WebPage\",\"@id\":\"https:\/\/puntobianco.md\/de\/leistungen\/\",\"url\":\"https:\/\/puntobianco.md\/de\/leistungen\/\",\"name\":\"Premium-zahn\u00e4rztliche Leistungen zu fairen Preisen in Moldau\",\"isPartOf\":{\"@id\":\"https:\/\/puntobianco.md\/de\/#website\"},\"primaryImageOfPage\":{\"@id\":\"https:\/\/puntobianco.md\/de\/leistungen\/#primaryimage\"},\"image\":{\"@id\":\"https:\/\/puntobianco.md\/de\/leistungen\/#primaryimage\"},\"thumbnailUrl\":\"https:\/\/puntobianco.md\/wp-content\/uploads\/2024\/09\/servicii-stomatologice-chisinau-centru.jpg\",\"datePublished\":\"2024-06-25T19:45:02+00:00\",\"dateModified\":\"2026-01-30T16:09:52+00:00\",\"description\":\"Alle zahn\u00e4rztlichen Leistungen an einem Ort. Hochwertige Behandlungen und Services in einer privaten Zahnklinik im Zentrum von Chi\u0219in\u0103u, MD\",\"breadcrumb\":{\"@id\":\"https:\/\/puntobianco.md\/de\/leistungen\/#breadcrumb\"},\"inLanguage\":\"de\",\"potentialAction\":[{\"@type\":\"ReadAction\",\"target\":[\"https:\/\/puntobianco.md\/de\/leistungen\/\"]}]},{\"@type\":\"ImageObject\",\"inLanguage\":\"de\",\"@id\":\"https:\/\/puntobianco.md\/de\/leistungen\/#primaryimage\",\"url\":\"https:\/\/puntobianco.md\/wp-content\/uploads\/2024\/09\/servicii-stomatologice-chisinau-centru.jpg\",\"contentUrl\":\"https:\/\/puntobianco.md\/wp-content\/uploads\/2024\/09\/servicii-stomatologice-chisinau-centru.jpg\",\"width\":1920,\"height\":700,\"caption\":\"Hochwertige zahn\u00e4rztliche Leistungen \u2013 Zahnklinik Punto Bianco Moldau\"},{\"@type\":\"BreadcrumbList\",\"@id\":\"https:\/\/puntobianco.md\/de\/leistungen\/#breadcrumb\",\"itemListElement\":[{\"@type\":\"ListItem\",\"position\":1,\"name\":\"Prima pagin\u0103\",\"item\":\"https:\/\/puntobianco.md\/de\/\"},{\"@type\":\"ListItem\",\"position\":2,\"name\":\"Leistungen\"}]},{\"@type\":\"WebSite\",\"@id\":\"https:\/\/puntobianco.md\/de\/#website\",\"url\":\"https:\/\/puntobianco.md\/de\/\",\"name\":\"PuntoBianco.md\",\"description\":\"Clinic\u0103 stomatologic\u0103 \u00een Chi\u0219in\u0103u\",\"publisher\":{\"@id\":\"https:\/\/puntobianco.md\/de\/#organization\"},\"potentialAction\":[{\"@type\":\"SearchAction\",\"target\":{\"@type\":\"EntryPoint\",\"urlTemplate\":\"https:\/\/puntobianco.md\/de\/?s={search_term_string}\"},\"query-input\":{\"@type\":\"PropertyValueSpecification\",\"valueRequired\":true,\"valueName\":\"search_term_string\"}}],\"inLanguage\":\"de\"},{\"@type\":\"Organization\",\"@id\":\"https:\/\/puntobianco.md\/de\/#organization\",\"name\":\"Punto Bianco\",\"url\":\"https:\/\/puntobianco.md\/de\/\",\"logo\":{\"@type\":\"ImageObject\",\"inLanguage\":\"de\",\"@id\":\"https:\/\/puntobianco.md\/de\/#\/schema\/logo\/image\/\",\"url\":\"https:\/\/puntobianco.md\/wp-content\/uploads\/2024\/10\/logo-clinica-punto-bianco.png\",\"contentUrl\":\"https:\/\/puntobianco.md\/wp-content\/uploads\/2024\/10\/logo-clinica-punto-bianco.png\",\"width\":500,\"height\":500,\"caption\":\"Punto Bianco\"},\"image\":{\"@id\":\"https:\/\/puntobianco.md\/de\/#\/schema\/logo\/image\/\"},\"sameAs\":[\"https:\/\/www.facebook.com\/PuntoBianco.md\",\"https:\/\/www.instagram.com\/clinicapuntobianco\/\",\"https:\/\/www.youtube.com\/@puntobianco-clinicadentale\",\"https:\/\/www.tiktok.com\/@clinicapuntobianco\"]}]}<\/script>\n<!-- \/ Yoast SEO plugin. -->","yoast_head_json":{"title":"Premium-zahn\u00e4rztliche Leistungen zu fairen Preisen in Moldau","description":"Alle zahn\u00e4rztlichen Leistungen an einem Ort. Hochwertige Behandlungen und Services in einer privaten Zahnklinik im Zentrum von Chi\u0219in\u0103u, MD","robots":{"index":"index","follow":"follow","max-snippet":"max-snippet:-1","max-image-preview":"max-image-preview:large","max-video-preview":"max-video-preview:-1"},"canonical":"https:\/\/puntobianco.md\/de\/leistungen\/","og_locale":"de_DE","og_type":"article","og_title":"Premium-zahn\u00e4rztliche Leistungen zu fairen Preisen in Moldau","og_description":"Alle zahn\u00e4rztlichen Leistungen an einem Ort. Hochwertige Behandlungen und Services in einer privaten Zahnklinik im Zentrum von Chi\u0219in\u0103u, MD","og_url":"https:\/\/puntobianco.md\/de\/leistungen\/","og_site_name":"Punto Bianco","article_publisher":"https:\/\/www.facebook.com\/PuntoBianco.md","article_modified_time":"2026-01-30T16:09:52+00:00","og_image":[{"width":1920,"height":700,"url":"https:\/\/puntobianco.md\/wp-content\/uploads\/2024\/09\/servicii-stomatologice-chisinau-centru.jpg","type":"image\/jpeg"}],"twitter_card":"summary_large_image","schema":{"@context":"https:\/\/schema.org","@graph":[{"@type":"WebPage","@id":"https:\/\/puntobianco.md\/de\/leistungen\/","url":"https:\/\/puntobianco.md\/de\/leistungen\/","name":"Premium-zahn\u00e4rztliche Leistungen zu fairen Preisen in Moldau","isPartOf":{"@id":"https:\/\/puntobianco.md\/de\/#website"},"primaryImageOfPage":{"@id":"https:\/\/puntobianco.md\/de\/leistungen\/#primaryimage"},"image":{"@id":"https:\/\/puntobianco.md\/de\/leistungen\/#primaryimage"},"thumbnailUrl":"https:\/\/puntobianco.md\/wp-content\/uploads\/2024\/09\/servicii-stomatologice-chisinau-centru.jpg","datePublished":"2024-06-25T19:45:02+00:00","dateModified":"2026-01-30T16:09:52+00:00","description":"Alle zahn\u00e4rztlichen Leistungen an einem Ort. Hochwertige Behandlungen und Services in einer privaten Zahnklinik im Zentrum von Chi\u0219in\u0103u, MD","breadcrumb":{"@id":"https:\/\/puntobianco.md\/de\/leistungen\/#breadcrumb"},"inLanguage":"de","potentialAction":[{"@type":"ReadAction","target":["https:\/\/puntobianco.md\/de\/leistungen\/"]}]},{"@type":"ImageObject","inLanguage":"de","@id":"https:\/\/puntobianco.md\/de\/leistungen\/#primaryimage","url":"https:\/\/puntobianco.md\/wp-content\/uploads\/2024\/09\/servicii-stomatologice-chisinau-centru.jpg","contentUrl":"https:\/\/puntobianco.md\/wp-content\/uploads\/2024\/09\/servicii-stomatologice-chisinau-centru.jpg","width":1920,"height":700,"caption":"Hochwertige zahn\u00e4rztliche Leistungen \u2013 Zahnklinik Punto Bianco Moldau"},{"@type":"BreadcrumbList","@id":"https:\/\/puntobianco.md\/de\/leistungen\/#breadcrumb","itemListElement":[{"@type":"ListItem","position":1,"name":"Prima pagin\u0103","item":"https:\/\/puntobianco.md\/de\/"},{"@type":"ListItem","position":2,"name":"Leistungen"}]},{"@type":"WebSite","@id":"https:\/\/puntobianco.md\/de\/#website","url":"https:\/\/puntobianco.md\/de\/","name":"PuntoBianco.md","description":"Clinic\u0103 stomatologic\u0103 \u00een Chi\u0219in\u0103u","publisher":{"@id":"https:\/\/puntobianco.md\/de\/#organization"},"potentialAction":[{"@type":"SearchAction","target":{"@type":"EntryPoint","urlTemplate":"https:\/\/puntobianco.md\/de\/?s={search_term_string}"},"query-input":{"@type":"PropertyValueSpecification","valueRequired":true,"valueName":"search_term_string"}}],"inLanguage":"de"},{"@type":"Organization","@id":"https:\/\/puntobianco.md\/de\/#organization","name":"Punto Bianco","url":"https:\/\/puntobianco.md\/de\/","logo":{"@type":"ImageObject","inLanguage":"de","@id":"https:\/\/puntobianco.md\/de\/#\/schema\/logo\/image\/","url":"https:\/\/puntobianco.md\/wp-content\/uploads\/2024\/10\/logo-clinica-punto-bianco.png","contentUrl":"https:\/\/puntobianco.md\/wp-content\/uploads\/2024\/10\/logo-clinica-punto-bianco.png","width":500,"height":500,"caption":"Punto Bianco"},"image":{"@id":"https:\/\/puntobianco.md\/de\/#\/schema\/logo\/image\/"},"sameAs":["https:\/\/www.facebook.com\/PuntoBianco.md","https:\/\/www.instagram.com\/clinicapuntobianco\/","https:\/\/www.youtube.com\/@puntobianco-clinicadentale","https:\/\/www.tiktok.com\/@clinicapuntobianco"]}]}},"_links":{"self":[{"href":"https:\/\/puntobianco.md\/de\/wp-json\/wp\/v2\/pages\/4434","targetHints":{"allow":["GET"]}}],"collection":[{"href":"https:\/\/puntobianco.md\/de\/wp-json\/wp\/v2\/pages"}],"about":[{"href":"https:\/\/puntobianco.md\/de\/wp-json\/wp\/v2\/types\/page"}],"author":[{"embeddable":true,"href":"https:\/\/puntobianco.md\/de\/wp-json\/wp\/v2\/users\/1"}],"replies":[{"embeddable":true,"href":"https:\/\/puntobianco.md\/de\/wp-json\/wp\/v2\/comments?post=4434"}],"version-history":[{"count":1,"href":"https:\/\/puntobianco.md\/de\/wp-json\/wp\/v2\/pages\/4434\/revisions"}],"predecessor-version":[{"id":4771,"href":"https:\/\/puntobianco.md\/de\/wp-json\/wp\/v2\/pages\/4434\/revisions\/4771"}],"wp:featuredmedia":[{"embeddable":true,"href":"https:\/\/puntobianco.md\/de\/wp-json\/wp\/v2\/media\/1752"}],"wp:attachment":[{"href":"https:\/\/puntobianco.md\/de\/wp-json\/wp\/v2\/media?parent=4434"}],"curies":[{"name":"wp","href":"https:\/\/api.w.org\/{rel}","templated":true}]}}