{"id":4433,"date":"2024-06-25T22:45:49","date_gmt":"2024-06-25T19:45:49","guid":{"rendered":"https:\/\/puntobianco.md\/bewertungen\/"},"modified":"2024-06-25T22:45:49","modified_gmt":"2024-06-25T19:45:49","slug":"bewertungen","status":"publish","type":"page","link":"https:\/\/puntobianco.md\/de\/bewertungen\/","title":{"rendered":"Bewertungen"},"content":{"rendered":"<p>Lesen Sie unten Bewertungen von Facebook und Google \u00fcber die Zahnklinik Punto Bianco in Moldau \u2013 verfasst von vielen Zahn\u00e4rztinnen und Zahn\u00e4rzten aus Chi\u0219in\u0103u, echte Kommentare zufriedener Patientinnen und Patienten in sozialen Netzwerken, Video-Testimonials sowie Rezensionen zur zahn\u00e4rztlichen Betreuung in der Hauptstadt Moldaus. <\/p>\n<p>Sehen, lesen und h\u00f6ren Sie Erfahrungsberichte (Testimonials), Empfehlungen und Bewertungen. \u00dcberzeugen Sie sich selbst von deren Authentizit\u00e4t und w\u00e4hlen Sie die Klinik Punto Bianco f\u00fcr <a href=\"https:\/\/puntobianco.md\/servicii-stomatologice\/\">hochwertige zahn\u00e4rztliche Leistungen in Chi\u0219in\u0103u.<\/a><\/p>\n","protected":false},"excerpt":{"rendered":"<p>Lesen Sie unten Bewertungen von Facebook und Google \u00fcber die Zahnklinik Punto Bianco in Moldau \u2013 verfasst von vielen Zahn\u00e4rztinnen und Zahn\u00e4rzten aus Chi\u0219in\u0103u, echte Kommentare zufriedener Patientinnen und Patienten in sozialen Netzwerken, Video-Testimonials sowie Rezensionen zur zahn\u00e4rztlichen Betreuung in der Hauptstadt Moldaus. Sehen, lesen und h\u00f6ren Sie Erfahrungsberichte (Testimonials), Empfehlungen und Bewertungen. \u00dcberzeugen Sie [&hellip;]<\/p>\n","protected":false},"author":1,"featured_media":3253,"parent":0,"menu_order":0,"comment_status":"closed","ping_status":"closed","template":"templates\/reviews.php","meta":{"_acf_changed":false,"inline_featured_image":false,"footnotes":""},"class_list":["post-4433","page","type-page","status-publish","has-post-thumbnail","hentry"],"acf":[],"yoast_head":"<!-- This site is optimized with the Yoast SEO plugin v26.6 - https:\/\/yoast.com\/wordpress\/plugins\/seo\/ -->\n<title>Bewertungen der Zahnklinik Punto Bianco, Chi\u0219in\u0103u, Moldau<\/title>\n<meta name=\"description\" content=\"Sehen und h\u00f6ren Sie Erfahrungsberichte, lesen Sie Empfehlungen und authentische Bewertungen \u00fcber moldauische Zahn\u00e4rzte und die Zahnklinik Punto Bianco in Moldau\" \/>\n<meta name=\"robots\" content=\"index, follow, max-snippet:-1, max-image-preview:large, max-video-preview:-1\" \/>\n<link rel=\"canonical\" href=\"https:\/\/puntobianco.md\/de\/bewertungen\/\" \/>\n<meta property=\"og:locale\" content=\"de_DE\" \/>\n<meta property=\"og:type\" content=\"article\" \/>\n<meta property=\"og:title\" content=\"Bewertungen der Zahnklinik Punto Bianco, Chi\u0219in\u0103u, Moldau\" \/>\n<meta property=\"og:description\" content=\"Sehen und h\u00f6ren Sie Erfahrungsberichte, lesen Sie Empfehlungen und authentische Bewertungen \u00fcber moldauische Zahn\u00e4rzte und die Zahnklinik Punto Bianco in Moldau\" \/>\n<meta property=\"og:url\" content=\"https:\/\/puntobianco.md\/de\/bewertungen\/\" \/>\n<meta property=\"og:site_name\" content=\"Punto Bianco\" \/>\n<meta property=\"article:publisher\" content=\"https:\/\/www.facebook.com\/PuntoBianco.md\" \/>\n<meta property=\"og:image\" content=\"https:\/\/puntobianco.md\/wp-content\/uploads\/2024\/09\/reviews-punto-bianco-dental-clinic-moldova-1.jpg\" \/>\n\t<meta property=\"og:image:width\" content=\"1820\" \/>\n\t<meta property=\"og:image:height\" content=\"953\" \/>\n\t<meta property=\"og:image:type\" content=\"image\/jpeg\" \/>\n<meta name=\"twitter:card\" content=\"summary_large_image\" \/>\n<script type=\"application\/ld+json\" class=\"yoast-schema-graph\">{\"@context\":\"https:\/\/schema.org\",\"@graph\":[{\"@type\":\"WebPage\",\"@id\":\"https:\/\/puntobianco.md\/de\/bewertungen\/\",\"url\":\"https:\/\/puntobianco.md\/de\/bewertungen\/\",\"name\":\"Bewertungen der Zahnklinik Punto Bianco, Chi\u0219in\u0103u, Moldau\",\"isPartOf\":{\"@id\":\"https:\/\/puntobianco.md\/de\/#website\"},\"primaryImageOfPage\":{\"@id\":\"https:\/\/puntobianco.md\/de\/bewertungen\/#primaryimage\"},\"image\":{\"@id\":\"https:\/\/puntobianco.md\/de\/bewertungen\/#primaryimage\"},\"thumbnailUrl\":\"https:\/\/puntobianco.md\/wp-content\/uploads\/2024\/09\/reviews-punto-bianco-dental-clinic-moldova-1.jpg\",\"datePublished\":\"2024-06-25T19:45:49+00:00\",\"description\":\"Sehen und h\u00f6ren Sie Erfahrungsberichte, lesen Sie Empfehlungen und authentische Bewertungen \u00fcber moldauische Zahn\u00e4rzte und die Zahnklinik Punto Bianco in Moldau\",\"breadcrumb\":{\"@id\":\"https:\/\/puntobianco.md\/de\/bewertungen\/#breadcrumb\"},\"inLanguage\":\"de\",\"potentialAction\":[{\"@type\":\"ReadAction\",\"target\":[\"https:\/\/puntobianco.md\/de\/bewertungen\/\"]}]},{\"@type\":\"ImageObject\",\"inLanguage\":\"de\",\"@id\":\"https:\/\/puntobianco.md\/de\/bewertungen\/#primaryimage\",\"url\":\"https:\/\/puntobianco.md\/wp-content\/uploads\/2024\/09\/reviews-punto-bianco-dental-clinic-moldova-1.jpg\",\"contentUrl\":\"https:\/\/puntobianco.md\/wp-content\/uploads\/2024\/09\/reviews-punto-bianco-dental-clinic-moldova-1.jpg\",\"width\":1820,\"height\":953,\"caption\":\"Bewertungen der Zahnklinik Punto Bianco Chi\u0219in\u0103u, Moldau\"},{\"@type\":\"BreadcrumbList\",\"@id\":\"https:\/\/puntobianco.md\/de\/bewertungen\/#breadcrumb\",\"itemListElement\":[{\"@type\":\"ListItem\",\"position\":1,\"name\":\"Prima pagin\u0103\",\"item\":\"https:\/\/puntobianco.md\/de\/\"},{\"@type\":\"ListItem\",\"position\":2,\"name\":\"Bewertungen\"}]},{\"@type\":\"WebSite\",\"@id\":\"https:\/\/puntobianco.md\/de\/#website\",\"url\":\"https:\/\/puntobianco.md\/de\/\",\"name\":\"PuntoBianco.md\",\"description\":\"Clinic\u0103 stomatologic\u0103 \u00een Chi\u0219in\u0103u\",\"publisher\":{\"@id\":\"https:\/\/puntobianco.md\/de\/#organization\"},\"potentialAction\":[{\"@type\":\"SearchAction\",\"target\":{\"@type\":\"EntryPoint\",\"urlTemplate\":\"https:\/\/puntobianco.md\/de\/?s={search_term_string}\"},\"query-input\":{\"@type\":\"PropertyValueSpecification\",\"valueRequired\":true,\"valueName\":\"search_term_string\"}}],\"inLanguage\":\"de\"},{\"@type\":\"Organization\",\"@id\":\"https:\/\/puntobianco.md\/de\/#organization\",\"name\":\"Punto Bianco\",\"url\":\"https:\/\/puntobianco.md\/de\/\",\"logo\":{\"@type\":\"ImageObject\",\"inLanguage\":\"de\",\"@id\":\"https:\/\/puntobianco.md\/de\/#\/schema\/logo\/image\/\",\"url\":\"https:\/\/puntobianco.md\/wp-content\/uploads\/2024\/10\/logo-clinica-punto-bianco.png\",\"contentUrl\":\"https:\/\/puntobianco.md\/wp-content\/uploads\/2024\/10\/logo-clinica-punto-bianco.png\",\"width\":500,\"height\":500,\"caption\":\"Punto Bianco\"},\"image\":{\"@id\":\"https:\/\/puntobianco.md\/de\/#\/schema\/logo\/image\/\"},\"sameAs\":[\"https:\/\/www.facebook.com\/PuntoBianco.md\",\"https:\/\/www.instagram.com\/clinicapuntobianco\/\",\"https:\/\/www.youtube.com\/@puntobianco-clinicadentale\",\"https:\/\/www.tiktok.com\/@clinicapuntobianco\"]}]}<\/script>\n<!-- \/ Yoast SEO plugin. -->","yoast_head_json":{"title":"Bewertungen der Zahnklinik Punto Bianco, Chi\u0219in\u0103u, Moldau","description":"Sehen und h\u00f6ren Sie Erfahrungsberichte, lesen Sie Empfehlungen und authentische Bewertungen \u00fcber moldauische Zahn\u00e4rzte und die Zahnklinik Punto Bianco in Moldau","robots":{"index":"index","follow":"follow","max-snippet":"max-snippet:-1","max-image-preview":"max-image-preview:large","max-video-preview":"max-video-preview:-1"},"canonical":"https:\/\/puntobianco.md\/de\/bewertungen\/","og_locale":"de_DE","og_type":"article","og_title":"Bewertungen der Zahnklinik Punto Bianco, Chi\u0219in\u0103u, Moldau","og_description":"Sehen und h\u00f6ren Sie Erfahrungsberichte, lesen Sie Empfehlungen und authentische Bewertungen \u00fcber moldauische Zahn\u00e4rzte und die Zahnklinik Punto Bianco in Moldau","og_url":"https:\/\/puntobianco.md\/de\/bewertungen\/","og_site_name":"Punto Bianco","article_publisher":"https:\/\/www.facebook.com\/PuntoBianco.md","og_image":[{"width":1820,"height":953,"url":"https:\/\/puntobianco.md\/wp-content\/uploads\/2024\/09\/reviews-punto-bianco-dental-clinic-moldova-1.jpg","type":"image\/jpeg"}],"twitter_card":"summary_large_image","schema":{"@context":"https:\/\/schema.org","@graph":[{"@type":"WebPage","@id":"https:\/\/puntobianco.md\/de\/bewertungen\/","url":"https:\/\/puntobianco.md\/de\/bewertungen\/","name":"Bewertungen der Zahnklinik Punto Bianco, Chi\u0219in\u0103u, Moldau","isPartOf":{"@id":"https:\/\/puntobianco.md\/de\/#website"},"primaryImageOfPage":{"@id":"https:\/\/puntobianco.md\/de\/bewertungen\/#primaryimage"},"image":{"@id":"https:\/\/puntobianco.md\/de\/bewertungen\/#primaryimage"},"thumbnailUrl":"https:\/\/puntobianco.md\/wp-content\/uploads\/2024\/09\/reviews-punto-bianco-dental-clinic-moldova-1.jpg","datePublished":"2024-06-25T19:45:49+00:00","description":"Sehen und h\u00f6ren Sie Erfahrungsberichte, lesen Sie Empfehlungen und authentische Bewertungen \u00fcber moldauische Zahn\u00e4rzte und die Zahnklinik Punto Bianco in Moldau","breadcrumb":{"@id":"https:\/\/puntobianco.md\/de\/bewertungen\/#breadcrumb"},"inLanguage":"de","potentialAction":[{"@type":"ReadAction","target":["https:\/\/puntobianco.md\/de\/bewertungen\/"]}]},{"@type":"ImageObject","inLanguage":"de","@id":"https:\/\/puntobianco.md\/de\/bewertungen\/#primaryimage","url":"https:\/\/puntobianco.md\/wp-content\/uploads\/2024\/09\/reviews-punto-bianco-dental-clinic-moldova-1.jpg","contentUrl":"https:\/\/puntobianco.md\/wp-content\/uploads\/2024\/09\/reviews-punto-bianco-dental-clinic-moldova-1.jpg","width":1820,"height":953,"caption":"Bewertungen der Zahnklinik Punto Bianco Chi\u0219in\u0103u, Moldau"},{"@type":"BreadcrumbList","@id":"https:\/\/puntobianco.md\/de\/bewertungen\/#breadcrumb","itemListElement":[{"@type":"ListItem","position":1,"name":"Prima pagin\u0103","item":"https:\/\/puntobianco.md\/de\/"},{"@type":"ListItem","position":2,"name":"Bewertungen"}]},{"@type":"WebSite","@id":"https:\/\/puntobianco.md\/de\/#website","url":"https:\/\/puntobianco.md\/de\/","name":"PuntoBianco.md","description":"Clinic\u0103 stomatologic\u0103 \u00een Chi\u0219in\u0103u","publisher":{"@id":"https:\/\/puntobianco.md\/de\/#organization"},"potentialAction":[{"@type":"SearchAction","target":{"@type":"EntryPoint","urlTemplate":"https:\/\/puntobianco.md\/de\/?s={search_term_string}"},"query-input":{"@type":"PropertyValueSpecification","valueRequired":true,"valueName":"search_term_string"}}],"inLanguage":"de"},{"@type":"Organization","@id":"https:\/\/puntobianco.md\/de\/#organization","name":"Punto Bianco","url":"https:\/\/puntobianco.md\/de\/","logo":{"@type":"ImageObject","inLanguage":"de","@id":"https:\/\/puntobianco.md\/de\/#\/schema\/logo\/image\/","url":"https:\/\/puntobianco.md\/wp-content\/uploads\/2024\/10\/logo-clinica-punto-bianco.png","contentUrl":"https:\/\/puntobianco.md\/wp-content\/uploads\/2024\/10\/logo-clinica-punto-bianco.png","width":500,"height":500,"caption":"Punto Bianco"},"image":{"@id":"https:\/\/puntobianco.md\/de\/#\/schema\/logo\/image\/"},"sameAs":["https:\/\/www.facebook.com\/PuntoBianco.md","https:\/\/www.instagram.com\/clinicapuntobianco\/","https:\/\/www.youtube.com\/@puntobianco-clinicadentale","https:\/\/www.tiktok.com\/@clinicapuntobianco"]}]}},"_links":{"self":[{"href":"https:\/\/puntobianco.md\/de\/wp-json\/wp\/v2\/pages\/4433","targetHints":{"allow":["GET"]}}],"collection":[{"href":"https:\/\/puntobianco.md\/de\/wp-json\/wp\/v2\/pages"}],"about":[{"href":"https:\/\/puntobianco.md\/de\/wp-json\/wp\/v2\/types\/page"}],"author":[{"embeddable":true,"href":"https:\/\/puntobianco.md\/de\/wp-json\/wp\/v2\/users\/1"}],"replies":[{"embeddable":true,"href":"https:\/\/puntobianco.md\/de\/wp-json\/wp\/v2\/comments?post=4433"}],"version-history":[{"count":0,"href":"https:\/\/puntobianco.md\/de\/wp-json\/wp\/v2\/pages\/4433\/revisions"}],"wp:featuredmedia":[{"embeddable":true,"href":"https:\/\/puntobianco.md\/de\/wp-json\/wp\/v2\/media\/3253"}],"wp:attachment":[{"href":"https:\/\/puntobianco.md\/de\/wp-json\/wp\/v2\/media?parent=4433"}],"curies":[{"name":"wp","href":"https:\/\/api.w.org\/{rel}","templated":true}]}}