{"id":4428,"date":"2024-09-03T12:24:57","date_gmt":"2024-09-03T09:24:57","guid":{"rendered":"https:\/\/puntobianco.md\/?page_id=4428"},"modified":"2026-01-21T11:46:40","modified_gmt":"2026-01-21T08:46:40","slug":"4428-2","status":"publish","type":"page","link":"https:\/\/puntobianco.md\/de\/4428-2\/","title":{"rendered":""},"content":{"rendered":"<p><strong>Bitte lesen Sie diese Nutzungsbedingungen sorgf\u00e4ltig durch, bevor Sie die von Punto Bianco SRL betriebene Website <a href=\"https:\/\/puntobianco.md\/de\/\">https:\/\/PuntoBianco.md<\/a> nutzen.<\/strong><\/p>\n<p>Ihr Zugriff auf den Service und dessen Nutzung setzen die Annahme und Einhaltung dieser Bedingungen voraus. Diese Bedingungen gelten f\u00fcr alle Besucherinnen und Besucher, Nutzerinnen und Nutzer sowie f\u00fcr alle anderen Personen, die auf den Service zugreifen oder ihn nutzen.<\/p>\n<p>Durch den Zugriff auf den Service oder dessen Nutzung erkl\u00e4ren Sie sich mit diesen Bedingungen einverstanden. Wenn Sie mit einem Teil der Bedingungen nicht einverstanden sind, d\u00fcrfen Sie den Service nicht nutzen.<\/p>\n<hr \/>\n<h3><strong>Konten<\/strong><\/h3>\n<p>Wenn Sie bei uns ein Konto erstellen, m\u00fcssen Sie jederzeit korrekte, vollst\u00e4ndige und aktuelle Angaben machen. Die Nichteinhaltung stellt einen Versto\u00df gegen diese Bedingungen dar und kann zur sofortigen K\u00fcndigung Ihres Kontos innerhalb unseres Services f\u00fchren.<\/p>\n<p>Sie sind f\u00fcr den Schutz des Passworts verantwortlich, das Sie f\u00fcr den Zugriff auf den Service verwenden, sowie f\u00fcr alle Aktivit\u00e4ten oder Handlungen, die unter Ihrem Passwort erfolgen, unabh\u00e4ngig davon, ob dieses Passwort f\u00fcr unseren Service oder f\u00fcr einen Drittanbieterdienst verwendet wird.<\/p>\n<p>Sie verpflichten sich, Ihr Passwort keiner dritten Person offenzulegen. Sie m\u00fcssen uns unverz\u00fcglich benachrichtigen, sobald Sie von einer Sicherheitsverletzung oder einer unbefugten Nutzung Ihres Kontos Kenntnis erlangen.<\/p>\n<hr \/>\n<h3><strong>Geistiges Eigentum<\/strong><\/h3>\n<p>Der Service sowie seine urspr\u00fcnglichen Inhalte, Funktionen und Funktionalit\u00e4ten sind und bleiben das ausschlie\u00dfliche Eigentum von Punto Bianco \/ TravelToDentist.com und deren Lizenzgebern.<\/p>\n<hr \/>\n<h3><strong>Links zu anderen Websites<\/strong><\/h3>\n<p>Unser Service kann Links zu Websites oder Diensten Dritter enthalten, die nicht im Besitz von Punto Bianco sind oder von Punto Bianco kontrolliert werden.<\/p>\n<p>Punto Bianco hat keine Kontrolle \u00fcber die Inhalte, Datenschutzrichtlinien oder Praktiken von Websites oder Diensten Dritter und \u00fcbernimmt hierf\u00fcr keine Verantwortung. Sie erkennen ferner an und stimmen zu, dass Punto Bianco weder direkt noch indirekt f\u00fcr Sch\u00e4den oder Verluste verantwortlich oder haftbar ist, die durch die Nutzung oder das Vertrauen auf solche Inhalte, Waren oder Dienstleistungen verursacht wurden oder angeblich verursacht wurden, die auf oder \u00fcber solche Websites oder Dienste verf\u00fcgbar sind.<\/p>\n<p>Wir empfehlen Ihnen, die Nutzungsbedingungen und Datenschutzrichtlinien aller Websites oder Dienste Dritter zu lesen, die Sie besuchen.<\/p>\n<hr \/>\n<h3><strong>Beendigung<\/strong><\/h3>\n<p>Wir k\u00f6nnen den Zugriff auf unseren Service jederzeit und ohne vorherige Ank\u00fcndigung oder Haftung aus beliebigem Grund beenden oder aussetzen, insbesondere, wenn Sie gegen diese Bedingungen versto\u00dfen.<\/p>\n<p>Alle Bestimmungen dieser Bedingungen, die ihrer Natur nach die Beendigung \u00fcberdauern sollten, bleiben auch nach der Beendigung in Kraft, einschlie\u00dflich \u2013 jedoch nicht beschr\u00e4nkt auf \u2013 Eigentumsbestimmungen, Haftungsausschl\u00fcsse, Entsch\u00e4digungen und Haftungsbeschr\u00e4nkungen.<\/p>\n<p>Wir k\u00f6nnen Ihr Konto jederzeit und ohne vorherige Ank\u00fcndigung oder Haftung aus beliebigem Grund k\u00fcndigen oder sperren, insbesondere, wenn Sie gegen diese Bedingungen versto\u00dfen.<\/p>\n<p>Nach der Beendigung erlischt Ihr Recht zur Nutzung des Services sofort. Wenn Sie Ihr Konto k\u00fcndigen m\u00f6chten, k\u00f6nnen Sie die Nutzung des Services einfach einstellen.<\/p>\n<hr \/>\n<h3><strong>Haftungsausschluss<\/strong><\/h3>\n<p>Die Nutzung des Services erfolgt auf Ihr eigenes Risiko. Der Service wird \u201eWIE BESEHEN\u201c und \u201eWIE VERF\u00dcGBAR\u201c bereitgestellt. Der Service wird ohne jegliche ausdr\u00fcckliche oder stillschweigende Garantien bereitgestellt, einschlie\u00dflich \u2013 jedoch nicht beschr\u00e4nkt auf \u2013 stillschweigende Garantien der Marktg\u00e4ngigkeit, der Eignung f\u00fcr einen bestimmten Zweck, der Nichtverletzung von Rechten oder der Leistungserbringung.<\/p>\n<hr \/>\n<h3><strong>Anwendbares Recht<\/strong><\/h3>\n<p>Diese Bedingungen unterliegen den Gesetzen der Republik Moldau und werden entsprechend ausgelegt, ohne R\u00fccksicht auf kollisionsrechtliche Bestimmungen.<\/p>\n<p>Das Vers\u00e4umnis unsererseits, ein Recht oder eine Bestimmung dieser Bedingungen durchzusetzen, stellt keinen Verzicht auf dieses Recht dar. Sollte eine Bestimmung dieser Bedingungen von einem Gericht f\u00fcr ung\u00fcltig oder nicht durchsetzbar erkl\u00e4rt werden, bleiben die \u00fcbrigen Bestimmungen weiterhin in Kraft. Diese Bedingungen stellen die gesamte Vereinbarung zwischen Ihnen und uns in Bezug auf unseren Service dar und ersetzen alle fr\u00fcheren Vereinbarungen in Bezug auf den Service.<\/p>\n<hr \/>\n<h3><strong>\u00c4nderungen<\/strong><\/h3>\n<p>Wir behalten uns das Recht vor, diese Bedingungen jederzeit nach eigenem Ermessen zu \u00e4ndern oder zu ersetzen. Bei wesentlichen \u00c4nderungen werden wir versuchen, Sie mindestens 30 Tage vor Inkrafttreten der neuen Bedingungen zu informieren. Was als wesentliche \u00c4nderung gilt, liegt in unserem alleinigen Ermessen.<\/p>\n<p>Wenn Sie unseren Service nach Inkrafttreten der \u00c4nderungen weiterhin nutzen, erkl\u00e4ren Sie sich mit den ge\u00e4nderten Bedingungen einverstanden. Wenn Sie mit den neuen Bedingungen nicht einverstanden sind, nutzen Sie den Service bitte nicht weiter.<\/p>\n<hr \/>\n<h3><strong>Kontakt<\/strong><\/h3>\n<p>Wenn Sie Fragen zu diesen Bedingungen haben, k\u00f6nnen Sie uns per E-Mail kontaktieren unter:<br \/>\nMultilinguale Zahnklinik \/ Punto Bianco \/ TravelToDentist<br \/>\nMD-2001, Republik Moldau, Chi\u0219in\u0103u, Str. 31 August 37\/1<br \/>\nTelefon: +37368187171<\/p>\n<hr \/>\n<p><strong>DIESES DOKUMENT WURDE ZULETZT AKTUALISIERT AM: 21. Januar 2026<\/strong><\/p>\n","protected":false},"excerpt":{"rendered":"<p>Bitte lesen Sie diese Nutzungsbedingungen sorgf\u00e4ltig durch, bevor Sie die von Punto Bianco SRL betriebene Website https:\/\/PuntoBianco.md nutzen. Ihr Zugriff auf den Service und dessen Nutzung setzen die Annahme und Einhaltung dieser Bedingungen voraus. Diese Bedingungen gelten f\u00fcr alle Besucherinnen und Besucher, Nutzerinnen und Nutzer sowie f\u00fcr alle anderen Personen, die auf den Service zugreifen [&hellip;]<\/p>\n","protected":false},"author":5,"featured_media":0,"parent":0,"menu_order":0,"comment_status":"closed","ping_status":"closed","template":"","meta":{"_acf_changed":false,"inline_featured_image":false,"footnotes":""},"class_list":["post-4428","page","type-page","status-publish","hentry"],"acf":[],"yoast_head":"<!-- This site is optimized with the Yoast SEO plugin v26.6 - https:\/\/yoast.com\/wordpress\/plugins\/seo\/ -->\n<title>- Punto Bianco<\/title>\n<meta name=\"robots\" content=\"index, follow, max-snippet:-1, max-image-preview:large, max-video-preview:-1\" \/>\n<link rel=\"canonical\" href=\"https:\/\/puntobianco.md\/de\/4428-2\/\" \/>\n<meta property=\"og:locale\" content=\"de_DE\" \/>\n<meta property=\"og:type\" content=\"article\" \/>\n<meta property=\"og:title\" content=\"- Punto Bianco\" \/>\n<meta property=\"og:description\" content=\"Bitte lesen Sie diese Nutzungsbedingungen sorgf\u00e4ltig durch, bevor Sie die von Punto Bianco SRL betriebene Website https:\/\/PuntoBianco.md nutzen. Ihr Zugriff auf den Service und dessen Nutzung setzen die Annahme und Einhaltung dieser Bedingungen voraus. Diese Bedingungen gelten f\u00fcr alle Besucherinnen und Besucher, Nutzerinnen und Nutzer sowie f\u00fcr alle anderen Personen, die auf den Service zugreifen [&hellip;]\" \/>\n<meta property=\"og:url\" content=\"https:\/\/puntobianco.md\/de\/4428-2\/\" \/>\n<meta property=\"og:site_name\" content=\"Punto Bianco\" \/>\n<meta property=\"article:publisher\" content=\"https:\/\/www.facebook.com\/PuntoBianco.md\" \/>\n<meta property=\"article:modified_time\" content=\"2026-01-21T08:46:40+00:00\" \/>\n<meta name=\"twitter:card\" content=\"summary_large_image\" \/>\n<meta name=\"twitter:label1\" content=\"Gesch\u00e4tzte Lesezeit\" \/>\n\t<meta name=\"twitter:data1\" content=\"4\u00a0Minuten\" \/>\n<script type=\"application\/ld+json\" class=\"yoast-schema-graph\">{\"@context\":\"https:\/\/schema.org\",\"@graph\":[{\"@type\":\"WebPage\",\"@id\":\"https:\/\/puntobianco.md\/de\/4428-2\/\",\"url\":\"https:\/\/puntobianco.md\/de\/4428-2\/\",\"name\":\"- Punto Bianco\",\"isPartOf\":{\"@id\":\"https:\/\/puntobianco.md\/de\/#website\"},\"datePublished\":\"2024-09-03T09:24:57+00:00\",\"dateModified\":\"2026-01-21T08:46:40+00:00\",\"inLanguage\":\"de\",\"potentialAction\":[{\"@type\":\"ReadAction\",\"target\":[\"https:\/\/puntobianco.md\/de\/4428-2\/\"]}]},{\"@type\":\"WebSite\",\"@id\":\"https:\/\/puntobianco.md\/de\/#website\",\"url\":\"https:\/\/puntobianco.md\/de\/\",\"name\":\"PuntoBianco.md\",\"description\":\"Clinic\u0103 stomatologic\u0103 \u00een Chi\u0219in\u0103u\",\"publisher\":{\"@id\":\"https:\/\/puntobianco.md\/de\/#organization\"},\"potentialAction\":[{\"@type\":\"SearchAction\",\"target\":{\"@type\":\"EntryPoint\",\"urlTemplate\":\"https:\/\/puntobianco.md\/de\/?s={search_term_string}\"},\"query-input\":{\"@type\":\"PropertyValueSpecification\",\"valueRequired\":true,\"valueName\":\"search_term_string\"}}],\"inLanguage\":\"de\"},{\"@type\":\"Organization\",\"@id\":\"https:\/\/puntobianco.md\/de\/#organization\",\"name\":\"Punto Bianco\",\"url\":\"https:\/\/puntobianco.md\/de\/\",\"logo\":{\"@type\":\"ImageObject\",\"inLanguage\":\"de\",\"@id\":\"https:\/\/puntobianco.md\/de\/#\/schema\/logo\/image\/\",\"url\":\"https:\/\/puntobianco.md\/wp-content\/uploads\/2024\/10\/logo-clinica-punto-bianco.png\",\"contentUrl\":\"https:\/\/puntobianco.md\/wp-content\/uploads\/2024\/10\/logo-clinica-punto-bianco.png\",\"width\":500,\"height\":500,\"caption\":\"Punto Bianco\"},\"image\":{\"@id\":\"https:\/\/puntobianco.md\/de\/#\/schema\/logo\/image\/\"},\"sameAs\":[\"https:\/\/www.facebook.com\/PuntoBianco.md\",\"https:\/\/www.instagram.com\/clinicapuntobianco\/\",\"https:\/\/www.youtube.com\/@puntobianco-clinicadentale\",\"https:\/\/www.tiktok.com\/@clinicapuntobianco\"]}]}<\/script>\n<!-- \/ Yoast SEO plugin. -->","yoast_head_json":{"title":"- Punto Bianco","robots":{"index":"index","follow":"follow","max-snippet":"max-snippet:-1","max-image-preview":"max-image-preview:large","max-video-preview":"max-video-preview:-1"},"canonical":"https:\/\/puntobianco.md\/de\/4428-2\/","og_locale":"de_DE","og_type":"article","og_title":"- Punto Bianco","og_description":"Bitte lesen Sie diese Nutzungsbedingungen sorgf\u00e4ltig durch, bevor Sie die von Punto Bianco SRL betriebene Website https:\/\/PuntoBianco.md nutzen. Ihr Zugriff auf den Service und dessen Nutzung setzen die Annahme und Einhaltung dieser Bedingungen voraus. Diese Bedingungen gelten f\u00fcr alle Besucherinnen und Besucher, Nutzerinnen und Nutzer sowie f\u00fcr alle anderen Personen, die auf den Service zugreifen [&hellip;]","og_url":"https:\/\/puntobianco.md\/de\/4428-2\/","og_site_name":"Punto Bianco","article_publisher":"https:\/\/www.facebook.com\/PuntoBianco.md","article_modified_time":"2026-01-21T08:46:40+00:00","twitter_card":"summary_large_image","twitter_misc":{"Gesch\u00e4tzte Lesezeit":"4\u00a0Minuten"},"schema":{"@context":"https:\/\/schema.org","@graph":[{"@type":"WebPage","@id":"https:\/\/puntobianco.md\/de\/4428-2\/","url":"https:\/\/puntobianco.md\/de\/4428-2\/","name":"- Punto Bianco","isPartOf":{"@id":"https:\/\/puntobianco.md\/de\/#website"},"datePublished":"2024-09-03T09:24:57+00:00","dateModified":"2026-01-21T08:46:40+00:00","inLanguage":"de","potentialAction":[{"@type":"ReadAction","target":["https:\/\/puntobianco.md\/de\/4428-2\/"]}]},{"@type":"WebSite","@id":"https:\/\/puntobianco.md\/de\/#website","url":"https:\/\/puntobianco.md\/de\/","name":"PuntoBianco.md","description":"Clinic\u0103 stomatologic\u0103 \u00een Chi\u0219in\u0103u","publisher":{"@id":"https:\/\/puntobianco.md\/de\/#organization"},"potentialAction":[{"@type":"SearchAction","target":{"@type":"EntryPoint","urlTemplate":"https:\/\/puntobianco.md\/de\/?s={search_term_string}"},"query-input":{"@type":"PropertyValueSpecification","valueRequired":true,"valueName":"search_term_string"}}],"inLanguage":"de"},{"@type":"Organization","@id":"https:\/\/puntobianco.md\/de\/#organization","name":"Punto Bianco","url":"https:\/\/puntobianco.md\/de\/","logo":{"@type":"ImageObject","inLanguage":"de","@id":"https:\/\/puntobianco.md\/de\/#\/schema\/logo\/image\/","url":"https:\/\/puntobianco.md\/wp-content\/uploads\/2024\/10\/logo-clinica-punto-bianco.png","contentUrl":"https:\/\/puntobianco.md\/wp-content\/uploads\/2024\/10\/logo-clinica-punto-bianco.png","width":500,"height":500,"caption":"Punto Bianco"},"image":{"@id":"https:\/\/puntobianco.md\/de\/#\/schema\/logo\/image\/"},"sameAs":["https:\/\/www.facebook.com\/PuntoBianco.md","https:\/\/www.instagram.com\/clinicapuntobianco\/","https:\/\/www.youtube.com\/@puntobianco-clinicadentale","https:\/\/www.tiktok.com\/@clinicapuntobianco"]}]}},"_links":{"self":[{"href":"https:\/\/puntobianco.md\/de\/wp-json\/wp\/v2\/pages\/4428","targetHints":{"allow":["GET"]}}],"collection":[{"href":"https:\/\/puntobianco.md\/de\/wp-json\/wp\/v2\/pages"}],"about":[{"href":"https:\/\/puntobianco.md\/de\/wp-json\/wp\/v2\/types\/page"}],"author":[{"embeddable":true,"href":"https:\/\/puntobianco.md\/de\/wp-json\/wp\/v2\/users\/5"}],"replies":[{"embeddable":true,"href":"https:\/\/puntobianco.md\/de\/wp-json\/wp\/v2\/comments?post=4428"}],"version-history":[{"count":1,"href":"https:\/\/puntobianco.md\/de\/wp-json\/wp\/v2\/pages\/4428\/revisions"}],"predecessor-version":[{"id":4429,"href":"https:\/\/puntobianco.md\/de\/wp-json\/wp\/v2\/pages\/4428\/revisions\/4429"}],"wp:attachment":[{"href":"https:\/\/puntobianco.md\/de\/wp-json\/wp\/v2\/media?parent=4428"}],"curies":[{"name":"wp","href":"https:\/\/api.w.org\/{rel}","templated":true}]}}