{"id":4382,"date":"2024-06-25T22:45:21","date_gmt":"2024-06-25T19:45:21","guid":{"rendered":"https:\/\/puntobianco.md\/preise\/"},"modified":"2026-02-09T12:04:40","modified_gmt":"2026-02-09T09:04:40","slug":"preise","status":"publish","type":"page","link":"https:\/\/puntobianco.md\/de\/preise\/","title":{"rendered":"Preise"},"content":{"rendered":"<p>Wir sind transparent und verbergen nichts \u2013 auch nicht unsere Preise. Sehen Sie sich unten die Sonderangebote und die Preisliste der zahn\u00e4rztlichen Leistungen der Klinik Punto Bianco in Chi\u0219in\u0103u an. Zur besseren \u00dcbersicht haben wir die am h\u00e4ufigsten nachgefragten Behandlungen nach Kategorien gegliedert.<\/p>\n<p>Falls Sie die gew\u00fcnschte Behandlung nicht in der Preisliste finden, <a href=\"#contactWrap\">k\u00f6nnen Sie eine kostenlose Anfrage bzw<\/a>. Kostensch\u00e4tzung anfordern. In der Regel erhalten Sie innerhalb eines Arbeitstages eine Antwort zu Ihrer zahn\u00e4rztlichen Behandlung in Moldau. F\u00fcr eine bevorzugte Betreuung rufen Sie uns bitte unter <a href=\"tel:+37368187171\">+37368187171<\/a> an.<\/p>\n","protected":false},"excerpt":{"rendered":"<p>Wir sind transparent und verbergen nichts \u2013 auch nicht unsere Preise. Sehen Sie sich unten die Sonderangebote und die Preisliste der zahn\u00e4rztlichen Leistungen der Klinik Punto Bianco in Chi\u0219in\u0103u an. Zur besseren \u00dcbersicht haben wir die am h\u00e4ufigsten nachgefragten Behandlungen nach Kategorien gegliedert. Falls Sie die gew\u00fcnschte Behandlung nicht in der Preisliste finden, k\u00f6nnen Sie [&hellip;]<\/p>\n","protected":false},"author":1,"featured_media":648,"parent":0,"menu_order":0,"comment_status":"closed","ping_status":"closed","template":"templates\/prices.php","meta":{"_acf_changed":false,"inline_featured_image":false,"footnotes":""},"class_list":["post-4382","page","type-page","status-publish","has-post-thumbnail","hentry"],"acf":[],"yoast_head":"<!-- This site is optimized with the Yoast SEO plugin v26.6 - https:\/\/yoast.com\/wordpress\/plugins\/seo\/ -->\n<title>Preise der Zahnklinik Punto Bianco Chi\u0219in\u0103u. Tarife Moldau<\/title>\n<meta name=\"description\" content=\"Erfahren Sie, wie viel zahn\u00e4rztliche Behandlungen kosten. Preisliste des Zahnarztes in Moldau. Angebote und Preispakete f\u00fcr zahn\u00e4rztliche Leistungen in Chi\u0219in\u0103u.\" \/>\n<meta name=\"robots\" content=\"index, follow, max-snippet:-1, max-image-preview:large, max-video-preview:-1\" \/>\n<link rel=\"canonical\" href=\"https:\/\/puntobianco.md\/de\/preise\/\" \/>\n<meta property=\"og:locale\" content=\"de_DE\" \/>\n<meta property=\"og:type\" content=\"article\" \/>\n<meta property=\"og:title\" content=\"Preise der Zahnklinik Punto Bianco Chi\u0219in\u0103u. Tarife Moldau\" \/>\n<meta property=\"og:description\" content=\"Erfahren Sie, wie viel zahn\u00e4rztliche Behandlungen kosten. Preisliste des Zahnarztes in Moldau. Angebote und Preispakete f\u00fcr zahn\u00e4rztliche Leistungen in Chi\u0219in\u0103u.\" \/>\n<meta property=\"og:url\" content=\"https:\/\/puntobianco.md\/de\/preise\/\" \/>\n<meta property=\"og:site_name\" content=\"Punto Bianco\" \/>\n<meta property=\"article:publisher\" content=\"https:\/\/www.facebook.com\/PuntoBianco.md\" \/>\n<meta property=\"article:modified_time\" content=\"2026-02-09T09:04:40+00:00\" \/>\n<meta property=\"og:image\" content=\"https:\/\/puntobianco.md\/wp-content\/uploads\/2024\/08\/prices-bg-min.jpg\" \/>\n\t<meta property=\"og:image:width\" content=\"1820\" \/>\n\t<meta property=\"og:image:height\" content=\"633\" \/>\n\t<meta property=\"og:image:type\" content=\"image\/jpeg\" \/>\n<meta name=\"twitter:card\" content=\"summary_large_image\" \/>\n<meta name=\"twitter:label1\" content=\"Gesch\u00e4tzte Lesezeit\" \/>\n\t<meta name=\"twitter:data1\" content=\"1\u00a0Minute\" \/>\n<script type=\"application\/ld+json\" class=\"yoast-schema-graph\">{\"@context\":\"https:\/\/schema.org\",\"@graph\":[{\"@type\":\"WebPage\",\"@id\":\"https:\/\/puntobianco.md\/de\/preise\/\",\"url\":\"https:\/\/puntobianco.md\/de\/preise\/\",\"name\":\"Preise der Zahnklinik Punto Bianco Chi\u0219in\u0103u. Tarife Moldau\",\"isPartOf\":{\"@id\":\"https:\/\/puntobianco.md\/de\/#website\"},\"primaryImageOfPage\":{\"@id\":\"https:\/\/puntobianco.md\/de\/preise\/#primaryimage\"},\"image\":{\"@id\":\"https:\/\/puntobianco.md\/de\/preise\/#primaryimage\"},\"thumbnailUrl\":\"https:\/\/puntobianco.md\/wp-content\/uploads\/2024\/08\/prices-bg-min.jpg\",\"datePublished\":\"2024-06-25T19:45:21+00:00\",\"dateModified\":\"2026-02-09T09:04:40+00:00\",\"description\":\"Erfahren Sie, wie viel zahn\u00e4rztliche Behandlungen kosten. Preisliste des Zahnarztes in Moldau. Angebote und Preispakete f\u00fcr zahn\u00e4rztliche Leistungen in Chi\u0219in\u0103u.\",\"breadcrumb\":{\"@id\":\"https:\/\/puntobianco.md\/de\/preise\/#breadcrumb\"},\"inLanguage\":\"de\",\"potentialAction\":[{\"@type\":\"ReadAction\",\"target\":[\"https:\/\/puntobianco.md\/de\/preise\/\"]}]},{\"@type\":\"ImageObject\",\"inLanguage\":\"de\",\"@id\":\"https:\/\/puntobianco.md\/de\/preise\/#primaryimage\",\"url\":\"https:\/\/puntobianco.md\/wp-content\/uploads\/2024\/08\/prices-bg-min.jpg\",\"contentUrl\":\"https:\/\/puntobianco.md\/wp-content\/uploads\/2024\/08\/prices-bg-min.jpg\",\"width\":1820,\"height\":633},{\"@type\":\"BreadcrumbList\",\"@id\":\"https:\/\/puntobianco.md\/de\/preise\/#breadcrumb\",\"itemListElement\":[{\"@type\":\"ListItem\",\"position\":1,\"name\":\"Prima pagin\u0103\",\"item\":\"https:\/\/puntobianco.md\/de\/\"},{\"@type\":\"ListItem\",\"position\":2,\"name\":\"Preise\"}]},{\"@type\":\"WebSite\",\"@id\":\"https:\/\/puntobianco.md\/de\/#website\",\"url\":\"https:\/\/puntobianco.md\/de\/\",\"name\":\"PuntoBianco.md\",\"description\":\"Clinic\u0103 stomatologic\u0103 \u00een Chi\u0219in\u0103u\",\"publisher\":{\"@id\":\"https:\/\/puntobianco.md\/de\/#organization\"},\"potentialAction\":[{\"@type\":\"SearchAction\",\"target\":{\"@type\":\"EntryPoint\",\"urlTemplate\":\"https:\/\/puntobianco.md\/de\/?s={search_term_string}\"},\"query-input\":{\"@type\":\"PropertyValueSpecification\",\"valueRequired\":true,\"valueName\":\"search_term_string\"}}],\"inLanguage\":\"de\"},{\"@type\":\"Organization\",\"@id\":\"https:\/\/puntobianco.md\/de\/#organization\",\"name\":\"Punto Bianco\",\"url\":\"https:\/\/puntobianco.md\/de\/\",\"logo\":{\"@type\":\"ImageObject\",\"inLanguage\":\"de\",\"@id\":\"https:\/\/puntobianco.md\/de\/#\/schema\/logo\/image\/\",\"url\":\"https:\/\/puntobianco.md\/wp-content\/uploads\/2024\/10\/logo-clinica-punto-bianco.png\",\"contentUrl\":\"https:\/\/puntobianco.md\/wp-content\/uploads\/2024\/10\/logo-clinica-punto-bianco.png\",\"width\":500,\"height\":500,\"caption\":\"Punto Bianco\"},\"image\":{\"@id\":\"https:\/\/puntobianco.md\/de\/#\/schema\/logo\/image\/\"},\"sameAs\":[\"https:\/\/www.facebook.com\/PuntoBianco.md\",\"https:\/\/www.instagram.com\/clinicapuntobianco\/\",\"https:\/\/www.youtube.com\/@puntobianco-clinicadentale\",\"https:\/\/www.tiktok.com\/@clinicapuntobianco\"]}]}<\/script>\n<!-- \/ Yoast SEO plugin. -->","yoast_head_json":{"title":"Preise der Zahnklinik Punto Bianco Chi\u0219in\u0103u. Tarife Moldau","description":"Erfahren Sie, wie viel zahn\u00e4rztliche Behandlungen kosten. Preisliste des Zahnarztes in Moldau. Angebote und Preispakete f\u00fcr zahn\u00e4rztliche Leistungen in Chi\u0219in\u0103u.","robots":{"index":"index","follow":"follow","max-snippet":"max-snippet:-1","max-image-preview":"max-image-preview:large","max-video-preview":"max-video-preview:-1"},"canonical":"https:\/\/puntobianco.md\/de\/preise\/","og_locale":"de_DE","og_type":"article","og_title":"Preise der Zahnklinik Punto Bianco Chi\u0219in\u0103u. Tarife Moldau","og_description":"Erfahren Sie, wie viel zahn\u00e4rztliche Behandlungen kosten. Preisliste des Zahnarztes in Moldau. Angebote und Preispakete f\u00fcr zahn\u00e4rztliche Leistungen in Chi\u0219in\u0103u.","og_url":"https:\/\/puntobianco.md\/de\/preise\/","og_site_name":"Punto Bianco","article_publisher":"https:\/\/www.facebook.com\/PuntoBianco.md","article_modified_time":"2026-02-09T09:04:40+00:00","og_image":[{"width":1820,"height":633,"url":"https:\/\/puntobianco.md\/wp-content\/uploads\/2024\/08\/prices-bg-min.jpg","type":"image\/jpeg"}],"twitter_card":"summary_large_image","twitter_misc":{"Gesch\u00e4tzte Lesezeit":"1\u00a0Minute"},"schema":{"@context":"https:\/\/schema.org","@graph":[{"@type":"WebPage","@id":"https:\/\/puntobianco.md\/de\/preise\/","url":"https:\/\/puntobianco.md\/de\/preise\/","name":"Preise der Zahnklinik Punto Bianco Chi\u0219in\u0103u. Tarife Moldau","isPartOf":{"@id":"https:\/\/puntobianco.md\/de\/#website"},"primaryImageOfPage":{"@id":"https:\/\/puntobianco.md\/de\/preise\/#primaryimage"},"image":{"@id":"https:\/\/puntobianco.md\/de\/preise\/#primaryimage"},"thumbnailUrl":"https:\/\/puntobianco.md\/wp-content\/uploads\/2024\/08\/prices-bg-min.jpg","datePublished":"2024-06-25T19:45:21+00:00","dateModified":"2026-02-09T09:04:40+00:00","description":"Erfahren Sie, wie viel zahn\u00e4rztliche Behandlungen kosten. Preisliste des Zahnarztes in Moldau. Angebote und Preispakete f\u00fcr zahn\u00e4rztliche Leistungen in Chi\u0219in\u0103u.","breadcrumb":{"@id":"https:\/\/puntobianco.md\/de\/preise\/#breadcrumb"},"inLanguage":"de","potentialAction":[{"@type":"ReadAction","target":["https:\/\/puntobianco.md\/de\/preise\/"]}]},{"@type":"ImageObject","inLanguage":"de","@id":"https:\/\/puntobianco.md\/de\/preise\/#primaryimage","url":"https:\/\/puntobianco.md\/wp-content\/uploads\/2024\/08\/prices-bg-min.jpg","contentUrl":"https:\/\/puntobianco.md\/wp-content\/uploads\/2024\/08\/prices-bg-min.jpg","width":1820,"height":633},{"@type":"BreadcrumbList","@id":"https:\/\/puntobianco.md\/de\/preise\/#breadcrumb","itemListElement":[{"@type":"ListItem","position":1,"name":"Prima pagin\u0103","item":"https:\/\/puntobianco.md\/de\/"},{"@type":"ListItem","position":2,"name":"Preise"}]},{"@type":"WebSite","@id":"https:\/\/puntobianco.md\/de\/#website","url":"https:\/\/puntobianco.md\/de\/","name":"PuntoBianco.md","description":"Clinic\u0103 stomatologic\u0103 \u00een Chi\u0219in\u0103u","publisher":{"@id":"https:\/\/puntobianco.md\/de\/#organization"},"potentialAction":[{"@type":"SearchAction","target":{"@type":"EntryPoint","urlTemplate":"https:\/\/puntobianco.md\/de\/?s={search_term_string}"},"query-input":{"@type":"PropertyValueSpecification","valueRequired":true,"valueName":"search_term_string"}}],"inLanguage":"de"},{"@type":"Organization","@id":"https:\/\/puntobianco.md\/de\/#organization","name":"Punto Bianco","url":"https:\/\/puntobianco.md\/de\/","logo":{"@type":"ImageObject","inLanguage":"de","@id":"https:\/\/puntobianco.md\/de\/#\/schema\/logo\/image\/","url":"https:\/\/puntobianco.md\/wp-content\/uploads\/2024\/10\/logo-clinica-punto-bianco.png","contentUrl":"https:\/\/puntobianco.md\/wp-content\/uploads\/2024\/10\/logo-clinica-punto-bianco.png","width":500,"height":500,"caption":"Punto Bianco"},"image":{"@id":"https:\/\/puntobianco.md\/de\/#\/schema\/logo\/image\/"},"sameAs":["https:\/\/www.facebook.com\/PuntoBianco.md","https:\/\/www.instagram.com\/clinicapuntobianco\/","https:\/\/www.youtube.com\/@puntobianco-clinicadentale","https:\/\/www.tiktok.com\/@clinicapuntobianco"]}]}},"_links":{"self":[{"href":"https:\/\/puntobianco.md\/de\/wp-json\/wp\/v2\/pages\/4382","targetHints":{"allow":["GET"]}}],"collection":[{"href":"https:\/\/puntobianco.md\/de\/wp-json\/wp\/v2\/pages"}],"about":[{"href":"https:\/\/puntobianco.md\/de\/wp-json\/wp\/v2\/types\/page"}],"author":[{"embeddable":true,"href":"https:\/\/puntobianco.md\/de\/wp-json\/wp\/v2\/users\/1"}],"replies":[{"embeddable":true,"href":"https:\/\/puntobianco.md\/de\/wp-json\/wp\/v2\/comments?post=4382"}],"version-history":[{"count":6,"href":"https:\/\/puntobianco.md\/de\/wp-json\/wp\/v2\/pages\/4382\/revisions"}],"predecessor-version":[{"id":4953,"href":"https:\/\/puntobianco.md\/de\/wp-json\/wp\/v2\/pages\/4382\/revisions\/4953"}],"wp:featuredmedia":[{"embeddable":true,"href":"https:\/\/puntobianco.md\/de\/wp-json\/wp\/v2\/media\/648"}],"wp:attachment":[{"href":"https:\/\/puntobianco.md\/de\/wp-json\/wp\/v2\/media?parent=4382"}],"curies":[{"name":"wp","href":"https:\/\/api.w.org\/{rel}","templated":true}]}}