{"id":4363,"date":"2024-06-25T18:57:27","date_gmt":"2024-06-25T15:57:27","guid":{"rendered":"https:\/\/puntobianco.md\/?page_id=4363"},"modified":"2026-02-09T15:07:18","modified_gmt":"2026-02-09T12:07:18","slug":"4363-2","status":"publish","type":"page","link":"https:\/\/puntobianco.md\/de\/4363-2\/","title":{"rendered":""},"content":{"rendered":"<h3><strong>Allgemeine Informationen<\/strong><\/h3>\n<p>Da die Gew\u00e4hrleistung der Vertraulichkeit und der ordnungsgem\u00e4\u00dfen Verarbeitung der Kundendaten zu den wichtigsten Priorit\u00e4ten von Punto Bianco geh\u00f6rt, m\u00f6chten wir die Kundinnen und Kunden mit diesem Dokument \u00fcber die Verarbeitung der erhobenen personenbezogenen Daten informieren.<\/p>\n<p>\u201ePunto Bianco\u201c SRL (im Folgenden \u201ePunto Bianco\u201c genannt) erhebt als Verantwortlicher personenbezogene Daten von betroffenen Personen (im Folgenden \u201eKundin\/Kunde\u201c), die die Website (<a href=\"http:\/\/www.puntobianco.md\/\">www.PuntoBianco.md<\/a>) besuchen, \u00fcber Cookies oder \u00fcber die auf der Website verf\u00fcgbaren Kommunikationsmittel.<\/p>\n<h3><strong>Identit\u00e4t des Verantwortlichen<\/strong><\/h3>\n<p>Name des Verantwortlichen: \u201ePunto Bianco\u201c SRL<br \/>\nAdresse: Str. 31 August 37\/1, Chi\u0219in\u0103u, Republik Moldau<br \/>\nIDNO: 1016600019703<br \/>\nE-Mail: <a href=\"mailto:info@PuntoBianco.md\">info@PuntoBianco.md<\/a><\/p>\n<h3><strong>Kontaktdaten des Datenschutzbeauftragten<\/strong><\/h3>\n<p>Name: Mihail Ceropita<br \/>\nE-Mail: <a href=\"mailto:privacy@PuntoBianco.md\">privacy@PuntoBianco.md<\/a><\/p>\n<h3><strong>Kategorien der erhobenen personenbezogenen Daten<\/strong><\/h3>\n<p>\u00dcber die Website <a href=\"http:\/\/www.puntobianco.md\/\">www.PuntoBianco.md<\/a> werden folgende Kategorien personenbezogener Daten der Kundinnen und Kunden erhoben: Vorname, Nachname, E-Mail-Adresse, Telefonnummer sowie weitere Daten, die die Kundin bzw. der Kunde im Nachrichtenfeld an Punto Bianco angibt oder die in der an die Nachricht angeh\u00e4ngten Datei enthalten sind.<\/p>\n<p>Dar\u00fcber hinaus k\u00f6nnen beim Zugriff auf die Website durch verschiedene Technologien (Cookies, Webanalyse-Dienste) Daten erhoben werden, die das f\u00fcr den Zugriff verwendete Ger\u00e4t identifizieren, wie z. B. die IP-Adresse des Ger\u00e4ts.<\/p>\n<h3><strong>Art, Zweck und Rechtsgrundlagen der Verarbeitung<\/strong><\/h3>\n<p>Wir erheben personenbezogene Daten der Kundinnen und Kunden \u00fcber das Formular auf der Website, in dem Name, Vorname und eine Kontaktangabe (E-Mail-Adresse\/Telefonnummer) anzugeben sind. Je nach Interesse der Kundin bzw. des Kunden kann auch eine Nachricht oder eine Datei an Punto Bianco \u00fcbermittelt werden.<\/p>\n<p>F\u00fcr die Kommunikation kann die Kundin bzw. der Kunde das Nachrichtenfeld auf der Website nutzen, wobei Name und E-Mail-Adresse anzugeben sind oder eine Anmeldung \u00fcber Facebook oder Google zur Identit\u00e4tsbest\u00e4tigung erfolgen kann.<\/p>\n<p>Bei Nutzung des Datei-Uploads oder des Nachrichtenfeldes werden personenbezogene Daten an die von Punto Bianco verwaltete E-Mail-Adresse \u00fcbermittelt.<\/p>\n<p>Die Website stellt au\u00dferdem weitere Kontaktdaten von Vertreterinnen und Vertretern von Punto Bianco zur Verf\u00fcgung, \u00fcber die Kundinnen und Kunden Nachrichten senden und erforderliche Informationen erhalten k\u00f6nnen.<\/p>\n<p>Beabsichtigt die Kundin bzw. der Kunde, Punto Bianco Informationen zu \u00fcbermitteln, die personenbezogene Gesundheitsdaten enthalten, wird empfohlen, diese Informationen in einer passwortgesch\u00fctzten Datei zu archivieren (mindestens 8 Zeichen, keine aufeinanderfolgenden identischen Zeichen und nicht ausschlie\u00dflich aus Zahlen- oder Buchstabengruppen bestehend) und \u00fcber einen anderen auf der Website angegebenen Kommunikationsweg zu versenden.<\/p>\n<p>Zus\u00e4tzlich k\u00f6nnen infolge des Zugriffs auf die Website technische Verarbeitungen durch Webanalyse-Dienste und Cookies erfolgen (<a href=\"http:\/\/www.puntobianco.md\/en\/cookies\/\">www.PuntoBianco.md\/en\/cookies\/<\/a> \u2013 Link zur Cookie-Richtlinie).<\/p>\n<p>Wir k\u00f6nnen Webanalyse-Dienste Dritter sowie soziale Netzwerke nutzen, um zu analysieren, wie Kundinnen und Kunden die Website verwenden. Die erhobenen Informationen, einschlie\u00dflich der IP-Adresse, werden an diese Dienstleister weitergegeben, die sie zur Auswertung der Website-Nutzung verwenden. Diese Dienste k\u00f6nnen von der Kundin bzw. dem Kunden in den Browsereinstellungen deaktiviert werden.<\/p>\n<p>Beim Absenden des Formulars auf der Website wird zudem das System \u201ereCAPTCHA\u201c verwendet, um sicherzustellen, dass das Formular von einer Person und nicht automatisiert ausgef\u00fcllt wird. Die Datenschutzrichtlinie dieses Systems ist hier abrufbar: <a href=\"https:\/\/policies.google.com\/privacy?hl=en\">https:\/\/policies.google.com\/privacy?hl=en<\/a>.<\/p>\n<p>Die im Rahmen der oben beschriebenen Prozesse erhobenen personenbezogenen Daten werden von Punto Bianco auf Grundlage des berechtigten Interesses zu folgenden Zwecken verarbeitet:<\/p>\n<ul>\n<li>Pr\u00fcfung von Anfragen, Informationsersuchen oder sonstigen Mitteilungen zur Formulierung und \u00dcbermittlung einer Antwort an die Kundin bzw. den Kunden<\/li>\n<li>Erleichterung der Kommunikationsmethoden<\/li>\n<li>Verbesserung der Servicequalit\u00e4t<\/li>\n<li>F\u00fchrung von Aufzeichnungen \u00fcber empfangene Nachrichten und versandte Antworten<\/li>\n<li>Sicherstellung der ordnungsgem\u00e4\u00dfen Funktionalit\u00e4t der Website<\/li>\n<li>Erstellung von Statistiken \u00fcber die Nutzung der Website durch Kundinnen und Kunden<\/li>\n<li>Optimierung der Inhalte und der Werbung auf der Website<\/li>\n<\/ul>\n<h3><strong>Grenz\u00fcberschreitende \u00dcbermittlung personenbezogener Daten<\/strong><\/h3>\n<p>Die Server, auf denen die \u00fcber die Website erhobenen Daten gespeichert werden, befinden sich im Europ\u00e4ischen Wirtschaftsraum sowie in der Republik Moldau. Dies gew\u00e4hrleistet ein angemessenes Schutzniveau f\u00fcr personenbezogene Daten gem\u00e4\u00df der Verordnung (EU) 2016\/679 des Europ\u00e4ischen Parlaments vom 27. April 2016 \u00fcber den Schutz nat\u00fcrlicher Personen bei der Verarbeitung personenbezogener Daten und den freien Datenverkehr sowie gem\u00e4\u00df der nationalen Gesetzgebung der Republik Moldau.<\/p>\n<h3><strong>Empf\u00e4nger<\/strong><\/h3>\n<p>Die erhobenen Daten k\u00f6nnen offengelegt werden gegen\u00fcber:<\/p>\n<ul>\n<li>der Kundin bzw. dem Kunden oder deren\/dessen gesetzlicher Vertretung<\/li>\n<li>von Punto Bianco gem\u00e4\u00df Vertr\u00e4gen oder Anweisungen autorisierten Personen<\/li>\n<li>Aufsichtsbeh\u00f6rden auf begr\u00fcndete Anfrage<\/li>\n<li>Dienstleistungsunternehmen (z. B. Google, Facebook), soweit dies f\u00fcr die oben genannten Zwecke erforderlich ist<\/li>\n<\/ul>\n<h3><strong>Speicherdauer der Daten<\/strong><\/h3>\n<p>Punto Bianco verarbeitet personenbezogene Daten so lange, wie dies zur Erreichung der oben genannten Zwecke erforderlich ist. Danach werden die Daten anonymisiert oder in statistische Daten umgewandelt, sodass eine Identifizierung der Kundin bzw. des Kunden nicht mehr m\u00f6glich ist.<\/p>\n<h3><strong>Rechte der betroffenen Person<\/strong><\/h3>\n<p>Die Kundin bzw. der Kunde hat als betroffene Person folgende Rechte:<\/p>\n<ul>\n<li><strong>Recht auf Information<\/strong> \u2013 das Recht, \u00fcber die Identit\u00e4t des Verantwortlichen, die Zwecke der Verarbeitung, die Empf\u00e4nger der Daten, das Bestehen der Rechte gem\u00e4\u00df dem Gesetz zum Schutz personenbezogener Daten sowie \u00fcber die Bedingungen zu deren Aus\u00fcbung informiert zu werden<\/li>\n<li><strong>Recht auf Auskunft<\/strong> \u2013 das Recht, eine Best\u00e4tigung dar\u00fcber zu erhalten, ob personenbezogene Daten verarbeitet werden oder nicht, sowie entsprechende Informationen zu erhalten<\/li>\n<li><strong>Recht auf Berichtigung<\/strong> \u2013 das Recht, die Berichtigung, Aktualisierung, Sperrung, L\u00f6schung oder Anonymisierung unrechtm\u00e4\u00dfig verarbeiteter Daten zu verlangen, insbesondere unvollst\u00e4ndiger oder unrichtiger Daten<\/li>\n<li><strong>Widerspruchsrecht<\/strong> \u2013 das Recht, aus Gr\u00fcnden, die sich aus der besonderen Situation ergeben, jederzeit der Verarbeitung der betreffenden personenbezogenen Daten zu widersprechen<\/li>\n<li><strong>Recht, nicht einer ausschlie\u00dflich automatisierten Entscheidung unterworfen zu werden<\/strong> \u2013 das Recht, die \u00dcberpr\u00fcfung automatisierter Entscheidungen mit rechtlicher Wirkung zu verlangen<\/li>\n<li><strong>Recht auf gerichtlichen Rechtsbehelf<\/strong> \u2013 das Recht, sich zur Wahrung der eigenen Rechte an das Nationale Zentrum f\u00fcr den Schutz personenbezogener Daten oder an ein Gericht zu wenden<\/li>\n<li><strong>Recht auf Einschr\u00e4nkung der Verarbeitung<\/strong> \u2013 das Recht, die unver\u00e4nderte Aufbewahrung bestimmter Daten f\u00fcr einen gerechtfertigten Zeitraum zu verlangen<\/li>\n<li><strong>Recht, nicht an automatisiertem Profiling teilzunehmen<\/strong> \u2013 das Recht, die Beendigung des automatisierten Profilings oder der automatisierten Entscheidungsfindung zu verlangen<\/li>\n<\/ul>\n<h3><strong data-start=\"0\" data-end=\"29\">Kommerzielle Mitteilungen<\/strong><\/h3>\n<p>Punto Bianco SRL ist berechtigt, seinen Kunden proaktive Nachrichten und Benachrichtigungen \u00fcber elektronische Kommunikationskan\u00e4le zu \u00fcbermitteln, einschlie\u00dflich, aber nicht beschr\u00e4nkt auf WhatsApp, Telefonanrufe, SMS und E-Mail, zum Zweck der Information \u00fcber medizinische Termine, angebotene Dienstleistungen, administrative Informationen, Sonderangebote, Informationskampagnen sowie andere f\u00fcr die Kundenbeziehung relevante Mitteilungen.<br data-start=\"473\" data-end=\"476\" \/>Die \u00dcbermittlung dieser Mitteilungen erfolgt auf Grundlage der vom Kunden freiwillig bereitgestellten Kontaktdaten und in \u00dcbereinstimmung mit den geltenden gesetzlichen Bestimmungen zum Schutz personenbezogener Daten.<\/p>\n<h3><strong data-start=\"695\" data-end=\"728\">Recht auf Abmeldung (Opt-out)<\/strong><\/h3>\n<p>Der Kunde hat das Recht, dem Erhalt proaktiver Mitteilungen jederzeit zu widersprechen und die Einstellung deren Versands zu verlangen, ohne dass dadurch die vertragliche Beziehung oder der Zugang zu medizinischen Leistungen beeintr\u00e4chtigt wird.<br \/>\nDie Abmeldung kann auf eine der folgenden Arten erfolgen:<br \/>\n\u2013 durch das Senden einer Nachricht mit dem Hinweis \u201eSTOP\u201c oder \u201eABMELDUNG\u201c \u00fcber denselben Kanal, \u00fcber den die Nachricht empfangen wurde;<br \/>\n\u2013 durch das Senden einer schriftlichen Anfrage an die E-Mail-Adresse: <strong><a href=\"mailto:privacy@puntobianco.md\">privacy@puntobianco.md<\/a><\/strong>.<\/p>\n<h3><strong>\u00c4nderungen der Datenschutzerkl\u00e4rung<\/strong><\/h3>\n<p>Aufgrund m\u00f6glicher \u00c4nderungen der oben beschriebenen Verarbeitungsvorg\u00e4nge oder der einschl\u00e4gigen Gesetzgebung k\u00f6nnen diese Hinweise angepasst werden. In solchen F\u00e4llen werden wir Sie informieren oder \u2013 falls erforderlich \u2013 Ihre Einwilligung erneut einholen.<\/p>\n","protected":false},"excerpt":{"rendered":"<p>Allgemeine Informationen Da die Gew\u00e4hrleistung der Vertraulichkeit und der ordnungsgem\u00e4\u00dfen Verarbeitung der Kundendaten zu den wichtigsten Priorit\u00e4ten von Punto Bianco geh\u00f6rt, m\u00f6chten wir die Kundinnen und Kunden mit diesem Dokument \u00fcber die Verarbeitung der erhobenen personenbezogenen Daten informieren. \u201ePunto Bianco\u201c SRL (im Folgenden \u201ePunto Bianco\u201c genannt) erhebt als Verantwortlicher personenbezogene Daten von betroffenen Personen (im [&hellip;]<\/p>\n","protected":false},"author":5,"featured_media":0,"parent":0,"menu_order":0,"comment_status":"closed","ping_status":"closed","template":"","meta":{"_acf_changed":false,"inline_featured_image":false,"footnotes":""},"class_list":["post-4363","page","type-page","status-publish","hentry"],"acf":[],"yoast_head":"<!-- This site is optimized with the Yoast SEO plugin v26.6 - https:\/\/yoast.com\/wordpress\/plugins\/seo\/ -->\n<title>- Punto Bianco<\/title>\n<meta name=\"robots\" content=\"index, follow, max-snippet:-1, max-image-preview:large, max-video-preview:-1\" \/>\n<link rel=\"canonical\" href=\"https:\/\/puntobianco.md\/de\/4363-2\/\" \/>\n<meta property=\"og:locale\" content=\"de_DE\" \/>\n<meta property=\"og:type\" content=\"article\" \/>\n<meta property=\"og:title\" content=\"- Punto Bianco\" \/>\n<meta property=\"og:description\" content=\"Allgemeine Informationen Da die Gew\u00e4hrleistung der Vertraulichkeit und der ordnungsgem\u00e4\u00dfen Verarbeitung der Kundendaten zu den wichtigsten Priorit\u00e4ten von Punto Bianco geh\u00f6rt, m\u00f6chten wir die Kundinnen und Kunden mit diesem Dokument \u00fcber die Verarbeitung der erhobenen personenbezogenen Daten informieren. \u201ePunto Bianco\u201c SRL (im Folgenden \u201ePunto Bianco\u201c genannt) erhebt als Verantwortlicher personenbezogene Daten von betroffenen Personen (im [&hellip;]\" \/>\n<meta property=\"og:url\" content=\"https:\/\/puntobianco.md\/de\/4363-2\/\" \/>\n<meta property=\"og:site_name\" content=\"Punto Bianco\" \/>\n<meta property=\"article:publisher\" content=\"https:\/\/www.facebook.com\/PuntoBianco.md\" \/>\n<meta property=\"article:modified_time\" content=\"2026-02-09T12:07:18+00:00\" \/>\n<meta name=\"twitter:card\" content=\"summary_large_image\" \/>\n<meta name=\"twitter:label1\" content=\"Gesch\u00e4tzte Lesezeit\" \/>\n\t<meta name=\"twitter:data1\" content=\"6\u00a0Minuten\" \/>\n<script type=\"application\/ld+json\" class=\"yoast-schema-graph\">{\"@context\":\"https:\/\/schema.org\",\"@graph\":[{\"@type\":\"WebPage\",\"@id\":\"https:\/\/puntobianco.md\/de\/4363-2\/\",\"url\":\"https:\/\/puntobianco.md\/de\/4363-2\/\",\"name\":\"- Punto Bianco\",\"isPartOf\":{\"@id\":\"https:\/\/puntobianco.md\/de\/#website\"},\"datePublished\":\"2024-06-25T15:57:27+00:00\",\"dateModified\":\"2026-02-09T12:07:18+00:00\",\"inLanguage\":\"de\",\"potentialAction\":[{\"@type\":\"ReadAction\",\"target\":[\"https:\/\/puntobianco.md\/de\/4363-2\/\"]}]},{\"@type\":\"WebSite\",\"@id\":\"https:\/\/puntobianco.md\/de\/#website\",\"url\":\"https:\/\/puntobianco.md\/de\/\",\"name\":\"PuntoBianco.md\",\"description\":\"Clinic\u0103 stomatologic\u0103 \u00een Chi\u0219in\u0103u\",\"publisher\":{\"@id\":\"https:\/\/puntobianco.md\/de\/#organization\"},\"potentialAction\":[{\"@type\":\"SearchAction\",\"target\":{\"@type\":\"EntryPoint\",\"urlTemplate\":\"https:\/\/puntobianco.md\/de\/?s={search_term_string}\"},\"query-input\":{\"@type\":\"PropertyValueSpecification\",\"valueRequired\":true,\"valueName\":\"search_term_string\"}}],\"inLanguage\":\"de\"},{\"@type\":\"Organization\",\"@id\":\"https:\/\/puntobianco.md\/de\/#organization\",\"name\":\"Punto Bianco\",\"url\":\"https:\/\/puntobianco.md\/de\/\",\"logo\":{\"@type\":\"ImageObject\",\"inLanguage\":\"de\",\"@id\":\"https:\/\/puntobianco.md\/de\/#\/schema\/logo\/image\/\",\"url\":\"https:\/\/puntobianco.md\/wp-content\/uploads\/2024\/10\/logo-clinica-punto-bianco.png\",\"contentUrl\":\"https:\/\/puntobianco.md\/wp-content\/uploads\/2024\/10\/logo-clinica-punto-bianco.png\",\"width\":500,\"height\":500,\"caption\":\"Punto Bianco\"},\"image\":{\"@id\":\"https:\/\/puntobianco.md\/de\/#\/schema\/logo\/image\/\"},\"sameAs\":[\"https:\/\/www.facebook.com\/PuntoBianco.md\",\"https:\/\/www.instagram.com\/clinicapuntobianco\/\",\"https:\/\/www.youtube.com\/@puntobianco-clinicadentale\",\"https:\/\/www.tiktok.com\/@clinicapuntobianco\"]}]}<\/script>\n<!-- \/ Yoast SEO plugin. -->","yoast_head_json":{"title":"- Punto Bianco","robots":{"index":"index","follow":"follow","max-snippet":"max-snippet:-1","max-image-preview":"max-image-preview:large","max-video-preview":"max-video-preview:-1"},"canonical":"https:\/\/puntobianco.md\/de\/4363-2\/","og_locale":"de_DE","og_type":"article","og_title":"- Punto Bianco","og_description":"Allgemeine Informationen Da die Gew\u00e4hrleistung der Vertraulichkeit und der ordnungsgem\u00e4\u00dfen Verarbeitung der Kundendaten zu den wichtigsten Priorit\u00e4ten von Punto Bianco geh\u00f6rt, m\u00f6chten wir die Kundinnen und Kunden mit diesem Dokument \u00fcber die Verarbeitung der erhobenen personenbezogenen Daten informieren. \u201ePunto Bianco\u201c SRL (im Folgenden \u201ePunto Bianco\u201c genannt) erhebt als Verantwortlicher personenbezogene Daten von betroffenen Personen (im [&hellip;]","og_url":"https:\/\/puntobianco.md\/de\/4363-2\/","og_site_name":"Punto Bianco","article_publisher":"https:\/\/www.facebook.com\/PuntoBianco.md","article_modified_time":"2026-02-09T12:07:18+00:00","twitter_card":"summary_large_image","twitter_misc":{"Gesch\u00e4tzte Lesezeit":"6\u00a0Minuten"},"schema":{"@context":"https:\/\/schema.org","@graph":[{"@type":"WebPage","@id":"https:\/\/puntobianco.md\/de\/4363-2\/","url":"https:\/\/puntobianco.md\/de\/4363-2\/","name":"- Punto Bianco","isPartOf":{"@id":"https:\/\/puntobianco.md\/de\/#website"},"datePublished":"2024-06-25T15:57:27+00:00","dateModified":"2026-02-09T12:07:18+00:00","inLanguage":"de","potentialAction":[{"@type":"ReadAction","target":["https:\/\/puntobianco.md\/de\/4363-2\/"]}]},{"@type":"WebSite","@id":"https:\/\/puntobianco.md\/de\/#website","url":"https:\/\/puntobianco.md\/de\/","name":"PuntoBianco.md","description":"Clinic\u0103 stomatologic\u0103 \u00een Chi\u0219in\u0103u","publisher":{"@id":"https:\/\/puntobianco.md\/de\/#organization"},"potentialAction":[{"@type":"SearchAction","target":{"@type":"EntryPoint","urlTemplate":"https:\/\/puntobianco.md\/de\/?s={search_term_string}"},"query-input":{"@type":"PropertyValueSpecification","valueRequired":true,"valueName":"search_term_string"}}],"inLanguage":"de"},{"@type":"Organization","@id":"https:\/\/puntobianco.md\/de\/#organization","name":"Punto Bianco","url":"https:\/\/puntobianco.md\/de\/","logo":{"@type":"ImageObject","inLanguage":"de","@id":"https:\/\/puntobianco.md\/de\/#\/schema\/logo\/image\/","url":"https:\/\/puntobianco.md\/wp-content\/uploads\/2024\/10\/logo-clinica-punto-bianco.png","contentUrl":"https:\/\/puntobianco.md\/wp-content\/uploads\/2024\/10\/logo-clinica-punto-bianco.png","width":500,"height":500,"caption":"Punto Bianco"},"image":{"@id":"https:\/\/puntobianco.md\/de\/#\/schema\/logo\/image\/"},"sameAs":["https:\/\/www.facebook.com\/PuntoBianco.md","https:\/\/www.instagram.com\/clinicapuntobianco\/","https:\/\/www.youtube.com\/@puntobianco-clinicadentale","https:\/\/www.tiktok.com\/@clinicapuntobianco"]}]}},"_links":{"self":[{"href":"https:\/\/puntobianco.md\/de\/wp-json\/wp\/v2\/pages\/4363","targetHints":{"allow":["GET"]}}],"collection":[{"href":"https:\/\/puntobianco.md\/de\/wp-json\/wp\/v2\/pages"}],"about":[{"href":"https:\/\/puntobianco.md\/de\/wp-json\/wp\/v2\/types\/page"}],"author":[{"embeddable":true,"href":"https:\/\/puntobianco.md\/de\/wp-json\/wp\/v2\/users\/5"}],"replies":[{"embeddable":true,"href":"https:\/\/puntobianco.md\/de\/wp-json\/wp\/v2\/comments?post=4363"}],"version-history":[{"count":5,"href":"https:\/\/puntobianco.md\/de\/wp-json\/wp\/v2\/pages\/4363\/revisions"}],"predecessor-version":[{"id":4984,"href":"https:\/\/puntobianco.md\/de\/wp-json\/wp\/v2\/pages\/4363\/revisions\/4984"}],"wp:attachment":[{"href":"https:\/\/puntobianco.md\/de\/wp-json\/wp\/v2\/media?parent=4363"}],"curies":[{"name":"wp","href":"https:\/\/api.w.org\/{rel}","templated":true}]}}