{"id":4353,"date":"2024-06-25T22:45:36","date_gmt":"2024-06-25T19:45:36","guid":{"rendered":"https:\/\/puntobianco.md\/galerie-der-laecheln\/"},"modified":"2026-01-26T13:38:16","modified_gmt":"2026-01-26T10:38:16","slug":"galerie-der-laecheln","status":"publish","type":"page","link":"https:\/\/puntobianco.md\/de\/galerie-der-laecheln\/","title":{"rendered":"Galerie der L\u00e4cheln"},"content":{"rendered":"<h4>Das Leben vor und nach der zahn\u00e4rztlichen Behandlung in der Zahnklinik Punto Bianco<\/h4>\n<p>Ein neues L\u00e4cheln ist die Ver\u00e4nderung, die wir bei unseren Patientinnen und Patienten sofort bemerken. Doch mit dem L\u00e4cheln ver\u00e4ndert sich auch ihr Leben: Das Selbstvertrauen w\u00e4chst, ebenso der Wunsch, jederzeit und \u00fcberall zu l\u00e4cheln \u2013 nach der zahn\u00e4rztlichen Behandlung. <\/p>\n<p>Lesen Sie unten die Bewertungen der Patientinnen und Patienten, die sich f\u00fcr unsere Zahnklinik in Chi\u0219in\u0103u entschieden haben, oder lassen Sie sich von den Vorher-\/Nachher-Fotos der zahn\u00e4rztlichen Behandlungen inspirieren, die nach Kategorien sortiert sind. Klicken Sie auf den Namen der Behandlung, um zu einer Seite mit Arbeitsbeispielen und einer Beschreibung der durchgef\u00fchrten Behandlungen weitergeleitet zu werden. <\/p>\n","protected":false},"excerpt":{"rendered":"<p>Das Leben vor und nach der zahn\u00e4rztlichen Behandlung in der Zahnklinik Punto Bianco Ein neues L\u00e4cheln ist die Ver\u00e4nderung, die wir bei unseren Patientinnen und Patienten sofort bemerken. Doch mit dem L\u00e4cheln ver\u00e4ndert sich auch ihr Leben: Das Selbstvertrauen w\u00e4chst, ebenso der Wunsch, jederzeit und \u00fcberall zu l\u00e4cheln \u2013 nach der zahn\u00e4rztlichen Behandlung. Lesen Sie [&hellip;]<\/p>\n","protected":false},"author":1,"featured_media":1047,"parent":0,"menu_order":0,"comment_status":"closed","ping_status":"closed","template":"templates\/porfolio.php","meta":{"_acf_changed":false,"inline_featured_image":false,"footnotes":""},"class_list":["post-4353","page","type-page","status-publish","has-post-thumbnail","hentry"],"acf":[],"yoast_head":"<!-- This site is optimized with the Yoast SEO plugin v26.6 - https:\/\/yoast.com\/wordpress\/plugins\/seo\/ -->\n<title>Vorher- und Nachher-Fotos der zahn\u00e4rztlichen Behandlung bei Punto Bianco Chi\u0219in\u0103u, MD<\/title>\n<meta name=\"description\" content=\"Patientinnen und Patienten l\u00e4cheln nach zahn\u00e4rztlichen Behandlungen in unserer Klinik in Moldau \u00f6fter. Sehen Sie sich Arbeitsbeispiele sowie Vorher- und Nachher-Fotografien an.\" \/>\n<meta name=\"robots\" content=\"index, follow, max-snippet:-1, max-image-preview:large, max-video-preview:-1\" \/>\n<link rel=\"canonical\" href=\"https:\/\/puntobianco.md\/de\/galerie-der-laecheln\/\" \/>\n<meta property=\"og:locale\" content=\"de_DE\" \/>\n<meta property=\"og:type\" content=\"article\" \/>\n<meta property=\"og:title\" content=\"Vorher- und Nachher-Fotos der zahn\u00e4rztlichen Behandlung bei Punto Bianco Chi\u0219in\u0103u, MD\" \/>\n<meta property=\"og:description\" content=\"Patientinnen und Patienten l\u00e4cheln nach zahn\u00e4rztlichen Behandlungen in unserer Klinik in Moldau \u00f6fter. Sehen Sie sich Arbeitsbeispiele sowie Vorher- und Nachher-Fotografien an.\" \/>\n<meta property=\"og:url\" content=\"https:\/\/puntobianco.md\/de\/galerie-der-laecheln\/\" \/>\n<meta property=\"og:site_name\" content=\"Punto Bianco\" \/>\n<meta property=\"article:publisher\" content=\"https:\/\/www.facebook.com\/PuntoBianco.md\" \/>\n<meta property=\"article:modified_time\" content=\"2026-01-26T10:38:16+00:00\" \/>\n<meta property=\"og:image\" content=\"https:\/\/puntobianco.md\/wp-content\/uploads\/2024\/08\/pacienti-fericiti-cu-fatete-dentare-moldova.jpg\" \/>\n\t<meta property=\"og:image:width\" content=\"1440\" \/>\n\t<meta property=\"og:image:height\" content=\"701\" \/>\n\t<meta property=\"og:image:type\" content=\"image\/jpeg\" \/>\n<meta name=\"twitter:card\" content=\"summary_large_image\" \/>\n<meta name=\"twitter:label1\" content=\"Gesch\u00e4tzte Lesezeit\" \/>\n\t<meta name=\"twitter:data1\" content=\"1\u00a0Minute\" \/>\n<script type=\"application\/ld+json\" class=\"yoast-schema-graph\">{\"@context\":\"https:\/\/schema.org\",\"@graph\":[{\"@type\":\"WebPage\",\"@id\":\"https:\/\/puntobianco.md\/de\/galerie-der-laecheln\/\",\"url\":\"https:\/\/puntobianco.md\/de\/galerie-der-laecheln\/\",\"name\":\"Vorher- und Nachher-Fotos der zahn\u00e4rztlichen Behandlung bei Punto Bianco Chi\u0219in\u0103u, MD\",\"isPartOf\":{\"@id\":\"https:\/\/puntobianco.md\/de\/#website\"},\"primaryImageOfPage\":{\"@id\":\"https:\/\/puntobianco.md\/de\/galerie-der-laecheln\/#primaryimage\"},\"image\":{\"@id\":\"https:\/\/puntobianco.md\/de\/galerie-der-laecheln\/#primaryimage\"},\"thumbnailUrl\":\"https:\/\/puntobianco.md\/wp-content\/uploads\/2024\/08\/pacienti-fericiti-cu-fatete-dentare-moldova.jpg\",\"datePublished\":\"2024-06-25T19:45:36+00:00\",\"dateModified\":\"2026-01-26T10:38:16+00:00\",\"description\":\"Patientinnen und Patienten l\u00e4cheln nach zahn\u00e4rztlichen Behandlungen in unserer Klinik in Moldau \u00f6fter. Sehen Sie sich Arbeitsbeispiele sowie Vorher- und Nachher-Fotografien an.\",\"breadcrumb\":{\"@id\":\"https:\/\/puntobianco.md\/de\/galerie-der-laecheln\/#breadcrumb\"},\"inLanguage\":\"de\",\"potentialAction\":[{\"@type\":\"ReadAction\",\"target\":[\"https:\/\/puntobianco.md\/de\/galerie-der-laecheln\/\"]}]},{\"@type\":\"ImageObject\",\"inLanguage\":\"de\",\"@id\":\"https:\/\/puntobianco.md\/de\/galerie-der-laecheln\/#primaryimage\",\"url\":\"https:\/\/puntobianco.md\/wp-content\/uploads\/2024\/08\/pacienti-fericiti-cu-fatete-dentare-moldova.jpg\",\"contentUrl\":\"https:\/\/puntobianco.md\/wp-content\/uploads\/2024\/08\/pacienti-fericiti-cu-fatete-dentare-moldova.jpg\",\"width\":1440,\"height\":701,\"caption\":\"Galerie der L\u00e4cheln\"},{\"@type\":\"BreadcrumbList\",\"@id\":\"https:\/\/puntobianco.md\/de\/galerie-der-laecheln\/#breadcrumb\",\"itemListElement\":[{\"@type\":\"ListItem\",\"position\":1,\"name\":\"Prima pagin\u0103\",\"item\":\"https:\/\/puntobianco.md\/de\/\"},{\"@type\":\"ListItem\",\"position\":2,\"name\":\"Galerie der L\u00e4cheln\"}]},{\"@type\":\"WebSite\",\"@id\":\"https:\/\/puntobianco.md\/de\/#website\",\"url\":\"https:\/\/puntobianco.md\/de\/\",\"name\":\"PuntoBianco.md\",\"description\":\"Clinic\u0103 stomatologic\u0103 \u00een Chi\u0219in\u0103u\",\"publisher\":{\"@id\":\"https:\/\/puntobianco.md\/de\/#organization\"},\"potentialAction\":[{\"@type\":\"SearchAction\",\"target\":{\"@type\":\"EntryPoint\",\"urlTemplate\":\"https:\/\/puntobianco.md\/de\/?s={search_term_string}\"},\"query-input\":{\"@type\":\"PropertyValueSpecification\",\"valueRequired\":true,\"valueName\":\"search_term_string\"}}],\"inLanguage\":\"de\"},{\"@type\":\"Organization\",\"@id\":\"https:\/\/puntobianco.md\/de\/#organization\",\"name\":\"Punto Bianco\",\"url\":\"https:\/\/puntobianco.md\/de\/\",\"logo\":{\"@type\":\"ImageObject\",\"inLanguage\":\"de\",\"@id\":\"https:\/\/puntobianco.md\/de\/#\/schema\/logo\/image\/\",\"url\":\"https:\/\/puntobianco.md\/wp-content\/uploads\/2024\/10\/logo-clinica-punto-bianco.png\",\"contentUrl\":\"https:\/\/puntobianco.md\/wp-content\/uploads\/2024\/10\/logo-clinica-punto-bianco.png\",\"width\":500,\"height\":500,\"caption\":\"Punto Bianco\"},\"image\":{\"@id\":\"https:\/\/puntobianco.md\/de\/#\/schema\/logo\/image\/\"},\"sameAs\":[\"https:\/\/www.facebook.com\/PuntoBianco.md\",\"https:\/\/www.instagram.com\/clinicapuntobianco\/\",\"https:\/\/www.youtube.com\/@puntobianco-clinicadentale\",\"https:\/\/www.tiktok.com\/@clinicapuntobianco\"]}]}<\/script>\n<!-- \/ Yoast SEO plugin. -->","yoast_head_json":{"title":"Vorher- und Nachher-Fotos der zahn\u00e4rztlichen Behandlung bei Punto Bianco Chi\u0219in\u0103u, MD","description":"Patientinnen und Patienten l\u00e4cheln nach zahn\u00e4rztlichen Behandlungen in unserer Klinik in Moldau \u00f6fter. Sehen Sie sich Arbeitsbeispiele sowie Vorher- und Nachher-Fotografien an.","robots":{"index":"index","follow":"follow","max-snippet":"max-snippet:-1","max-image-preview":"max-image-preview:large","max-video-preview":"max-video-preview:-1"},"canonical":"https:\/\/puntobianco.md\/de\/galerie-der-laecheln\/","og_locale":"de_DE","og_type":"article","og_title":"Vorher- und Nachher-Fotos der zahn\u00e4rztlichen Behandlung bei Punto Bianco Chi\u0219in\u0103u, MD","og_description":"Patientinnen und Patienten l\u00e4cheln nach zahn\u00e4rztlichen Behandlungen in unserer Klinik in Moldau \u00f6fter. Sehen Sie sich Arbeitsbeispiele sowie Vorher- und Nachher-Fotografien an.","og_url":"https:\/\/puntobianco.md\/de\/galerie-der-laecheln\/","og_site_name":"Punto Bianco","article_publisher":"https:\/\/www.facebook.com\/PuntoBianco.md","article_modified_time":"2026-01-26T10:38:16+00:00","og_image":[{"width":1440,"height":701,"url":"https:\/\/puntobianco.md\/wp-content\/uploads\/2024\/08\/pacienti-fericiti-cu-fatete-dentare-moldova.jpg","type":"image\/jpeg"}],"twitter_card":"summary_large_image","twitter_misc":{"Gesch\u00e4tzte Lesezeit":"1\u00a0Minute"},"schema":{"@context":"https:\/\/schema.org","@graph":[{"@type":"WebPage","@id":"https:\/\/puntobianco.md\/de\/galerie-der-laecheln\/","url":"https:\/\/puntobianco.md\/de\/galerie-der-laecheln\/","name":"Vorher- und Nachher-Fotos der zahn\u00e4rztlichen Behandlung bei Punto Bianco Chi\u0219in\u0103u, MD","isPartOf":{"@id":"https:\/\/puntobianco.md\/de\/#website"},"primaryImageOfPage":{"@id":"https:\/\/puntobianco.md\/de\/galerie-der-laecheln\/#primaryimage"},"image":{"@id":"https:\/\/puntobianco.md\/de\/galerie-der-laecheln\/#primaryimage"},"thumbnailUrl":"https:\/\/puntobianco.md\/wp-content\/uploads\/2024\/08\/pacienti-fericiti-cu-fatete-dentare-moldova.jpg","datePublished":"2024-06-25T19:45:36+00:00","dateModified":"2026-01-26T10:38:16+00:00","description":"Patientinnen und Patienten l\u00e4cheln nach zahn\u00e4rztlichen Behandlungen in unserer Klinik in Moldau \u00f6fter. Sehen Sie sich Arbeitsbeispiele sowie Vorher- und Nachher-Fotografien an.","breadcrumb":{"@id":"https:\/\/puntobianco.md\/de\/galerie-der-laecheln\/#breadcrumb"},"inLanguage":"de","potentialAction":[{"@type":"ReadAction","target":["https:\/\/puntobianco.md\/de\/galerie-der-laecheln\/"]}]},{"@type":"ImageObject","inLanguage":"de","@id":"https:\/\/puntobianco.md\/de\/galerie-der-laecheln\/#primaryimage","url":"https:\/\/puntobianco.md\/wp-content\/uploads\/2024\/08\/pacienti-fericiti-cu-fatete-dentare-moldova.jpg","contentUrl":"https:\/\/puntobianco.md\/wp-content\/uploads\/2024\/08\/pacienti-fericiti-cu-fatete-dentare-moldova.jpg","width":1440,"height":701,"caption":"Galerie der L\u00e4cheln"},{"@type":"BreadcrumbList","@id":"https:\/\/puntobianco.md\/de\/galerie-der-laecheln\/#breadcrumb","itemListElement":[{"@type":"ListItem","position":1,"name":"Prima pagin\u0103","item":"https:\/\/puntobianco.md\/de\/"},{"@type":"ListItem","position":2,"name":"Galerie der L\u00e4cheln"}]},{"@type":"WebSite","@id":"https:\/\/puntobianco.md\/de\/#website","url":"https:\/\/puntobianco.md\/de\/","name":"PuntoBianco.md","description":"Clinic\u0103 stomatologic\u0103 \u00een Chi\u0219in\u0103u","publisher":{"@id":"https:\/\/puntobianco.md\/de\/#organization"},"potentialAction":[{"@type":"SearchAction","target":{"@type":"EntryPoint","urlTemplate":"https:\/\/puntobianco.md\/de\/?s={search_term_string}"},"query-input":{"@type":"PropertyValueSpecification","valueRequired":true,"valueName":"search_term_string"}}],"inLanguage":"de"},{"@type":"Organization","@id":"https:\/\/puntobianco.md\/de\/#organization","name":"Punto Bianco","url":"https:\/\/puntobianco.md\/de\/","logo":{"@type":"ImageObject","inLanguage":"de","@id":"https:\/\/puntobianco.md\/de\/#\/schema\/logo\/image\/","url":"https:\/\/puntobianco.md\/wp-content\/uploads\/2024\/10\/logo-clinica-punto-bianco.png","contentUrl":"https:\/\/puntobianco.md\/wp-content\/uploads\/2024\/10\/logo-clinica-punto-bianco.png","width":500,"height":500,"caption":"Punto Bianco"},"image":{"@id":"https:\/\/puntobianco.md\/de\/#\/schema\/logo\/image\/"},"sameAs":["https:\/\/www.facebook.com\/PuntoBianco.md","https:\/\/www.instagram.com\/clinicapuntobianco\/","https:\/\/www.youtube.com\/@puntobianco-clinicadentale","https:\/\/www.tiktok.com\/@clinicapuntobianco"]}]}},"_links":{"self":[{"href":"https:\/\/puntobianco.md\/de\/wp-json\/wp\/v2\/pages\/4353","targetHints":{"allow":["GET"]}}],"collection":[{"href":"https:\/\/puntobianco.md\/de\/wp-json\/wp\/v2\/pages"}],"about":[{"href":"https:\/\/puntobianco.md\/de\/wp-json\/wp\/v2\/types\/page"}],"author":[{"embeddable":true,"href":"https:\/\/puntobianco.md\/de\/wp-json\/wp\/v2\/users\/1"}],"replies":[{"embeddable":true,"href":"https:\/\/puntobianco.md\/de\/wp-json\/wp\/v2\/comments?post=4353"}],"version-history":[{"count":1,"href":"https:\/\/puntobianco.md\/de\/wp-json\/wp\/v2\/pages\/4353\/revisions"}],"predecessor-version":[{"id":4589,"href":"https:\/\/puntobianco.md\/de\/wp-json\/wp\/v2\/pages\/4353\/revisions\/4589"}],"wp:featuredmedia":[{"embeddable":true,"href":"https:\/\/puntobianco.md\/de\/wp-json\/wp\/v2\/media\/1047"}],"wp:attachment":[{"href":"https:\/\/puntobianco.md\/de\/wp-json\/wp\/v2\/media?parent=4353"}],"curies":[{"name":"wp","href":"https:\/\/api.w.org\/{rel}","templated":true}]}}