{"id":4350,"date":"2024-09-30T16:19:57","date_gmt":"2024-09-30T13:19:57","guid":{"rendered":"https:\/\/puntobianco.md\/haftungsausschluss\/"},"modified":"2026-01-21T11:14:05","modified_gmt":"2026-01-21T08:14:05","slug":"haftungsausschluss","status":"publish","type":"page","link":"https:\/\/puntobianco.md\/de\/haftungsausschluss\/","title":{"rendered":"Haftungsausschluss"},"content":{"rendered":"<p>Die Informationen auf dieser Website dienen ausschlie\u00dflich allgemeinen Informationszwecken und sind nicht dazu bestimmt, medizinische, zahn\u00e4rztliche oder chirurgische Beratung zu ersetzen. Sie sollten nicht als Ersatz f\u00fcr professionelle medizinische Beratung, Diagnose oder Behandlung herangezogen werden. Durch die Nutzung dieser Website wird kein Arzt-Patienten-Verh\u00e4ltnis begr\u00fcndet. Es werden weder Diagnosen noch Behandlungen angeboten. Die bereitgestellten Informationen sollten mit einem frei gew\u00e4hlten Arzt [Zahnarzt] besprochen werden. Es werden keine Garantien oder Zusicherungen in Bezug auf die auf dieser Website enthaltenen Informationen \u00fcbernommen.    <\/p>\n<p>Wir k\u00f6nnen auf dieser Website Links zu anderen Websites bereitstellen, die nicht unter unserer Kontrolle stehen. Im Allgemeinen gilt jede Website mit einer Adresse (oder URL), die nicht unseren Domainnamen enth\u00e4lt, als eine andere Website. Diese Links werden ausschlie\u00dflich aus Gr\u00fcnden der Benutzerfreundlichkeit oder als Referenz bereitgestellt und stellen keine Genehmigung, Empfehlung oder Garantie unsererseits oder seitens einer Organisation oder Person dar, die diese Website betreibt, weder in Bezug auf die Website noch auf deren Inhalte.  <\/p>\n<p>Diese Praxis hat sich bem\u00fcht und wird sich weiterhin bem\u00fchen, korrekte und aktuelle Informationen auf dieser Website bereitzustellen. Dennoch werden die Materialien auf unserer Website \u201ewie besehen\u201c und im gr\u00f6\u00dftm\u00f6glichen gesetzlich zul\u00e4ssigen Umfang bereitgestellt. Diese Praxis lehnt s\u00e4mtliche ausdr\u00fccklichen oder stillschweigenden Garantien ab, einschlie\u00dflich, jedoch nicht beschr\u00e4nkt auf stillschweigende Garantien der Marktg\u00e4ngigkeit, der Eignung f\u00fcr einen bestimmten Zweck oder der Nichtverletzung von Rechten. Wir \u00fcbernehmen keinerlei Verantwortung oder Risiko f\u00fcr die Nutzung dieser Website durch Sie.   <\/p>\n<p>Wir \u00fcbernehmen keinerlei Haftung f\u00fcr Verluste oder Sch\u00e4den, die sich aus Ergebnissen jeglicher Nutzung oder Beziehung zur Website oder zu deren Inhalten ergeben. In keinem Fall haften wir f\u00fcr entgangenen Gewinn, Datenverlust, Verlust von Einsparungen, Betriebsunterbrechungen oder sonstige direkte, indirekte, besondere, Folge- oder zuf\u00e4llige Sch\u00e4den (sei es aus Vertrag, Gesetz oder anderweitig), die sich aus oder im Zusammenhang mit der Website, deren Inhalten, deren Nutzung oder der Unm\u00f6glichkeit der Nutzung der Website ergeben, selbst wenn wir auf die M\u00f6glichkeit solcher Verluste oder Sch\u00e4den hingewiesen wurden. <\/p>\n<p>Wenn Sie Fragen zu diesem Haftungsausschluss haben, k\u00f6nnen Sie uns per E-Mail unter privacy@puntobianco.md kontaktieren oder bei <strong>Punto Bianco, mehrsprachige Zahnklinik \/ TravelToDentist<\/strong> \/ MD-2001, Republik Moldau, Chi\u0219in\u0103u, Str. 31 August 37\/1, oder telefonisch unter +37368187171. <\/p>\n<h4 class=\"wp-block-heading\">DIESES DOKUMENT WURDE ZULETZT AKTUALISIERT AM: 21. Januar 2026<\/h4>\n","protected":false},"excerpt":{"rendered":"<p>Die Informationen auf dieser Website dienen ausschlie\u00dflich allgemeinen Informationszwecken und sind nicht dazu bestimmt, medizinische, zahn\u00e4rztliche oder chirurgische Beratung zu ersetzen. Sie sollten nicht als Ersatz f\u00fcr professionelle medizinische Beratung, Diagnose oder Behandlung herangezogen werden. Durch die Nutzung dieser Website wird kein Arzt-Patienten-Verh\u00e4ltnis begr\u00fcndet. Es werden weder Diagnosen noch Behandlungen angeboten. Die bereitgestellten Informationen sollten [&hellip;]<\/p>\n","protected":false},"author":2,"featured_media":0,"parent":0,"menu_order":0,"comment_status":"closed","ping_status":"closed","template":"","meta":{"_acf_changed":false,"inline_featured_image":false,"footnotes":""},"class_list":["post-4350","page","type-page","status-publish","hentry"],"acf":[],"yoast_head":"<!-- This site is optimized with the Yoast SEO plugin v26.6 - https:\/\/yoast.com\/wordpress\/plugins\/seo\/ -->\n<title>Haftungsausschluss - Punto Bianco<\/title>\n<meta name=\"robots\" content=\"index, follow, max-snippet:-1, max-image-preview:large, max-video-preview:-1\" \/>\n<link rel=\"canonical\" href=\"https:\/\/puntobianco.md\/de\/haftungsausschluss\/\" \/>\n<meta property=\"og:locale\" content=\"de_DE\" \/>\n<meta property=\"og:type\" content=\"article\" \/>\n<meta property=\"og:title\" content=\"Haftungsausschluss - Punto Bianco\" \/>\n<meta property=\"og:description\" content=\"Die Informationen auf dieser Website dienen ausschlie\u00dflich allgemeinen Informationszwecken und sind nicht dazu bestimmt, medizinische, zahn\u00e4rztliche oder chirurgische Beratung zu ersetzen. Sie sollten nicht als Ersatz f\u00fcr professionelle medizinische Beratung, Diagnose oder Behandlung herangezogen werden. Durch die Nutzung dieser Website wird kein Arzt-Patienten-Verh\u00e4ltnis begr\u00fcndet. Es werden weder Diagnosen noch Behandlungen angeboten. Die bereitgestellten Informationen sollten [&hellip;]\" \/>\n<meta property=\"og:url\" content=\"https:\/\/puntobianco.md\/de\/haftungsausschluss\/\" \/>\n<meta property=\"og:site_name\" content=\"Punto Bianco\" \/>\n<meta property=\"article:publisher\" content=\"https:\/\/www.facebook.com\/PuntoBianco.md\" \/>\n<meta property=\"article:modified_time\" content=\"2026-01-21T08:14:05+00:00\" \/>\n<meta name=\"twitter:card\" content=\"summary_large_image\" \/>\n<meta name=\"twitter:label1\" content=\"Gesch\u00e4tzte Lesezeit\" \/>\n\t<meta name=\"twitter:data1\" content=\"2\u00a0Minuten\" \/>\n<script type=\"application\/ld+json\" class=\"yoast-schema-graph\">{\"@context\":\"https:\/\/schema.org\",\"@graph\":[{\"@type\":\"WebPage\",\"@id\":\"https:\/\/puntobianco.md\/de\/haftungsausschluss\/\",\"url\":\"https:\/\/puntobianco.md\/de\/haftungsausschluss\/\",\"name\":\"Haftungsausschluss - Punto Bianco\",\"isPartOf\":{\"@id\":\"https:\/\/puntobianco.md\/de\/#website\"},\"datePublished\":\"2024-09-30T13:19:57+00:00\",\"dateModified\":\"2026-01-21T08:14:05+00:00\",\"breadcrumb\":{\"@id\":\"https:\/\/puntobianco.md\/de\/haftungsausschluss\/#breadcrumb\"},\"inLanguage\":\"de\",\"potentialAction\":[{\"@type\":\"ReadAction\",\"target\":[\"https:\/\/puntobianco.md\/de\/haftungsausschluss\/\"]}]},{\"@type\":\"BreadcrumbList\",\"@id\":\"https:\/\/puntobianco.md\/de\/haftungsausschluss\/#breadcrumb\",\"itemListElement\":[{\"@type\":\"ListItem\",\"position\":1,\"name\":\"Prima pagin\u0103\",\"item\":\"https:\/\/puntobianco.md\/de\/\"},{\"@type\":\"ListItem\",\"position\":2,\"name\":\"Haftungsausschluss\"}]},{\"@type\":\"WebSite\",\"@id\":\"https:\/\/puntobianco.md\/de\/#website\",\"url\":\"https:\/\/puntobianco.md\/de\/\",\"name\":\"PuntoBianco.md\",\"description\":\"Clinic\u0103 stomatologic\u0103 \u00een Chi\u0219in\u0103u\",\"publisher\":{\"@id\":\"https:\/\/puntobianco.md\/de\/#organization\"},\"potentialAction\":[{\"@type\":\"SearchAction\",\"target\":{\"@type\":\"EntryPoint\",\"urlTemplate\":\"https:\/\/puntobianco.md\/de\/?s={search_term_string}\"},\"query-input\":{\"@type\":\"PropertyValueSpecification\",\"valueRequired\":true,\"valueName\":\"search_term_string\"}}],\"inLanguage\":\"de\"},{\"@type\":\"Organization\",\"@id\":\"https:\/\/puntobianco.md\/de\/#organization\",\"name\":\"Punto Bianco\",\"url\":\"https:\/\/puntobianco.md\/de\/\",\"logo\":{\"@type\":\"ImageObject\",\"inLanguage\":\"de\",\"@id\":\"https:\/\/puntobianco.md\/de\/#\/schema\/logo\/image\/\",\"url\":\"https:\/\/puntobianco.md\/wp-content\/uploads\/2024\/10\/logo-clinica-punto-bianco.png\",\"contentUrl\":\"https:\/\/puntobianco.md\/wp-content\/uploads\/2024\/10\/logo-clinica-punto-bianco.png\",\"width\":500,\"height\":500,\"caption\":\"Punto Bianco\"},\"image\":{\"@id\":\"https:\/\/puntobianco.md\/de\/#\/schema\/logo\/image\/\"},\"sameAs\":[\"https:\/\/www.facebook.com\/PuntoBianco.md\",\"https:\/\/www.instagram.com\/clinicapuntobianco\/\",\"https:\/\/www.youtube.com\/@puntobianco-clinicadentale\",\"https:\/\/www.tiktok.com\/@clinicapuntobianco\"]}]}<\/script>\n<!-- \/ Yoast SEO plugin. -->","yoast_head_json":{"title":"Haftungsausschluss - Punto Bianco","robots":{"index":"index","follow":"follow","max-snippet":"max-snippet:-1","max-image-preview":"max-image-preview:large","max-video-preview":"max-video-preview:-1"},"canonical":"https:\/\/puntobianco.md\/de\/haftungsausschluss\/","og_locale":"de_DE","og_type":"article","og_title":"Haftungsausschluss - Punto Bianco","og_description":"Die Informationen auf dieser Website dienen ausschlie\u00dflich allgemeinen Informationszwecken und sind nicht dazu bestimmt, medizinische, zahn\u00e4rztliche oder chirurgische Beratung zu ersetzen. Sie sollten nicht als Ersatz f\u00fcr professionelle medizinische Beratung, Diagnose oder Behandlung herangezogen werden. Durch die Nutzung dieser Website wird kein Arzt-Patienten-Verh\u00e4ltnis begr\u00fcndet. Es werden weder Diagnosen noch Behandlungen angeboten. Die bereitgestellten Informationen sollten [&hellip;]","og_url":"https:\/\/puntobianco.md\/de\/haftungsausschluss\/","og_site_name":"Punto Bianco","article_publisher":"https:\/\/www.facebook.com\/PuntoBianco.md","article_modified_time":"2026-01-21T08:14:05+00:00","twitter_card":"summary_large_image","twitter_misc":{"Gesch\u00e4tzte Lesezeit":"2\u00a0Minuten"},"schema":{"@context":"https:\/\/schema.org","@graph":[{"@type":"WebPage","@id":"https:\/\/puntobianco.md\/de\/haftungsausschluss\/","url":"https:\/\/puntobianco.md\/de\/haftungsausschluss\/","name":"Haftungsausschluss - Punto Bianco","isPartOf":{"@id":"https:\/\/puntobianco.md\/de\/#website"},"datePublished":"2024-09-30T13:19:57+00:00","dateModified":"2026-01-21T08:14:05+00:00","breadcrumb":{"@id":"https:\/\/puntobianco.md\/de\/haftungsausschluss\/#breadcrumb"},"inLanguage":"de","potentialAction":[{"@type":"ReadAction","target":["https:\/\/puntobianco.md\/de\/haftungsausschluss\/"]}]},{"@type":"BreadcrumbList","@id":"https:\/\/puntobianco.md\/de\/haftungsausschluss\/#breadcrumb","itemListElement":[{"@type":"ListItem","position":1,"name":"Prima pagin\u0103","item":"https:\/\/puntobianco.md\/de\/"},{"@type":"ListItem","position":2,"name":"Haftungsausschluss"}]},{"@type":"WebSite","@id":"https:\/\/puntobianco.md\/de\/#website","url":"https:\/\/puntobianco.md\/de\/","name":"PuntoBianco.md","description":"Clinic\u0103 stomatologic\u0103 \u00een Chi\u0219in\u0103u","publisher":{"@id":"https:\/\/puntobianco.md\/de\/#organization"},"potentialAction":[{"@type":"SearchAction","target":{"@type":"EntryPoint","urlTemplate":"https:\/\/puntobianco.md\/de\/?s={search_term_string}"},"query-input":{"@type":"PropertyValueSpecification","valueRequired":true,"valueName":"search_term_string"}}],"inLanguage":"de"},{"@type":"Organization","@id":"https:\/\/puntobianco.md\/de\/#organization","name":"Punto Bianco","url":"https:\/\/puntobianco.md\/de\/","logo":{"@type":"ImageObject","inLanguage":"de","@id":"https:\/\/puntobianco.md\/de\/#\/schema\/logo\/image\/","url":"https:\/\/puntobianco.md\/wp-content\/uploads\/2024\/10\/logo-clinica-punto-bianco.png","contentUrl":"https:\/\/puntobianco.md\/wp-content\/uploads\/2024\/10\/logo-clinica-punto-bianco.png","width":500,"height":500,"caption":"Punto Bianco"},"image":{"@id":"https:\/\/puntobianco.md\/de\/#\/schema\/logo\/image\/"},"sameAs":["https:\/\/www.facebook.com\/PuntoBianco.md","https:\/\/www.instagram.com\/clinicapuntobianco\/","https:\/\/www.youtube.com\/@puntobianco-clinicadentale","https:\/\/www.tiktok.com\/@clinicapuntobianco"]}]}},"_links":{"self":[{"href":"https:\/\/puntobianco.md\/de\/wp-json\/wp\/v2\/pages\/4350","targetHints":{"allow":["GET"]}}],"collection":[{"href":"https:\/\/puntobianco.md\/de\/wp-json\/wp\/v2\/pages"}],"about":[{"href":"https:\/\/puntobianco.md\/de\/wp-json\/wp\/v2\/types\/page"}],"author":[{"embeddable":true,"href":"https:\/\/puntobianco.md\/de\/wp-json\/wp\/v2\/users\/2"}],"replies":[{"embeddable":true,"href":"https:\/\/puntobianco.md\/de\/wp-json\/wp\/v2\/comments?post=4350"}],"version-history":[{"count":1,"href":"https:\/\/puntobianco.md\/de\/wp-json\/wp\/v2\/pages\/4350\/revisions"}],"predecessor-version":[{"id":4412,"href":"https:\/\/puntobianco.md\/de\/wp-json\/wp\/v2\/pages\/4350\/revisions\/4412"}],"wp:attachment":[{"href":"https:\/\/puntobianco.md\/de\/wp-json\/wp\/v2\/media?parent=4350"}],"curies":[{"name":"wp","href":"https:\/\/api.w.org\/{rel}","templated":true}]}}