{"id":4322,"date":"2024-09-30T16:17:41","date_gmt":"2024-09-30T13:17:41","guid":{"rendered":"https:\/\/puntobianco.md\/cookies\/"},"modified":"2026-01-19T11:22:04","modified_gmt":"2026-01-19T08:22:04","slug":"cookies","status":"publish","type":"page","link":"https:\/\/puntobianco.md\/de\/cookies\/","title":{"rendered":"Cookies"},"content":{"rendered":"<h2 class=\"wp-block-heading\">RICHTLINIE ZUR VERWENDUNG VON COOKIES<\/h2>\n<p>Diese Cookie-Richtlinie informiert die Nutzer der Website <a href=\"https:\/\/.puntobianco.md\/\">www.PuntoBianco.md<\/a> \u00fcber die Platzierung, Verwendung und Verwaltung von Cookies auf dieser Website.<\/p>\n<p>Durch das Anzeigen dieser Cookie-Richtlinie und die Nutzung dieser Website erkl\u00e4ren Sie sich mit der Verwendung unserer Cookies in Ihrem Browser einverstanden, gem\u00e4\u00df unserer Cookie-Richtlinie, au\u00dfer in dem Fall, dass Sie diese deaktiviert haben. <\/p>\n<ol>\n<li><strong>Was ist ein Cookie?<\/strong><\/li>\n<\/ol>\n<p>Cookies sind kleine Textdateien, die von Websites an den Computer oder an andere mit dem Internet verbundene Ger\u00e4te gesendet werden, um den Browser des Nutzers eindeutig zu identifizieren oder um Informationen bzw. Einstellungen im Browser zu speichern.<\/p>\n<p>Cookies enthalten in der Regel den Namen der Website, von der sie stammen, Informationen \u00fcber ihre Lebensdauer sowie eine eindeutige Kennung (ID).<\/p>\n<ol start=\"2\">\n<li><strong>Warum verwenden wir Cookies?<\/strong><\/li>\n<\/ol>\n<p>Cookies enthalten Informationen, die dazu beitragen, die Funktionalit\u00e4t der Website zu verbessern, ihre Nutzung effizienter zu gestalten und die Verwendung der jeweiligen Website zu optimieren. Dar\u00fcber hinaus verwenden wir Cookies zur Erstellung anonymisierter, aggregierter Statistiken (ohne Identifizierung des Nutzers), die uns helfen zu verstehen, wie Nutzer auf der Website navigieren. <\/p>\n<p>Auf Grundlage des \u00fcber Cookies \u00fcbermittelten Feedbacks in Bezug auf die Nutzung dieser Website verfolgt Punto Bianco ein berechtigtes Interesse daran, Ma\u00dfnahmen zu ergreifen, um diese Website f\u00fcr die Nutzer effizienter und zug\u00e4nglicher zu gestalten.<\/p>\n<ol start=\"3\">\n<li><strong>Welche Cookies verwenden wir?<\/strong><\/li>\n<\/ol>\n<p>Im Allgemeinen verwenden wir zwei Arten von Cookies: Session-Cookies und persistente Cookies. Session-Cookies verfallen am Ende der Browsersitzung. Andere Cookies, sogenannte \u201epersistente Cookies\u201c, werden auf dem Computer oder mobilen Ger\u00e4t zwischen den Browsersitzungen gespeichert. Sie sind g\u00fcltig bis zu dem vom Websitebetreiber festgelegten Zeitpunkt oder bis sie vom Nutzer manuell gel\u00f6scht werden. Cookies von Drittanbietern, insbesondere Cookies, die von Nutzern der Website verwendet werden, unterliegen den geltenden Datenschutz- und Sicherheitseinstellungen. Diese Cookies k\u00f6nnen von folgenden Drittanbietern stammen: Google, Facebook, bitrix.info, doubleclick.net, addthis.com.     <\/p>\n<p>Die folgenden Cookie-Arten sind die wichtigsten, die wir auf unserer Website verwenden:<\/p>\n<ul>\n<li><strong>Essenzielle\/Funktions-Cookies:<\/strong> Diese Cookies sind notwendig, damit die Website ordnungsgem\u00e4\u00df funktioniert und es dem Nutzer erm\u00f6glicht wird, auf der Website zu navigieren sowie die von der Website angebotenen Dienste und Funktionen zu nutzen.<\/li>\n<li>Marketing- und Werbe-Cookies: Diese Cookies sind f\u00fcr die Umsetzung des Gesch\u00e4ftsmodells unerl\u00e4sslich, das auf dem Betrieb einer Website basiert. Das Deaktivieren dieser Cookies kann den Zugang zu bestimmten kostenpflichtigen Diensten einschr\u00e4nken und sie f\u00fcr den Website-Betreiber unzug\u00e4nglich machen. Sie umfassen Marketing- und Statistik-Cookies. Marketing-Cookies werden verwendet, um Ihnen relevantere Werbung entsprechend Ihren Interessen anzuzeigen. Sie werden zudem von Herausgebern und Werbeagenturen genutzt, um Anzeigen zu personalisieren, und sind hilfreich f\u00fcr die Ausspielung von Werbung au\u00dferhalb der Website.    <\/li>\n<li><strong>Arbeits-\/Sitzungs-Cookies:<\/strong> Diese sammeln Informationen \u00fcber die Navigation auf unserer Website. Sie k\u00f6nnen mit den am h\u00e4ufigsten besuchten Seiten oder mit Fehlermeldungen auf bestimmten Seiten in Verbindung stehen. Sie tragen zur Verbesserung der Qualit\u00e4t der von der Website angebotenen Dienste bei und erleichtern eine komfortablere Navigation.  <\/li>\n<li><strong>Lokalisierungs-Cookies:<\/strong> Diese personalisieren die Informationen, die Sie an Ihrem spezifischen Standort sehen. <\/li>\n<\/ul>\n<ol start=\"4\">\n<li><strong>Enthalten Cookies personenbezogene Daten?<\/strong><\/li>\n<\/ol>\n<p>Die Erhebung personenbezogener Informationen im Rahmen der Nutzung von Cookies ist ausschlie\u00dflich zur Erf\u00fcllung bestimmter nutzerspezifischer Funktionen zul\u00e4ssig.<\/p>\n<p>Um einen unbefugten Zugriff zu verhindern, werden diese Informationen klassifiziert. <\/p>\n<p>Die Informationen sind klassifiziert.<\/p>\n<ol start=\"5\">\n<li><strong>Kontrolle und L\u00f6schung von Cookies<\/strong><\/li>\n<\/ol>\n<p>Standardm\u00e4\u00dfig sind die meisten Browser so eingestellt, dass sie Cookies akzeptieren. Diese Einstellungen k\u00f6nnen jedoch ge\u00e4ndert werden, sodass Cookies \u00fcber die Einstellungen des verwendeten Browsers deaktiviert werden k\u00f6nnen. Um diese Einstellungen zu \u00fcberpr\u00fcfen, k\u00f6nnen Sie die folgenden Links f\u00fcr weitere Informationen aufrufen:  <\/p>\n<ul>\n<li><a href=\"https:\/\/support.microsoft.com\/en-us\/help\/17442\/windows-internet-explorer-delete-manage-cookies\">Cookie-Einstellungen in Internet Explorer<\/a><\/li>\n<li><a href=\"https:\/\/support.mozilla.org\/en-US\/kb\/enable-and-disable-cookies-website-preferences\">Cookie-Einstellungen in Firefox<\/a><\/li>\n<li><a href=\"https:\/\/support.google.com\/chrome\/answer\/95647\">Cookie-Einstellungen in Chrome<\/a><\/li>\n<li><a href=\"https:\/\/support.apple.com\/kb\/ph21411\">Cookie-Einstellungen in Safari<\/a><\/li>\n<\/ul>\n<p>Das Deaktivieren und L\u00f6schen von Cookies kann die Funktionalit\u00e4t bestimmter Bereiche der Website beeintr\u00e4chtigen.<\/p>\n<p>F\u00fcr weitere Fragen zur Verwendung von Cookies auf dieser Website wenden Sie sich bitte per E-Mail an: privacy@PuntoBianco.md.<\/p>\n<h4 class=\"wp-block-heading\">DIESES DOKUMENT WURDE ZULETZT AKTUALISIERT AM: 30. September 2024<\/h4>\n","protected":false},"excerpt":{"rendered":"<p>RICHTLINIE ZUR VERWENDUNG VON COOKIES Diese Cookie-Richtlinie informiert die Nutzer der Website www.PuntoBianco.md \u00fcber die Platzierung, Verwendung und Verwaltung von Cookies auf dieser Website. Durch das Anzeigen dieser Cookie-Richtlinie und die Nutzung dieser Website erkl\u00e4ren Sie sich mit der Verwendung unserer Cookies in Ihrem Browser einverstanden, gem\u00e4\u00df unserer Cookie-Richtlinie, au\u00dfer in dem Fall, dass Sie [&hellip;]<\/p>\n","protected":false},"author":2,"featured_media":0,"parent":0,"menu_order":0,"comment_status":"closed","ping_status":"closed","template":"","meta":{"_acf_changed":false,"inline_featured_image":false,"footnotes":""},"class_list":["post-4322","page","type-page","status-publish","hentry"],"acf":[],"yoast_head":"<!-- This site is optimized with the Yoast SEO plugin v26.6 - https:\/\/yoast.com\/wordpress\/plugins\/seo\/ -->\n<title>Cookies - Punto Bianco<\/title>\n<meta name=\"robots\" content=\"index, follow, max-snippet:-1, max-image-preview:large, max-video-preview:-1\" \/>\n<link rel=\"canonical\" href=\"https:\/\/puntobianco.md\/de\/cookies\/\" \/>\n<meta property=\"og:locale\" content=\"de_DE\" \/>\n<meta property=\"og:type\" content=\"article\" \/>\n<meta property=\"og:title\" content=\"Cookies - Punto Bianco\" \/>\n<meta property=\"og:description\" content=\"RICHTLINIE ZUR VERWENDUNG VON COOKIES Diese Cookie-Richtlinie informiert die Nutzer der Website www.PuntoBianco.md \u00fcber die Platzierung, Verwendung und Verwaltung von Cookies auf dieser Website. Durch das Anzeigen dieser Cookie-Richtlinie und die Nutzung dieser Website erkl\u00e4ren Sie sich mit der Verwendung unserer Cookies in Ihrem Browser einverstanden, gem\u00e4\u00df unserer Cookie-Richtlinie, au\u00dfer in dem Fall, dass Sie [&hellip;]\" \/>\n<meta property=\"og:url\" content=\"https:\/\/puntobianco.md\/de\/cookies\/\" \/>\n<meta property=\"og:site_name\" content=\"Punto Bianco\" \/>\n<meta property=\"article:publisher\" content=\"https:\/\/www.facebook.com\/PuntoBianco.md\" \/>\n<meta property=\"article:modified_time\" content=\"2026-01-19T08:22:04+00:00\" \/>\n<meta name=\"twitter:card\" content=\"summary_large_image\" \/>\n<meta name=\"twitter:label1\" content=\"Gesch\u00e4tzte Lesezeit\" \/>\n\t<meta name=\"twitter:data1\" content=\"3\u00a0Minuten\" \/>\n<script type=\"application\/ld+json\" class=\"yoast-schema-graph\">{\"@context\":\"https:\/\/schema.org\",\"@graph\":[{\"@type\":\"WebPage\",\"@id\":\"https:\/\/puntobianco.md\/de\/cookies\/\",\"url\":\"https:\/\/puntobianco.md\/de\/cookies\/\",\"name\":\"Cookies - Punto Bianco\",\"isPartOf\":{\"@id\":\"https:\/\/puntobianco.md\/de\/#website\"},\"datePublished\":\"2024-09-30T13:17:41+00:00\",\"dateModified\":\"2026-01-19T08:22:04+00:00\",\"breadcrumb\":{\"@id\":\"https:\/\/puntobianco.md\/de\/cookies\/#breadcrumb\"},\"inLanguage\":\"de\",\"potentialAction\":[{\"@type\":\"ReadAction\",\"target\":[\"https:\/\/puntobianco.md\/de\/cookies\/\"]}]},{\"@type\":\"BreadcrumbList\",\"@id\":\"https:\/\/puntobianco.md\/de\/cookies\/#breadcrumb\",\"itemListElement\":[{\"@type\":\"ListItem\",\"position\":1,\"name\":\"Prima pagin\u0103\",\"item\":\"https:\/\/puntobianco.md\/de\/\"},{\"@type\":\"ListItem\",\"position\":2,\"name\":\"Cookies\"}]},{\"@type\":\"WebSite\",\"@id\":\"https:\/\/puntobianco.md\/de\/#website\",\"url\":\"https:\/\/puntobianco.md\/de\/\",\"name\":\"PuntoBianco.md\",\"description\":\"Clinic\u0103 stomatologic\u0103 \u00een Chi\u0219in\u0103u\",\"publisher\":{\"@id\":\"https:\/\/puntobianco.md\/de\/#organization\"},\"potentialAction\":[{\"@type\":\"SearchAction\",\"target\":{\"@type\":\"EntryPoint\",\"urlTemplate\":\"https:\/\/puntobianco.md\/de\/?s={search_term_string}\"},\"query-input\":{\"@type\":\"PropertyValueSpecification\",\"valueRequired\":true,\"valueName\":\"search_term_string\"}}],\"inLanguage\":\"de\"},{\"@type\":\"Organization\",\"@id\":\"https:\/\/puntobianco.md\/de\/#organization\",\"name\":\"Punto Bianco\",\"url\":\"https:\/\/puntobianco.md\/de\/\",\"logo\":{\"@type\":\"ImageObject\",\"inLanguage\":\"de\",\"@id\":\"https:\/\/puntobianco.md\/de\/#\/schema\/logo\/image\/\",\"url\":\"https:\/\/puntobianco.md\/wp-content\/uploads\/2024\/10\/logo-clinica-punto-bianco.png\",\"contentUrl\":\"https:\/\/puntobianco.md\/wp-content\/uploads\/2024\/10\/logo-clinica-punto-bianco.png\",\"width\":500,\"height\":500,\"caption\":\"Punto Bianco\"},\"image\":{\"@id\":\"https:\/\/puntobianco.md\/de\/#\/schema\/logo\/image\/\"},\"sameAs\":[\"https:\/\/www.facebook.com\/PuntoBianco.md\",\"https:\/\/www.instagram.com\/clinicapuntobianco\/\",\"https:\/\/www.youtube.com\/@puntobianco-clinicadentale\",\"https:\/\/www.tiktok.com\/@clinicapuntobianco\"]}]}<\/script>\n<!-- \/ Yoast SEO plugin. -->","yoast_head_json":{"title":"Cookies - Punto Bianco","robots":{"index":"index","follow":"follow","max-snippet":"max-snippet:-1","max-image-preview":"max-image-preview:large","max-video-preview":"max-video-preview:-1"},"canonical":"https:\/\/puntobianco.md\/de\/cookies\/","og_locale":"de_DE","og_type":"article","og_title":"Cookies - Punto Bianco","og_description":"RICHTLINIE ZUR VERWENDUNG VON COOKIES Diese Cookie-Richtlinie informiert die Nutzer der Website www.PuntoBianco.md \u00fcber die Platzierung, Verwendung und Verwaltung von Cookies auf dieser Website. Durch das Anzeigen dieser Cookie-Richtlinie und die Nutzung dieser Website erkl\u00e4ren Sie sich mit der Verwendung unserer Cookies in Ihrem Browser einverstanden, gem\u00e4\u00df unserer Cookie-Richtlinie, au\u00dfer in dem Fall, dass Sie [&hellip;]","og_url":"https:\/\/puntobianco.md\/de\/cookies\/","og_site_name":"Punto Bianco","article_publisher":"https:\/\/www.facebook.com\/PuntoBianco.md","article_modified_time":"2026-01-19T08:22:04+00:00","twitter_card":"summary_large_image","twitter_misc":{"Gesch\u00e4tzte Lesezeit":"3\u00a0Minuten"},"schema":{"@context":"https:\/\/schema.org","@graph":[{"@type":"WebPage","@id":"https:\/\/puntobianco.md\/de\/cookies\/","url":"https:\/\/puntobianco.md\/de\/cookies\/","name":"Cookies - Punto Bianco","isPartOf":{"@id":"https:\/\/puntobianco.md\/de\/#website"},"datePublished":"2024-09-30T13:17:41+00:00","dateModified":"2026-01-19T08:22:04+00:00","breadcrumb":{"@id":"https:\/\/puntobianco.md\/de\/cookies\/#breadcrumb"},"inLanguage":"de","potentialAction":[{"@type":"ReadAction","target":["https:\/\/puntobianco.md\/de\/cookies\/"]}]},{"@type":"BreadcrumbList","@id":"https:\/\/puntobianco.md\/de\/cookies\/#breadcrumb","itemListElement":[{"@type":"ListItem","position":1,"name":"Prima pagin\u0103","item":"https:\/\/puntobianco.md\/de\/"},{"@type":"ListItem","position":2,"name":"Cookies"}]},{"@type":"WebSite","@id":"https:\/\/puntobianco.md\/de\/#website","url":"https:\/\/puntobianco.md\/de\/","name":"PuntoBianco.md","description":"Clinic\u0103 stomatologic\u0103 \u00een Chi\u0219in\u0103u","publisher":{"@id":"https:\/\/puntobianco.md\/de\/#organization"},"potentialAction":[{"@type":"SearchAction","target":{"@type":"EntryPoint","urlTemplate":"https:\/\/puntobianco.md\/de\/?s={search_term_string}"},"query-input":{"@type":"PropertyValueSpecification","valueRequired":true,"valueName":"search_term_string"}}],"inLanguage":"de"},{"@type":"Organization","@id":"https:\/\/puntobianco.md\/de\/#organization","name":"Punto Bianco","url":"https:\/\/puntobianco.md\/de\/","logo":{"@type":"ImageObject","inLanguage":"de","@id":"https:\/\/puntobianco.md\/de\/#\/schema\/logo\/image\/","url":"https:\/\/puntobianco.md\/wp-content\/uploads\/2024\/10\/logo-clinica-punto-bianco.png","contentUrl":"https:\/\/puntobianco.md\/wp-content\/uploads\/2024\/10\/logo-clinica-punto-bianco.png","width":500,"height":500,"caption":"Punto Bianco"},"image":{"@id":"https:\/\/puntobianco.md\/de\/#\/schema\/logo\/image\/"},"sameAs":["https:\/\/www.facebook.com\/PuntoBianco.md","https:\/\/www.instagram.com\/clinicapuntobianco\/","https:\/\/www.youtube.com\/@puntobianco-clinicadentale","https:\/\/www.tiktok.com\/@clinicapuntobianco"]}]}},"_links":{"self":[{"href":"https:\/\/puntobianco.md\/de\/wp-json\/wp\/v2\/pages\/4322","targetHints":{"allow":["GET"]}}],"collection":[{"href":"https:\/\/puntobianco.md\/de\/wp-json\/wp\/v2\/pages"}],"about":[{"href":"https:\/\/puntobianco.md\/de\/wp-json\/wp\/v2\/types\/page"}],"author":[{"embeddable":true,"href":"https:\/\/puntobianco.md\/de\/wp-json\/wp\/v2\/users\/2"}],"replies":[{"embeddable":true,"href":"https:\/\/puntobianco.md\/de\/wp-json\/wp\/v2\/comments?post=4322"}],"version-history":[{"count":1,"href":"https:\/\/puntobianco.md\/de\/wp-json\/wp\/v2\/pages\/4322\/revisions"}],"predecessor-version":[{"id":4340,"href":"https:\/\/puntobianco.md\/de\/wp-json\/wp\/v2\/pages\/4322\/revisions\/4340"}],"wp:attachment":[{"href":"https:\/\/puntobianco.md\/de\/wp-json\/wp\/v2\/media?parent=4322"}],"curies":[{"name":"wp","href":"https:\/\/api.w.org\/{rel}","templated":true}]}}